{"id":1497,"date":"2021-10-25T14:36:58","date_gmt":"2021-10-25T18:36:58","guid":{"rendered":"https:\/\/betterhomesottawa.ca\/home\/"},"modified":"2025-04-10T18:08:47","modified_gmt":"2025-04-10T22:08:47","slug":"home","status":"publish","type":"page","link":"http:\/\/betterhomesottawa.ca\/fr\/","title":{"rendered":"Accueil"},"content":{"rendered":"\n<div class=\"wp-block-group alignfull has-city-blue-color has-seafoam-green-background-color has-text-color has-background has-link-color wp-elements-8c8fa477b6a009708bb439029e934d61 has-global-padding is-layout-constrained wp-container-core-group-is-layout-2 wp-block-group-is-layout-constrained\" style=\"padding-top:3em;padding-bottom:3rem\">\n<div class=\"wp-block-group is-vertical is-content-justification-center is-layout-flex wp-container-core-group-is-layout-1 wp-block-group-is-layout-flex\" style=\"padding-right:var(--wp--preset--spacing--40);padding-left:var(--wp--preset--spacing--40)\">\n<p class=\"has-text-align-center has-bh-font-family\" style=\"font-size:24px;line-height:1.2\">Vous voulez un chez-soi plus confortable et plus climatobienveillant?<\/p>\n\n\n\n<div style=\"height:0px\" aria-hidden=\"true\" class=\"wp-block-spacer wp-container-content-1\"><\/div>\n\n\n\n<p class=\"has-text-align-center has-bh-font-family has-large-font-size\" style=\"line-height:1.2\">Vous \u00eates venus \u00e0 la bonne place!<\/p>\n\n\n\n<div style=\"height:0px\" aria-hidden=\"true\" class=\"wp-block-spacer wp-container-content-2\"><\/div>\n\n\n\n<p class=\"has-text-align-center pb2\" style=\"font-size:21px\">Maisons Durables Ottawa est le guichet unique qui permet aux r\u00e9sidents d\u2019Ottawa de transformer leurs habitations pour qu\u2019elles soient plus \u00e9conomes d\u2019\u00e9nergie et plus climatobienveillantes.<\/p>\n<\/div>\n<\/div>\n\n\n\n<div class=\"wp-block-group alignfull features white is-layout-flow wp-block-group-is-layout-flow\">\n<div class=\"wp-block-columns are-vertically-aligned-top is-layout-flex wp-container-core-columns-is-layout-1 wp-block-columns-is-layout-flex\">\n<div class=\"wp-block-column is-vertically-aligned-top is-layout-flow wp-block-column-is-layout-flow\">\n<i class=\"icon-renovations has-sky-color\"><\/i>\n\n\n\n<h3 class=\"wp-block-heading\">Planifiez votre r\u00e9novation<\/h3>\n\n\n\n<p><meta charset=\"utf-8\">Tout ce que vous devez savoir pour commencer sur votre parcours de r\u00e9novations \u00e9nerg\u00e9tiques. <\/p>\n\n\n\n<div class=\"wp-block-buttons is-layout-flex wp-block-buttons-is-layout-flex\">\n<div class=\"wp-block-button\"><a class=\"wp-block-button__link wp-element-button\" href=\"https:\/\/betterhomesottawa.ca\/fr\/la-planification-de-vos-travaux-de-modernisation\/\">Commencer \u00e0 planifier<\/a><\/div>\n<\/div>\n<\/div>\n\n\n\n<div class=\"wp-block-column is-vertically-aligned-top is-layout-flow wp-block-column-is-layout-flow\">\n<i class=\"icon-financing has-ocean-color\"><\/i>\n\n\n\n<h3 class=\"wp-block-heading\"><meta charset=\"utf-8\"><\/meta>Trouvez l\u2019incitation qui vous convient<\/h3>\n\n\n\n<p><meta charset=\"utf-8\"><\/meta>Que vous soyez propri\u00e9taire ou locataire, il existe des aides financi\u00e8res pour rendre votre logement plus \u00e9co\u00e9nerg\u00e9tique.<\/p>\n\n\n\n<div class=\"wp-block-buttons is-layout-flex wp-block-buttons-is-layout-flex\">\n<div class=\"wp-block-button\"><a class=\"wp-block-button__link wp-element-button\" href=\"https:\/\/betterhomesottawa.ca\/fr\/programmes-de-rabais-et-incitatifs\/\">D\u00e9couvrez les incitatifs<\/a><\/div>\n<\/div>\n<\/div>\n\n\n\n<div class=\"wp-block-column is-vertically-aligned-top is-layout-flow wp-block-column-is-layout-flow\">\n<i class=\"icon-paperplane has-sky-color\"><\/i>\n\n\n\n<h3 class=\"wp-block-heading\">Faites une demande de pr\u00eat Maisons Meilleures<\/h3>\n\n\n\n<p>Am\u00e9liorez l\u2019efficacit\u00e9 \u00e9nerg\u00e9tique de votre maison gr\u00e2ce au programme de pr\u00eats <strong>Maisons Meilleures Ottawa<\/strong> de la Ville d\u2019Ottawa.<\/p>\n\n\n\n<div class=\"wp-block-buttons is-layout-flex wp-block-buttons-is-layout-flex\">\n<div class=\"wp-block-button\"><a class=\"wp-block-button__link wp-element-button\" href=\"https:\/\/betterhomesottawa.ca\/fr\/programmes-de-rabais-et-incitatifs\/le-programme-de-prets-pour-la-mise-en-valeur-des-habitations-dottawa\/\">Plus d&rsquo;informations<\/a><\/div>\n<\/div>\n<\/div>\n<\/div>\n<\/div>\n","protected":false},"excerpt":{"rendered":"<p>Vous voulez un chez-soi plus confortable et plus climatobienveillant? Vous \u00eates [&hellip;]<\/p>\n","protected":false},"author":3,"featured_media":0,"parent":0,"menu_order":0,"comment_status":"closed","ping_status":"closed","template":"","meta":{"_acf_changed":false,"inline_featured_image":false,"footnotes":""},"tags":[],"class_list":["post-1497","page","type-page","status-publish","hentry"],"acf":[],"_links":{"self":[{"href":"http:\/\/betterhomesottawa.ca\/fr\/wp-json\/wp\/v2\/pages\/1497","targetHints":{"allow":["GET"]}}],"collection":[{"href":"http:\/\/betterhomesottawa.ca\/fr\/wp-json\/wp\/v2\/pages"}],"about":[{"href":"http:\/\/betterhomesottawa.ca\/fr\/wp-json\/wp\/v2\/types\/page"}],"author":[{"embeddable":true,"href":"http:\/\/betterhomesottawa.ca\/fr\/wp-json\/wp\/v2\/users\/3"}],"replies":[{"embeddable":true,"href":"http:\/\/betterhomesottawa.ca\/fr\/wp-json\/wp\/v2\/comments?post=1497"}],"version-history":[{"count":9,"href":"http:\/\/betterhomesottawa.ca\/fr\/wp-json\/wp\/v2\/pages\/1497\/revisions"}],"predecessor-version":[{"id":2958,"href":"http:\/\/betterhomesottawa.ca\/fr\/wp-json\/wp\/v2\/pages\/1497\/revisions\/2958"}],"wp:attachment":[{"href":"http:\/\/betterhomesottawa.ca\/fr\/wp-json\/wp\/v2\/media?parent=1497"}],"wp:term":[{"taxonomy":"post_tag","embeddable":true,"href":"http:\/\/betterhomesottawa.ca\/fr\/wp-json\/wp\/v2\/tags?post=1497"}],"curies":[{"name":"wp","href":"https:\/\/api.w.org\/{rel}","templated":true}]}}