{"id":1453,"date":"2021-10-22T11:18:04","date_gmt":"2021-10-22T15:18:04","guid":{"rendered":"https:\/\/betterhomesottawa.ca\/pour-verdir-votre-maison-en-cinq-etapes\/"},"modified":"2023-02-02T18:25:25","modified_gmt":"2023-02-02T23:25:25","slug":"pour-verdir-votre-maison-en-cinq-etapes","status":"publish","type":"page","link":"https:\/\/betterhomesottawa.ca\/fr\/pour-verdir-votre-maison-en-cinq-etapes\/","title":{"rendered":"Pour verdir votre maison en cinq \u00e9tapes"},"content":{"rendered":"\n<h3 class=\"wp-block-heading\">La strat\u00e9gie est importante quand il s\u2019agit de bien moderniser votre chez-soi. Il faut adopter la bonne approche et faire les travaux dans l\u2019ordre pour \u00e9conomiser temps, argent et \u00e9nergie. <\/h3>\n\n\n\n<h3 class=\"wp-block-heading\">Voici les cinq \u00e9tapes \u00e0 franchir. Rien de plus simple! <\/h3>\n\n\n\n<h2 class=\"has-seafoam-green-background-color has-background wp-block-heading\">\u00c9tape 1 : L\u2019enveloppe du b\u00e2timent <\/h2>\n\n\n\n<p>C\u2019est d\u2019abord l\u2019\u00ab enveloppe \u00bb de votre habitation qui vous permet d\u2019\u00e9conomiser de l\u2019\u00e9nergie. Il s\u2019agit de tout ce qui est essentiel sur le rev\u00eatement de votre maison pour lui permettre de garder la chaleur (ou la fra\u00eecheur) \u00e0 l\u2019int\u00e9rieur. C\u2019est <em>toujours<\/em> la premi\u00e8re \u00e9tape. <\/p>\n\n\n\n<figure class=\"wp-block-image size-large\"><img loading=\"lazy\" decoding=\"async\" width=\"1024\" height=\"333\" src=\"https:\/\/betterhomesottawa.ca\/wp-content\/uploads\/2021\/10\/Homes-1024x333.png\" alt=\"\" class=\"wp-image-737\" srcset=\"https:\/\/betterhomesottawa.ca\/wp-content\/uploads\/2021\/10\/Homes-1024x333.png 1024w, https:\/\/betterhomesottawa.ca\/wp-content\/uploads\/2021\/10\/Homes-300x98.png 300w, https:\/\/betterhomesottawa.ca\/wp-content\/uploads\/2021\/10\/Homes-768x250.png 768w, https:\/\/betterhomesottawa.ca\/wp-content\/uploads\/2021\/10\/Homes-1536x500.png 1536w, https:\/\/betterhomesottawa.ca\/wp-content\/uploads\/2021\/10\/Homes-2048x667.png 2048w\" sizes=\"auto, (max-width: 1024px) 100vw, 1024px\" \/><\/figure>\n\n\n\n<p>Tout le travail de l\u2019enveloppe consiste \u00e0 calfeutrer votre habitation : il s\u2019agit de combler les trous et les fissures, de renforcer les joints d\u2019\u00e9tanch\u00e9it\u00e9, d\u2019am\u00e9liorer les murs et le grenier (avec de l\u2019isolant) et de mettre \u00e0 niveau les fen\u00eatres et les portes. <\/p>\n\n\n\n<div class=\"wp-block-columns is-layout-flex wp-container-core-columns-is-layout-1 wp-block-columns-is-layout-flex\">\n<div class=\"wp-block-column is-layout-flow wp-block-column-is-layout-flow\">\n<h3 class=\"wp-block-heading\">Voici ce que vous pouvez faire:<\/h3>\n\n\n\n<ul class=\"wp-block-list\">\n<li><strong>Rehaussez votre isolant.<\/strong><\/li>\n\n\n\n<li><strong>Mettez fin aux fuites.<\/strong><\/li>\n\n\n\n<li><strong>Changez vos fen\u00eatres et vos portes.<\/strong><\/li>\n<\/ul>\n<\/div>\n\n\n\n<div class=\"wp-block-column is-layout-flow wp-block-column-is-layout-flow\">\n<div class=\"wp-block-studiof-infocard has-background\" style=\"border-radius:15px;background-color:#f2f2f2\" data-add-mark=\"true\"><div class=\"content\"><div class=\"infocard_title\"><strong>Enveloppe du b\u00e2timent 101<\/strong><\/div><div class=\"infocard_text\">L\u2019enveloppe du b\u00e2timent est ce qui s\u00e9pare l\u2019int\u00e9rieur et l\u2019ext\u00e9rieur de votre habitation. Elle prot\u00e8ge ce qui est \u00e0 l\u2019int\u00e9rieur et vous permet de r\u00e9gler l\u2019ambiance de la maison. L\u2019enveloppe de votre b\u00e2timent comprend vos fen\u00eatres, vos portes, votre toit, le sol, les fondations et l\u2019isolant. Une enveloppe de b\u00e2timent \u00e9tanche \u00e0 l\u2019air est essentiellement ce qui permet d\u2019\u00e9conomiser l\u2019\u00e9nergie.<\/div><\/div><\/div>\n<\/div>\n<\/div>\n\n\n\n<h4 class=\"wp-block-heading\">Vous voulez en savoir plus? Consultez le <a href=\"https:\/\/betterhomesottawa.ca\/renovation-upgrades\/directory-of-upgrades\/\">R\u00e9pertoire des travaux de modernisation<\/a> pour enrichir un peu vos connaissances sur les types de travaux de modernisation de l\u2019enveloppe du b\u00e2timent qui vous permettront d\u2019\u00e9conomiser de l\u2019\u00e9nergie!<\/h4>\n\n\n\n<h2 class=\"has-seafoam-green-background-color has-background wp-block-heading\">\u00c9tape 2 : Le chauffage et la climatisation <\/h2>\n\n\n\n<p>Votre maison est calfeutr\u00e9e et isol\u00e9e. Vous devez maintenant penser \u00e0 votre syst\u00e8me de chauffage et de climatisation pour \u00e9conomiser de l\u2019\u00e9nergie, r\u00e9duire les \u00e9missions dans l\u2019atmosph\u00e8re et am\u00e9liorer la sant\u00e9 et le confort au foyer.<\/p>\n\n\n\n<p>Dans cette \u00e9tape, il est question de votre fournaise, de votre chaudi\u00e8re, de vos plinthes chauffantes, de vos chauffe-eaux et de vos climatiseurs d\u2019air, soit tout ce qui vous permet de chauffer et de climatiser votre habitation. <\/p>\n\n\n\n<figure class=\"wp-block-image size-large\"><img loading=\"lazy\" decoding=\"async\" width=\"2560\" height=\"1440\" src=\"https:\/\/betterhomesottawa.ca\/wp-content\/uploads\/2021\/10\/iStock-1276391963-edited-scaled.jpg\" alt=\"\" class=\"wp-image-739\" srcset=\"https:\/\/betterhomesottawa.ca\/wp-content\/uploads\/2021\/10\/iStock-1276391963-edited-scaled.jpg 2560w, https:\/\/betterhomesottawa.ca\/wp-content\/uploads\/2021\/10\/iStock-1276391963-edited-300x169.jpg 300w, https:\/\/betterhomesottawa.ca\/wp-content\/uploads\/2021\/10\/iStock-1276391963-edited-1024x576.jpg 1024w, https:\/\/betterhomesottawa.ca\/wp-content\/uploads\/2021\/10\/iStock-1276391963-edited-768x432.jpg 768w, https:\/\/betterhomesottawa.ca\/wp-content\/uploads\/2021\/10\/iStock-1276391963-edited-1536x864.jpg 1536w, https:\/\/betterhomesottawa.ca\/wp-content\/uploads\/2021\/10\/iStock-1276391963-edited-2048x1152.jpg 2048w\" sizes=\"auto, (max-width: 2560px) 100vw, 2560px\" \/><\/figure>\n\n\n\n<div class=\"wp-block-columns is-layout-flex wp-container-core-columns-is-layout-2 wp-block-columns-is-layout-flex\">\n<div class=\"wp-block-column is-layout-flow wp-block-column-is-layout-flow\">\n<div class=\"wp-block-studiof-infocard has-background\" style=\"border-radius:15px;background-color:#f2f2f2\" data-add-mark=\"true\"><div class=\"content\"><div class=\"infocard_title\"><strong>Conseil de pro<\/strong><\/div><div class=\"infocard_text\">Commencez par moderniser l\u2019enveloppe de votre habitation avant de changer les syst\u00e8mes de chauffage ou de climatisation, pour pouvoir \u00ab bien adapter \u00bb votre \u00e9quipement. Une maison bien isol\u00e9e a besoin d\u2019appareils moins encombrants (et moins chers) et co\u00fbte meilleur march\u00e9.<\/div><\/div><\/div>\n\n\n\n<div style=\"height:27px\" aria-hidden=\"true\" class=\"wp-block-spacer\"><\/div>\n\n\n\n<div class=\"wp-block-studiof-infocard has-background\" style=\"border-radius:15px;background-color:#f2f2f2\" data-add-mark=\"true\"><div class=\"content\"><div class=\"infocard_title\"><strong>Conseil de pro<\/strong><\/div><div class=\"infocard_text\">Le meilleur moment de remplacer l\u2019\u00e9quipement est la fin de sa dur\u00e9e utile. Savez-vous quand votre fournaise rendra l\u2019\u00e2me? Ce sera alors le moment de la remplacer!<\/div><\/div><\/div>\n<\/div>\n\n\n\n<div class=\"wp-block-column is-layout-flow wp-block-column-is-layout-flow\">\n<p>Le saviez-vous? Soixante pour cent de l\u2019\u00e9nergie consomm\u00e9e dans une habitation moyenne servent \u00e0 la chauffer et \u00e0 la climatiser. <\/p>\n\n\n\n<h3 class=\"wp-block-heading\">Voici ce que vous pouvez faire : <\/h3>\n\n\n\n<ul class=\"wp-block-list\">\n<li><strong>Remplacez votre \u00e9quipement par des appareils \u00e9conomes d\u2019\u00e9nergie.<\/strong><\/li>\n\n\n\n<li><strong>Adoptez des syst\u00e8mes \u00e9lectriques pour le chauffage et la climatisation.<\/strong><\/li>\n<\/ul>\n<\/div>\n<\/div>\n\n\n\n<h4 class=\"wp-block-heading\"><meta charset=\"utf-8\">Vous voulez en savoir plus? Consultez le <a href=\"https:\/\/betterhomesottawa.ca\/renovation-upgrades\/directory-of-upgrades\/\">R\u00e9pertoire des travaux de modernisation<\/a> pour conna\u00eetre les diff\u00e9rents types d\u2019appareils \u00e9conomes d\u2019\u00e9nergie qui existent, qu\u2019il s\u2019agisse de fournaises, de thermopompes ou de climatiseurs d\u2019air. <\/h4>\n\n\n\n<h2 class=\"has-seafoam-green-background-color has-background wp-block-heading\">\u00c9tape 3 : L\u2019\u00e9nergie renouvelable <\/h2>\n\n\n\n<div class=\"wp-block-columns is-layout-flex wp-container-core-columns-is-layout-3 wp-block-columns-is-layout-flex\">\n<div class=\"wp-block-column is-layout-flow wp-block-column-is-layout-flow\">\n<p>Que se produit-il quand tout le monde \u00e9lectrifie tout ce qui bouge? Les \u00e9missions baissent, et la demande d\u2019\u00e9nergie propre et verte augmente. Nous voici donc \u00e0 l\u2019\u00e9tape 3. <\/p>\n<\/div>\n\n\n\n<div class=\"wp-block-column is-layout-flow wp-block-column-is-layout-flow\">\n<div class=\"wp-block-studiof-infocard has-background\" style=\"border-radius:15px;background-color:#f2f2f2\" data-add-mark=\"true\"><div class=\"content\"><div class=\"infocard_title\"><strong>Conseil de pro<\/strong><\/div><div class=\"infocard_text\">Si tout le monde m\u00e8ne \u00e0 bien les \u00e9tapes 1 et 2, les experts pr\u00e9voient qu\u2019en fait, la demande d\u2019\u00e9lectricit\u00e9 baissera d\u2019un oc\u00e9an \u00e0 l\u2019autre!<\/div><\/div><\/div>\n<\/div>\n<\/div>\n\n\n\n<figure class=\"wp-block-image size-large\"><img loading=\"lazy\" decoding=\"async\" width=\"2560\" height=\"1440\" src=\"https:\/\/betterhomesottawa.ca\/wp-content\/uploads\/2021\/10\/iStock-495151189-edited-scaled.jpg\" alt=\"\" class=\"wp-image-743\" srcset=\"https:\/\/betterhomesottawa.ca\/wp-content\/uploads\/2021\/10\/iStock-495151189-edited-scaled.jpg 2560w, https:\/\/betterhomesottawa.ca\/wp-content\/uploads\/2021\/10\/iStock-495151189-edited-300x169.jpg 300w, https:\/\/betterhomesottawa.ca\/wp-content\/uploads\/2021\/10\/iStock-495151189-edited-1024x576.jpg 1024w, https:\/\/betterhomesottawa.ca\/wp-content\/uploads\/2021\/10\/iStock-495151189-edited-768x432.jpg 768w, https:\/\/betterhomesottawa.ca\/wp-content\/uploads\/2021\/10\/iStock-495151189-edited-1536x864.jpg 1536w, https:\/\/betterhomesottawa.ca\/wp-content\/uploads\/2021\/10\/iStock-495151189-edited-2048x1152.jpg 2048w\" sizes=\"auto, (max-width: 2560px) 100vw, 2560px\" \/><\/figure>\n\n\n\n<p>Essentiellement, vous \u00e9quipez votre habitation d\u2019une source d\u2019alimentation en \u00e9nergie propre pour compenser votre demande d\u2019\u00e9nergie. C\u2019est simple. Voici les types d\u2019\u00e9nergie renouvelable qui pourraient \u00eatre bien adapt\u00e9s \u00e0 votre habitation.<\/p>\n\n\n\n<ol class=\"wp-block-list\">\n<li><strong>L\u2019\u00e9nergie solaire photovolta\u00efque<\/strong> \u2013 En r\u00e8gle g\u00e9n\u00e9rale, les panneaux solaires sont la meilleure source d\u2019\u00e9nergie renouvelable pour les habitations d\u2019Ottawa. Il vous faudra un toit ou un terrain ensoleill\u00e9 et les conseils d\u2019un technicien comp\u00e9tent. <\/li>\n<\/ol>\n\n\n\n<ol class=\"wp-block-list\" start=\"2\">\n<li><strong>\u00c9nergie g\u00e9othermique<\/strong> \u2013 L\u2019\u00e9nergie g\u00e9othermique est une option r\u00e9aliste pour les propri\u00e9taires \u00e0 Ottawa. Un syst\u00e8me de CVC g\u00e9othermique permet de compter sur le chauffage, la climatisation, et m\u00eame sur l\u2019eau chaude, et gr\u00e2ce \u00e0 son \u00e9norme potentiel d\u2019\u00e9conomie du chauffage, un syst\u00e8me de CVC g\u00e9othermique vous permet de r\u00e9duire votre consommation d\u2019\u00e9nergie et de r\u00e9aliser des \u00e9conomies. <\/li>\n<\/ol>\n\n\n\n<ol class=\"wp-block-list\" start=\"3\">\n<li><strong>Le stockage de l\u2019\u00e9nergie dans les batteries<\/strong> \u2013 Si vous souhaitez emmagasiner une partie de l\u2019\u00e9nergie renouvelable que vous produisez pour vous en servir \u00e9ventuellement ou que vous voulez emmagasiner de l\u2019\u00e9nergie en cas d\u2019urgence ou de panne, vous pouvez installer une batterie de stockage \u00e0 la maison. Le march\u00e9 vous offre plusieurs options pour vous aider \u00e0 traverser les nuits sombres et orageuses.<\/li>\n<\/ol>\n\n\n\n<div class=\"wp-block-studiof-infocard has-background\" style=\"border-radius:15px;background-color:#f2f2f2\" data-add-mark=\"true\"><div class=\"content\"><div class=\"infocard_title\"><strong>Conseil de pro<\/strong><\/div><div class=\"infocard_text\">Gr\u00e2ce \u00e0 une habitation aliment\u00e9e \u00e0 l\u2019\u00e9nergie renouvelable et \u00e0 l\u2019aide de batteries de stockage, vous serez r\u00e9silient en cas de choc m\u00e9t\u00e9orologique extr\u00eame.<\/div><\/div><\/div>\n\n\n\n<h2 class=\"has-seafoam-green-background-color has-background wp-block-heading\">\u00c9tape 4 : Les moindres d\u00e9tails <\/h2>\n\n\n\n<p>Apr\u00e8s avoir franchi les <em>trois grandes<\/em> \u00e9tapes, vous pouvez penser \u00e0 faire fructifier vos investissements gr\u00e2ce \u00e0 la technologie intelligente et \u00e9conome d\u2019\u00e9nergie et \u00e0 r\u00e9duire encore plus votre consommation journali\u00e8re en rempla\u00e7ant des appareils. <\/p>\n\n\n\n<p>Si vous \u00eates locataire ou que vous habitez chez quelqu\u2019un d\u2019autre, ou encore que vous n\u2019\u00eates tout simplement pas encore pr\u00eat \u00e0 faire de grands changements, vous pouvez toujours commencer par de menus d\u00e9tails. <\/p>\n\n\n\n<figure class=\"wp-block-image size-large\"><img loading=\"lazy\" decoding=\"async\" width=\"1955\" height=\"1100\" src=\"https:\/\/betterhomesottawa.ca\/wp-content\/uploads\/2021\/10\/iStock-1286677521-edited.jpg\" alt=\"\" class=\"wp-image-749\" srcset=\"https:\/\/betterhomesottawa.ca\/wp-content\/uploads\/2021\/10\/iStock-1286677521-edited.jpg 1955w, https:\/\/betterhomesottawa.ca\/wp-content\/uploads\/2021\/10\/iStock-1286677521-edited-300x169.jpg 300w, https:\/\/betterhomesottawa.ca\/wp-content\/uploads\/2021\/10\/iStock-1286677521-edited-1024x576.jpg 1024w, https:\/\/betterhomesottawa.ca\/wp-content\/uploads\/2021\/10\/iStock-1286677521-edited-768x432.jpg 768w, https:\/\/betterhomesottawa.ca\/wp-content\/uploads\/2021\/10\/iStock-1286677521-edited-1536x864.jpg 1536w\" sizes=\"auto, (max-width: 1955px) 100vw, 1955px\" \/><\/figure>\n\n\n\n<p>La technologie intelligente et les appareils \u00e9conomes d\u2019\u00e9nergie vous permettent d\u2019\u00e9conomiser de l\u2019\u00e9nergie et de l\u2019argent et de r\u00e9duire vos \u00e9missions sans avoir \u00e0 changer vos habitudes \u00e0 la maison. Profitez-en pour adopter de nouvelles habitudes. C\u2019est la raison pour laquelle les m\u00e9nages qui installent ces appareils \u00e9conomisent plus d\u2019\u00e9nergie que ceux qui ne le font pas. <\/p>\n\n\n\n<h3 class=\"wp-block-heading\">Voici ce que vous pouvez faire : <\/h3>\n\n\n\n<ul class=\"wp-block-list\">\n<li><strong>Installez chez vous un thermostat intelligent. Pour en savoir plus et pour conna\u00eetre les rabais auxquels vous pourriez avoir droit, cliquez sur <a rel=\"noreferrer noopener\" href=\"https:\/\/betterhomesottawa.ca\/rebates-incentives-financing\/\" target=\"_blank\">ce lien<\/a>. <\/strong><\/li>\n\n\n\n<li><strong>Branchez vos appareils dans des blocs d\u2019alimentation pour \u00e9liminer les charges fant\u00f4mes : m\u00eame si vous vous servez de l\u2019interrupteur pour cesser de faire fonctionner un appareil \u00e9lectronique, il consomme toujours de l\u2019\u00e9nergie, \u00e0 moins d\u2019\u00eatre d\u00e9branch\u00e9, ou de mettre \u00e0 l\u2019arr\u00eat l\u2019interrupteur du bloc d\u2019alimentation.<\/strong><\/li>\n\n\n\n<li><strong>Remplacez vos ampoules incandescentes par des ampoules \u00e0 DEL. L\u2019\u00e9clairage \u00e0 DEL convertit en lumi\u00e8re 95 % de l\u2019\u00e9nergie consomm\u00e9e, \u00e0 la diff\u00e9rence des ampoules incandescentes qui ne convertissent que 10 % de l\u2019\u00e9nergie en lumi\u00e8re. Les 90 % de l\u2019\u00e9nergie qui restent sont de la chaleur perdue.<\/strong><\/li>\n\n\n\n<li><strong>Quand vous achetez de nouveaux \u00e9lectrom\u00e9nagers, recherchez ceux qui portent la certification Energy Star. Pour consulter une base de donn\u00e9es recherchable de tous les \u00e9lectrom\u00e9nagers Energy Star offerts au Canada, cliquez sur ce lien.<\/strong><\/li>\n\n\n\n<li><strong>Les appareils \u00e0 faible d\u00e9bit install\u00e9s sur vos robinets et dans vos douches vous permettent d\u2019\u00e9conomiser l\u2019eau sans renoncer \u00e0 votre confort. Si vous voulez vraiment aller plus loin, pensez aussi \u00e0 une toilette tr\u00e8s \u00e9conome d\u2019\u00e9nergie.<\/strong><\/li>\n\n\n\n<li><strong>L\u2019automatisation de votre \u00e9clairage est un autre moyen infaillible d\u2019\u00e9conomiser l\u2019\u00e9nergie \u00e0 la maison. Vous pouvez vous \u00e9quiper de minuteries ou d\u2019ampoules intelligentes avec d\u00e9tecteurs de mouvement pour que l\u2019\u00e9clairage ne s\u2019allume que lorsque vous \u00eates dans la pi\u00e8ce.<\/strong><\/li>\n<\/ul>\n\n\n\n<div class=\"wp-block-studiof-infocard has-background\" style=\"border-radius:15px;background-color:#f2f2f2\" data-add-mark=\"true\"><div class=\"content\"><div class=\"infocard_title\"><strong>Conseil de pro<\/strong><\/div><div class=\"infocard_text\">Le saviez-vous? Installer un thermostat intelligent permet d\u2019\u00e9conomiser 12 % de l\u2019\u00e9nergie dans une habitation moyenne, en adoptant de bonnes habitudes de consommation. Les solutions technologiques intelligentes et des appareils \u00e9conomes d\u2019\u00e9nergie vous permettent aussi d\u2019\u00e9conomiser de l\u2019argent et de r\u00e9duire vos \u00e9missions polluantes, o\u00f9 que vous soyez et quelle que soit votre situation. Vous pouvez profiter de rabais et de programmes gratuits pour faire l\u2019achat de ces dispositifs \u00e0 moindres frais!<\/div><\/div><\/div>\n\n\n\n<h2 class=\"has-seafoam-green-background-color has-background wp-block-heading\">\u00c9tape 5 : Rehaussez votre r\u00e9silience <\/h2>\n\n\n\n<figure class=\"wp-block-image\"><img loading=\"lazy\" decoding=\"async\" width=\"1583\" height=\"890\" src=\"https:\/\/betterhomesottawa.ca\/wp-content\/uploads\/2021\/10\/iStock-1203947498-edited.jpg\" alt=\"\" class=\"wp-image-781\" srcset=\"https:\/\/betterhomesottawa.ca\/wp-content\/uploads\/2021\/10\/iStock-1203947498-edited.jpg 1583w, https:\/\/betterhomesottawa.ca\/wp-content\/uploads\/2021\/10\/iStock-1203947498-edited-300x169.jpg 300w, https:\/\/betterhomesottawa.ca\/wp-content\/uploads\/2021\/10\/iStock-1203947498-edited-1024x576.jpg 1024w, https:\/\/betterhomesottawa.ca\/wp-content\/uploads\/2021\/10\/iStock-1203947498-edited-768x432.jpg 768w, https:\/\/betterhomesottawa.ca\/wp-content\/uploads\/2021\/10\/iStock-1203947498-edited-1536x864.jpg 1536w\" sizes=\"auto, (max-width: 1583px) 100vw, 1583px\" \/><\/figure>\n\n\n\n<p>Les habitations \u00e9conomes d\u2019\u00e9nergie r\u00e9duisent la consommation et les \u00e9missions et nous permettent d\u2019accomplir des progr\u00e8s dans l\u2019am\u00e9nagement d\u2019une habitation saine et s\u00e9curitaire. Mais puisque notre climat change, nous voulons quand m\u00eame que nos habitations soient r\u00e9silientes malgr\u00e9 les d\u00e9r\u00e8glements climatiques, pour que nos r\u00e9sidents soient en s\u00e9curit\u00e9 et en sant\u00e9. Voici ce que vous pouvez faire pour pr\u00e9parer votre habitation et en rehausser la r\u00e9silience. La bonne nouvelle, c\u2019est que la plupart de ces mesures sont pr\u00e9vues dans le financement offert dans le cadre du Programme de pr\u00eats pour la mise en valeur des habitations et dans d\u2019autres programmes d\u2019incitation. <\/p>\n\n\n\n<div class=\"wp-block-group is-layout-flow wp-block-group-is-layout-flow\">\n<ol class=\"wp-block-list\">\n<li><strong>Gestion de l\u2019eau :<\/strong> Dans son <a rel=\"noreferrer noopener\" href=\"https:\/\/ccn-ncc.gc.ca\/nos-plans\/linitiative-de-la-ccn-sur-ladaptation-aux-changements-climatiques\" target=\"_blank\">Rapport sur les projections climatiques pour la r\u00e9gion de la capitale nationale<\/a>, la CCN pr\u00e9voit une augmentation de 8 % des pr\u00e9cipitations annuelles et de plus fortes probabilit\u00e9s de temp\u00eates. Autrement dit, l\u2019une des mesures les plus judicieuses que vous pouvez prendre, c\u2019est d\u2019am\u00e9nager votre habitation pour qu\u2019elle r\u00e9siste \u00e0 l\u2019eau. Vous pouvez la prot\u00e9ger gr\u00e2ce \u00e0 toutes sortes d\u2019appareils de gestion de l\u2019eau, par exemple un clapet antiretour, une pompe \u00e0 puisard ou un d\u00e9tecteur d\u2019inondation. Vous pouvez aussi minorer le risque pour votre propri\u00e9t\u00e9 en adoptant des mesures de gestion des eaux pluviales, dont des couvercles pour les murettes d\u2019encadrement, les rev\u00eatements perm\u00e9ables, les jardins de pluie et les citernes pluviales. Pour en savoir plus sur la protection de votre propri\u00e9t\u00e9 contre les temp\u00eates, consultez <a rel=\"noreferrer noopener\" href=\"https:\/\/ottawa.ca\/fr\/vivre-ottawa\/environnement-conservation-et-climatique\/protection-des-cours-deau-dottawa\/pares-pour-la-pluie-ottawa\" target=\"_blank\">Par\u00e9s pour la pluie Ottawa<\/a>. <\/li>\n<\/ol>\n\n\n\n<ol class=\"wp-block-list\" start=\"2\">\n<li><strong>Toit frais :<\/strong> Les projections climatiques de la r\u00e9gion d\u2019Ottawa laissent entendre que d\u2019ici 2050, il y aura quatre fois plus de jours o\u00f9 le thermom\u00e8tre montera \u00e0 plus de 30 \u00b0C. M\u00eame aujourd\u2019hui, nous savons que l\u2019effet d\u2019\u00eelot thermique de la Ville peut augmenter consid\u00e9rablement les temp\u00e9ratures \u00e0 Ottawa et dans nos habitations. Un moyen de r\u00e9duire le choc thermique sur votre maison consiste \u00e0 installer un toit de couleur p\u00e2le, qui r\u00e9fl\u00e9chit les rayons du soleil pour \u00e9viter qu\u2019il r\u00e9chauffe votre habitation, ce qui vient r\u00e9duire la consommation de l\u2019\u00e9nergie et les temp\u00e9ratures locales! <\/li>\n<\/ol>\n\n\n\n<ol class=\"wp-block-list\" start=\"3\">\n<li><strong>Toit vert :<\/strong> Un toit vert (am\u00e9nag\u00e9 pour faire pousser des v\u00e9g\u00e9taux) peut multiplier la r\u00e9silience de votre habitation. Il garde la chaleur en int\u00e9rieur en hiver, rafra\u00eechit le toit en \u00e9t\u00e9, absorbe l\u2019eau pendant les temp\u00eates et permet d\u2019am\u00e9nager une zone verte plus vaste, pour assurer la qualit\u00e9 de l\u2019air et r\u00e9duire l\u2019effet d\u2019\u00eelot thermique. Un toit vert est parfois une excellente option quand on r\u00e9fl\u00e9chit \u00e0 des mesures qui viendront rehausser la r\u00e9silience des habitations. <\/li>\n<\/ol>\n<\/div>\n\n\n\n<hr class=\"wp-block-separator has-css-opacity is-style-bh-separator\"\/>\n","protected":false},"excerpt":{"rendered":"<p>La strat\u00e9gie est importante quand il s\u2019agit de bien moderniser votre [&hellip;]<\/p>\n","protected":false},"author":4,"featured_media":754,"parent":0,"menu_order":0,"comment_status":"closed","ping_status":"closed","template":"","meta":{"_acf_changed":false,"inline_featured_image":false,"footnotes":""},"tags":[],"class_list":["post-1453","page","type-page","status-publish","has-post-thumbnail","hentry"],"acf":[],"_links":{"self":[{"href":"https:\/\/betterhomesottawa.ca\/fr\/wp-json\/wp\/v2\/pages\/1453","targetHints":{"allow":["GET"]}}],"collection":[{"href":"https:\/\/betterhomesottawa.ca\/fr\/wp-json\/wp\/v2\/pages"}],"about":[{"href":"https:\/\/betterhomesottawa.ca\/fr\/wp-json\/wp\/v2\/types\/page"}],"author":[{"embeddable":true,"href":"https:\/\/betterhomesottawa.ca\/fr\/wp-json\/wp\/v2\/users\/4"}],"replies":[{"embeddable":true,"href":"https:\/\/betterhomesottawa.ca\/fr\/wp-json\/wp\/v2\/comments?post=1453"}],"version-history":[{"count":3,"href":"https:\/\/betterhomesottawa.ca\/fr\/wp-json\/wp\/v2\/pages\/1453\/revisions"}],"predecessor-version":[{"id":2251,"href":"https:\/\/betterhomesottawa.ca\/fr\/wp-json\/wp\/v2\/pages\/1453\/revisions\/2251"}],"wp:featuredmedia":[{"embeddable":true,"href":"https:\/\/betterhomesottawa.ca\/fr\/wp-json\/wp\/v2\/media\/754"}],"wp:attachment":[{"href":"https:\/\/betterhomesottawa.ca\/fr\/wp-json\/wp\/v2\/media?parent=1453"}],"wp:term":[{"taxonomy":"post_tag","embeddable":true,"href":"https:\/\/betterhomesottawa.ca\/fr\/wp-json\/wp\/v2\/tags?post=1453"}],"curies":[{"name":"wp","href":"https:\/\/api.w.org\/{rel}","templated":true}]}}