{"id":1464,"date":"2021-10-22T11:49:39","date_gmt":"2021-10-22T15:49:39","guid":{"rendered":"https:\/\/betterhomesottawa.ca\/a-propos-du-maisons-durables-ottawa\/"},"modified":"2021-11-09T12:56:48","modified_gmt":"2021-11-09T17:56:48","slug":"a-propos-du-maisons-durables-ottawa","status":"publish","type":"page","link":"https:\/\/betterhomesottawa.ca\/fr\/a-propos-du-maisons-durables-ottawa\/","title":{"rendered":"\u00c0 propos du Maisons Durables Ottawa"},"content":{"rendered":"\n<h2 class=\"wp-block-heading\">Vous voulez un chez-soi plus confortable et plus climatobienveillant? Lisez ce qui suit! <\/h2>\n\n\n\n<p>Le <strong>Maisons Durables Ottawa<\/strong> est un guichet unique qui permet aux r\u00e9sidents d\u2019Ottawa de transformer leurs habitations pour qu\u2019<strong>elles soient plus \u00e9conomes d\u2019\u00e9nergie<\/strong> et plus climatobienveillantes. Ce programme vous donne acc\u00e8s \u00e0 tout ce qu\u2019il faut pour mener \u00e0 bien vos travaux de modernisation \u00e9nerg\u00e9tique \u00e0 la maison : <\/p>\n\n\n\n<ul class=\"wp-block-list\"><li><strong>comment, pourquoi et par o\u00f9 commencer<\/strong> pour r\u00e9am\u00e9nager votre habitation afin de r\u00e9aliser des \u00e9conomies d\u2019\u00e9nergie; <\/li><li>les programmes, les mesures d\u2019incitation et les rabais qui <strong>vous aideront<\/strong>\u00e0 faire les travaux; <\/li><li>les services qui vous permettront de <strong>choisir les am\u00e9liorations \u00e0 apporter<\/strong>\u00e0 votre habitation et \u00e0 bien faire les travaux; <\/li><li>l\u2019information sur les <strong>travaux de modernisation en profondeur,<\/strong> sur ce qu\u2019ils comportent et sur les raisons pour lesquelles ils sont importants pour Ottawa et pour votre habitation. <\/li><\/ul>\n\n\n\n<h2 class=\"wp-block-heading\">Pourquoi l\u2019efficience \u00e9nerg\u00e9tique des habitations est-elle importante? <\/h2>\n\n\n\n<p>Voici les faits <\/p>\n\n\n\n<ul class=\"wp-block-list\"><li>En 2019, la Ville d\u2019Ottawa a d\u00e9clar\u00e9 l\u2019<strong>\u00e9tat d\u2019urgence climatique,<\/strong> en embo\u00eetant le pas au gouvernement du Canada. Notre ville s\u2019est engag\u00e9e \u00e0 acc\u00e9l\u00e9rer les efforts men\u00e9s localement pour ma\u00eetriser le changement climatique et pour s\u2019y adapter <\/li><li>Aujourd\u2019hui \u00e0 Ottawa, les habitations et les b\u00e2timents produisent <strong>pr\u00e8s de la moiti\u00e9<\/strong> des \u00e9missions de gaz \u00e0 effet de serre. <\/li><li>Pour atteindre, ici \u00e0 Ottawa, nos cibles dans la r\u00e9duction des \u00e9missions polluantes, <strong>98%<\/strong> des habitations existantes doivent \u00eatre r\u00e9am\u00e9nag\u00e9es en profondeur d\u2019ici 2040. Ce chiffre correspond \u00e0 <strong>327 000 habitations<\/strong>, soit environ <strong>20 000 par an!<\/strong> <\/li><\/ul>\n\n\n\n<figure class=\"wp-block-image size-large\"><img loading=\"lazy\" decoding=\"async\" width=\"1920\" height=\"1079\" src=\"http:\/\/betterhomesottawa.ca\/wp-content\/uploads\/2021\/11\/2-edited.png\" alt=\"\" class=\"wp-image-1671\" srcset=\"https:\/\/betterhomesottawa.ca\/wp-content\/uploads\/2021\/11\/2-edited.png 1920w, https:\/\/betterhomesottawa.ca\/wp-content\/uploads\/2021\/11\/2-edited-300x169.png 300w, https:\/\/betterhomesottawa.ca\/wp-content\/uploads\/2021\/11\/2-edited-1024x575.png 1024w, https:\/\/betterhomesottawa.ca\/wp-content\/uploads\/2021\/11\/2-edited-768x432.png 768w, https:\/\/betterhomesottawa.ca\/wp-content\/uploads\/2021\/11\/2-edited-1536x863.png 1536w\" sizes=\"auto, (max-width: 1920px) 100vw, 1920px\" \/><\/figure>\n\n\n\n<ul class=\"wp-block-list\"><li>Les habitations \u00e9conomes d\u2019\u00e9nergie sont <strong>plus saines<\/strong>, plus r\u00e9silientes, plus climatobienveillantes et r\u00e9duisent les d\u00e9penses consacr\u00e9es \u00e0 l\u2019\u00e9nergie et la consommation d\u2019\u00e9nergie m\u00eame. Les travaux de modernisation \u00e9nerg\u00e9tique des habitations cr\u00e9ent aussi de bons emplois verts dans la localit\u00e9. Il s\u2019agit d\u2019une solution qui ne fait que des gagnants \u00e0 Ottawa. <\/li><\/ul>\n\n\n\n<div style=\"height:50px\" aria-hidden=\"true\" class=\"wp-block-spacer\"><\/div>\n\n\n\n<h2 class=\"has-text-align-center wp-block-heading\">Ce qu\u2019il faut savoir ensuite<\/h2>\n\n\n\n<h4 class=\"has-text-align-center wp-block-heading\">Pour conna\u00eetre les \u00e9conomies d\u2019\u00e9nergie que vous pouvez r\u00e9aliser \u00e0 la maison, consultez notre <\/h4>\n\n\n\n<div class=\"wp-block-buttons is-content-justification-center is-layout-flex wp-block-buttons-is-layout-flex\">\n<div class=\"wp-block-button\"><a class=\"wp-block-button__link\" href=\"https:\/\/betterhomesottawa.ca\/fr\/estimateur\/\">Estimateur des \u00e9conomies d\u2019\u00e9nergie.<\/a><\/div>\n<\/div>\n\n\n\n<div style=\"height:30px\" aria-hidden=\"true\" class=\"wp-block-spacer\"><\/div>\n\n\n\n<h4 class=\"has-text-align-center wp-block-heading\">Pour commencer \u00e0 am\u00e9liorer votre maison, voici<a href=\"https:\/\/betterhomesottawa.ca\/fr\/pour-verdir-votre-maison-en-cinq-etapes\/\"> <\/a><\/h4>\n\n\n\n<div class=\"wp-block-buttons is-content-justification-center is-layout-flex wp-block-buttons-is-layout-flex\">\n<div class=\"wp-block-button\"><a class=\"wp-block-button__link\" href=\"https:\/\/betterhomesottawa.ca\/fr\/pour-verdir-votre-maison-en-cinq-etapes\/\">Cinq \u00e9tapes pour verdir votre habitation.<\/a><\/div>\n<\/div>\n\n\n\n<hr class=\"wp-block-separator is-style-bh-separator\"\/>\n\n\n\n<h5 class=\"wp-block-heading\">Maison Durables Ottawa est cr\u00e9\u00e9 par la Ville d&rsquo;Ottawa, EnviroCentre, le collectif \u00e9nerg\u00e9tique d&rsquo;Ottawa, et le Fonds d\u2019action climatique d\u2019Ottawa.<\/h5>\n\n\n\n<div class=\"wp-block-columns are-vertically-aligned-center is-layout-flex wp-container-core-columns-is-layout-1 wp-block-columns-is-layout-flex\">\n<div class=\"wp-block-column is-vertically-aligned-center is-layout-flow wp-block-column-is-layout-flow\">\n<figure class=\"wp-block-image size-full\"><img loading=\"lazy\" decoding=\"async\" width=\"337\" height=\"150\" src=\"http:\/\/betterhomesottawa.ca\/wp-content\/uploads\/2021\/10\/download-1.png\" alt=\"\" class=\"wp-image-712\" srcset=\"https:\/\/betterhomesottawa.ca\/wp-content\/uploads\/2021\/10\/download-1.png 337w, https:\/\/betterhomesottawa.ca\/wp-content\/uploads\/2021\/10\/download-1-300x134.png 300w\" sizes=\"auto, (max-width: 337px) 100vw, 337px\" \/><\/figure>\n<\/div>\n\n\n\n<div class=\"wp-block-column is-vertically-aligned-center is-layout-flow wp-block-column-is-layout-flow\">\n<figure class=\"wp-block-image size-large\"><img loading=\"lazy\" decoding=\"async\" width=\"1024\" height=\"236\" src=\"http:\/\/betterhomesottawa.ca\/wp-content\/uploads\/2021\/10\/EnviroCentre-Logo-1024x236.png\" alt=\"\" class=\"wp-image-714\" srcset=\"https:\/\/betterhomesottawa.ca\/wp-content\/uploads\/2021\/10\/EnviroCentre-Logo-1024x236.png 1024w, https:\/\/betterhomesottawa.ca\/wp-content\/uploads\/2021\/10\/EnviroCentre-Logo-300x69.png 300w, https:\/\/betterhomesottawa.ca\/wp-content\/uploads\/2021\/10\/EnviroCentre-Logo-768x177.png 768w, https:\/\/betterhomesottawa.ca\/wp-content\/uploads\/2021\/10\/EnviroCentre-Logo-1536x354.png 1536w, https:\/\/betterhomesottawa.ca\/wp-content\/uploads\/2021\/10\/EnviroCentre-Logo.png 1950w\" sizes=\"auto, (max-width: 1024px) 100vw, 1024px\" \/><\/figure>\n<\/div>\n\n\n\n<div class=\"wp-block-column is-vertically-aligned-center is-layout-flow wp-block-column-is-layout-flow\">\n<figure class=\"wp-block-image size-large\"><img decoding=\"async\" src=\"https:\/\/betterhomesottawa.ca\/wp-content\/uploads\/2021\/10\/Oec-1024x585.png\" alt=\"\" class=\"wp-image-1009\"\/><\/figure>\n<\/div>\n\n\n\n<div class=\"wp-block-column is-vertically-aligned-center is-layout-flow wp-block-column-is-layout-flow\">\n<figure class=\"wp-block-image size-full\"><img loading=\"lazy\" decoding=\"async\" width=\"719\" height=\"156\" src=\"http:\/\/betterhomesottawa.ca\/wp-content\/uploads\/2021\/10\/OCAF-Colour.png\" alt=\"\" class=\"wp-image-1079\" srcset=\"https:\/\/betterhomesottawa.ca\/wp-content\/uploads\/2021\/10\/OCAF-Colour.png 719w, https:\/\/betterhomesottawa.ca\/wp-content\/uploads\/2021\/10\/OCAF-Colour-300x65.png 300w\" sizes=\"auto, (max-width: 719px) 100vw, 719px\" \/><\/figure>\n<\/div>\n<\/div>\n\n\n\n<p><\/p>\n","protected":false},"excerpt":{"rendered":"<p>Vous voulez un chez-soi plus confortable et plus climatobienveillant? Lisez ce [&hellip;]<\/p>\n","protected":false},"author":4,"featured_media":701,"parent":0,"menu_order":0,"comment_status":"closed","ping_status":"closed","template":"","meta":{"_acf_changed":false,"inline_featured_image":false,"footnotes":""},"tags":[],"class_list":["post-1464","page","type-page","status-publish","has-post-thumbnail","hentry"],"acf":[],"_links":{"self":[{"href":"https:\/\/betterhomesottawa.ca\/fr\/wp-json\/wp\/v2\/pages\/1464","targetHints":{"allow":["GET"]}}],"collection":[{"href":"https:\/\/betterhomesottawa.ca\/fr\/wp-json\/wp\/v2\/pages"}],"about":[{"href":"https:\/\/betterhomesottawa.ca\/fr\/wp-json\/wp\/v2\/types\/page"}],"author":[{"embeddable":true,"href":"https:\/\/betterhomesottawa.ca\/fr\/wp-json\/wp\/v2\/users\/4"}],"replies":[{"embeddable":true,"href":"https:\/\/betterhomesottawa.ca\/fr\/wp-json\/wp\/v2\/comments?post=1464"}],"version-history":[{"count":0,"href":"https:\/\/betterhomesottawa.ca\/fr\/wp-json\/wp\/v2\/pages\/1464\/revisions"}],"wp:featuredmedia":[{"embeddable":true,"href":"https:\/\/betterhomesottawa.ca\/fr\/wp-json\/wp\/v2\/media\/701"}],"wp:attachment":[{"href":"https:\/\/betterhomesottawa.ca\/fr\/wp-json\/wp\/v2\/media?parent=1464"}],"wp:term":[{"taxonomy":"post_tag","embeddable":true,"href":"https:\/\/betterhomesottawa.ca\/fr\/wp-json\/wp\/v2\/tags?post=1464"}],"curies":[{"name":"wp","href":"https:\/\/api.w.org\/{rel}","templated":true}]}}