{"id":1466,"date":"2021-10-22T12:12:39","date_gmt":"2021-10-22T16:12:39","guid":{"rendered":"https:\/\/betterhomesottawa.ca\/maisons-durables-ottawa-services\/"},"modified":"2021-11-11T14:07:34","modified_gmt":"2021-11-11T19:07:34","slug":"maisons-durables-ottawa-services","status":"publish","type":"page","link":"https:\/\/betterhomesottawa.ca\/fr\/maisons-durables-ottawa-services\/","title":{"rendered":"Services de Maisons Durables Ottawa"},"content":{"rendered":"\n<p><em>Ce programme est financ\u00e9 par la Ville d\u2019Ottawa et est offert par EnviroCentre.<\/em> <\/p>\n\n<h2 class=\"wp-block-heading\">Prenez contact avec nous:<\/h2>\n\n<h3 class=\"wp-block-heading\">Infoligne: 1-877-580-2582 <\/h3>\n\n<h3 class=\"wp-block-heading\">Email: <a href=\"mailto:betterhomes@envirocentre.ca\">betterhomes@envirocentre.ca<\/a><\/h3>\n\n<p><\/p>\n\n<h2 class=\"wp-block-heading\">L\u2019infoligne <\/h2>\n\n<p>Vous pouvez communiquer avec un navigateur des travaux de modernisation du Programme de pr\u00eats pour la mise en valeur des habitations afin de savoir comment lancer vos travaux de modernisation \u00e9nerg\u00e9tiques chez vous. Nos navigateurs peuvent r\u00e9pondre \u00e0 vos questions, vous donner de l\u2019information et des ressources et vous aider \u00e0 r\u00e9server votre \u00e9valuation de la consommation de l\u2019\u00e9nergie de votre habitation, \u00e0 la premi\u00e8re \u00e9tape du processus. <\/p>\n\n<h2 class=\"wp-block-heading\">Les conseillers en \u00e9nergie <\/h2>\n\n<p>Avant de planifier vos travaux de modernisation, demandez des conseils sp\u00e9cialis\u00e9s \u00e0 l\u2019un de nos conseillers en \u00e9nergie. Ces derniers vous offrent des conseils individuels, des ateliers en petits groupes et bien d\u2019autres services! Appelez notre navigateur des travaux de modernisation pour en savoir plus ou pour vous inscrire \u00e0 un atelier des propri\u00e9taires. <\/p>\n\n<p>Les conseillers en \u00e9nergie d\u2019EnviroCentre sont des experts-conseils agr\u00e9\u00e9s et form\u00e9s ou des gestionnaires de l\u2019\u00e9nergie certifi\u00e9s. Ils ont de vastes connaissances et une grande exp\u00e9rience des projets de modernisation pour les \u00e9conomies d\u2019\u00e9nergie dans les habitations et peuvent vous donner les conseils qu\u2019il vous faut pour mener \u00e0 bien vos travaux de modernisation. Leurs services vous seront utiles lorsqu\u2019on vous aura communiqu\u00e9 les r\u00e9sultats de votre \u00e9valuation \u00c9nerGuide de l\u2019efficacit\u00e9 \u00e9nerg\u00e9tique de votre maison et que vous serez pr\u00eat \u00e0 commencer \u00e0 planifier vos travaux de modernisation. Communiquez avec le navigateur des travaux de modernisation du Programme de pr\u00eats pour la mise en valeur des habitations afin de vous inscrire \u00e0 un atelier des propri\u00e9taires ou de r\u00e9server une consultation. (Num\u00e9ro de t\u00e9l\u00e9phone et adresse de courriel) <\/p>\n\n<h2 class=\"wp-block-heading\">Le planificateur des travaux de modernisation des habitations \u2013 <em>Bient\u00f4t \u00e0 votre service!<\/em> <\/h2>\n\n<p>Pour r\u00e9duire efficacement votre consommation d\u2019\u00e9nergie et am\u00e9liorer votre habitation, vous devez choisir les bonnes mesures, dans le bon ordre, et faire installer ce qu\u2019il faut chez vous. Pour le propri\u00e9taire moyen, ce processus peut \u00eatre d\u00e9routant, complexe et laborieux. Le planificateur des travaux de modernisation des habitations vous rend visite, vous donne des conseils sp\u00e9cialis\u00e9s et vous accompagne \u00e0 chacune des \u00e9tapes du parcours, pour planifier et ex\u00e9cuter vos travaux de modernisation. Qu\u2019il s\u2019agisse d\u2019\u00e9valuer votre consommation d\u2019\u00e9nergie, de planifier des projets, de g\u00e9rer des entrepreneurs ou de faire faire les travaux, le planificateur des travaux de modernisation des habitations vous aide \u00e0 mener \u00e0 bien les travaux de modernisation \u00e9nerg\u00e9tique que vous souhaitez r\u00e9aliser. <\/p>\n\n<p>Les co\u00fbts des services du planificateur des travaux de modernisation des habitations sont compris entre 1 000 $ et 1 500 $ par habitation pour les participants inscrits au Programme de pr\u00eats pour la mise en valeur des habitations. Ces co\u00fbts varient en fonction de la superficie de l\u2019habitation et de l\u2019envergure des projets. Les m\u00e9nages \u00e0 faible revenu qui r\u00e9pondent aux conditions d\u2019admission peuvent se pr\u00e9valoir de ces services sans frais. Adressez-vous \u00e0 un responsable de la prise en charge du Programme de pr\u00eats pour la mise en valeur des habitations afin d\u2019en savoir plus quand vous d\u00e9posez votre demande. <\/p>\n\n<p>Si vous ne participez pas \u00e0 ce programme, mais que vous souhaitez consulter l\u2019information sur les services du planificateur des travaux de r\u00e9am\u00e9nagement des habitations, communiquez par courriel (adresse de courriel) avec le navigateur des travaux de modernisation pour de plus amples renseignements. <\/p>\n\n<h2 class=\"wp-block-heading\">Des services gratuits pour les m\u00e9nages \u00e0 faible revenu <\/h2>\n\n<p>Si vous faites partie d\u2019un m\u00e9nage \u00e0 faible revenu et que vous participez au Programme de pr\u00eats pour la mise en valeur des habitations, il se peut que vous ayez droit gratuitement aux services du planificateur des travaux de modernisation des habitations. Quand vous d\u00e9posez votre demande, adressez-vous au responsable de la prise en charge ou communiquez avec le navigateur des travaux de modernisation pour de plus amples renseignements. <\/p>\n\n<hr class=\"wp-block-separator is-style-bh-separator\"\/>\n","protected":false},"excerpt":{"rendered":"<p>Ce programme est financ\u00e9 par la Ville d\u2019Ottawa et est offert [&hellip;]<\/p>\n","protected":false},"author":4,"featured_media":1399,"parent":0,"menu_order":0,"comment_status":"closed","ping_status":"closed","template":"","meta":{"_acf_changed":false,"inline_featured_image":false,"footnotes":""},"tags":[],"class_list":["post-1466","page","type-page","status-publish","has-post-thumbnail","hentry"],"acf":[],"_links":{"self":[{"href":"https:\/\/betterhomesottawa.ca\/fr\/wp-json\/wp\/v2\/pages\/1466","targetHints":{"allow":["GET"]}}],"collection":[{"href":"https:\/\/betterhomesottawa.ca\/fr\/wp-json\/wp\/v2\/pages"}],"about":[{"href":"https:\/\/betterhomesottawa.ca\/fr\/wp-json\/wp\/v2\/types\/page"}],"author":[{"embeddable":true,"href":"https:\/\/betterhomesottawa.ca\/fr\/wp-json\/wp\/v2\/users\/4"}],"replies":[{"embeddable":true,"href":"https:\/\/betterhomesottawa.ca\/fr\/wp-json\/wp\/v2\/comments?post=1466"}],"version-history":[{"count":0,"href":"https:\/\/betterhomesottawa.ca\/fr\/wp-json\/wp\/v2\/pages\/1466\/revisions"}],"wp:featuredmedia":[{"embeddable":true,"href":"https:\/\/betterhomesottawa.ca\/fr\/wp-json\/wp\/v2\/media\/1399"}],"wp:attachment":[{"href":"https:\/\/betterhomesottawa.ca\/fr\/wp-json\/wp\/v2\/media?parent=1466"}],"wp:term":[{"taxonomy":"post_tag","embeddable":true,"href":"https:\/\/betterhomesottawa.ca\/fr\/wp-json\/wp\/v2\/tags?post=1466"}],"curies":[{"name":"wp","href":"https:\/\/api.w.org\/{rel}","templated":true}]}}