{"id":1469,"date":"2021-10-22T12:18:42","date_gmt":"2021-10-22T16:18:42","guid":{"rendered":"https:\/\/betterhomesottawa.ca\/le-choix-dun-entrepreneur\/"},"modified":"2025-04-09T16:07:33","modified_gmt":"2025-04-09T20:07:33","slug":"le-choix-dun-entrepreneur","status":"publish","type":"page","link":"https:\/\/betterhomesottawa.ca\/fr\/le-choix-dun-entrepreneur\/","title":{"rendered":"Le choix d\u2019un entrepreneur"},"content":{"rendered":"\n<h2 class=\"wp-block-heading\">Le choix d&rsquo;un entrepreneur d\u00e9terminera le succ\u00e8s de votre projet. Cela s&rsquo;applique \u00e0 tous les travaux de modernisation, mais particuli\u00e8rement \u00e0 ceux li\u00e9s \u00e0 l&rsquo;efficacit\u00e9 \u00e9nerg\u00e9tique, qui peuvent inclure de nouvelles technologies ou des techniques d&rsquo;installation sp\u00e9cifiques.<\/h2>\n\n\n\n<h3 class=\"wp-block-heading\">Il est essentiel que le ou les entrepreneurs choisis comprennent bien votre projet, ma\u00eetrisent les technologies utilis\u00e9es et adoptent l\u2019approche de \u00ab la maison en tant que syst\u00e8me \u00bb pour assurer la r\u00e9ussite de votre modernisation \u00e9nerg\u00e9tique. <\/h3>\n\n\n\n<h2 class=\"wp-block-heading\">Voici les questions \u00e0 poser aux entrepreneurs prospectifs. <\/h2>\n\n\n\n<ul class=\"wp-block-list\">\n<li>Puis-je communiquer avec des clients pour qui vous avez travaill\u00e9? <\/li>\n\n\n\n<li>Avez-vous d\u00e9j\u00e0 r\u00e9alis\u00e9 un projet de modernisation \u00e9nerg\u00e9tique? <\/li>\n\n\n\n<li>Avez-vous d\u00e9j\u00e0 install\u00e9 de l\u2019\u00e9quipement [XXXX]? <\/li>\n\n\n\n<li>Pouvez-vous recommander l\u2019ordre dans lequel les travaux doivent se d\u00e9rouler et les moyens \u00e0 prendre pour communiquer avec les autres entrepreneurs afin de vous assurer que tout se d\u00e9roule correctement? <\/li>\n\n\n\n<li>Connaissez-vous les principes de la \u00ab maison enti\u00e8re \u00bb ou de la \u00ab maison comme syst\u00e8me \u00bb? <\/li>\n\n\n\n<li>Pouvez-vous fournir la preuve de votre permis d\u2019installation de l\u2019\u00e9quipement d\u00e9livr\u00e9 par la province ou le territoire o\u00f9 l\u2019installation sera effectu\u00e9e? <\/li>\n\n\n\n<li>Ce projet sera-t-il conforme aux codes du b\u00e2timent, aux r\u00e8glements et aux autres lois de la province ou du territoire ? <\/li>\n\n\n\n<li>Un permis de construire ou un permis des services publics seront-ils n\u00e9cessaires ? <\/li>\n\n\n\n<li>Les produits que vous recommandez sont-ils conformes aux lois en vigueur et pouvez-vous fournir les fiches signal\u00e9tiques correspondantes, s\u2019il y a lieu ? <\/li>\n\n\n\n<li>Quelle exp\u00e9rience avez-vous et quelle exp\u00e9rience votre \u00e9quipe a-t-elle dans l\u2019utilisation de ces produits et dans l\u2019application de ces proc\u00e9dures et quelles difficult\u00e9s avez-vous connues ? <\/li>\n\n\n\n<li>Quelles mesures prendrez-vous pour prot\u00e9ger ma maison et ma famille pendant et apr\u00e8s les r\u00e9novations ? <\/li>\n<\/ul>\n\n\n\n<h2 class=\"wp-block-heading\">L&rsquo;art de choisir un entrepreneur<\/h2>\n\n\n\n<p>C\u2019est \u00e0 vous qu\u2019il appartient de comparer les entrepreneurs. Assurez vous de demander des offres de prix par \u00e9crit et insistez pour signer un contrat avant le d\u00e9but des travaux. Vous devez contacter au moins trois entrepreneurs avant de prendre une d\u00e9cision.<\/p>\n\n\n\n<p>Si vous n\u2019obtenez pas les r\u00e9ponses dont vous avez besoin ou que vous souhaitez ou si vous n\u2019\u00eates pas certain de votre choix, r\u00e9servez une session avec un de nos conseillers en \u00e9nergie, dans le cadre du Programme de pr\u00eat pour la mise en valeur des habitations. Ces conseillers comp\u00e9tents peuvent r\u00e9pondre \u00e0 vos questions, d\u00e9mystifier le processus et vous aider \u00e0 vous assurer que vous pourrez compter sur la qualit\u00e9 des travaux qu\u2019il vous faut pour r\u00e9ussir. Envoyez un courriel \u00e0 <a href=\"mailto:betterhomes@envirocentre.ca\" target=\"_blank\" rel=\"noreferrer noopener\">betterhomes@envirocentre.ca<\/a> pour commencer !<\/p>\n\n\n\n<h2 class=\"wp-block-heading\">Entrepreneurs sp\u00e9cialis\u00e9s dans les r\u00e9novations Net Zero<\/h2>\n\n\n\n<p>En collaboration avec la Ville d\u2019Ottawa, Maisons durables Ottawa a mis sur pied des s\u00e9ances de formation destin\u00e9es aux entrepreneurs et ax\u00e9es sur les r\u00e9novations r\u00e9sidentielles carboneutres et, plus pr\u00e9cis\u00e9ment, sur les thermopompes. Vous trouverez ci-dessous une liste des groupes qui ont suivi ces formations.<\/p>\n\n\n\n<p>Nous vous invitons \u00e9galement \u00e0 jeter un coup d\u2019\u0153il \u00e0 la liste de constructeurs et r\u00e9novateurs d\u2019habitations accr\u00e9dit\u00e9es carboneutres de l\u2019Association canadienne des constructeurs d\u2019habitations <a href=\"https:\/\/www.chba.ca\/CHBA\/BuyingNew\/Net-Zero-Homes.aspx\">ici<\/a>.<\/p>\n\n\n\n<h3 class=\"wp-block-heading\">Architecte<\/h3>\n\n\n\n<ul class=\"wp-block-list\">\n<li><a href=\"https:\/\/www.rjhill.ca\/\">Rosaline J Hill Architect<\/a><\/li>\n<\/ul>\n\n\n\n<h3 class=\"wp-block-heading\">\u00c9lectricien<\/h3>\n\n\n\n<ul class=\"wp-block-list\">\n<li><a href=\"https:\/\/evoltaelectric.com\/\">Evolta Electric<\/a><\/li>\n<\/ul>\n\n\n\n<h3 class=\"wp-block-heading\">Chauffage, ventilation et climatisation<\/h3>\n\n\n\n<ul class=\"wp-block-list\">\n<li><a href=\"https:\/\/www.airzonehvac.ca\/\">AirZone HVAC Services<\/a><\/li>\n\n\n\n<li><a href=\"https:\/\/climateworks.ca\/\">Climate Works<\/a><\/li>\n\n\n\n<li><a href=\"https:\/\/francisplumbing.com\/heating\/boilers\/?gclid=CjwKCAjwx7GYBhB7EiwA0d8oezOXzjmtKZtU_tcRk1JDgoOgF0mJgF4DC5U1tNgZDX0lnqFucxYolhoCFHUQAvD_BwE\" target=\"_blank\" rel=\"noreferrer noopener\">Francis Plumbing and Heating<\/a><\/li>\n\n\n\n<li><a href=\"https:\/\/www.ottawahomeservices.ca\/\" target=\"_blank\" rel=\"noreferrer noopener\">Ottawa Home Services<\/a><\/li>\n\n\n\n<li><a href=\"https:\/\/www.premiercomfort.ca\/\" target=\"_blank\" rel=\"noreferrer noopener\">Premier Comfort<\/a><\/li>\n\n\n\n<li><a href=\"https:\/\/reliablehome.ca\/\" target=\"_blank\" rel=\"noreferrer noopener\">Reliable Home Environment<\/a><\/li>\n\n\n\n<li><a href=\"https:\/\/1clickheat.com\/\">1Click Heating &amp; Cooling<\/a><\/li>\n<\/ul>\n\n\n\n<h3 class=\"wp-block-heading\">R\u00e9novateurs<\/h3>\n\n\n\n<ul class=\"wp-block-list\">\n<li><a href=\"https:\/\/amsted.ca\/\">Amsted Design-Build<\/a><\/li>\n\n\n\n<li><a href=\"https:\/\/www.crossford.ca\/\">Crossford Construction<\/a><\/li>\n\n\n\n<li><a href=\"https:\/\/www.ethosdevelopments.com\/\">Ethos Infill and Development<\/a><\/li>\n\n\n\n<li><a href=\"https:\/\/www.evergreenconcepts.ca\/\">Evergreen Concepts<\/a><\/li>\n\n\n\n<li><a href=\"https:\/\/www.greatervalleygroup.ca\/\">Greater Valley Group<\/a><\/li>\n\n\n\n<li><a href=\"https:\/\/www.ikhomeimprovement.com\/\">IK Home Improvement<\/a><\/li>\n\n\n\n<li><a href=\"https:\/\/www.ldbg.ca\/\" target=\"_blank\" rel=\"noreferrer noopener\">Lanark Design\/Build Group<\/a><\/li>\n\n\n\n<li><a href=\"https:\/\/lagois.com\/\" target=\"_blank\" rel=\"noreferrer noopener\">Lagois Design Build Renovate<\/a><\/li>\n\n\n\n<li><a href=\"https:\/\/levelupmyhome.ca\/\">Level Up<\/a><\/li>\n\n\n\n<li><a href=\"https:\/\/www.oakwood.ca\/\">Oakwood<\/a><\/li>\n\n\n\n<li><a href=\"https:\/\/rndconstruction.ca\/\">RND Construction<\/a><\/li>\n\n\n\n<li><a href=\"https:\/\/westwoodcarpentry.ca\/\">Westwood Carpentry<\/a><\/li>\n<\/ul>\n\n\n\n<h3 class=\"wp-block-heading\">\u00c9nergie solaire<\/h3>\n\n\n\n<ul class=\"wp-block-list\">\n<li><a href=\"https:\/\/figsolar.ca\/\">Fig Solar<\/a><\/li>\n<\/ul>\n\n\n\n<hr class=\"wp-block-separator has-css-opacity is-style-bh-separator\"\/>\n","protected":false},"excerpt":{"rendered":"<p>Le choix d&rsquo;un entrepreneur d\u00e9terminera le succ\u00e8s de votre projet. Cela [&hellip;]<\/p>\n","protected":false},"author":4,"featured_media":1103,"parent":0,"menu_order":0,"comment_status":"closed","ping_status":"closed","template":"","meta":{"_acf_changed":false,"inline_featured_image":false,"footnotes":""},"tags":[],"class_list":["post-1469","page","type-page","status-publish","has-post-thumbnail","hentry"],"acf":[],"_links":{"self":[{"href":"https:\/\/betterhomesottawa.ca\/fr\/wp-json\/wp\/v2\/pages\/1469","targetHints":{"allow":["GET"]}}],"collection":[{"href":"https:\/\/betterhomesottawa.ca\/fr\/wp-json\/wp\/v2\/pages"}],"about":[{"href":"https:\/\/betterhomesottawa.ca\/fr\/wp-json\/wp\/v2\/types\/page"}],"author":[{"embeddable":true,"href":"https:\/\/betterhomesottawa.ca\/fr\/wp-json\/wp\/v2\/users\/4"}],"replies":[{"embeddable":true,"href":"https:\/\/betterhomesottawa.ca\/fr\/wp-json\/wp\/v2\/comments?post=1469"}],"version-history":[{"count":1,"href":"https:\/\/betterhomesottawa.ca\/fr\/wp-json\/wp\/v2\/pages\/1469\/revisions"}],"predecessor-version":[{"id":2804,"href":"https:\/\/betterhomesottawa.ca\/fr\/wp-json\/wp\/v2\/pages\/1469\/revisions\/2804"}],"wp:featuredmedia":[{"embeddable":true,"href":"https:\/\/betterhomesottawa.ca\/fr\/wp-json\/wp\/v2\/media\/1103"}],"wp:attachment":[{"href":"https:\/\/betterhomesottawa.ca\/fr\/wp-json\/wp\/v2\/media?parent=1469"}],"wp:term":[{"taxonomy":"post_tag","embeddable":true,"href":"https:\/\/betterhomesottawa.ca\/fr\/wp-json\/wp\/v2\/tags?post=1469"}],"curies":[{"name":"wp","href":"https:\/\/api.w.org\/{rel}","templated":true}]}}