{"id":1471,"date":"2021-10-22T12:30:51","date_gmt":"2021-10-22T16:30:51","guid":{"rendered":"https:\/\/betterhomesottawa.ca\/a-propos-de-les-grands-projets-de-modernisation\/"},"modified":"2023-02-02T18:30:10","modified_gmt":"2023-02-02T23:30:10","slug":"a-propos-de-les-grands-projets-de-modernisation","status":"publish","type":"page","link":"https:\/\/betterhomesottawa.ca\/fr\/a-propos-de-les-grands-projets-de-modernisation\/","title":{"rendered":"\u00c0 propos de les grands projets de modernisation"},"content":{"rendered":"\n<h2 class=\"wp-block-heading\">Il s\u2019agit des projets de modernisation \u00e9nerg\u00e9tique qui vous permettent de r\u00e9duire de 50 % ou plus la consommation d\u2019\u00e9nergie de votre habitation. <\/h2>\n\n\n\n<h3 class=\"wp-block-heading\">Il va de soi que pour \u00eatre carboneutre d\u2019ici 2050, il faut viser plus haut. Pour atteindre la carboneutralit\u00e9 \u00e0 Ottawa, nous devons viser \u00e0 r\u00e9duire la consommation d\u2019\u00e9nergie des m\u00e9nages de 70 % ou plus et \u00e0 diminuer de 100 % les \u00e9missions polluantes. <\/h3>\n\n\n\n<h2 class=\"wp-block-heading\">Pourquoi les grands projets de modernisation <\/h2>\n\n\n\n<p>Pour atteindre nos cibles dans la r\u00e9duction des \u00e9missions et pour veiller \u00e0 ce que notre ville et nos habitations restent saines et s\u00e9curitaires dans les prochaines d\u00e9cennies, nous devons moderniser en profondeur 98 % de nos habitations locales d\u2019ici 2040. En effet, les grands projets de modernisation \u00e9nerg\u00e9tique r\u00e9duisent massivement la consommation de l\u2019\u00e9nergie et nous permettent de r\u00e9pondre \u00e0 nos autres besoins en \u00e9nergie en faisant appel \u00e0 de l\u2019\u00e9nergie propre. <\/p>\n\n\n\n<p>La bonne nouvelle, c\u2019est que les grands travaux de modernisation viennent aussi am\u00e9liorer nos habitations, en les rendant plus saines, plus r\u00e9silientes et moins ch\u00e8res \u00e0 chauffer et \u00e0 climatiser \u00e0 long terme. Les changements qui vous permettent de r\u00e9duire la consommation d\u2019\u00e9nergie de votre habitation peuvent aussi vous aider \u00e0 rester confortable en cas de panne d\u2019\u00e9lectricit\u00e9, \u00e0 produire votre propre \u00e9nergie et \u00e0 am\u00e9liorer la qualit\u00e9 de votre air ambiant. C\u2019est une solution qui ne fait que des gagnants. <\/p>\n\n\n\n<div class=\"wp-block-columns is-layout-flex wp-container-core-columns-is-layout-1 wp-block-columns-is-layout-flex\">\n<div class=\"wp-block-column is-layout-flow wp-block-column-is-layout-flow\">\n<div class=\"wp-block-studiof-infocard has-background\" style=\"border-radius:15px;background-color:#f2f2f2\" data-add-mark=\"true\"><div class=\"content\"><div class=\"infocard_title\"><strong>Le saviez-vous?<\/strong><\/div><div class=\"infocard_text\">Saviez-vous que 20 % des Canadiens vivent dans la pauvret\u00e9 \u00e9nerg\u00e9tique? Autrement dit, ils consacrent plus de 6 % de leur revenu apr\u00e8s imp\u00f4ts \u00e0 des d\u00e9penses d\u2019\u00e9nergie, parfois m\u00eame en se passant de nourriture ou d\u2019autres denr\u00e9es essentielles, simplement pour se tenir au chaud.<\/div><\/div><\/div>\n<\/div>\n\n\n\n<div class=\"wp-block-column is-layout-flow wp-block-column-is-layout-flow\">\n<p>Les grands travaux de modernisation \u00e9nerg\u00e9tique viennent r\u00e9tablir l\u2019\u00e9quilibre et permettent aux r\u00e9sidents de la localit\u00e9 qui en ont besoin le plus de r\u00e9aliser des \u00e9conomies qu\u2019ils pourront consacrer \u00e0 des besoins encore plus essentiels. <\/p>\n<\/div>\n<\/div>\n\n\n\n<p>Enfin, si les grands travaux de modernisation \u00e9nerg\u00e9tique sont si populaires parmi les \u00e9conomistes et tous nos gouvernements, c\u2019est pour une autre grande raison : ils cr\u00e9ent de bons emplois verts dans la localit\u00e9. Nous pouvons atteindre nos cibles locales, am\u00e9liorer nos habitations et relancer nos \u00e9conomies locales apr\u00e8s la COVID en r\u00e9am\u00e9nageant nos habitations pour conna\u00eetre un avenir vert \u00e0 Ottawa. <\/p>\n\n\n\n<div class=\"wp-block-studiof-infocard has-background\" style=\"border-radius:15px;background-color:#f2f2f2\"><div class=\"content\"><div class=\"infocard_title\"><strong>Les travaux majeurs et les travaux mineurs<\/strong><\/div><div class=\"infocard_text\">Il s\u2019agit des projets de modernisation \u00e9nerg\u00e9tique qui vous permettent de r\u00e9duire de 50 % ou plus la consommation d\u2019\u00e9nergie de votre habitation. Les grands travaux de modernisation viennent aussi am\u00e9liorer nos habitations, en les rendant plus saines, plus r\u00e9silientes et moins ch\u00e8res \u00e0 chauffer et \u00e0 climatiser \u00e0 long terme.<\/div><\/div><\/div>\n\n\n\n<h2 class=\"wp-block-heading\">Les travaux majeurs et les travaux mineurs <\/h2>\n\n\n\n<p>Le premier avantage des travaux majeurs de modernisation par rapport \u00e0 des travaux mineurs (\u00e9conomies de 10 % \u00e0 30 %), ce sont les gains \u00e0 long terme. Si vous commencez \u00e0 r\u00e9aliser aujourd\u2019hui de grandes \u00e9conomies, les gains cumul\u00e9s (en \u00e9nergie et en r\u00e9duction des \u00e9missions) au fil des ans sont beaucoup plus importants, ce qui vous permettra d\u2019atteindre nos cibles, de r\u00e9aliser des \u00e9conomies et de promouvoir un syst\u00e8me d\u2019\u00e9nergie propre et r\u00e9silient. <\/p>\n\n\n\n<h2 class=\"wp-block-heading\">De l\u2019aide pour les grands travaux de modernisation <\/h2>\n\n\n\n<p>Les travaux de modernisation \u00e9nerg\u00e9tique sont des investissements judicieux, et les grands travaux sont encore plus rentables. Nos gouvernements sont d\u2019accord. C\u2019est pourquoi ils n\u2019h\u00e9sitent pas \u00e0 encourager les r\u00e9sidents \u00e0 moderniser leurs habitations en leur offrant des programmes d\u2019incitation, des rabais et de l\u2019aide dans le financement. Autrement dit, vos grands travaux de modernisation seront plus faciles \u00e0 r\u00e9aliser et moins chers. Nous vous invitons \u00e0 consulter les rabais et le financement qui vous sont offerts en cliquant sur <a href=\"https:\/\/betterhomesottawa.ca\/fr\/rebate-and-incentive-programs\/\">ce lien.<\/a> <\/p>\n\n\n\n<hr class=\"wp-block-separator has-css-opacity is-style-bh-separator\"\/>\n","protected":false},"excerpt":{"rendered":"<p>Il s\u2019agit des projets de modernisation \u00e9nerg\u00e9tique qui vous permettent de [&hellip;]<\/p>\n","protected":false},"author":4,"featured_media":849,"parent":0,"menu_order":0,"comment_status":"closed","ping_status":"closed","template":"","meta":{"_acf_changed":false,"inline_featured_image":false,"footnotes":""},"tags":[],"class_list":["post-1471","page","type-page","status-publish","has-post-thumbnail","hentry"],"acf":[],"_links":{"self":[{"href":"https:\/\/betterhomesottawa.ca\/fr\/wp-json\/wp\/v2\/pages\/1471","targetHints":{"allow":["GET"]}}],"collection":[{"href":"https:\/\/betterhomesottawa.ca\/fr\/wp-json\/wp\/v2\/pages"}],"about":[{"href":"https:\/\/betterhomesottawa.ca\/fr\/wp-json\/wp\/v2\/types\/page"}],"author":[{"embeddable":true,"href":"https:\/\/betterhomesottawa.ca\/fr\/wp-json\/wp\/v2\/users\/4"}],"replies":[{"embeddable":true,"href":"https:\/\/betterhomesottawa.ca\/fr\/wp-json\/wp\/v2\/comments?post=1471"}],"version-history":[{"count":2,"href":"https:\/\/betterhomesottawa.ca\/fr\/wp-json\/wp\/v2\/pages\/1471\/revisions"}],"predecessor-version":[{"id":2255,"href":"https:\/\/betterhomesottawa.ca\/fr\/wp-json\/wp\/v2\/pages\/1471\/revisions\/2255"}],"wp:featuredmedia":[{"embeddable":true,"href":"https:\/\/betterhomesottawa.ca\/fr\/wp-json\/wp\/v2\/media\/849"}],"wp:attachment":[{"href":"https:\/\/betterhomesottawa.ca\/fr\/wp-json\/wp\/v2\/media?parent=1471"}],"wp:term":[{"taxonomy":"post_tag","embeddable":true,"href":"https:\/\/betterhomesottawa.ca\/fr\/wp-json\/wp\/v2\/tags?post=1471"}],"curies":[{"name":"wp","href":"https:\/\/api.w.org\/{rel}","templated":true}]}}