{"id":1475,"date":"2021-10-22T14:23:40","date_gmt":"2021-10-22T18:23:40","guid":{"rendered":"https:\/\/betterhomesottawa.ca\/a-la-recherche-des-programmes-dincitation-et-de-financement\/"},"modified":"2025-04-10T18:21:03","modified_gmt":"2025-04-10T22:21:03","slug":"a-la-recherche-des-programmes-dincitation-et-de-financement","status":"publish","type":"page","link":"https:\/\/betterhomesottawa.ca\/fr\/a-la-recherche-des-programmes-dincitation-et-de-financement\/","title":{"rendered":"Trouvez l\u2019incitation qui vous convient"},"content":{"rendered":"\n<h3 class=\"wp-block-heading\">Les programmes gouvernementaux offrent un soutien financier pour vous aider \u00e0 r\u00e9nover votre maison. Mais avec autant d\u2019options disponibles, il peut \u00eatre difficile de savoir par o\u00f9 commencer.<\/h3>\n\n\n\n<p><br>S\u00e9lectionnez la cat\u00e9gorie ci-dessous qui vous d\u00e9crit le mieux pour d\u00e9couvrir des options adapt\u00e9es \u00e0 votre situation.<\/p>\n\n\n\n<div style=\"height:63px\" aria-hidden=\"true\" class=\"wp-block-spacer\"><\/div>\n\n\n\n<div class=\"wp-block-buttons is-content-justification-center is-layout-flex wp-container-core-buttons-is-layout-1 wp-block-buttons-is-layout-flex\">\n<div class=\"wp-block-button scroll\"><a class=\"wp-block-button__link wp-element-button\" href=\"#apartment\">J\u2019habite dans un appartement<\/a><\/div>\n\n\n\n<div class=\"wp-block-button scroll\"><a class=\"wp-block-button__link wp-element-button\" href=\"#condo\">J\u2019habite dans un condo<\/a><\/div>\n\n\n\n<div class=\"wp-block-button scroll\"><a class=\"wp-block-button__link wp-element-button\" href=\"#landlord\">Je suis propri\u00e9taire<\/a><\/div>\n<\/div>\n\n\n\n<div style=\"height:29px\" aria-hidden=\"true\" class=\"wp-block-spacer\"><\/div>\n\n\n\n<h2 class=\"wp-block-heading has-text-align-center\" id=\"house\">J\u2019habite dans une maison<\/h2>\n\n\n\n<div class=\"wp-block-group drawer is-layout-flow wp-block-group-is-layout-flow\">\n<h3 class=\"wp-block-heading\">Je suis propri\u00e9taire de ma maison<\/h3>\n\n\n\n<ul class=\"wp-block-list\">\n<li><strong>Le programme de pr\u00eat Maisons Durables Ottawa\u00a0<\/strong><\/li>\n\n\n\n<li><strong>SCHL Eco Plus<\/strong><\/li>\n\n\n\n<li><strong>Programme de remises r\u00e8novations maison<\/strong><\/li>\n<\/ul>\n<\/div>\n\n\n\n<div class=\"wp-block-group drawer is-layout-flow wp-block-group-is-layout-flow\">\n<h3 class=\"wp-block-heading\">Je loue ma maison <\/h3>\n\n\n\n<ul class=\"wp-block-list\">\n<li><strong><strong><strong>Le programme d\u2019aide \u00e0 l\u2019\u00e9nergie de Save on Energy<\/strong><\/strong><\/strong><\/li>\n\n\n\n<li><strong>Programme de protection de votre habitation contre les intemp\u00e9ries de l\u2019hiver d\u2019Enbridge<\/strong> <\/li>\n<\/ul>\n\n\n\n<p>Si votre propri\u00e9taire paie les co\u00fbts \u00e9nerg\u00e9tiques de votre logement, parlez-lui des programmes auxquels les propri\u00e9taires peuvent \u00eatre admissibles.<\/p>\n<\/div>\n\n\n\n<div class=\"wp-block-group drawer is-layout-flow wp-block-group-is-layout-flow\">\n<h3 class=\"wp-block-heading\">Je fais partie d\u2019un m\u00e9nage \u00e0 faibles revenus<\/h3>\n\n\n\n<p>Si vous \u00eates propri\u00e9taire de votre maison et avez un faible revenu, ou si vous et votre m\u00e9nage d\u00e9pensez plus en \u00e9nergie que ce que vous pouvez vous permettre, vous pourriez \u00eatre admissible \u00e0 :<\/p>\n\n\n\n<ul class=\"wp-block-list\">\n<li><strong>Le programme de pr\u00eat Maisons Durables Ottawa&nbsp;<\/strong><\/li>\n\n\n\n<li><strong>SCHL Eco Plus<\/strong><\/li>\n\n\n\n<li><strong>Programme de remises r\u00e8novations maison<\/strong><\/li>\n\n\n\n<li><strong>Programme de protection de votre habitation contre les intemp\u00e9ries de l\u2019hiver d\u2019Enbridge<\/strong><\/li>\n\n\n\n<li><strong>Programme d\u2019abordabilit\u00e9 \u00e9nerg\u00e9tique \u00c9conomisez l\u2019\u00e9nergie<\/strong><\/li>\n\n\n\n<li><strong>R\u00e9novations Ontario<\/strong> <\/li>\n\n\n\n<li><strong>Programme d\u2019aide aux impay\u00e9s d\u2019\u00e9nergie<\/strong><\/li>\n<\/ul>\n<\/div>\n\n\n\n<h2 class=\"wp-block-heading has-text-align-center\" id=\"apartment\">J\u2019habite dans un appartement<\/h2>\n\n\n\n<div class=\"wp-block-group drawer is-layout-flow wp-block-group-is-layout-flow\">\n<h3 class=\"wp-block-heading\">Information g\u00e9n\u00e9rale<\/h3>\n\n\n\n<p>En tant que locataire, vous devrez obtenir l\u2019accord de votre propri\u00e9taire pour toute modification structurelle de votre logement. Toutefois, vous pourriez \u00eatre admissible \u00e0 :<\/p>\n\n\n\n<ul class=\"wp-block-list\">\n<li><strong>Programme d\u2019abordabilit\u00e9 \u00e9nerg\u00e9tique \u00c9conomisez l\u2019\u00e9nergie<\/strong><\/li>\n<\/ul>\n\n\n\n<p>Si votre propri\u00e9taire paie les co\u00fbts \u00e9nerg\u00e9tiques de votre logement, parlez-lui de :<\/p>\n\n\n\n<ul class=\"wp-block-list\">\n<li><strong>Le programme de pr\u00eat Maisons Durables Ottawa\u00a0<\/strong><\/li>\n\n\n\n<li><strong>Programme de remises r\u00e8novations maison<\/strong><\/li>\n\n\n\n<li><strong>Programme de protection de votre habitation contre les intemp\u00e9ries de l\u2019hiver d\u2019Enbridge<\/strong><\/li>\n<\/ul>\n<\/div>\n\n\n\n<div class=\"wp-block-group drawer is-layout-flow wp-block-group-is-layout-flow\">\n<h3 class=\"wp-block-heading\">M\u00e9nages \u00e0 faibles revenus<\/h3>\n\n\n\n<p>Si vous vivez dans un appartement et avez un faible revenu, ou si vous et votre m\u00e9nage d\u00e9pensez plus en \u00e9nergie que ce que vous pouvez vous permettre, vous pourriez \u00eatre admissible \u00e0 :<\/p>\n\n\n\n<ul class=\"wp-block-list\">\n<li><strong>Programme d\u2019abordabilit\u00e9 \u00e9nerg\u00e9tique \u00c9conomisez l\u2019\u00e9nergie<\/strong><\/li>\n\n\n\n<li><strong>Programme d\u2019aide aux impay\u00e9s d\u2019\u00e9nergie<\/strong><\/li>\n<\/ul>\n\n\n\n<p>Vous pouvez \u00e9galement parler \u00e0 votre propri\u00e9taire de l\u2019admissibilit\u00e9 au :<\/p>\n\n\n\n<ul class=\"wp-block-list\">\n<li><strong>Programme de protection de votre habitation contre les intemp\u00e9ries de l\u2019hiver d\u2019Enbridge<\/strong><\/li>\n<\/ul>\n<\/div>\n\n\n\n<h2 class=\"wp-block-heading has-text-align-center\" id=\"condo\">J\u2019habite dans un logement en copropri\u00e9t\u00e9<\/h2>\n\n\n\n<div class=\"wp-block-group drawer is-layout-flow wp-block-group-is-layout-flow\">\n<h3 class=\"wp-block-heading\">Je suis propri\u00e9taire de mon logement en copropri\u00e9t\u00e9<\/h3>\n\n\n\n<p>En tant que propri\u00e9taire de condo, votre admissibilit\u00e9 aux incitatifs d\u00e9pend de votre situation particuli\u00e8re, de la taille de votre immeuble en copropri\u00e9t\u00e9 et, dans certains cas, des r\u00e8glements de votre conseil de copropri\u00e9t\u00e9. Vous devrez v\u00e9rifier aupr\u00e8s de votre conseil de copropri\u00e9t\u00e9 ou consulter votre entente de copropri\u00e9t\u00e9 pour obtenir plus de d\u00e9tails. Vous pourriez \u00eatre admissible \u00e0 :<\/p>\n\n\n\n<ul class=\"wp-block-list\">\n<li><strong>SCHL Eco Plus<\/strong><\/li>\n\n\n\n<li><strong>Programme d\u2019abordabilit\u00e9 \u00e9nerg\u00e9tique \u00c9conomisez l\u2019\u00e9nergie<\/strong><\/li>\n<\/ul>\n\n\n\n<p>Votre immeuble en copropri\u00e9t\u00e9 pourrait avoir droit au programme suivant :<\/p>\n\n\n\n<ul class=\"wp-block-list\">\n<li><strong>Le programme de pr\u00eat Maisons Durables Ottawa\u00a0<\/strong><\/li>\n<\/ul>\n<\/div>\n\n\n\n<div class=\"wp-block-group drawer is-layout-flow wp-block-group-is-layout-flow\">\n<h3 class=\"wp-block-heading\">Je loue mon logement en copropri\u00e9t\u00e9<\/h3>\n\n\n\n<p>En tant que locataire, vous devrez obtenir l\u2019accord de votre propri\u00e9taire pour toute modification structurelle de votre logement. Toutefois, vous pourriez \u00eatre admissible \u00e0 :<\/p>\n\n\n\n<ul class=\"wp-block-list\">\n<li><strong>Programme d\u2019abordabilit\u00e9 \u00e9nerg\u00e9tique \u00c9conomisez l\u2019\u00e9nergie<\/strong><\/li>\n<\/ul>\n\n\n\n<p>Vous pouvez \u00e9galement parler \u00e0 votre propri\u00e9taire de l\u2019admissibilit\u00e9 au :<\/p>\n\n\n\n<ul class=\"wp-block-list\">\n<li><strong>Le programme de pr\u00eat Maisons Durables Ottawa&nbsp;<\/strong><\/li>\n\n\n\n<li><strong>Programme de remises r\u00e8novations maison<\/strong><\/li>\n\n\n\n<li><strong>Programme de protection de votre habitation contre les intemp\u00e9ries de l\u2019hiver d\u2019Enbridge<\/strong><\/li>\n\n\n\n<li><\/li>\n<\/ul>\n<\/div>\n\n\n\n<div class=\"wp-block-group drawer is-layout-flow wp-block-group-is-layout-flow\">\n<h3 class=\"wp-block-heading\">M\u00e9nages \u00e0 faibles revenus<\/h3>\n\n\n\n<p>Si vous vivez dans un condo en location et avez un faible revenu, ou si vous et votre m\u00e9nage d\u00e9pensez plus en \u00e9nergie que ce que vous pouvez vous permettre, vous pourriez \u00eatre admissible \u00e0 :<\/p>\n\n\n\n<ul class=\"wp-block-list\">\n<li><strong>Programme d\u2019abordabilit\u00e9 \u00e9nerg\u00e9tique \u00c9conomisez l\u2019\u00e9nergie<\/strong><\/li>\n\n\n\n<li><strong>Programme d\u2019aide aux impay\u00e9s d\u2019\u00e9nergie<\/strong><\/li>\n<\/ul>\n<\/div>\n\n\n\n<h2 class=\"wp-block-heading has-text-align-center\" id=\"landlord\">Je suis propri\u00e9taire<\/h2>\n\n\n\n<p>En tant que propri\u00e9taire, vous avez acc\u00e8s aux m\u00eames programmes d\u2019incitation que ceux qui sont offerts aux autres propri\u00e9taires afin de moderniser vos logements, d\u2019en r\u00e9duire la consommation d\u2019\u00e9nergie et d\u2019am\u00e9liorer la qualit\u00e9 de vos immeubles. Il se pourrait que vous ayez \u00e9galement acc\u00e8s \u00e0 des programmes d\u2019incitation pour les travaux de modernisation dans les grands immeubles \u00e0 logements multiples ou \u00e0 des programmes d\u2019incitation pour les b\u00e2timents commerciaux.<\/p>\n\n\n\n<div class=\"wp-block-group drawer is-layout-flow wp-block-group-is-layout-flow\">\n<h3 class=\"wp-block-heading\">Je suis propri\u00e9taire de petites unit\u00e9s d\u2019habitation<\/h3>\n\n\n\n<p>Cela inclut les maisons unifamiliales, les maisons en rang\u00e9e, les maisons jumel\u00e9es et les petits immeubles multilogements (b\u00e2timents de la partie 9).<\/p>\n\n\n\n<ul class=\"wp-block-list\">\n<li><strong>Le programme de pr\u00eat Maisons Durables Ottawa&nbsp;<\/strong><\/li>\n\n\n\n<li><strong>SCHL Eco Plus<\/strong><\/li>\n\n\n\n<li><strong>Programme de remises r\u00e8novations maison<\/strong><\/li>\n<\/ul>\n\n\n\n<p>Vos locataires pourraient \u00eatre admissibles \u00e0 :<\/p>\n\n\n\n<ul class=\"wp-block-list\">\n<li><strong>Programme d\u2019abordabilit\u00e9 \u00e9nerg\u00e9tique \u00c9conomisez l\u2019\u00e9nergie<\/strong><\/li>\n\n\n\n<li><strong>Programme d\u2019aide aux impay\u00e9s d\u2019\u00e9nergie<\/strong><\/li>\n<\/ul>\n\n\n\n<p><\/p>\n<\/div>\n\n\n\n<hr class=\"wp-block-separator has-css-opacity is-style-bh-separator\"\/>\n\n\n\n<p><\/p>\n","protected":false},"excerpt":{"rendered":"<p>Les programmes gouvernementaux offrent un soutien financier pour vous aider \u00e0 [&hellip;]<\/p>\n","protected":false},"author":4,"featured_media":2841,"parent":0,"menu_order":0,"comment_status":"closed","ping_status":"closed","template":"","meta":{"_acf_changed":false,"inline_featured_image":false,"footnotes":""},"tags":[],"class_list":["post-1475","page","type-page","status-publish","has-post-thumbnail","hentry"],"acf":[],"_links":{"self":[{"href":"https:\/\/betterhomesottawa.ca\/fr\/wp-json\/wp\/v2\/pages\/1475","targetHints":{"allow":["GET"]}}],"collection":[{"href":"https:\/\/betterhomesottawa.ca\/fr\/wp-json\/wp\/v2\/pages"}],"about":[{"href":"https:\/\/betterhomesottawa.ca\/fr\/wp-json\/wp\/v2\/types\/page"}],"author":[{"embeddable":true,"href":"https:\/\/betterhomesottawa.ca\/fr\/wp-json\/wp\/v2\/users\/4"}],"replies":[{"embeddable":true,"href":"https:\/\/betterhomesottawa.ca\/fr\/wp-json\/wp\/v2\/comments?post=1475"}],"version-history":[{"count":10,"href":"https:\/\/betterhomesottawa.ca\/fr\/wp-json\/wp\/v2\/pages\/1475\/revisions"}],"predecessor-version":[{"id":2967,"href":"https:\/\/betterhomesottawa.ca\/fr\/wp-json\/wp\/v2\/pages\/1475\/revisions\/2967"}],"wp:featuredmedia":[{"embeddable":true,"href":"https:\/\/betterhomesottawa.ca\/fr\/wp-json\/wp\/v2\/media\/2841"}],"wp:attachment":[{"href":"https:\/\/betterhomesottawa.ca\/fr\/wp-json\/wp\/v2\/media?parent=1475"}],"wp:term":[{"taxonomy":"post_tag","embeddable":true,"href":"https:\/\/betterhomesottawa.ca\/fr\/wp-json\/wp\/v2\/tags?post=1475"}],"curies":[{"name":"wp","href":"https:\/\/api.w.org\/{rel}","templated":true}]}}