{"id":1485,"date":"2021-10-22T14:41:01","date_gmt":"2021-10-22T18:41:01","guid":{"rendered":"https:\/\/betterhomesottawa.ca\/la-vie-apres-les-travaux-de-modernisation\/"},"modified":"2023-02-02T18:28:14","modified_gmt":"2023-02-02T23:28:14","slug":"la-vie-apres-les-travaux-de-modernisation","status":"publish","type":"page","link":"https:\/\/betterhomesottawa.ca\/fr\/la-vie-apres-les-travaux-de-modernisation\/","title":{"rendered":"La vie apr\u00e8s les travaux de modernisation"},"content":{"rendered":"\n<h2 class=\"wp-block-heading\">Vous avez fait des travaux pour r\u00e9duire la consommation d\u2019\u00e9nergie de votre habitation et pour la rapprocher de la carboneutralit\u00e9. <\/h2>\n\n\n\n<h3 class=\"wp-block-heading\">La plan\u00e8te et votre portefeuille vous en sont reconnaissants. Le moment est aujourd\u2019hui venu de maximiser vos gains et de vous assurer que votre investissement vous permet de r\u00e9aliser des \u00e9conomies exceptionnelles. <\/h3>\n\n\n\n<div class=\"wp-block-columns is-layout-flex wp-container-core-columns-is-layout-1 wp-block-columns-is-layout-flex\">\n<div class=\"wp-block-column is-layout-flow wp-block-column-is-layout-flow\" style=\"flex-basis:40%\">\n<p><meta charset=\"utf-8\"><strong>Nous vous invitons \u00e0 consulter ces conseils afin de vous permettre de commencer \u00e0 r\u00e9aliser toutes les \u00e9conomies que vous pourrez. (Lien donnant acc\u00e8s \u00e0 la page des <a href=\"https:\/\/betterhomesottawa.ca\/fr\/conseils-deconomie-denergie\/\">conseils sur les \u00e9conomies d\u2019\u00e9nergie<\/a>)<\/strong> <\/p>\n<\/div>\n\n\n\n<div class=\"wp-block-column is-layout-flow wp-block-column-is-layout-flow\">\n<div class=\"wp-block-studiof-infocard has-background\" style=\"border-radius:15px;background-color:#f2f2f2\" data-add-mark=\"true\"><div class=\"content\"><div class=\"infocard_title\"><strong>Le saviez-vous?<\/strong><\/div><div class=\"infocard_text\">Un changement de comportement dans le logement que vous venez de moderniser peut vous aider \u00e0 r\u00e9duire parfois de 12 % la consommation d\u2019\u00e9nergie de votre m\u00e9nage.<\/div><\/div><\/div>\n<\/div>\n<\/div>\n\n\n\n<h2 class=\"wp-block-heading\">B\u00e2tir pour demain <\/h2>\n\n\n\n<p>Votre conseiller en \u00e9nergie vous a sans doute adress\u00e9 des recommandations \u00e0 appliquer petit \u00e0 petit, pour vous exposer les grandes lignes de ce que vous devrez faire dans 2, 5, ou m\u00eame 10 ans pour vous assurer que votre habitation est sur le point d\u2019\u00eatre carboneutre. N\u2019oubliez pas d\u2019inscrire \u00e0 votre agenda ou de coller sur votre frigo ces prochaines \u00e9tapes importantes, ainsi que les dates, dans votre parcours sur la voie de la carboneutralit\u00e9. <\/p>\n\n\n\n<h2 class=\"wp-block-heading\">Il est plus facile de planifier que de remplacer d\u2019urgence <\/h2>\n\n\n\n<p>Si vous savez qu\u2019il vous faudra remplacer dans trois ans votre fournaise \u00e0 combustible fossile, le moment est venu de commencer \u00e0 planifier l\u2019installation d\u2019un syst\u00e8me de chauffage carboneutre et tr\u00e8s \u00e9conome d\u2019\u00e9nergie, par exemple une thermopompe pour les climats froids. Vous pourrez compter sur de meilleures aubaines, un service rapide, des conseils exceptionnels et une bien meilleure tranquillit\u00e9 d\u2019esprit en planifiant longtemps d\u2019avance les grands travaux de remplacement de l\u2019\u00e9quipement. N\u2019oubliez pas qu\u2019il n\u2019y a pas <em>pire<\/em> moment, pour r\u00e9fl\u00e9chir \u00e0 de nouvelles technologies \u00e9conomes d\u2019\u00e9nergie que d\u2019attendre de geler dans votre habitation par temps froid en hiver quand votre fournaise tombe en panne. Si vous souhaitez vraiment \u00e9conomiser l\u2019\u00e9nergie et r\u00e9duire vos \u00e9missions polluantes, commencez \u00e0 planifier rapidement ces travaux et assurez-vous de les faire. <\/p>\n\n\n\n<p>Vous pouvez commencer aujourd\u2019hui m\u00eame. Consultez les recommandations de votre dossier sur ce qu\u2019il y a de mieux comme travaux de modernisation et mettez au point votre plan pour demain. <\/p>\n\n\n\n<h2 class=\"wp-block-heading\">R\u00e9pandez la bonne nouvelle <\/h2>\n\n\n\n<p>Avez-vous connu une exp\u00e9rience exceptionnelle dans vos travaux de modernisation? Il est beaucoup plus probable que vos voisins apportent eux aussi des changements dans leurs habitations en sachant que votre projet de modernisation a \u00e9t\u00e9 un succ\u00e8s. Pour conna\u00eetre un avenir vert, plus de 320 000 m\u00e9nages d\u2019Ottawa devront d\u00e9cider de moderniser leurs habitations. Pouvez-vous nous aider \u00e0 y arriver? Can you help us get there? <\/p>\n\n\n\n<hr class=\"wp-block-separator has-css-opacity is-style-bh-separator\"\/>\n","protected":false},"excerpt":{"rendered":"<p>Vous avez fait des travaux pour r\u00e9duire la consommation d\u2019\u00e9nergie de [&hellip;]<\/p>\n","protected":false},"author":4,"featured_media":1105,"parent":0,"menu_order":0,"comment_status":"closed","ping_status":"closed","template":"","meta":{"_acf_changed":false,"inline_featured_image":false,"footnotes":""},"tags":[],"class_list":["post-1485","page","type-page","status-publish","has-post-thumbnail","hentry"],"acf":[],"_links":{"self":[{"href":"https:\/\/betterhomesottawa.ca\/fr\/wp-json\/wp\/v2\/pages\/1485","targetHints":{"allow":["GET"]}}],"collection":[{"href":"https:\/\/betterhomesottawa.ca\/fr\/wp-json\/wp\/v2\/pages"}],"about":[{"href":"https:\/\/betterhomesottawa.ca\/fr\/wp-json\/wp\/v2\/types\/page"}],"author":[{"embeddable":true,"href":"https:\/\/betterhomesottawa.ca\/fr\/wp-json\/wp\/v2\/users\/4"}],"replies":[{"embeddable":true,"href":"https:\/\/betterhomesottawa.ca\/fr\/wp-json\/wp\/v2\/comments?post=1485"}],"version-history":[{"count":1,"href":"https:\/\/betterhomesottawa.ca\/fr\/wp-json\/wp\/v2\/pages\/1485\/revisions"}],"predecessor-version":[{"id":2252,"href":"https:\/\/betterhomesottawa.ca\/fr\/wp-json\/wp\/v2\/pages\/1485\/revisions\/2252"}],"wp:featuredmedia":[{"embeddable":true,"href":"https:\/\/betterhomesottawa.ca\/fr\/wp-json\/wp\/v2\/media\/1105"}],"wp:attachment":[{"href":"https:\/\/betterhomesottawa.ca\/fr\/wp-json\/wp\/v2\/media?parent=1485"}],"wp:term":[{"taxonomy":"post_tag","embeddable":true,"href":"https:\/\/betterhomesottawa.ca\/fr\/wp-json\/wp\/v2\/tags?post=1485"}],"curies":[{"name":"wp","href":"https:\/\/api.w.org\/{rel}","templated":true}]}}