{"id":1488,"date":"2021-10-22T14:55:14","date_gmt":"2021-10-22T18:55:14","guid":{"rendered":"https:\/\/betterhomesottawa.ca\/la-planification-de-vos-travaux-de-modernisation\/"},"modified":"2025-04-09T15:58:20","modified_gmt":"2025-04-09T19:58:20","slug":"la-planification-de-vos-travaux-de-modernisation","status":"publish","type":"page","link":"https:\/\/betterhomesottawa.ca\/fr\/la-planification-de-vos-travaux-de-modernisation\/","title":{"rendered":"La planification de vos travaux de modernisation"},"content":{"rendered":"\n<h2 class=\"wp-block-heading\">La planification est une \u00e9tape essentielle pour r\u00e9ussir la modernisation \u00e9nerg\u00e9tique de votre habitation. Vous devez choisir les bonnes mesures, les effectuer dans le bon ordre, et vous assurer qu\u2019elles soient correctement install\u00e9es.<\/h2>\n\n\n\n<p>Si la plupart de ces informations sont nouvelles pour le propri\u00e9taire moyen, elles ne le sont pas pour nous. Pour vous aider \u00e0 suivre les \u00e9tapes essentielles, nous avons pr\u00e9par\u00e9 un processus simple en cinq \u00e9tapes pour bien d\u00e9marrer.<\/p>\n\n\n\n<p>Appelez notre navigateur des travaux de modernisation au 1-877-580-2582 ou \u00e9crivez \u00e0 <a>betterhomes@envirocentre.ca<\/a> pour en savoir davantage sur les prochaines \u00e9tapes de la planification de votre projet.<\/p>\n\n\n\n<h2 class=\"wp-block-heading has-text-align-center has-seafoam-green-background-color has-background\">Planifier votre projet<\/h2>\n\n\n\n<h3 class=\"wp-block-heading\">1. Faites \u00e9valuer la consommation d\u2019\u00e9nergie de votre habitation <\/h3>\n\n\n\n<p>L\u2019\u00e9valuation \u00e9nerg\u00e9tique de votre habitation est la premi\u00e8re \u00e9tape de tout projet de modernisation. Elle indique quelles am\u00e9liorations permettront d\u2019\u00e9conomiser de l\u2019\u00e9nergie et de rendre votre maison plus confortable. Cette \u00e9valuation est r\u00e9alis\u00e9e par un conseiller en efficacit\u00e9 \u00e9nerg\u00e9tique agr\u00e9\u00e9. Suite \u00e0 cette \u00e9valuation, vous recevrez un rapport d\u00e9taill\u00e9 sur la consommation \u00e9nerg\u00e9tique de votre habitation.<\/p>\n\n\n\n<p>Les co\u00fbts des \u00e9valuations \u00e9nerg\u00e9tiques sont subventionn\u00e9s lorsque vous participez \u00e0 des programmes d&rsquo;incitation, comme le programme <a href=\"https:\/\/www.homerenovationsavings.ca\/\" target=\"_blank\" rel=\"noreferrer noopener\">\u00c9conomies sur les r\u00e9novations<\/a>.<\/p>\n\n\n\n<h3 class=\"wp-block-heading\">2. Choisissez votre parcours <\/h3>\n\n\n\n<p>Votre conseiller en efficacit\u00e9 \u00e9nerg\u00e9tique vous remettra un rapport qui comprendra des reVotre conseiller en efficacit\u00e9 \u00e9nerg\u00e9tique vous remettra un rapport contenant des recommandations pour am\u00e9liorer votre maison. Les participants au Programme de pr\u00eats pour la mise en valeur des habitations peuvent demander un rapport additionnel intitul\u00e9 \u00ab Rapport de recommandations sur la carboneutralit\u00e9 \u00bb. Ce rapport pr\u00e9sente des options Satisfaisantes, Meilleures et Optimales, ainsi que les am\u00e9liorations recommand\u00e9es et l&rsquo;ordre dans lequel elles devraient \u00eatre r\u00e9alis\u00e9es.<\/p>\n\n\n\n<p>\u00c0 cette \u00e9tape, vous devez prendre en compte :<\/p>\n\n\n\n<ul class=\"wp-block-list\">\n<li>les programmes d\u2019incitation auxquels vous \u00eates admissible ;<\/li>\n\n\n\n<li>votre budget ;<\/li>\n\n\n\n<li>comment assurer la bonne ex\u00e9cution des travaux.<\/li>\n<\/ul>\n\n\n\n<p>Planifier une r\u00e9novation \u00e9nerg\u00e9tique efficace peut \u00eatre complexe ! <a href=\"https:\/\/betterhomesottawa.ca\/fr\/contactez-nous\/\">Contactez-nous<\/a> pour savoir comment nous pouvons vous accompagner.<\/p>\n\n\n\n<h3 class=\"wp-block-heading\">3. Ex\u00e9cutez votre plan <\/h3>\n\n\n\n<p>ous avez une id\u00e9e claire de ce que vous souhaitez r\u00e9aliser et de ce que comporte votre projet. Vous devez maintenant le concr\u00e9tiser en suivant ces quatre \u00e9tapes principales :<\/p>\n\n\n\n<ul class=\"wp-block-list\">\n<li>choisir et r\u00e9server des entrepreneurs ;<\/li>\n\n\n\n<li>faire les demandes pour des incitations et\/ou du financement ;<\/li>\n\n\n\n<li>acheter les bons \u00e9quipements et mat\u00e9riaux ;<\/li>\n\n\n\n<li>contr\u00f4ler la qualit\u00e9 \u00e0 chaque \u00e9tape pour vous assurer que votre projet se d\u00e9roule correctement.<\/li>\n<\/ul>\n\n\n\n<h3 class=\"wp-block-heading\">4. La postv\u00e9rification <\/h3>\n\n\n\n<p>Votre projet de modernisation est termin\u00e9. La derni\u00e8re \u00e9tape consiste \u00e0 r\u00e9aliser l\u2019\u00e9valuation \u00e9nerg\u00e9tique post-travaux pour mesurer l\u2019efficacit\u00e9 des am\u00e9liorations apport\u00e9es \u00e0 votre habitation. Cette post-\u00e9valuation est requise pour la majorit\u00e9 des programmes d&rsquo;incitation, incluant le Programme de pr\u00eats pour la mise en valeur des habitations. Contactez simplement l\u2019entreprise qui a effectu\u00e9 votre \u00e9valuation initiale pour r\u00e9server votre v\u00e9rification de suivi.<\/p>\n\n\n\n<h3 class=\"wp-block-heading\">5. La vie apr\u00e8s les travaux de modernisation <\/h3>\n\n\n\n<p>Vous avez modernis\u00e9 votre habitation. F\u00e9licitations ! Il ne vous reste plus qu&rsquo;\u00e0 tirer pleinement parti des am\u00e9liorations r\u00e9alis\u00e9es et \u00e0 continuer de planifier les prochaines \u00e9tapes qui pourraient vous rapprocher davantage de votre objectif de carboneutralit\u00e9. Nous avons pr\u00e9par\u00e9 <a href=\"https:\/\/betterhomesottawa.ca\/fr\/la-vie-apres-les-travaux-de-modernisation\/\">quelques conseils <\/a>pour vous aider \u00e0 y parvenir.<\/p>\n\n\n\n<h2 class=\"wp-block-heading has-text-align-center mt5\">Ce qu\u2019il faut savoir ensuite<\/h2>\n\n\n\n<div class=\"wp-block-buttons is-horizontal is-content-justification-center is-layout-flex wp-container-core-buttons-is-layout-1 wp-block-buttons-is-layout-flex\">\n<div class=\"wp-block-button\"><a class=\"wp-block-button__link wp-element-button\" href=\"https:\/\/betterhomesottawa.ca\/fr\/nrcan-energy-audit\/\">\u00c9valuation \u00e9nerg\u00e9tique&nbsp;<\/a><\/div>\n<\/div>\n\n\n\n<hr class=\"wp-block-separator has-css-opacity is-style-bh-separator\"\/>\n","protected":false},"excerpt":{"rendered":"<p>La planification est une \u00e9tape essentielle pour r\u00e9ussir la modernisation \u00e9nerg\u00e9tique [&hellip;]<\/p>\n","protected":false},"author":4,"featured_media":1091,"parent":0,"menu_order":0,"comment_status":"closed","ping_status":"closed","template":"","meta":{"_acf_changed":false,"inline_featured_image":false,"footnotes":""},"tags":[],"class_list":["post-1488","page","type-page","status-publish","has-post-thumbnail","hentry"],"acf":[],"_links":{"self":[{"href":"https:\/\/betterhomesottawa.ca\/fr\/wp-json\/wp\/v2\/pages\/1488","targetHints":{"allow":["GET"]}}],"collection":[{"href":"https:\/\/betterhomesottawa.ca\/fr\/wp-json\/wp\/v2\/pages"}],"about":[{"href":"https:\/\/betterhomesottawa.ca\/fr\/wp-json\/wp\/v2\/types\/page"}],"author":[{"embeddable":true,"href":"https:\/\/betterhomesottawa.ca\/fr\/wp-json\/wp\/v2\/users\/4"}],"replies":[{"embeddable":true,"href":"https:\/\/betterhomesottawa.ca\/fr\/wp-json\/wp\/v2\/comments?post=1488"}],"version-history":[{"count":6,"href":"https:\/\/betterhomesottawa.ca\/fr\/wp-json\/wp\/v2\/pages\/1488\/revisions"}],"predecessor-version":[{"id":2797,"href":"https:\/\/betterhomesottawa.ca\/fr\/wp-json\/wp\/v2\/pages\/1488\/revisions\/2797"}],"wp:featuredmedia":[{"embeddable":true,"href":"https:\/\/betterhomesottawa.ca\/fr\/wp-json\/wp\/v2\/media\/1091"}],"wp:attachment":[{"href":"https:\/\/betterhomesottawa.ca\/fr\/wp-json\/wp\/v2\/media?parent=1488"}],"wp:term":[{"taxonomy":"post_tag","embeddable":true,"href":"https:\/\/betterhomesottawa.ca\/fr\/wp-json\/wp\/v2\/tags?post=1488"}],"curies":[{"name":"wp","href":"https:\/\/api.w.org\/{rel}","templated":true}]}}