{"id":1554,"date":"2021-11-01T08:56:42","date_gmt":"2021-11-01T12:56:42","guid":{"rendered":"https:\/\/betterhomesottawa.ca\/evaluations-residentielles-modernisations-et-renovations-energetiques\/"},"modified":"2021-11-11T13:57:47","modified_gmt":"2021-11-11T18:57:47","slug":"evaluations-residentielles-modernisations-et-renovations-energetiques","status":"publish","type":"page","link":"https:\/\/betterhomesottawa.ca\/fr\/evaluations-residentielles-modernisations-et-renovations-energetiques\/","title":{"rendered":"\u00c9valuations r\u00e9sidentielles, modernisations, et r\u00e9novations \u00e9nerg\u00e9tiques."},"content":{"rendered":"\n<div class=\"wp-block-columns are-vertically-aligned-center is-layout-flex wp-container-core-columns-is-layout-1 wp-block-columns-is-layout-flex\">\n<div class=\"wp-block-column is-vertically-aligned-center is-layout-flow wp-block-column-is-layout-flow\" style=\"flex-basis:33.33%\">\n<figure class=\"wp-block-image size-large\"><a href=\"https:\/\/betterhomesottawa.ca\/fr\/pour-verdir-votre-maison-en-cinq-etapes\/\"><img loading=\"lazy\" decoding=\"async\" width=\"1024\" height=\"576\" src=\"https:\/\/betterhomesottawa.ca\/wp-content\/uploads\/2021\/10\/iStock-1026931246-edited-1024x576.jpg\" alt=\"Hand holding wooden house on green leaves background with copy space. Home ecology concept.\" class=\"wp-image-701\" srcset=\"https:\/\/betterhomesottawa.ca\/wp-content\/uploads\/2021\/10\/iStock-1026931246-edited-1024x576.jpg 1024w, https:\/\/betterhomesottawa.ca\/wp-content\/uploads\/2021\/10\/iStock-1026931246-edited-300x169.jpg 300w, https:\/\/betterhomesottawa.ca\/wp-content\/uploads\/2021\/10\/iStock-1026931246-edited-768x432.jpg 768w, https:\/\/betterhomesottawa.ca\/wp-content\/uploads\/2021\/10\/iStock-1026931246-edited-1536x864.jpg 1536w, https:\/\/betterhomesottawa.ca\/wp-content\/uploads\/2021\/10\/iStock-1026931246-edited-2048x1152.jpg 2048w\" sizes=\"auto, (max-width: 1024px) 100vw, 1024px\" \/><\/a><\/figure>\n<\/div>\n\n\n\n<div class=\"wp-block-column is-vertically-aligned-center is-layout-flow wp-block-column-is-layout-flow\" style=\"flex-basis:66.66%\">\n<h2 class=\"wp-block-heading\">Cinq \u00e9tapes pour verdir votre habitation.<\/h2>\n\n\n\n<p>La strat\u00e9gie est importante quand il s\u2019agit de bien moderniser votre chez-soi. Il faut adopter la bonne approche et faire les travaux dans l\u2019ordre pour \u00e9conomiser temps, argent et \u00e9nergie.Voici les cinq \u00e9tapes \u00e0 franchir. Rien de plus simple!<\/p>\n\n\n\n<div class=\"wp-block-buttons is-layout-flex wp-block-buttons-is-layout-flex\">\n<div class=\"wp-block-button\"><a class=\"wp-block-button__link\" href=\"https:\/\/betterhomesottawa.ca\/fr\/pour-verdir-votre-maison-en-cinq-etapes\/\">Des maisons plus vertes<\/a><\/div>\n<\/div>\n<\/div>\n<\/div>\n\n<div class=\"wp-block-columns are-vertically-aligned-center is-layout-flex wp-container-core-columns-is-layout-2 wp-block-columns-is-layout-flex\">\n<div class=\"wp-block-column is-vertically-aligned-center is-layout-flow wp-block-column-is-layout-flow\" style=\"flex-basis:33.33%\">\n<figure class=\"wp-block-image size-large\"><a href=\"https:\/\/betterhomesottawa.ca\/fr\/nrcan-energy-audit\/\"><img loading=\"lazy\" decoding=\"async\" width=\"1024\" height=\"576\" src=\"https:\/\/betterhomesottawa.ca\/wp-content\/uploads\/2021\/10\/iStock-155152851-edited-1024x576.jpg\" alt=\"A blower door installed for a residential home energy audit. The blower creates negative air pressure inside the home, the yellow thermal imaging gun will be used to detect drafts and cold spots within the home&#x2019;s insulation. Energy audits are performed to determine how efficient the house is and to suggest steps to increase energy efficiency. This particular audit is being performed in the winter with gray skies and some snow visible outdoors\" class=\"wp-image-982\" srcset=\"https:\/\/betterhomesottawa.ca\/wp-content\/uploads\/2021\/10\/iStock-155152851-edited-1024x576.jpg 1024w, https:\/\/betterhomesottawa.ca\/wp-content\/uploads\/2021\/10\/iStock-155152851-edited-300x169.jpg 300w, https:\/\/betterhomesottawa.ca\/wp-content\/uploads\/2021\/10\/iStock-155152851-edited-768x432.jpg 768w, https:\/\/betterhomesottawa.ca\/wp-content\/uploads\/2021\/10\/iStock-155152851-edited-1536x864.jpg 1536w, https:\/\/betterhomesottawa.ca\/wp-content\/uploads\/2021\/10\/iStock-155152851-edited-2048x1153.jpg 2048w\" sizes=\"auto, (max-width: 1024px) 100vw, 1024px\" \/><\/a><\/figure>\n<\/div>\n\n\n\n<div class=\"wp-block-column is-vertically-aligned-center is-layout-flow wp-block-column-is-layout-flow\" style=\"flex-basis:66.66%\">\n<h2 class=\"wp-block-heading\">\u00c9valuation \u00c9nerg\u00e9tique De Base<\/h2>\n\n\n\n<p>L\u2019\u00e9valuation \u00c9nerGuide de l\u2019efficacit\u00e9 \u00e9nerg\u00e9tique de votre maison est un excellent moyen de conna\u00eetre le rendement \u00e9nerg\u00e9tique actuel de votre habitation et de prendre en connaissance de cause les d\u00e9cisions sur les meilleurs moyens de l\u2019am\u00e9liorer. <\/p>\n\n\n\n<div class=\"wp-block-buttons is-layout-flex wp-block-buttons-is-layout-flex\">\n<div class=\"wp-block-button\"><a class=\"wp-block-button__link\" href=\"https:\/\/betterhomesottawa.ca\/fr\/nrcan-energy-audit\/\">En savoir plus<\/a><\/div>\n<\/div>\n<\/div>\n<\/div>\n\n<div class=\"wp-block-columns are-vertically-aligned-center is-layout-flex wp-container-core-columns-is-layout-3 wp-block-columns-is-layout-flex\">\n<div class=\"wp-block-column is-vertically-aligned-center is-layout-flow wp-block-column-is-layout-flow\" style=\"flex-basis:33.33%\">\n<figure class=\"wp-block-image size-large\"><a href=\"http:\/\/Explore the opportunities and technologies to improve the energy-efficiency of your home.\"><img loading=\"lazy\" decoding=\"async\" width=\"1024\" height=\"640\" src=\"https:\/\/betterhomesottawa.ca\/wp-content\/uploads\/2021\/10\/Planning-Your-Renovation-1024x640.png\" alt=\"\" class=\"wp-image-1091\" srcset=\"https:\/\/betterhomesottawa.ca\/wp-content\/uploads\/2021\/10\/Planning-Your-Renovation-1024x640.png 1024w, https:\/\/betterhomesottawa.ca\/wp-content\/uploads\/2021\/10\/Planning-Your-Renovation-300x188.png 300w, https:\/\/betterhomesottawa.ca\/wp-content\/uploads\/2021\/10\/Planning-Your-Renovation-768x480.png 768w, https:\/\/betterhomesottawa.ca\/wp-content\/uploads\/2021\/10\/Planning-Your-Renovation-1536x960.png 1536w, https:\/\/betterhomesottawa.ca\/wp-content\/uploads\/2021\/10\/Planning-Your-Renovation-2048x1280.png 2048w\" sizes=\"auto, (max-width: 1024px) 100vw, 1024px\" \/><\/a><\/figure>\n<\/div>\n\n\n\n<div class=\"wp-block-column is-vertically-aligned-center is-layout-flow wp-block-column-is-layout-flow\" style=\"flex-basis:66.66%\">\n<h2 class=\"wp-block-heading\">La planification de vos travaux de modernisation<\/h2>\n\n\n\n<p>La planification est absolument essentielle pour s\u2019assurer que votre projet de modernisation \u00e9nerg\u00e9tique vous donnera les meilleurs r\u00e9sultats. Planifier un projet efficace de modernisation \u00e9nerg\u00e9tique de votre habitation peut para\u00eetre d\u00e9routant si vous ne connaissez pas le processus, les technologies et les approches \u00e0 utiliser. Pour vous aider \u00e0 conna\u00eetre les grandes \u00e9tapes \u00e0 franchir, nous avons mis au point un processus \u00e9l\u00e9mentaire en cinq \u00e9tapes pour vous aider \u00e0 lancer la planification de votre projet. <\/p>\n\n\n\n<div class=\"wp-block-buttons is-layout-flex wp-block-buttons-is-layout-flex\">\n<div class=\"wp-block-button\"><a class=\"wp-block-button__link\" href=\"https:\/\/betterhomesottawa.ca\/fr\/la-planification-de-vos-travaux-de-modernisation\/\">Commencer \u00e0 planifier<\/a><\/div>\n<\/div>\n<\/div>\n<\/div>\n\n<div class=\"wp-block-columns are-vertically-aligned-center is-layout-flex wp-container-core-columns-is-layout-4 wp-block-columns-is-layout-flex\">\n<div class=\"wp-block-column is-vertically-aligned-center is-layout-flow wp-block-column-is-layout-flow\" style=\"flex-basis:33.33%\">\n<figure class=\"wp-block-image size-large\"><a href=\"https:\/\/betterhomesottawa.ca\/fr\/le-choix-dun-entrepreneur\/\"><img loading=\"lazy\" decoding=\"async\" width=\"1024\" height=\"683\" src=\"https:\/\/betterhomesottawa.ca\/wp-content\/uploads\/2021\/10\/iStock-1254031981-2-1024x683.jpg\" alt=\"Metal tape measure funny concept. House renovation. Home repair and redecorated concept. Yellow house shaped figure on pink background.\" class=\"wp-image-1101\" srcset=\"https:\/\/betterhomesottawa.ca\/wp-content\/uploads\/2021\/10\/iStock-1254031981-2-1024x683.jpg 1024w, https:\/\/betterhomesottawa.ca\/wp-content\/uploads\/2021\/10\/iStock-1254031981-2-300x200.jpg 300w, https:\/\/betterhomesottawa.ca\/wp-content\/uploads\/2021\/10\/iStock-1254031981-2-768x512.jpg 768w, https:\/\/betterhomesottawa.ca\/wp-content\/uploads\/2021\/10\/iStock-1254031981-2-1536x1024.jpg 1536w, https:\/\/betterhomesottawa.ca\/wp-content\/uploads\/2021\/10\/iStock-1254031981-2-2048x1365.jpg 2048w\" sizes=\"auto, (max-width: 1024px) 100vw, 1024px\" \/><\/a><\/figure>\n<\/div>\n\n\n\n<div class=\"wp-block-column is-vertically-aligned-center is-layout-flow wp-block-column-is-layout-flow\" style=\"flex-basis:66.66%\">\n<h2 class=\"wp-block-heading\">Le choix d\u2019un entrepreneur<\/h2>\n\n\n\n<p>Vous devez vous assurer que l\u2019entrepreneur que vous choisissez conna\u00eet votre projet et les technologies, ainsi que l\u2019approche de la \u00ab maison comme syst\u00e8me \u00bb pour mener \u00e0 bien votre projet de modernisation \u00e9nerg\u00e9tique. <\/p>\n\n\n\n<div class=\"wp-block-buttons is-layout-flex wp-block-buttons-is-layout-flex\">\n<div class=\"wp-block-button\"><a class=\"wp-block-button__link\" href=\"https:\/\/betterhomesottawa.ca\/fr\/le-choix-dun-entrepreneur\/\">Commencer<\/a><\/div>\n<\/div>\n<\/div>\n<\/div>\n\n<div class=\"wp-block-columns are-vertically-aligned-center is-layout-flex wp-container-core-columns-is-layout-5 wp-block-columns-is-layout-flex\">\n<div class=\"wp-block-column is-vertically-aligned-center is-layout-flow wp-block-column-is-layout-flow\" style=\"flex-basis:33.33%\">\n<figure class=\"wp-block-image size-large\"><a href=\"https:\/\/betterhomesottawa.ca\/fr\/la-vie-apres-les-travaux-de-modernisation\/\"><img loading=\"lazy\" decoding=\"async\" width=\"1024\" height=\"683\" src=\"https:\/\/betterhomesottawa.ca\/wp-content\/uploads\/2021\/10\/iStock-1226875426-1-1024x683.jpg\" alt=\"\" class=\"wp-image-1108\" srcset=\"https:\/\/betterhomesottawa.ca\/wp-content\/uploads\/2021\/10\/iStock-1226875426-1-1024x683.jpg 1024w, https:\/\/betterhomesottawa.ca\/wp-content\/uploads\/2021\/10\/iStock-1226875426-1-300x200.jpg 300w, https:\/\/betterhomesottawa.ca\/wp-content\/uploads\/2021\/10\/iStock-1226875426-1-768x512.jpg 768w, https:\/\/betterhomesottawa.ca\/wp-content\/uploads\/2021\/10\/iStock-1226875426-1-1536x1024.jpg 1536w, https:\/\/betterhomesottawa.ca\/wp-content\/uploads\/2021\/10\/iStock-1226875426-1-2048x1365.jpg 2048w\" sizes=\"auto, (max-width: 1024px) 100vw, 1024px\" \/><\/a><\/figure>\n<\/div>\n\n\n\n<div class=\"wp-block-column is-vertically-aligned-center is-layout-flow wp-block-column-is-layout-flow\" style=\"flex-basis:66.66%\">\n<h2 class=\"wp-block-heading\">La vie apr\u00e8s les travaux de modernisation<\/h2>\n\n\n\n<p>Vous avez fait des travaux pour r\u00e9duire la consommation d\u2019\u00e9nergie de votre habitation et pour la rapprocher de la carboneutralit\u00e9. La plan\u00e8te et votre portefeuille vous en sont reconnaissants. Le moment est aujourd\u2019hui venu de maximiser vos gains et de vous assurer que votre investissement vous permet de r\u00e9aliser des \u00e9conomies exceptionnelles.<\/p>\n\n\n\n<div class=\"wp-block-buttons is-layout-flex wp-block-buttons-is-layout-flex\">\n<div class=\"wp-block-button\"><a class=\"wp-block-button__link\" href=\"https:\/\/betterhomesottawa.ca\/fr\/la-vie-apres-les-travaux-de-modernisation\/\">D\u00e9couvrir<\/a><\/div>\n<\/div>\n<\/div>\n<\/div>\n\n<div class=\"wp-block-columns are-vertically-aligned-center is-layout-flex wp-container-core-columns-is-layout-6 wp-block-columns-is-layout-flex\">\n<div class=\"wp-block-column is-vertically-aligned-center is-layout-flow wp-block-column-is-layout-flow\" style=\"flex-basis:33.33%\">\n<figure class=\"wp-block-image size-large\"><a href=\"http:\/\/Explore the opportunities and technologies to improve the energy-efficiency of your home.\"><img loading=\"lazy\" decoding=\"async\" width=\"2560\" height=\"1442\" src=\"https:\/\/betterhomesottawa.ca\/wp-content\/uploads\/2021\/09\/iStock-495151189-edited-scaled.jpg\" alt=\"Solar panels on a roof.\" class=\"wp-image-589\" srcset=\"https:\/\/betterhomesottawa.ca\/wp-content\/uploads\/2021\/09\/iStock-495151189-edited-scaled.jpg 2560w, https:\/\/betterhomesottawa.ca\/wp-content\/uploads\/2021\/09\/iStock-495151189-edited-300x169.jpg 300w, https:\/\/betterhomesottawa.ca\/wp-content\/uploads\/2021\/09\/iStock-495151189-edited-1024x577.jpg 1024w, https:\/\/betterhomesottawa.ca\/wp-content\/uploads\/2021\/09\/iStock-495151189-edited-768x433.jpg 768w, https:\/\/betterhomesottawa.ca\/wp-content\/uploads\/2021\/09\/iStock-495151189-edited-1536x865.jpg 1536w, https:\/\/betterhomesottawa.ca\/wp-content\/uploads\/2021\/09\/iStock-495151189-edited-2048x1154.jpg 2048w\" sizes=\"auto, (max-width: 2560px) 100vw, 2560px\" \/><\/a><\/figure>\n<\/div>\n\n\n\n<div class=\"wp-block-column is-vertically-aligned-center is-layout-flow wp-block-column-is-layout-flow\" style=\"flex-basis:66.66%\">\n<h2 class=\"wp-block-heading\">Directory of Upgrades<\/h2>\n\n\n\n<p>Explore the opportunities and technologies to improve the energy-efficiency of your home. This directory covers heating and cooling, building envelope, renewable and smart technologies, and more. <\/p>\n\n\n\n<div class=\"wp-block-buttons is-layout-flex wp-block-buttons-is-layout-flex\">\n<div class=\"wp-block-button\"><a class=\"wp-block-button__link\" href=\"https:\/\/betterhomesottawa.ca\/fr\/evaluations-residentielles-modernisations-et-renovations-energetiques\/repertoire-des-modernisations\/\">En savoir plus<\/a><\/div>\n<\/div>\n<\/div>\n<\/div>\n\n<hr class=\"wp-block-separator is-style-bh-separator\"\/>\n","protected":false},"excerpt":{"rendered":"<p>Cinq \u00e9tapes pour verdir votre habitation. La strat\u00e9gie est importante quand [&hellip;]<\/p>\n","protected":false},"author":3,"featured_media":0,"parent":0,"menu_order":0,"comment_status":"closed","ping_status":"closed","template":"","meta":{"_acf_changed":false,"inline_featured_image":false,"footnotes":""},"tags":[29],"class_list":["post-1554","page","type-page","status-publish","hentry","tag-renovations-et-modernisations"],"acf":[],"_links":{"self":[{"href":"https:\/\/betterhomesottawa.ca\/fr\/wp-json\/wp\/v2\/pages\/1554","targetHints":{"allow":["GET"]}}],"collection":[{"href":"https:\/\/betterhomesottawa.ca\/fr\/wp-json\/wp\/v2\/pages"}],"about":[{"href":"https:\/\/betterhomesottawa.ca\/fr\/wp-json\/wp\/v2\/types\/page"}],"author":[{"embeddable":true,"href":"https:\/\/betterhomesottawa.ca\/fr\/wp-json\/wp\/v2\/users\/3"}],"replies":[{"embeddable":true,"href":"https:\/\/betterhomesottawa.ca\/fr\/wp-json\/wp\/v2\/comments?post=1554"}],"version-history":[{"count":0,"href":"https:\/\/betterhomesottawa.ca\/fr\/wp-json\/wp\/v2\/pages\/1554\/revisions"}],"wp:attachment":[{"href":"https:\/\/betterhomesottawa.ca\/fr\/wp-json\/wp\/v2\/media?parent=1554"}],"wp:term":[{"taxonomy":"post_tag","embeddable":true,"href":"https:\/\/betterhomesottawa.ca\/fr\/wp-json\/wp\/v2\/tags?post=1554"}],"curies":[{"name":"wp","href":"https:\/\/api.w.org\/{rel}","templated":true}]}}