{"id":1587,"date":"2021-11-03T09:45:59","date_gmt":"2021-11-03T13:45:59","guid":{"rendered":"https:\/\/betterhomesottawa.ca\/savings-estimator\/"},"modified":"2023-02-02T15:59:11","modified_gmt":"2023-02-02T20:59:11","slug":"estimateur","status":"publish","type":"page","link":"https:\/\/betterhomesottawa.ca\/fr\/estimateur\/","title":{"rendered":"Estimateur des \u00e9conomies"},"content":{"rendered":"\n<div class=\"wp-block-group alignfull features white is-layout-flow wp-block-group-is-layout-flow\">\n<div class=\"wp-block-columns are-vertically-aligned-top is-layout-flex wp-container-core-columns-is-layout-1 wp-block-columns-is-layout-flex\">\n<div class=\"wp-block-column is-vertically-aligned-top is-layout-flow wp-block-column-is-layout-flow\">\n<i class=\"icon-renovations has-sky-color\"><\/i>\n\n\n\n<h3 class=\"wp-block-heading\">\u00c9valuations r\u00e9sidentielles, modernisations, et r\u00e9novations \u00e9nerg\u00e9tiques.<\/h3>\n\n\n\n<p><meta charset=\"utf-8\">Tout ce que vous devez savoir pour commencer sur votre parcours de r\u00e9novations \u00e9nerg\u00e9tiques. <\/p>\n\n\n\n<div class=\"wp-block-buttons is-layout-flex wp-block-buttons-is-layout-flex\">\n<div class=\"wp-block-button\"><a class=\"wp-block-button__link wp-element-button\" href=\"https:\/\/betterhomesottawa.ca\/fr\/evaluations-residentielles-modernisations-et-renovations-energetiques\/\">Lien<\/a><\/div>\n<\/div>\n<\/div>\n\n\n\n<div class=\"wp-block-column is-vertically-aligned-top is-layout-flow wp-block-column-is-layout-flow\">\n<i class=\"icon-netzero has-green-sap-color\"><\/i>\n\n\n\n<h3 class=\"wp-block-heading\"><meta charset=\"utf-8\">R\u00e9novations \u00e9nerg\u00e9tiques profondes.<\/h3>\n\n\n\n<p><meta charset=\"utf-8\">Par 2050, toutes les maisons \u00e0 Ottawa devront avoir une consommation nette presque nulle. Voici comment pr\u00e9parer votre maison.<\/p>\n\n\n\n<div class=\"wp-block-buttons is-layout-flex wp-block-buttons-is-layout-flex\">\n<div class=\"wp-block-button\"><a class=\"wp-block-button__link wp-element-button\" href=\"https:\/\/betterhomesottawa.ca\/fr\/les-grands-projets-de-modernisation\/\">Lien<\/a><\/div>\n<\/div>\n<\/div>\n\n\n\n<div class=\"wp-block-column is-vertically-aligned-top is-layout-flow wp-block-column-is-layout-flow\">\n<i class=\"icon-financing has-ocean-color\"><\/i>\n\n\n\n<h3 class=\"wp-block-heading\">Rabais, incitatifs, et financement.<\/h3>\n\n\n\n<p>Il y a quelque chose pour tout le monde, propri\u00e9taires et locataires &#8211; rabais, incitatifs, subventions et financement \u00e0 faible int\u00e9r\u00eat pour rendre votre maison plus \u00e9conome d&rsquo;\u00e9nergie.<\/p>\n\n\n\n<div class=\"wp-block-buttons is-layout-flex wp-block-buttons-is-layout-flex\">\n<div class=\"wp-block-button\"><a class=\"wp-block-button__link wp-element-button\" href=\"https:\/\/betterhomesottawa.ca\/rebates-incentives-financing\/\">Lien<\/a><\/div>\n<\/div>\n<\/div>\n<\/div>\n\n\n\n<div class=\"wp-block-columns are-vertically-aligned-top mb0 is-layout-flex wp-container-core-columns-is-layout-2 wp-block-columns-is-layout-flex\">\n<div class=\"wp-block-column is-vertically-aligned-top is-layout-flow wp-block-column-is-layout-flow\">\n<i class=\"icon-tools has-green-sap-color\"><\/i>\n\n\n\n<h3 class=\"wp-block-heading\">Outils et ressources<\/h3>\n\n\n\n<p>Par 2050, toutes les maisons \u00e0 Ottawa devront avoir une consommation nette presque nulle. Voici comment pr\u00e9parer votre maison.<\/p>\n\n\n\n<div class=\"wp-block-buttons is-layout-flex wp-block-buttons-is-layout-flex\">\n<div class=\"wp-block-button\"><a class=\"wp-block-button__link wp-element-button\" href=\"https:\/\/betterhomesottawa.ca\/fr\/outils-et-ressources\/\">Lien<\/a><\/div>\n<\/div>\n<\/div>\n\n\n\n<div class=\"wp-block-column is-vertically-aligned-top is-layout-flow wp-block-column-is-layout-flow\">\n<i class=\"icon-paperplane has-sky-color\"><\/i>\n\n\n\n<h3 class=\"wp-block-heading\">Services Maisons Durables Ottawa<\/h3>\n\n\n\n<p>Apprenez quels services sont disponibles pour vous aider \u00e0 rendre votre r\u00e9novation \u00e9nerg\u00e9tique un succ\u00e8s, tels que notre infoligne et nos conseiller d&rsquo;\u00e9nergie. <\/p>\n\n\n\n<div class=\"wp-block-buttons is-layout-flex wp-block-buttons-is-layout-flex\">\n<div class=\"wp-block-button\"><a class=\"wp-block-button__link wp-element-button\" href=\"https:\/\/betterhomesottawa.ca\/fr\/maisons-durables-ottawa-services\/\">Lien<\/a><\/div>\n<\/div>\n<\/div>\n\n\n\n<div class=\"wp-block-column is-vertically-aligned-top is-layout-flow wp-block-column-is-layout-flow\">\n<i class=\"icon-parliament has-ocean-color\"><\/i>\n\n\n\n<h3 class=\"wp-block-heading\">L&rsquo;avenir d&rsquo;Ottawa<\/h3>\n\n\n\n<p>Un aper\u00e7u de l&rsquo;avenir vers lequel nous nous dirigeons : une ville r\u00e9siliente, carboneutre et prosp\u00e8re gr\u00e2ce \u00e0 l&rsquo;\u00e9conomie verte. <\/p>\n\n\n\n<div class=\"wp-block-buttons is-layout-flex wp-block-buttons-is-layout-flex\">\n<div class=\"wp-block-button\"><a class=\"wp-block-button__link wp-element-button\" href=\"https:\/\/betterhomesottawa.ca\/future-ottawa\/\">Lien<\/a><\/div>\n<\/div>\n<\/div>\n<\/div>\n<\/div>\n","protected":false},"excerpt":{"rendered":"<p>\u00c9valuations r\u00e9sidentielles, modernisations, et r\u00e9novations \u00e9nerg\u00e9tiques. Tout ce que vous devez [&hellip;]<\/p>\n","protected":false},"author":3,"featured_media":0,"parent":0,"menu_order":0,"comment_status":"closed","ping_status":"closed","template":"","meta":{"_acf_changed":false,"inline_featured_image":false,"footnotes":""},"tags":[],"class_list":["post-1587","page","type-page","status-publish","hentry"],"acf":[],"_links":{"self":[{"href":"https:\/\/betterhomesottawa.ca\/fr\/wp-json\/wp\/v2\/pages\/1587","targetHints":{"allow":["GET"]}}],"collection":[{"href":"https:\/\/betterhomesottawa.ca\/fr\/wp-json\/wp\/v2\/pages"}],"about":[{"href":"https:\/\/betterhomesottawa.ca\/fr\/wp-json\/wp\/v2\/types\/page"}],"author":[{"embeddable":true,"href":"https:\/\/betterhomesottawa.ca\/fr\/wp-json\/wp\/v2\/users\/3"}],"replies":[{"embeddable":true,"href":"https:\/\/betterhomesottawa.ca\/fr\/wp-json\/wp\/v2\/comments?post=1587"}],"version-history":[{"count":2,"href":"https:\/\/betterhomesottawa.ca\/fr\/wp-json\/wp\/v2\/pages\/1587\/revisions"}],"predecessor-version":[{"id":2194,"href":"https:\/\/betterhomesottawa.ca\/fr\/wp-json\/wp\/v2\/pages\/1587\/revisions\/2194"}],"wp:attachment":[{"href":"https:\/\/betterhomesottawa.ca\/fr\/wp-json\/wp\/v2\/media?parent=1587"}],"wp:term":[{"taxonomy":"post_tag","embeddable":true,"href":"https:\/\/betterhomesottawa.ca\/fr\/wp-json\/wp\/v2\/tags?post=1587"}],"curies":[{"name":"wp","href":"https:\/\/api.w.org\/{rel}","templated":true}]}}