{"id":1705,"date":"2021-11-09T13:35:51","date_gmt":"2021-11-09T18:35:51","guid":{"rendered":"https:\/\/betterhomesottawa.ca\/outils-et-ressources\/"},"modified":"2021-11-11T14:06:29","modified_gmt":"2021-11-11T19:06:29","slug":"outils-et-ressources","status":"publish","type":"page","link":"https:\/\/betterhomesottawa.ca\/fr\/outils-et-ressources\/","title":{"rendered":"Outils et ressources"},"content":{"rendered":"\n<div class=\"wp-block-columns are-vertically-aligned-center is-layout-flex wp-container-core-columns-is-layout-1 wp-block-columns-is-layout-flex\">\n<div class=\"wp-block-column is-vertically-aligned-center is-layout-flow wp-block-column-is-layout-flow\" style=\"flex-basis:33.33%\">\n<div class=\"wp-block-image\"><figure class=\"aligncenter\"><img loading=\"lazy\" decoding=\"async\" width=\"998\" height=\"748\" src=\"https:\/\/betterhomesottawa.ca\/wp-content\/uploads\/2021\/10\/Screen-Shot-2021-10-19-at-8.20.02-AM-edited.png\" alt=\"\" class=\"wp-image-1189\" srcset=\"https:\/\/betterhomesottawa.ca\/wp-content\/uploads\/2021\/10\/Screen-Shot-2021-10-19-at-8.20.02-AM-edited.png 998w, https:\/\/betterhomesottawa.ca\/wp-content\/uploads\/2021\/10\/Screen-Shot-2021-10-19-at-8.20.02-AM-edited-300x225.png 300w, https:\/\/betterhomesottawa.ca\/wp-content\/uploads\/2021\/10\/Screen-Shot-2021-10-19-at-8.20.02-AM-edited-768x576.png 768w\" sizes=\"auto, (max-width: 998px) 100vw, 998px\" \/><\/figure><\/div>\n<\/div>\n\n\n\n<div class=\"wp-block-column is-vertically-aligned-center is-layout-flow wp-block-column-is-layout-flow\" style=\"flex-basis:66.66%\">\n<h2 class=\"m0 wp-block-heading\">Estimateur des \u00e9conomies<\/h2>\n\n\n\n<p>Des am\u00e9liorations intelligentes peuvent r\u00e9duire consid\u00e9rablement la consommation et les co\u00fbts \u00e9nerg\u00e9tiques de votre maison. Voici quelques exemples des \u00e9conomies d&rsquo;\u00e9nergie que vous pouvez r\u00e9aliser gr\u00e2ce \u00e0 quelques am\u00e9liorations cl\u00e9s.<\/p>\n\n\n\n<div class=\"wp-block-buttons is-layout-flex wp-block-buttons-is-layout-flex\">\n<div class=\"wp-block-button\"><a class=\"wp-block-button__link\" href=\"https:\/\/betterhomesottawa.ca\/fr\/estimateur\/\">En savoir plus <\/a><\/div>\n<\/div>\n<\/div>\n<\/div>\n\n<div style=\"height:50px\" aria-hidden=\"true\" class=\"wp-block-spacer\"><\/div>\n\n<div class=\"wp-block-columns are-vertically-aligned-center is-layout-flex wp-container-core-columns-is-layout-2 wp-block-columns-is-layout-flex\">\n<div class=\"wp-block-column is-vertically-aligned-center is-layout-flow wp-block-column-is-layout-flow\" style=\"flex-basis:33.33%\">\n<figure class=\"wp-block-image size-large\"><img loading=\"lazy\" decoding=\"async\" width=\"1024\" height=\"683\" src=\"https:\/\/betterhomesottawa.ca\/wp-content\/uploads\/2021\/10\/iStock-1287363591-2-1024x683.jpg\" alt=\"Mother teaching kids how important is to use energy-efficient light sources. The kids are changing the old incandescent build for modern energy saving LED bulb. Nikon D850\" class=\"wp-image-675\" srcset=\"https:\/\/betterhomesottawa.ca\/wp-content\/uploads\/2021\/10\/iStock-1287363591-2-1024x683.jpg 1024w, https:\/\/betterhomesottawa.ca\/wp-content\/uploads\/2021\/10\/iStock-1287363591-2-300x200.jpg 300w, https:\/\/betterhomesottawa.ca\/wp-content\/uploads\/2021\/10\/iStock-1287363591-2-768x512.jpg 768w, https:\/\/betterhomesottawa.ca\/wp-content\/uploads\/2021\/10\/iStock-1287363591-2-1536x1024.jpg 1536w, https:\/\/betterhomesottawa.ca\/wp-content\/uploads\/2021\/10\/iStock-1287363591-2-2048x1365.jpg 2048w\" sizes=\"auto, (max-width: 1024px) 100vw, 1024px\" \/><\/figure>\n<\/div>\n\n\n\n<div class=\"wp-block-column is-vertically-aligned-center is-layout-flow wp-block-column-is-layout-flow\" style=\"flex-basis:66.66%\">\n<h2 class=\"m0 wp-block-heading\">Conseils d&rsquo;\u00e9conomie d&rsquo;\u00e9nergie<\/h2>\n\n\n\n<p>Il y a quelque chose pour tout le monde, que vous soyez propri\u00e9taires ou locataires, dans cette liste de suggestions sur la fa\u00e7on de rendre votre maison plus \u00e9conome en \u00e9nergie.<strong><\/strong><\/p>\n\n\n\n<div class=\"wp-block-buttons is-layout-flex wp-block-buttons-is-layout-flex\">\n<div class=\"wp-block-button\"><a class=\"wp-block-button__link\" href=\"https:\/\/betterhomesottawa.ca\/fr\/evaluations-residentielles-modernisations-et-renovations-energetiques\/conseils-deconomie-denergie\/\">En savoir plus<\/a><\/div>\n<\/div>\n<\/div>\n<\/div>\n\n<div style=\"height:50px\" aria-hidden=\"true\" class=\"wp-block-spacer\"><\/div>\n\n<hr class=\"wp-block-separator is-style-bh-separator\"\/>\n","protected":false},"excerpt":{"rendered":"<p>Estimateur des \u00e9conomies Des am\u00e9liorations intelligentes peuvent r\u00e9duire consid\u00e9rablement la consommation [&hellip;]<\/p>\n","protected":false},"author":4,"featured_media":0,"parent":0,"menu_order":0,"comment_status":"closed","ping_status":"closed","template":"","meta":{"_acf_changed":false,"inline_featured_image":false,"footnotes":""},"tags":[],"class_list":["post-1705","page","type-page","status-publish","hentry"],"acf":[],"_links":{"self":[{"href":"https:\/\/betterhomesottawa.ca\/fr\/wp-json\/wp\/v2\/pages\/1705","targetHints":{"allow":["GET"]}}],"collection":[{"href":"https:\/\/betterhomesottawa.ca\/fr\/wp-json\/wp\/v2\/pages"}],"about":[{"href":"https:\/\/betterhomesottawa.ca\/fr\/wp-json\/wp\/v2\/types\/page"}],"author":[{"embeddable":true,"href":"https:\/\/betterhomesottawa.ca\/fr\/wp-json\/wp\/v2\/users\/4"}],"replies":[{"embeddable":true,"href":"https:\/\/betterhomesottawa.ca\/fr\/wp-json\/wp\/v2\/comments?post=1705"}],"version-history":[{"count":0,"href":"https:\/\/betterhomesottawa.ca\/fr\/wp-json\/wp\/v2\/pages\/1705\/revisions"}],"wp:attachment":[{"href":"https:\/\/betterhomesottawa.ca\/fr\/wp-json\/wp\/v2\/media?parent=1705"}],"wp:term":[{"taxonomy":"post_tag","embeddable":true,"href":"https:\/\/betterhomesottawa.ca\/fr\/wp-json\/wp\/v2\/tags?post=1705"}],"curies":[{"name":"wp","href":"https:\/\/api.w.org\/{rel}","templated":true}]}}