{"id":1716,"date":"2021-11-09T14:02:49","date_gmt":"2021-11-09T19:02:49","guid":{"rendered":"https:\/\/betterhomesottawa.ca\/rabais-incitatifs-et-financement\/"},"modified":"2021-11-11T14:07:38","modified_gmt":"2021-11-11T19:07:38","slug":"rabais-incitatifs-et-financement","status":"publish","type":"page","link":"https:\/\/betterhomesottawa.ca\/fr\/rabais-incitatifs-et-financement\/","title":{"rendered":"Rabais, incitatifs, et financement."},"content":{"rendered":"\n<div class=\"wp-block-columns are-vertically-aligned-center is-layout-flex wp-container-core-columns-is-layout-1 wp-block-columns-is-layout-flex\">\n<div class=\"wp-block-column is-vertically-aligned-center is-layout-flow wp-block-column-is-layout-flow\" style=\"flex-basis:33.33%\">\n<figure class=\"wp-block-image size-large\"><img loading=\"lazy\" decoding=\"async\" width=\"1024\" height=\"576\" src=\"https:\/\/betterhomesottawa.ca\/wp-content\/uploads\/2021\/10\/iStock-166011621-edited-1024x576.jpg\" alt=\"Building set of skycraper architectural construction outbuilding apartment house vector illustration.\" class=\"wp-image-1320\" srcset=\"https:\/\/betterhomesottawa.ca\/wp-content\/uploads\/2021\/10\/iStock-166011621-edited-1024x576.jpg 1024w, https:\/\/betterhomesottawa.ca\/wp-content\/uploads\/2021\/10\/iStock-166011621-edited-300x169.jpg 300w, https:\/\/betterhomesottawa.ca\/wp-content\/uploads\/2021\/10\/iStock-166011621-edited-768x432.jpg 768w, https:\/\/betterhomesottawa.ca\/wp-content\/uploads\/2021\/10\/iStock-166011621-edited-1536x864.jpg 1536w, https:\/\/betterhomesottawa.ca\/wp-content\/uploads\/2021\/10\/iStock-166011621-edited-2048x1152.jpg 2048w\" sizes=\"auto, (max-width: 1024px) 100vw, 1024px\" \/><\/figure>\n<\/div>\n\n\n\n<div class=\"wp-block-column is-vertically-aligned-center is-layout-flow wp-block-column-is-layout-flow\" style=\"flex-basis:66.66%\">\n<h2 class=\"wp-block-heading\">\u00c0 la recherche des incitatifs et des programmes de financement<\/h2>\n\n\n\n<p>Les travaux de modernisation des habitations sont un excellent moyen pour permettre aux Canadiens de r\u00e9duire les \u00e9missions polluantes, tout en \u00e9conomisant l\u2019\u00e9nergie et en am\u00e9liorant le confort de leur foyer. Autrement dit, le gouvernement f\u00e9d\u00e9ral, le gouvernement provincial ou l\u2019administration municipale vous offre de l\u2019aide financi\u00e8re pour vous aider \u00e0 r\u00e9aliser vos travaux de modernisation. Mais naviguer parmi les incitations disponibles peut \u00eatre d\u00e9licat. <\/p>\n\n\n\n<div class=\"wp-block-buttons is-layout-flex wp-block-buttons-is-layout-flex\">\n<div class=\"wp-block-button\"><a class=\"wp-block-button__link has-seafoam-green-background-color has-background\" href=\"https:\/\/betterhomesottawa.ca\/fr\/a-la-recherche-des-programmes-dincitation-et-de-financement\/\">En savoir plus<\/a><\/div>\n<\/div>\n<\/div>\n<\/div>\n\n<div class=\"wp-block-columns are-vertically-aligned-center is-layout-flex wp-container-core-columns-is-layout-2 wp-block-columns-is-layout-flex\">\n<div class=\"wp-block-column is-vertically-aligned-center is-layout-flow wp-block-column-is-layout-flow\" style=\"flex-basis:33.33%\">\n<figure class=\"wp-block-image size-large\"><img loading=\"lazy\" decoding=\"async\" width=\"1024\" height=\"681\" src=\"https:\/\/betterhomesottawa.ca\/wp-content\/uploads\/2021\/10\/iStock-940283392-1024x681.jpg\" alt=\"Buying, Finance, Finance and Economy, Home Finances, Home Improvement\" class=\"wp-image-1521\" srcset=\"https:\/\/betterhomesottawa.ca\/wp-content\/uploads\/2021\/10\/iStock-940283392-1024x681.jpg 1024w, https:\/\/betterhomesottawa.ca\/wp-content\/uploads\/2021\/10\/iStock-940283392-300x200.jpg 300w, https:\/\/betterhomesottawa.ca\/wp-content\/uploads\/2021\/10\/iStock-940283392-768x511.jpg 768w, https:\/\/betterhomesottawa.ca\/wp-content\/uploads\/2021\/10\/iStock-940283392-1536x1022.jpg 1536w, https:\/\/betterhomesottawa.ca\/wp-content\/uploads\/2021\/10\/iStock-940283392-2048x1362.jpg 2048w\" sizes=\"auto, (max-width: 1024px) 100vw, 1024px\" \/><\/figure>\n<\/div>\n\n\n\n<div class=\"wp-block-column is-vertically-aligned-center is-layout-flow wp-block-column-is-layout-flow\" style=\"flex-basis:66.66%\">\n<h2 class=\"wp-block-heading\">Programmes de rabais et incitatifs &#8211; liste compl\u00e8te<\/h2>\n\n\n\n<p><meta charset=\"utf-8\"\/>D\u00e9couvrez tous les programmes disponibles pour vous aider \u00e0 financer et soutenir la r\u00e9novation \u00e9nerg\u00e9tique de votre maison. <\/p>\n\n\n\n<div class=\"wp-block-buttons is-layout-flex wp-block-buttons-is-layout-flex\">\n<div class=\"wp-block-button\"><a class=\"wp-block-button__link has-seafoam-green-background-color has-background\" href=\"https:\/\/betterhomesottawa.ca\/fr\/programmes-de-rabais-et-incitatifs\/\">En savoir plus<\/a><\/div>\n<\/div>\n<\/div>\n<\/div>\n\n<div style=\"height:50px\" aria-hidden=\"true\" class=\"wp-block-spacer\"><\/div>\n\n<div class=\"wp-block-columns is-layout-flex wp-container-core-columns-is-layout-3 wp-block-columns-is-layout-flex\">\n<div class=\"wp-block-column is-layout-flow wp-block-column-is-layout-flow\" style=\"flex-basis:33.33%\">\n<figure class=\"wp-block-image size-large\"><img loading=\"lazy\" decoding=\"async\" width=\"1024\" height=\"471\" src=\"https:\/\/betterhomesottawa.ca\/wp-content\/uploads\/2021\/10\/iStock-1211376954-1024x471.jpg\" alt=\"close up man hand counting on calculator with house's model on invoice letter to summary of refinance expense for planning and manage money about home loan mortgage and interest rates for people lifestyle concept\" class=\"wp-image-677\" srcset=\"https:\/\/betterhomesottawa.ca\/wp-content\/uploads\/2021\/10\/iStock-1211376954-1024x471.jpg 1024w, https:\/\/betterhomesottawa.ca\/wp-content\/uploads\/2021\/10\/iStock-1211376954-300x138.jpg 300w, https:\/\/betterhomesottawa.ca\/wp-content\/uploads\/2021\/10\/iStock-1211376954-768x353.jpg 768w, https:\/\/betterhomesottawa.ca\/wp-content\/uploads\/2021\/10\/iStock-1211376954-1536x706.jpg 1536w, https:\/\/betterhomesottawa.ca\/wp-content\/uploads\/2021\/10\/iStock-1211376954-2048x941.jpg 2048w\" sizes=\"auto, (max-width: 1024px) 100vw, 1024px\" \/><\/figure>\n<\/div>\n\n\n\n<div class=\"wp-block-column is-layout-flow wp-block-column-is-layout-flow\" style=\"flex-basis:66.66%\">\n<h2 class=\"wp-block-heading\">Le Programme de pr\u00eats pour la mise en valeur des habitations d\u2019Ottawa<\/h2>\n\n\n\n<p>Dans le cadre d\u2019un projet pilote, la Ville m\u00e8ne un programme de pr\u00eats sur une dur\u00e9e qui pourrait atteindre trois ans pour financer les travaux de modernisation \u00e9co\u00e9nerg\u00e9tique des habitations afin d\u2019aider les r\u00e9sidents de la localit\u00e9 \u00e0 r\u00e9duire leur consommation d\u2019\u00e9nergie et leurs \u00e9missions de gaz \u00e0 effet de serre. Les propri\u00e9taires d\u2019habitations d\u2019Ottawa peuvent d\u00e9sormais se pr\u00e9valoir de pr\u00eats sans int\u00e9r\u00eat pour les travaux de modernisation \u00e9co\u00e9nerg\u00e9tique! <\/p>\n\n\n\n<div class=\"wp-block-buttons is-layout-flex wp-block-buttons-is-layout-flex\">\n<div class=\"wp-block-button\"><a class=\"wp-block-button__link has-seafoam-green-background-color has-background\" href=\"https:\/\/betterhomesottawa.ca\/fr\/programmes-de-rabais-et-incitatifs\/le-programme-de-prets-pour-la-mise-en-valeur-des-habitations-dottawa\/\">En savoir plus<\/a><\/div>\n<\/div>\n<\/div>\n<\/div>\n\n<div style=\"height:50px\" aria-hidden=\"true\" class=\"wp-block-spacer\"><\/div>\n\n<hr class=\"wp-block-separator is-style-bh-separator\"\/>\n","protected":false},"excerpt":{"rendered":"<p>\u00c0 la recherche des incitatifs et des programmes de financement Les [&hellip;]<\/p>\n","protected":false},"author":4,"featured_media":0,"parent":0,"menu_order":0,"comment_status":"closed","ping_status":"closed","template":"","meta":{"_acf_changed":false,"inline_featured_image":false,"footnotes":""},"tags":[],"class_list":["post-1716","page","type-page","status-publish","hentry"],"acf":[],"_links":{"self":[{"href":"https:\/\/betterhomesottawa.ca\/fr\/wp-json\/wp\/v2\/pages\/1716","targetHints":{"allow":["GET"]}}],"collection":[{"href":"https:\/\/betterhomesottawa.ca\/fr\/wp-json\/wp\/v2\/pages"}],"about":[{"href":"https:\/\/betterhomesottawa.ca\/fr\/wp-json\/wp\/v2\/types\/page"}],"author":[{"embeddable":true,"href":"https:\/\/betterhomesottawa.ca\/fr\/wp-json\/wp\/v2\/users\/4"}],"replies":[{"embeddable":true,"href":"https:\/\/betterhomesottawa.ca\/fr\/wp-json\/wp\/v2\/comments?post=1716"}],"version-history":[{"count":0,"href":"https:\/\/betterhomesottawa.ca\/fr\/wp-json\/wp\/v2\/pages\/1716\/revisions"}],"wp:attachment":[{"href":"https:\/\/betterhomesottawa.ca\/fr\/wp-json\/wp\/v2\/media?parent=1716"}],"wp:term":[{"taxonomy":"post_tag","embeddable":true,"href":"https:\/\/betterhomesottawa.ca\/fr\/wp-json\/wp\/v2\/tags?post=1716"}],"curies":[{"name":"wp","href":"https:\/\/api.w.org\/{rel}","templated":true}]}}