{"id":1733,"date":"2021-11-09T14:49:41","date_gmt":"2021-11-09T19:49:41","guid":{"rendered":"https:\/\/betterhomesottawa.ca\/evaluations-residentielles-modernisations-et-renovations-energetiques\/repertoire-des-modernisations\/"},"modified":"2021-11-09T15:03:22","modified_gmt":"2021-11-09T20:03:22","slug":"repertoire-des-modernisations","status":"publish","type":"page","link":"https:\/\/betterhomesottawa.ca\/fr\/evaluations-residentielles-modernisations-et-renovations-energetiques\/repertoire-des-modernisations\/","title":{"rendered":"R\u00e9pertoire des modernisations"},"content":{"rendered":"\n<h2 class=\"has-text-align-center wp-block-heading\">Explorez les opportunit\u00e9s et les technologies pour am\u00e9liorer l&rsquo;efficacit\u00e9 \u00e9nerg\u00e9tique de votre maison.<\/h2>\n\n<div class=\"wp-block-group is-layout-flow wp-block-group-is-layout-flow\">\n<div class=\"wp-block-group drawer is-layout-flow wp-block-group-is-layout-flow\">\n<h2 class=\"wp-block-heading\">Chauffage et refroidissement<\/h2>\n\n\n\n<ul class=\"wp-block-list\"><li><a href=\"https:\/\/betterhomesottawa.ca\/fr\/les-climatiseurs-centraux\/\" data-type=\"page\" data-id=\"62\">Les climatiseurs (centraux)<\/a><\/li><li><a href=\"https:\/\/betterhomesottawa.ca\/fr\/les-climatiseurs-individuels\/\" data-type=\"page\" data-id=\"165\">Les climatiseurs individuels<\/a><\/li><li><a href=\"https:\/\/betterhomesottawa.ca\/fr\/chaudieres\/\" data-type=\"page\" data-id=\"198\">Chaudi\u00e8res<\/a><\/li><li><a href=\"https:\/\/betterhomesottawa.ca\/fr\/deshumidificateurs\/\" data-type=\"page\" data-id=\"200\">D\u00e9shumidificateurs<\/a><\/li><li><a href=\"https:\/\/betterhomesottawa.ca\/fr\/recuperation-de-la-chaleur-de-leau-du-drain\/\" data-type=\"page\" data-id=\"202\">R\u00e9cup\u00e9ration de chaleur de l&rsquo;eau de drainage<\/a><\/li><li><a href=\"https:\/\/betterhomesottawa.ca\/fr\/fournaises\/\" data-type=\"page\" data-id=\"206\">Fournaises<\/a><\/li><li><a href=\"https:\/\/betterhomesottawa.ca\/fr\/thermopompe-a-air\/\" data-type=\"page\" data-id=\"208\">Thermopompe \u00e0 air<\/a><\/li><li><a href=\"https:\/\/betterhomesottawa.ca\/fr\/thermopompes-biblocs-sans-conduits\/\" data-type=\"page\" data-id=\"210\">Thermopompes biblocs sans conduits<\/a><\/li><li><a href=\"https:\/\/betterhomesottawa.ca\/fr\/pompes-geothermiques\/\" data-type=\"page\" data-id=\"212\">Pompes G\u00e9othermiques<\/a><\/li><li><a href=\"https:\/\/betterhomesottawa.ca\/fr\/ventilateurs-recuperateurs-de-chaleur\/\" data-type=\"page\" data-id=\"214\">Ventilateurs R\u00e9cup\u00e9rateurs de Chaleur<\/a><\/li><li><a href=\"https:\/\/betterhomesottawa.ca\/fr\/chauffe-eau-reservoir-de-stockage\/\" data-type=\"page\" data-id=\"216\">Chauffe-eau \u2013 R\u00e9servoir de stockage<\/a><\/li><li><a href=\"https:\/\/betterhomesottawa.ca\/fr\/chauffe-eau-sans-reservoir\/\" data-type=\"page\" data-id=\"218\">Chauffe-eau sans r\u00e9servoir<\/a><\/li><\/ul>\n<\/div>\n\n\n\n<div class=\"wp-block-group drawer is-layout-flow wp-block-group-is-layout-flow\">\n<h2 class=\"wp-block-heading\">L&rsquo;enveloppe du b\u00e2timent<\/h2>\n\n\n\n<ul class=\"wp-block-list\"><li><a href=\"https:\/\/betterhomesottawa.ca\/fr\/etancheisation\/\" data-type=\"page\" data-id=\"220\">\u00c9tanch\u00e9isation<\/a><\/li><li><a href=\"https:\/\/betterhomesottawa.ca\/fr\/portes\/\" data-type=\"page\" data-id=\"222\">Portes<\/a><\/li><li><a href=\"https:\/\/betterhomesottawa.ca\/fr\/isolant-grenier\/\" data-type=\"page\" data-id=\"224\">Isolant \u2013 Grenier<\/a><\/li><li><a href=\"https:\/\/betterhomesottawa.ca\/fr\/isolation-sous-sol\/\" data-type=\"page\" data-id=\"226\">Isolation \u2013 Sous-sol<\/a><\/li><li><a href=\"https:\/\/betterhomesottawa.ca\/fr\/isolation-des-murs\/\" data-type=\"page\" data-id=\"228\">Isolation \u2013 Des murs<\/a><\/li><li><a href=\"https:\/\/betterhomesottawa.ca\/fr\/fenetres\/\" data-type=\"page\" data-id=\"230\">Fen\u00eatres<\/a><\/li><\/ul>\n<\/div>\n\n\n\n<div class=\"wp-block-group drawer is-layout-flow wp-block-group-is-layout-flow\">\n<h2 class=\"wp-block-heading\">Technologies renouvelables et intelligentes<\/h2>\n\n\n\n<ul class=\"wp-block-list\"><li><a href=\"https:\/\/betterhomesottawa.ca\/fr\/bornes-de-recharge-de-des-vehicules-electriques\/\" data-type=\"page\" data-id=\"232\">Bornes de recharge de des v\u00e9hicules \u00e9lectriques<\/a><\/li><li><a href=\"https:\/\/betterhomesottawa.ca\/fr\/stockage-denergie-batteries\/\" data-type=\"page\" data-id=\"234\">Stockage d&rsquo;\u00e9nergie (batteries)<\/a><\/li><li><a href=\"https:\/\/betterhomesottawa.ca\/fr\/thermostats-intelligent\/\" data-type=\"page\" data-id=\"236\">Thermostats Intelligent<\/a><\/li><li><a href=\"https:\/\/betterhomesottawa.ca\/fr\/systemes-solaires-photovoltaiques-pv\/\" data-type=\"page\" data-id=\"238\">Syst\u00e8mes Solaires Photovolta\u00efques (PV)<\/a><\/li><li><a href=\"https:\/\/betterhomesottawa.ca\/fr\/chauffe-eau-solaires\/\" data-type=\"page\" data-id=\"240\">Chauffe-eau solaires<\/a><\/li><\/ul>\n<\/div>\n\n\n\n<div class=\"wp-block-group drawer is-layout-flow wp-block-group-is-layout-flow\">\n<h2 class=\"wp-block-heading\">Autres mises \u00e0 niveau<\/h2>\n\n\n\n<ul class=\"wp-block-list\"><li><a href=\"https:\/\/betterhomesottawa.ca\/fr\/clapet-antiretour\/\" data-type=\"page\" data-id=\"242\">Clapet Antiretour<\/a><\/li><li><a href=\"https:\/\/betterhomesottawa.ca\/fr\/alarmes-dinondation\/\" data-type=\"page\" data-id=\"244\">Alarmes d&rsquo;inondation<\/a><\/li><li><a href=\"https:\/\/betterhomesottawa.ca\/fr\/toits-blancs\/\" data-type=\"page\" data-id=\"246\">Toits blancs<\/a><\/li><li><a href=\"https:\/\/betterhomesottawa.ca\/fr\/toits-verts\/\" data-type=\"page\" data-id=\"248\">Toits verts<\/a><\/li><li><a href=\"https:\/\/betterhomesottawa.ca\/fr\/pompe-de-puisard\/\" data-type=\"page\" data-id=\"250\">Pompe de puisard<\/a><\/li><li><a href=\"https:\/\/betterhomesottawa.ca\/fr\/toilettes\/\" data-type=\"page\" data-id=\"252\">Toilettes<\/a><\/li><li><a href=\"https:\/\/betterhomesottawa.ca\/fr\/couvercles-des-murettes-dencadrement\/\" data-type=\"page\" data-id=\"254\">Couvercles des murettes d\u2019encadrement<\/a><\/li><\/ul>\n<\/div>\n\n\n\n<hr class=\"wp-block-separator is-style-bh-separator\"\/>\n<\/div>\n","protected":false},"excerpt":{"rendered":"<p>Explorez les opportunit\u00e9s et les technologies pour am\u00e9liorer l&rsquo;efficacit\u00e9 \u00e9nerg\u00e9tique de [&hellip;]<\/p>\n","protected":false},"author":3,"featured_media":1294,"parent":1554,"menu_order":0,"comment_status":"closed","ping_status":"closed","template":"","meta":{"_acf_changed":false,"inline_featured_image":false,"footnotes":""},"tags":[29],"class_list":["post-1733","page","type-page","status-publish","has-post-thumbnail","hentry","tag-renovations-et-modernisations"],"acf":[],"_links":{"self":[{"href":"https:\/\/betterhomesottawa.ca\/fr\/wp-json\/wp\/v2\/pages\/1733","targetHints":{"allow":["GET"]}}],"collection":[{"href":"https:\/\/betterhomesottawa.ca\/fr\/wp-json\/wp\/v2\/pages"}],"about":[{"href":"https:\/\/betterhomesottawa.ca\/fr\/wp-json\/wp\/v2\/types\/page"}],"author":[{"embeddable":true,"href":"https:\/\/betterhomesottawa.ca\/fr\/wp-json\/wp\/v2\/users\/3"}],"replies":[{"embeddable":true,"href":"https:\/\/betterhomesottawa.ca\/fr\/wp-json\/wp\/v2\/comments?post=1733"}],"version-history":[{"count":0,"href":"https:\/\/betterhomesottawa.ca\/fr\/wp-json\/wp\/v2\/pages\/1733\/revisions"}],"up":[{"embeddable":true,"href":"https:\/\/betterhomesottawa.ca\/fr\/wp-json\/wp\/v2\/pages\/1554"}],"wp:featuredmedia":[{"embeddable":true,"href":"https:\/\/betterhomesottawa.ca\/fr\/wp-json\/wp\/v2\/media\/1294"}],"wp:attachment":[{"href":"https:\/\/betterhomesottawa.ca\/fr\/wp-json\/wp\/v2\/media?parent=1733"}],"wp:term":[{"taxonomy":"post_tag","embeddable":true,"href":"https:\/\/betterhomesottawa.ca\/fr\/wp-json\/wp\/v2\/tags?post=1733"}],"curies":[{"name":"wp","href":"https:\/\/api.w.org\/{rel}","templated":true}]}}