{"id":1783,"date":"2021-11-19T14:55:27","date_gmt":"2021-11-19T19:55:27","guid":{"rendered":"https:\/\/betterhomesottawa.ca\/habitations-a-consommation-nette-de-zero\/maison-passive\/"},"modified":"2021-11-19T15:04:58","modified_gmt":"2021-11-19T20:04:58","slug":"maison-passive","status":"publish","type":"page","link":"https:\/\/betterhomesottawa.ca\/fr\/habitations-a-consommation-nette-de-zero\/maison-passive\/","title":{"rendered":"Maison passive"},"content":{"rendered":"\n<p>La norme Maison passive est une norme volontaire, reconnue internationalement, inspir\u00e9e de la science et mise \u00e0 l\u2019\u00e9preuve pour des b\u00e2timents \u00e0 haut rendement. Tous les types ou mod\u00e8les de b\u00e2timent peuvent \u00eatre modernis\u00e9s ou construits selon cette norme. <\/p>\n\n\n\n<p>Mise au point en Allemagne \u00e0 la fin des ann\u00e9es 1980 et inspir\u00e9e par la conception et la construction de la Saskatchewan Conservation House \u00e0 Regina, la norme Maison passive est consid\u00e9r\u00e9e comme la norme volontaire la plus rigoureuse dans le domaine de l\u2019\u00e9nergie au sein de l\u2019industrie de la conception et de la construction \u00e0 l\u2019heure actuelle; elle permet d\u2019am\u00e9nager des b\u00e2timents qui consomment \u00e0 concurrence de 90 % moins d\u2019\u00e9nergie pour le chauffage et la climatisation qu\u2019un b\u00e2timent traditionnel. <\/p>\n\n\n\n<p>Les b\u00e2timents qui respectent la norme Maison passive sont con\u00e7us pour assurer un rendement \u00e9nerg\u00e9tique exceptionnel et un confort thermique sup\u00e9rieur. Les charges pour le chauffage et la climatisation sont minimis\u00e9es gr\u00e2ce \u00e0 des mesures passives comme la masse, l\u2019isolant, les fen\u00eatres de haute qualit\u00e9, l\u2019\u00e9nergie solaire passive, l\u2019ombrage et l\u2019\u00e9limination des ponts thermiques. Parce qu\u2019un b\u00e2timent construit selon cette norme est \u00e9tanche \u00e0 l\u2019air, il faut pr\u00e9voir une a\u00e9ration \u00e9quilibr\u00e9e et r\u00e9gul\u00e9e, ainsi qu\u2019un \u00e9change thermique de haute qualit\u00e9 pour assurer en permanence l\u2019alimentation en air frais. <\/p>\n\n\n\n<p><strong>Les principaux \u00e9l\u00e9ments de la Maison passive<\/strong> <\/p>\n\n\n\n<ul class=\"wp-block-list\"><li>L\u2019enveloppe du b\u00e2timent super isol\u00e9e <\/li><\/ul>\n\n\n\n<ul class=\"wp-block-list\"><li>Des fen\u00eatres de grande qualit\u00e9 dot\u00e9es d\u2019une orientation solaire <\/li><li>Des syst\u00e8mes d\u2019a\u00e9ration pr\u00e9voyant la r\u00e9cup\u00e9ration de la chaleur <\/li><li>L\u2019absence de ponts thermiques <\/li><li>L\u2019\u00e9tanch\u00e9it\u00e9 \u00e0 l\u2019air <\/li><\/ul>\n\n\n\n<p><strong>Les principaux avantages<\/strong> <\/p>\n\n\n\n<ul class=\"wp-block-list\"><li>La qualit\u00e9 et la temp\u00e9rature stables de l\u2019air ambiant toute l\u2019ann\u00e9e <\/li><li>La tranquillit\u00e9 et le confort malgr\u00e9 les changements de saison <\/li><li>La r\u00e9duction substantielle de la consommation d\u2019\u00e9nergie et des frais d\u2019exploitation <\/li><li>Des syst\u00e8mes durables et simples \u00e0 utiliser <\/li><li>La tranquillit\u00e9 d\u2019esprit, ce qui n\u2019a pas de prix <\/li><\/ul>\n\n\n\n<p>Pour en savoir plus sur la norme Maison passive et pour consulter des exemples de b\u00e2timents au Canada, nous vous invitons \u00e0 visiter le site <a href=\"https:\/\/www.passivehousecanada.com\/about-passive-house-canada\/\" target=\"_blank\" rel=\"noreferrer noopener\"><strong>Maison Passive Canada<\/strong><\/a><strong>.<\/strong> <\/p>\n\n\n\n<p><strong>Maison passive et consommation nette z\u00e9ro<\/strong> <\/p>\n\n\n\n<p>Parce que la Maison passive est tr\u00e8s \u00e9conome d\u2019\u00e9nergie, elle se pr\u00eate parfaitement au mod\u00e8le du b\u00e2timent \u00e0 consommation nette z\u00e9ro. Ce type de b\u00e2timent produit autant d\u2019\u00e9nergie qu\u2019il en consomme; il est donc plus facile d\u2019installer des panneaux solaires pour r\u00e9pondre \u00e0 la demande en \u00e9nergie si cette demande est d\u00e9j\u00e0 faible gr\u00e2ce aux caract\u00e9ristiques de la Maison passive. Pour en savoir plus sur ce type de b\u00e2timent, veuillez consulter le site <strong>Net Zero<\/strong>. <\/p>\n\n\n\n<h2 class=\"wp-block-heading\">Vid\u00e9os sur la Maison passive <\/h2>\n\n\n\n<figure class=\"wp-block-embed is-type-video is-provider-youtube wp-block-embed-youtube wp-embed-aspect-16-9 wp-has-aspect-ratio\"><div class=\"wp-block-embed__wrapper\">\n<iframe loading=\"lazy\" title=\"Passive House = 90% Home Energy Reduction!\" width=\"640\" height=\"360\" src=\"https:\/\/www.youtube.com\/embed\/Hz6qomFM_dw?feature=oembed\" frameborder=\"0\" allow=\"accelerometer; autoplay; clipboard-write; encrypted-media; gyroscope; picture-in-picture; web-share\" referrerpolicy=\"strict-origin-when-cross-origin\" allowfullscreen><\/iframe>\n<\/div><\/figure>\n\n\n\n<figure class=\"wp-block-embed is-type-video is-provider-youtube wp-block-embed-youtube wp-embed-aspect-16-9 wp-has-aspect-ratio\"><div class=\"wp-block-embed__wrapper\">\n<iframe loading=\"lazy\" title=\"What It&#039;s Like Living in a Passive House\" width=\"640\" height=\"360\" src=\"https:\/\/www.youtube.com\/embed\/Y4vi7SB-7tg?feature=oembed\" frameborder=\"0\" allow=\"accelerometer; autoplay; clipboard-write; encrypted-media; gyroscope; picture-in-picture; web-share\" referrerpolicy=\"strict-origin-when-cross-origin\" allowfullscreen><\/iframe>\n<\/div><\/figure>\n","protected":false},"excerpt":{"rendered":"<p>La norme Maison passive est une norme volontaire, reconnue internationalement, inspir\u00e9e [&hellip;]<\/p>\n","protected":false},"author":4,"featured_media":0,"parent":538,"menu_order":0,"comment_status":"closed","ping_status":"closed","template":"","meta":{"_acf_changed":false,"inline_featured_image":false,"footnotes":""},"tags":[],"class_list":["post-1783","page","type-page","status-publish","hentry"],"acf":[],"_links":{"self":[{"href":"https:\/\/betterhomesottawa.ca\/fr\/wp-json\/wp\/v2\/pages\/1783","targetHints":{"allow":["GET"]}}],"collection":[{"href":"https:\/\/betterhomesottawa.ca\/fr\/wp-json\/wp\/v2\/pages"}],"about":[{"href":"https:\/\/betterhomesottawa.ca\/fr\/wp-json\/wp\/v2\/types\/page"}],"author":[{"embeddable":true,"href":"https:\/\/betterhomesottawa.ca\/fr\/wp-json\/wp\/v2\/users\/4"}],"replies":[{"embeddable":true,"href":"https:\/\/betterhomesottawa.ca\/fr\/wp-json\/wp\/v2\/comments?post=1783"}],"version-history":[{"count":0,"href":"https:\/\/betterhomesottawa.ca\/fr\/wp-json\/wp\/v2\/pages\/1783\/revisions"}],"up":[{"embeddable":true,"href":"https:\/\/betterhomesottawa.ca\/fr\/wp-json\/wp\/v2\/pages\/538"}],"wp:attachment":[{"href":"https:\/\/betterhomesottawa.ca\/fr\/wp-json\/wp\/v2\/media?parent=1783"}],"wp:term":[{"taxonomy":"post_tag","embeddable":true,"href":"https:\/\/betterhomesottawa.ca\/fr\/wp-json\/wp\/v2\/tags?post=1783"}],"curies":[{"name":"wp","href":"https:\/\/api.w.org\/{rel}","templated":true}]}}