{"id":1792,"date":"2021-11-19T15:26:03","date_gmt":"2021-11-19T20:26:03","guid":{"rendered":"https:\/\/betterhomesottawa.ca\/lottawa-de-demain\/"},"modified":"2023-02-02T18:36:03","modified_gmt":"2023-02-02T23:36:03","slug":"lottawa-de-demain","status":"publish","type":"page","link":"https:\/\/betterhomesottawa.ca\/fr\/lottawa-de-demain\/","title":{"rendered":"L\u2019Ottawa de demain"},"content":{"rendered":"\n<h2 class=\"wp-block-heading\">L\u2019Ottawa de demain sera une ville \u00e0 \u00e9mission z\u00e9ro afin de veiller \u00e0 ce que nous fassions notre part pour \u00e9viter les pires impacts du changement climatique provoqu\u00e9s par les \u00e9missions et \u00e0 ce que notre \u00e9conomie locale s\u2019aligne sur l\u2019\u00e9conomie mondiale \u00e0 faible \u00e9mission de carbone et respecte toutes les r\u00e8gles qui y sont associ\u00e9es. <\/h2>\n\n\n\n<p>Ottawa \u2013 et le monde entier \u2013 fonctionneront \u00e0 l\u2019aide d\u2019\u00e9nergie propre (\u00e0 \u00e9mission z\u00e9ro), soit fort probablement \u00e0 l\u2019\u00e9lectricit\u00e9 \u00e0 faible \u00e9mission de carbone. Cela signifie qu\u2019Ottawa aura besoin de b\u00e2timents efficaces, aliment\u00e9s \u00e0 l\u2019\u00e9lectricit\u00e9, construits ou modernis\u00e9s de fa\u00e7on \u00e0 consommer le moins d\u2019\u00e9nergie possible. Ottawa aura \u00e9galement besoin de nouvelles sources d\u2019\u00e9nergie propre \u00e0 faible \u00e9mission de carbone et d\u2019un r\u00e9seau efficace et fiable capable de r\u00e9sister \u00e0 des conditions m\u00e9t\u00e9orologiques extr\u00eames et de s\u2019adapter \u00e0 la demande. <\/p>\n\n\n\n<figure class=\"wp-block-image size-large\"><img loading=\"lazy\" decoding=\"async\" width=\"2560\" height=\"1441\" src=\"http:\/\/betterhomesottawa.ca\/wp-content\/uploads\/2021\/10\/iStock-956774410-edited-1-scaled.jpg\" alt=\"Little girl engineering with creative drawing environment with happy family, eco friendly, save energy, against a brick wall\" class=\"wp-image-1074\" srcset=\"https:\/\/betterhomesottawa.ca\/wp-content\/uploads\/2021\/10\/iStock-956774410-edited-1-scaled.jpg 2560w, https:\/\/betterhomesottawa.ca\/wp-content\/uploads\/2021\/10\/iStock-956774410-edited-1-300x169.jpg 300w, https:\/\/betterhomesottawa.ca\/wp-content\/uploads\/2021\/10\/iStock-956774410-edited-1-1024x576.jpg 1024w, https:\/\/betterhomesottawa.ca\/wp-content\/uploads\/2021\/10\/iStock-956774410-edited-1-768x432.jpg 768w, https:\/\/betterhomesottawa.ca\/wp-content\/uploads\/2021\/10\/iStock-956774410-edited-1-1536x865.jpg 1536w, https:\/\/betterhomesottawa.ca\/wp-content\/uploads\/2021\/10\/iStock-956774410-edited-1-2048x1153.jpg 2048w\" sizes=\"auto, (max-width: 2560px) 100vw, 2560px\" \/><\/figure>\n\n\n\n<p>Pour y parvenir, les b\u00e2timents et les maisons locaux qui seront toujours en place en 2050 (environ 60 % de ceux existants) devront \u00eatre modernis\u00e9s de fa\u00e7on \u00e0 atteindre des \u00e9missions nulles, et tous les nouveaux b\u00e2timents devront \u00eatre construits conform\u00e9ment \u00e0 une norme z\u00e9ro \u00e9mission. <\/p>\n\n\n\n<h4 class=\"wp-block-heading\">Voici quelques faits. D&rsquo;ici 2050, ici m\u00eame \u00e0 Ottawa :<\/h4>\n\n\n\n<ul class=\"wp-block-list\">\n<li>327 000 maisons devront \u00eatre modernis\u00e9es de fond en comble.<\/li>\n\n\n\n<li>560 350 thermopompes r\u00e9sidentielles devront \u00eatre install\u00e9es dans les maisons locales<\/li>\n\n\n\n<li>et, d\u2019ici 2050, 20 % des toits r\u00e9sidentiels devront \u00eatre \u00e9quip\u00e9s de panneaux solaires photovolta\u00efques.<\/li>\n<\/ul>\n\n\n\n<p>Il s\u2019agit l\u00e0 d\u2019un travail \u00e9norme, mais qui cr\u00e9era des maisons locales de meilleure qualit\u00e9, plus saines, au chauffage et \u00e0 la climatisation plus \u00e9conomique pour les r\u00e9sidents et \u00e0 la construction r\u00e9sistante aux conditions m\u00e9t\u00e9orologiques extr\u00eames et aux variations climatiques que nous pr\u00e9voyons vivre. Nous construirons ainsi un r\u00e9seau \u00e9lectrique suffisamment r\u00e9silient et efficace pour faire face au nouveau climat, avec des syst\u00e8mes de secours int\u00e9gr\u00e9s pour les cas de mesures d\u2019urgence. <\/p>\n\n\n\n<p>Ce travail consid\u00e9rable permettra de cr\u00e9er des milliers d\u2019emplois locaux au sein de l\u2019\u00e9conomie verte, de r\u00e9duire la pauvret\u00e9 \u00e9nerg\u00e9tique et d\u2019am\u00e9liorer notre qualit\u00e9 de vie. Les grands efforts que nous nous devons de d\u00e9ployer auront de fortes retomb\u00e9es sur notre communaut\u00e9. <\/p>\n\n\n\n<div class=\"wp-block-columns is-layout-flex wp-container-core-columns-is-layout-1 wp-block-columns-is-layout-flex\">\n<div class=\"wp-block-column is-layout-flow wp-block-column-is-layout-flow\">\n<p>L\u2019Ottawa de demain sera une ville r\u00e9siliente parce que nous devons l\u2019\u00eatre. Elle sera une ville \u00e0 faible \u00e9mission de carbone parce que nous devons y parvenir. Elle sera une ville prosp\u00e8re, saine et durable parce que nous planifions aujourd\u2019hui ce qui se produira demain. <\/p>\n\n\n\n<p>Tous les r\u00e9sidents d\u2019Ottawa peuvent jouer un r\u00f4le dans la cr\u00e9ation de l\u2019Ottawa de demain. Ce site a pour but de vous montrer quelques-unes des fa\u00e7ons dont vous pouvez jouer le v\u00f4tre. <\/p>\n<\/div>\n\n\n\n<div class=\"wp-block-column is-layout-flow wp-block-column-is-layout-flow\">\n<div class=\"wp-block-studiof-infocard has-background\" style=\"border-radius:15px;background-color:#f2f2f2\"><div class=\"content\"><div class=\"infocard_title\"><strong>\u00c9mission nette z\u00e9ro d\u2019ici 2050<\/strong><\/div><div class=\"infocard_text\">Il est de l\u2019avis de la communaut\u00e9 scientifique internationale que, pour \u00e9viter les pires dommages climatiques, les \u00e9missions mondiales nettes de dioxyde de carbone (CO2) dues \u00e0 l\u2019activit\u00e9 humaine doivent diminuer d\u2019environ 45 % par rapport aux niveaux de 2010 d\u2019ici 2030, en vue d\u2019atteindre la carboneutralit\u00e9 vers 2050. Lorsque nous parlons de carboneutralit\u00e9, nous parlons d\u2019un \u00e9tat dans lequel le volume de gaz \u00e0 effet de serre p\u00e9n\u00e9trant dans l\u2019atmosph\u00e8re correspond \u00e0 celui des gaz \u00e0 effet de serre sortant de l\u2019atmosph\u00e8re.<\/div><\/div><\/div>\n<\/div>\n<\/div>\n\n\n\n<h2 class=\"wp-block-heading\">Futures Maisons: Projet d&rsquo;am\u00e9lioration de quartier d&rsquo;Ottawa <\/h2>\n\n\n\n<p>Futures Maisons Ottawa est un projet de collaboration communautaire, chapeaut\u00e9 par EnviroCentre et Ottawa Energy Collective. Il vise \u00e0 mobiliser les gens et \u00e0 les faire participer aux grands travaux d\u2019am\u00e9lioration \u00e9nerg\u00e9tique requis pour moderniser les demeures et transformer les quartiers, et ainsi cr\u00e9er des communaut\u00e9s d\u2019avenir \u00e0 faibles \u00e9missions, r\u00e9silientes et adapt\u00e9es au climat.<\/p>\n\n\n\n<p>Le projet rassemble les grands experts en efficacit\u00e9 \u00e9nerg\u00e9tique r\u00e9sidentielle et en mobilisation communautaire d\u2019Ottawa, qui concevront et mettront \u00e0 l\u2019essai des strat\u00e9gies adapt\u00e9es aux demeures, r\u00e9sidents et communaut\u00e9s de la ville.<\/p>\n\n\n\n<p><a href=\"https:\/\/betterhomesottawa.ca\/fr\/futures-maisons-ottawa\/\">En savoir plus<\/a><\/p>\n\n\n\n<h2 class=\"has-text-align-center wp-block-heading\">Lecture recommand\u00e9e<\/h2>\n\n\n\n<div class=\"wp-block-columns is-layout-flex wp-container-core-columns-is-layout-2 wp-block-columns-is-layout-flex\">\n<div class=\"wp-block-column is-layout-flow wp-block-column-is-layout-flow\" style=\"flex-basis:100%\">\n<div class=\"wp-block-group is-layout-flow wp-block-group-is-layout-flow\">\n<div class=\"wp-block-buttons is-horizontal is-content-justification-center is-layout-flex wp-container-core-buttons-is-layout-1 wp-block-buttons-is-layout-flex\">\n<div class=\"wp-block-button is-style-b_h_btn\"><a class=\"wp-block-button__link wp-element-button\"><strong>Les v\u00e9hicules \u00e9lectriques<\/strong><\/a><\/div>\n<\/div>\n<\/div>\n<\/div>\n<\/div>\n\n\n\n<hr class=\"wp-block-separator has-css-opacity is-style-bh-separator\"\/>\n","protected":false},"excerpt":{"rendered":"<p>L\u2019Ottawa de demain sera une ville \u00e0 \u00e9mission z\u00e9ro afin de [&hellip;]<\/p>\n","protected":false},"author":4,"featured_media":1074,"parent":0,"menu_order":0,"comment_status":"closed","ping_status":"closed","template":"","meta":{"_acf_changed":false,"inline_featured_image":false,"footnotes":""},"tags":[],"class_list":["post-1792","page","type-page","status-publish","has-post-thumbnail","hentry"],"acf":[],"_links":{"self":[{"href":"https:\/\/betterhomesottawa.ca\/fr\/wp-json\/wp\/v2\/pages\/1792","targetHints":{"allow":["GET"]}}],"collection":[{"href":"https:\/\/betterhomesottawa.ca\/fr\/wp-json\/wp\/v2\/pages"}],"about":[{"href":"https:\/\/betterhomesottawa.ca\/fr\/wp-json\/wp\/v2\/types\/page"}],"author":[{"embeddable":true,"href":"https:\/\/betterhomesottawa.ca\/fr\/wp-json\/wp\/v2\/users\/4"}],"replies":[{"embeddable":true,"href":"https:\/\/betterhomesottawa.ca\/fr\/wp-json\/wp\/v2\/comments?post=1792"}],"version-history":[{"count":2,"href":"https:\/\/betterhomesottawa.ca\/fr\/wp-json\/wp\/v2\/pages\/1792\/revisions"}],"predecessor-version":[{"id":2265,"href":"https:\/\/betterhomesottawa.ca\/fr\/wp-json\/wp\/v2\/pages\/1792\/revisions\/2265"}],"wp:featuredmedia":[{"embeddable":true,"href":"https:\/\/betterhomesottawa.ca\/fr\/wp-json\/wp\/v2\/media\/1074"}],"wp:attachment":[{"href":"https:\/\/betterhomesottawa.ca\/fr\/wp-json\/wp\/v2\/media?parent=1792"}],"wp:term":[{"taxonomy":"post_tag","embeddable":true,"href":"https:\/\/betterhomesottawa.ca\/fr\/wp-json\/wp\/v2\/tags?post=1792"}],"curies":[{"name":"wp","href":"https:\/\/api.w.org\/{rel}","templated":true}]}}