{"id":1800,"date":"2021-11-19T15:37:43","date_gmt":"2021-11-19T20:37:43","guid":{"rendered":"https:\/\/betterhomesottawa.ca\/les-vehicules-electriques\/"},"modified":"2021-11-19T15:37:45","modified_gmt":"2021-11-19T20:37:45","slug":"les-vehicules-electriques","status":"publish","type":"page","link":"https:\/\/betterhomesottawa.ca\/fr\/les-vehicules-electriques\/","title":{"rendered":"Les v\u00e9hicules \u00e9lectriques"},"content":{"rendered":"\n<h2 class=\"wp-block-heading\">L\u2019avenir d\u2019Ottawa est \u00e9lectrique! Passer des v\u00e9hicules \u00e0 essence et au diesel aux v\u00e9hicules \u00e9lectriques est l\u2019une des mesures majeures qui permettront \u00e0 la Ville d\u2019Ottawa d\u2019atteindre son objectif d\u2019\u00e9liminer compl\u00e8tement les \u00e9missions de gaz \u00e0 effet de serre d\u2019ici 2050. Pour y parvenir, d\u2019ici 2030, <strong>90<\/strong> % des nouveaux v\u00e9hicules vendus devront \u00eatre \u00e9lectriques. <\/h2>\n\n<p>Gr\u00e2ce au r\u00e9seau \u00e9lectrique \u00e0 faible \u00e9mission de carbone d\u2019Ottawa, pourquoi ne pas faire le saut et profiter des avantages offerts \u00e0 l\u2019achat d\u2019un v\u00e9hicule \u00e9lectrique? <\/p>\n\n<figure class=\"wp-block-image size-large\"><img loading=\"lazy\" decoding=\"async\" width=\"2560\" height=\"1440\" src=\"https:\/\/betterhomesottawa.ca\/wp-content\/uploads\/2021\/10\/iStock-1171726976-edited-scaled.jpg\" alt=\"\" class=\"wp-image-1054\" srcset=\"https:\/\/betterhomesottawa.ca\/wp-content\/uploads\/2021\/10\/iStock-1171726976-edited-scaled.jpg 2560w, https:\/\/betterhomesottawa.ca\/wp-content\/uploads\/2021\/10\/iStock-1171726976-edited-300x169.jpg 300w, https:\/\/betterhomesottawa.ca\/wp-content\/uploads\/2021\/10\/iStock-1171726976-edited-1024x576.jpg 1024w, https:\/\/betterhomesottawa.ca\/wp-content\/uploads\/2021\/10\/iStock-1171726976-edited-768x432.jpg 768w, https:\/\/betterhomesottawa.ca\/wp-content\/uploads\/2021\/10\/iStock-1171726976-edited-1536x864.jpg 1536w, https:\/\/betterhomesottawa.ca\/wp-content\/uploads\/2021\/10\/iStock-1171726976-edited-2048x1152.jpg 2048w\" sizes=\"auto, (max-width: 2560px) 100vw, 2560px\" \/><\/figure>\n\n<h2 class=\"wp-block-heading\">Le saviez-vous?<\/h2>\n\n<p>Bien que tous les v\u00e9hicules \u00e9lectriques soient vendus avec un ensemble de c\u00e2bles qui vous permet de les recharger \u00e0 l\u2019aide d\u2019une prise murale standard aliment\u00e9e de 120 volts (recharge de niveau 1). Si vous vous d\u00e9placez principalement dans les limites d\u2019Ottawa, la recharge d\u2019un v\u00e9hicule \u00e9lectrique pendant la nuit \u00e0 l\u2019aide d\u2019une prise murale standard peut fournir suffisamment d\u2019\u00e9nergie pour vous permettre de r\u00e9aliser vos activit\u00e9s quotidiennes. <\/p>\n\n<p>Vous avez besoin d\u2019une recharge plus rapide? Les bornes de recharge d\u00e9di\u00e9es \u00e0 cet effet utilisent un syst\u00e8me de 240 volts (semblable \u00e0 la prise d\u2019une s\u00e9cheuse ou d\u2019une cuisini\u00e8re) et peuvent \u00eatre install\u00e9es \u00e0 la maison ou au travail par un \u00e9lectricien autoris\u00e9. C\u2019est ce qu\u2019on appelle la \u00ab recharge de niveau 2 \u00bb. Si vous conduisez beaucoup, ou si vous faites plusieurs trajets en ville chaque jour, ces bornes de recharge plus rapides peuvent recharger les batteries des v\u00e9hicules de cinq \u00e0 six fois plus rapidement qu\u2019une prise murale standard. Vous serez ainsi assur\u00e9 d\u2019avoir toujours suffisamment de recharge pour vous rendre \u00e0 votre destination. Il existe \u00e9galement des \u00ab bornes de recharge de niveau 3 \u00bb, que l\u2019on trouve g\u00e9n\u00e9ralement dans les bornes de recharge publiques, pouvant charger votre batterie \u00e0 80 % en moins de 45 minutes! <\/p>\n\n<p>La plupart des conducteurs de v\u00e9hicules \u00e9lectriques effectuent la majeure partie de leur recharge \u00e0 la maison, alors pourquoi ne pas pr\u00e9parer votre maison et votre place de stationnement pour l\u2019avenir? <\/p>\n\n<p>Divers incitatifs sont actuellement offerts \u00e0 l\u2019achat d\u2019un VE neuf ou d\u2019occasion et \u00e0 l\u2019installation d\u2019une borne de recharge de VE \u00e0 votre domicile. Pour obtenir de plus amples renseignements et pour savoir pourquoi un VE pourrait vous convenir, veuillez consulter le site <a rel=\"noreferrer noopener\" href=\"https:\/\/ottawa.ca\/en\/living-ottawa\/environment-conservation-and-climate\/climate-change-and-energy\/electric-vehicles\" target=\"_blank\">Web de la Ville d\u2019Ottawa<\/a>. <\/p>\n\n<hr class=\"wp-block-separator is-style-bh-separator\"\/>\n","protected":false},"excerpt":{"rendered":"<p>L\u2019avenir d\u2019Ottawa est \u00e9lectrique! Passer des v\u00e9hicules \u00e0 essence et au [&hellip;]<\/p>\n","protected":false},"author":4,"featured_media":992,"parent":0,"menu_order":0,"comment_status":"closed","ping_status":"closed","template":"","meta":{"_acf_changed":false,"inline_featured_image":false,"footnotes":""},"tags":[],"class_list":["post-1800","page","type-page","status-publish","has-post-thumbnail","hentry"],"acf":[],"_links":{"self":[{"href":"https:\/\/betterhomesottawa.ca\/fr\/wp-json\/wp\/v2\/pages\/1800","targetHints":{"allow":["GET"]}}],"collection":[{"href":"https:\/\/betterhomesottawa.ca\/fr\/wp-json\/wp\/v2\/pages"}],"about":[{"href":"https:\/\/betterhomesottawa.ca\/fr\/wp-json\/wp\/v2\/types\/page"}],"author":[{"embeddable":true,"href":"https:\/\/betterhomesottawa.ca\/fr\/wp-json\/wp\/v2\/users\/4"}],"replies":[{"embeddable":true,"href":"https:\/\/betterhomesottawa.ca\/fr\/wp-json\/wp\/v2\/comments?post=1800"}],"version-history":[{"count":0,"href":"https:\/\/betterhomesottawa.ca\/fr\/wp-json\/wp\/v2\/pages\/1800\/revisions"}],"wp:featuredmedia":[{"embeddable":true,"href":"https:\/\/betterhomesottawa.ca\/fr\/wp-json\/wp\/v2\/media\/992"}],"wp:attachment":[{"href":"https:\/\/betterhomesottawa.ca\/fr\/wp-json\/wp\/v2\/media?parent=1800"}],"wp:term":[{"taxonomy":"post_tag","embeddable":true,"href":"https:\/\/betterhomesottawa.ca\/fr\/wp-json\/wp\/v2\/tags?post=1800"}],"curies":[{"name":"wp","href":"https:\/\/api.w.org\/{rel}","templated":true}]}}