{"id":1807,"date":"2021-11-19T15:51:25","date_gmt":"2021-11-19T20:51:25","guid":{"rendered":"https:\/\/betterhomesottawa.ca\/lavenir-dottawa\/"},"modified":"2021-11-19T15:51:28","modified_gmt":"2021-11-19T20:51:28","slug":"lavenir-dottawa","status":"publish","type":"page","link":"https:\/\/betterhomesottawa.ca\/fr\/lavenir-dottawa\/","title":{"rendered":"L&rsquo;avenir d&rsquo;Ottawa"},"content":{"rendered":"\n<div class=\"wp-block-columns are-vertically-aligned-center is-layout-flex wp-container-core-columns-is-layout-1 wp-block-columns-is-layout-flex\">\n<div class=\"wp-block-column is-vertically-aligned-center is-layout-flow wp-block-column-is-layout-flow\" style=\"flex-basis:33.33%\">\n<figure class=\"wp-block-image size-large\"><img loading=\"lazy\" decoding=\"async\" width=\"1024\" height=\"681\" src=\"https:\/\/betterhomesottawa.ca\/wp-content\/uploads\/2021\/10\/iStock-1093775006-1024x681.png\" alt=\"\" class=\"wp-image-988\" srcset=\"https:\/\/betterhomesottawa.ca\/wp-content\/uploads\/2021\/10\/iStock-1093775006-1024x681.png 1024w, https:\/\/betterhomesottawa.ca\/wp-content\/uploads\/2021\/10\/iStock-1093775006-300x200.png 300w, https:\/\/betterhomesottawa.ca\/wp-content\/uploads\/2021\/10\/iStock-1093775006-768x511.png 768w, https:\/\/betterhomesottawa.ca\/wp-content\/uploads\/2021\/10\/iStock-1093775006.png 1160w\" sizes=\"auto, (max-width: 1024px) 100vw, 1024px\" \/><\/figure>\n<\/div>\n\n\n\n<div class=\"wp-block-column is-vertically-aligned-center is-layout-flow wp-block-column-is-layout-flow\" style=\"flex-basis:66.66%\">\n<h2 class=\"m0 wp-block-heading\">L\u2019Ottawa de demain<\/h2>\n\n\n\n<p>L\u2019Ottawa de demain sera une ville \u00e0 \u00e9mission z\u00e9ro afin de veiller \u00e0 ce que nous fassions notre part pour \u00e9viter les pires impacts du changement climatique provoqu\u00e9s par les \u00e9missions et \u00e0 ce que notre \u00e9conomie locale s\u2019aligne sur l\u2019\u00e9conomie mondiale \u00e0 faible \u00e9mission de carbone et respecte toutes les r\u00e8gles qui y sont associ\u00e9es.<\/p>\n\n\n\n<div class=\"wp-block-buttons is-layout-flex wp-block-buttons-is-layout-flex\">\n<div class=\"wp-block-button\"><a class=\"wp-block-button__link\" href=\"https:\/\/betterhomesottawa.ca\/fr\/lottawa-de-demain\/\">En savoir plus<\/a><\/div>\n<\/div>\n<\/div>\n<\/div>\n\n<div style=\"height:30px\" aria-hidden=\"true\" class=\"wp-block-spacer\"><\/div>\n\n<div class=\"wp-block-columns are-vertically-aligned-center is-layout-flex wp-container-core-columns-is-layout-2 wp-block-columns-is-layout-flex\">\n<div class=\"wp-block-column is-vertically-aligned-center is-layout-flow wp-block-column-is-layout-flow\" style=\"flex-basis:33.33%\">\n<figure class=\"wp-block-image size-large\"><img loading=\"lazy\" decoding=\"async\" width=\"1024\" height=\"576\" src=\"https:\/\/betterhomesottawa.ca\/wp-content\/uploads\/2021\/10\/iStock-1291216743-edited-1024x576.jpg\" alt=\"A mid-adult female plugs her car in to charge and is conscious of her energy consumption and her carbon footprint.\" class=\"wp-image-992\" srcset=\"https:\/\/betterhomesottawa.ca\/wp-content\/uploads\/2021\/10\/iStock-1291216743-edited-1024x576.jpg 1024w, https:\/\/betterhomesottawa.ca\/wp-content\/uploads\/2021\/10\/iStock-1291216743-edited-300x169.jpg 300w, https:\/\/betterhomesottawa.ca\/wp-content\/uploads\/2021\/10\/iStock-1291216743-edited-768x432.jpg 768w, https:\/\/betterhomesottawa.ca\/wp-content\/uploads\/2021\/10\/iStock-1291216743-edited-1536x864.jpg 1536w, https:\/\/betterhomesottawa.ca\/wp-content\/uploads\/2021\/10\/iStock-1291216743-edited-2048x1152.jpg 2048w\" sizes=\"auto, (max-width: 1024px) 100vw, 1024px\" \/><\/figure>\n<\/div>\n\n\n\n<div class=\"wp-block-column is-vertically-aligned-center is-layout-flow wp-block-column-is-layout-flow\" style=\"flex-basis:66.66%\">\n<h2 class=\"m0 wp-block-heading\">Les v\u00e9hicules \u00e9lectriques<\/h2>\n\n\n\n<p>L\u2019avenir d\u2019Ottawa est \u00e9lectrique! Passer des v\u00e9hicules \u00e0 essence et au diesel aux v\u00e9hicules \u00e9lectriques est l\u2019une des mesures majeures qui permettront \u00e0 la Ville d\u2019Ottawa d\u2019atteindre son objectif d\u2019\u00e9liminer compl\u00e8tement les \u00e9missions de gaz \u00e0 effet de serre d\u2019ici 2050. Pour y parvenir, d\u2019ici 2030, 90 % des nouveaux v\u00e9hicules vendus devront \u00eatre \u00e9lectriques. <\/p>\n\n\n\n<div class=\"wp-block-buttons is-layout-flex wp-block-buttons-is-layout-flex\">\n<div class=\"wp-block-button\"><a class=\"wp-block-button__link\" href=\"https:\/\/betterhomesottawa.ca\/fr\/les-vehicules-electriques\/\">En savoir plus<\/a><\/div>\n<\/div>\n<\/div>\n<\/div>\n\n<div style=\"height:30px\" aria-hidden=\"true\" class=\"wp-block-spacer\"><\/div>\n\n<div class=\"wp-block-columns are-vertically-aligned-center is-layout-flex wp-container-core-columns-is-layout-3 wp-block-columns-is-layout-flex\">\n<div class=\"wp-block-column is-vertically-aligned-center is-layout-flow wp-block-column-is-layout-flow\" style=\"flex-basis:33.33%\">\n<figure class=\"wp-block-image size-large\"><img loading=\"lazy\" decoding=\"async\" width=\"1024\" height=\"482\" src=\"https:\/\/betterhomesottawa.ca\/wp-content\/uploads\/2021\/10\/Futurehomes_banner-1024x482.png\" alt=\"\" class=\"wp-image-1214\" srcset=\"https:\/\/betterhomesottawa.ca\/wp-content\/uploads\/2021\/10\/Futurehomes_banner-1024x482.png 1024w, https:\/\/betterhomesottawa.ca\/wp-content\/uploads\/2021\/10\/Futurehomes_banner-300x141.png 300w, https:\/\/betterhomesottawa.ca\/wp-content\/uploads\/2021\/10\/Futurehomes_banner-768x361.png 768w, https:\/\/betterhomesottawa.ca\/wp-content\/uploads\/2021\/10\/Futurehomes_banner-1536x723.png 1536w, https:\/\/betterhomesottawa.ca\/wp-content\/uploads\/2021\/10\/Futurehomes_banner-2048x963.png 2048w\" sizes=\"auto, (max-width: 1024px) 100vw, 1024px\" \/><\/figure>\n<\/div>\n\n\n\n<div class=\"wp-block-column is-vertically-aligned-center is-layout-flow wp-block-column-is-layout-flow\" style=\"flex-basis:66.66%\">\n<h2 class=\"m0 wp-block-heading\">Futures Maisons Ottawa<\/h2>\n\n\n\n<p><meta charset=\"utf-8\"\/>Futures Maisons Ottawa est un projet de collaboration communautaire, chapeaut\u00e9 par EnviroCentre et Ottawa Energy Collective, visant \u00e0 mobiliser les gens et \u00e0 les faire participer aux grands travaux d\u2019am\u00e9lioration \u00e9nerg\u00e9tique requis pour moderniser les demeures et transformer les quartiers, et ainsi cr\u00e9er des communaut\u00e9s d\u2019avenir \u00e0 faibles \u00e9missions, r\u00e9silientes et adapt\u00e9es au climat. <\/p>\n\n\n\n<div class=\"wp-block-buttons is-layout-flex wp-block-buttons-is-layout-flex\">\n<div class=\"wp-block-button\"><a class=\"wp-block-button__link\" href=\"https:\/\/betterhomesottawa.ca\/fr\/futures-maisons-ottawa\/\">En savoir plus<\/a><\/div>\n<\/div>\n<\/div>\n<\/div>\n\n<hr class=\"wp-block-separator is-style-bh-separator\"\/>\n","protected":false},"excerpt":{"rendered":"<p>L\u2019Ottawa de demain L\u2019Ottawa de demain sera une ville \u00e0 \u00e9mission [&hellip;]<\/p>\n","protected":false},"author":4,"featured_media":0,"parent":0,"menu_order":0,"comment_status":"closed","ping_status":"closed","template":"","meta":{"_acf_changed":false,"inline_featured_image":false,"footnotes":""},"tags":[],"class_list":["post-1807","page","type-page","status-publish","hentry"],"acf":[],"_links":{"self":[{"href":"https:\/\/betterhomesottawa.ca\/fr\/wp-json\/wp\/v2\/pages\/1807","targetHints":{"allow":["GET"]}}],"collection":[{"href":"https:\/\/betterhomesottawa.ca\/fr\/wp-json\/wp\/v2\/pages"}],"about":[{"href":"https:\/\/betterhomesottawa.ca\/fr\/wp-json\/wp\/v2\/types\/page"}],"author":[{"embeddable":true,"href":"https:\/\/betterhomesottawa.ca\/fr\/wp-json\/wp\/v2\/users\/4"}],"replies":[{"embeddable":true,"href":"https:\/\/betterhomesottawa.ca\/fr\/wp-json\/wp\/v2\/comments?post=1807"}],"version-history":[{"count":0,"href":"https:\/\/betterhomesottawa.ca\/fr\/wp-json\/wp\/v2\/pages\/1807\/revisions"}],"wp:attachment":[{"href":"https:\/\/betterhomesottawa.ca\/fr\/wp-json\/wp\/v2\/media?parent=1807"}],"wp:term":[{"taxonomy":"post_tag","embeddable":true,"href":"https:\/\/betterhomesottawa.ca\/fr\/wp-json\/wp\/v2\/tags?post=1807"}],"curies":[{"name":"wp","href":"https:\/\/api.w.org\/{rel}","templated":true}]}}