{"id":2032,"date":"2022-06-22T09:50:13","date_gmt":"2022-06-22T13:50:13","guid":{"rendered":"https:\/\/betterhomesottawa.ca\/canada-greener-homes-loan\/"},"modified":"2022-06-22T10:08:11","modified_gmt":"2022-06-22T14:08:11","slug":"canada-greener-homes-loan","status":"publish","type":"page","link":"https:\/\/betterhomesottawa.ca\/fr\/canada-greener-homes-loan\/","title":{"rendered":"Pr\u00eat canadien pour des maisons plus vertes"},"content":{"rendered":"\n<h3 class=\"wp-block-heading\">Le Pr\u00eat canadien pour des maisons plus vertes offre du financement sans int\u00e9r\u00eat pour vous aider \u00e0 effectuer certaines des r\u00e9novations les plus importantes recommand\u00e9es par votre conseiller en efficacit\u00e9 \u00e9nerg\u00e9tique.<\/h3>\n\n<p>Le Pr\u00eat canadien pour des maisons plus vertes est offert conjointement avec la <a href=\"https:\/\/betterhomesottawa.ca\/fr\/programmes-de-rabais-et-incitatifs\/des-maisons-plus-vertes\/\" target=\"_blank\" rel=\"noreferrer noopener\">Subvention canadienne pour des maisons plus vertes<\/a> dans le cadre de l\u2019initiative canadienne pour des maisons plus vertes. <\/p>\n\n<h2 class=\"wp-block-heading\">Renseignements sur le pr\u00eat<\/h2>\n\n<p><strong>Maximum<\/strong> : 40 000 $<br\/><strong>Minimum:<\/strong> 5 000 $<br\/><strong>Modalit\u00e9s de remboursement :<\/strong> 10 ans, sans int\u00e9r\u00eat<br\/><strong>Type de pr\u00eat :<\/strong> Pr\u00eat personnel non garanti, sur approbation du cr\u00e9dit<\/p>\n\n<p>Un maximum d\u2019un pr\u00eat est offert par propri\u00e9t\u00e9 admissible et par propri\u00e9taire-occupant.<\/p>\n\n<h2 class=\"wp-block-heading\">R\u00e9novations admissibles<\/h2>\n\n<p>Le pr\u00eat ne peut vous aider qu\u2019\u00e0 financer les produits et les installations qui font partie d\u2019une r\u00e9novation \u00e0 la fois recommand\u00e9e par un conseiller en efficacit\u00e9 \u00e9nerg\u00e9tique et admissible \u00e0 la subvention. Il s&rsquo;agit notamment de :<\/p>\n\n<ul class=\"wp-block-list\"><li><strong>Isolation des maisons<\/strong> &#8211; jusqu\u2019\u00e0 5 000 $<ul><li>Isolation du grenier\/du plafond<\/li><li>Isolation du grenier\/du plafond<\/li><li>Isolation du grenier\/du plafond<\/li><li>Isolation du sous-sol\/de la fondation<\/li><li>Isolation des vides sanitaires<\/li><\/ul><\/li><li><strong>\u00c9tanch\u00e9isation<\/strong> &#8211; jusqu\u2019\u00e0 1 000 $<\/li><li><strong>Fen\u00eatres et portes <\/strong> &#8211; chaque ouverture brute est admissible \u00e0 une subvention de 125 $ ou 250 $<\/li><li><strong>Thermostats<\/strong>\u2013 jusqu\u2019\u00e0 50 $ (doit \u00eatre combin\u00e9 \u00e0 une autre r\u00e9novation \u00e9co\u00e9nerg\u00e9tique)<\/li><li><strong>Chauffe-eau \u00e0 thermopompe<\/strong> \u2013 jusqu\u2019\u00e0 5 000 $<ul><li>thermopompes<\/li><li>thermopompes \u00e0 air et thermopompes \u00e0 air pour climat froid<\/li><li>Chauffe-eau \u00e0 thermopompe (jusqu\u2019\u00e0 1 000 $)<\/li><\/ul><\/li><li><strong>Syst\u00e8mes d\u2019\u00e9nergie renouvelable<\/strong> \u2013 jusqu\u2019\u00e0 5 000 $<\/li><li><strong>Mesures de r\u00e9silience<\/strong> \u2013 jusqu\u2019\u00e0 2 625 $ (doit \u00eatre combin\u00e9 \u00e0 une autre r\u00e9novation \u00e9co\u00e9nerg\u00e9tique)<\/li><\/ul>\n\n<p>Pour une liste compl\u00e8te des r\u00e9novations admissibles, veuillez consulter le <a href=\"https:\/\/www.nrcan.gc.ca\/energy-efficiency\/homes\/canada-greener-homes-grant\/start-your-energy-efficient-retrofits\/23443#G3\">portail du Pr\u00eat canadien pour des maisons plus vertes<\/a>. <\/p>\n\n<p>Afin de commencer les travaux dans votre maison, une partie du pr\u00eat peut vous \u00eatre remise d&rsquo;avance. Les entrepreneurs exigent souvent un acompte pour ce type de projet. Le solde du pr\u00eat sera vers\u00e9 une fois les travaux de r\u00e9novation termin\u00e9s et v\u00e9rifi\u00e9s par une \u00e9valuation apr\u00e8s r\u00e9novation.<\/p>\n\n<p>Pour demander le pr\u00eat, vous devez d&rsquo;abord faire une demande et \u00eatre approuv\u00e9 pour la Subvention canadienne pour les maisons plus vertes. Si vous avez termin\u00e9 votre processus de subvention dans le cadre de l\u2019initiative canadienne pour des maisons plus vertes, visitez<a href=\"https:\/\/cghli.ca\/home\">le portail pour commencer votre processus de pr\u00eat<\/a>.<\/p>\n\n<p> Pour vous inscrire au programme et obtenir de plus amples renseignements, consultez le site de <a rel=\"noreferrer noopener\" href=\"https:\/\/www.nrcan.gc.ca\/energy-efficiency\/homes\/canada-greener-homes-grant\/23441\" target=\"_blank\"><strong>Ressources naturelles Canada<\/strong><\/a>. <\/p>\n\n<hr class=\"wp-block-separator has-alpha-channel-opacity is-style-bh-separator\"\/>\n","protected":false},"excerpt":{"rendered":"<p>Le Pr\u00eat canadien pour des maisons plus vertes offre du financement [&hellip;]<\/p>\n","protected":false},"author":4,"featured_media":0,"parent":0,"menu_order":0,"comment_status":"closed","ping_status":"closed","template":"","meta":{"_acf_changed":false,"inline_featured_image":false,"footnotes":""},"tags":[],"class_list":["post-2032","page","type-page","status-publish","hentry"],"acf":[],"_links":{"self":[{"href":"https:\/\/betterhomesottawa.ca\/fr\/wp-json\/wp\/v2\/pages\/2032","targetHints":{"allow":["GET"]}}],"collection":[{"href":"https:\/\/betterhomesottawa.ca\/fr\/wp-json\/wp\/v2\/pages"}],"about":[{"href":"https:\/\/betterhomesottawa.ca\/fr\/wp-json\/wp\/v2\/types\/page"}],"author":[{"embeddable":true,"href":"https:\/\/betterhomesottawa.ca\/fr\/wp-json\/wp\/v2\/users\/4"}],"replies":[{"embeddable":true,"href":"https:\/\/betterhomesottawa.ca\/fr\/wp-json\/wp\/v2\/comments?post=2032"}],"version-history":[{"count":0,"href":"https:\/\/betterhomesottawa.ca\/fr\/wp-json\/wp\/v2\/pages\/2032\/revisions"}],"wp:attachment":[{"href":"https:\/\/betterhomesottawa.ca\/fr\/wp-json\/wp\/v2\/media?parent=2032"}],"wp:term":[{"taxonomy":"post_tag","embeddable":true,"href":"https:\/\/betterhomesottawa.ca\/fr\/wp-json\/wp\/v2\/tags?post=2032"}],"curies":[{"name":"wp","href":"https:\/\/api.w.org\/{rel}","templated":true}]}}