{"id":315,"date":"2021-08-24T14:31:47","date_gmt":"2021-08-24T18:31:47","guid":{"rendered":"https:\/\/betterhomesottawa.ca\/des-maisons-plus-vertes\/"},"modified":"2021-08-24T14:34:00","modified_gmt":"2021-08-24T18:34:00","slug":"des-maisons-plus-vertes","status":"publish","type":"page","link":"https:\/\/betterhomesottawa.ca\/fr\/programmes-de-rabais-et-incitatifs\/des-maisons-plus-vertes\/","title":{"rendered":"Des maisons plus vertes"},"content":{"rendered":"\n<p>Si vous avez l\u2019intention d\u2019effectuer des r\u00e9novations \u00e9conerg\u00e9tiques ou si vous avez effectu\u00e9 une \u00e9valuation \u00c9nerGuide de votre habitation depuis le 1er d\u00e9cembre 2020, vous pourriez avoir droit \u00e0 une subvention f\u00e9d\u00e9rale pouvant atteindre 5.600 $.<\/p>\n\n\n\n<p>Avant d\u2019amorcer les travaux, vous devez faire faire une v\u00e9rification \u00e9nerg\u00e9tique initiale par un conseiller en efficacit\u00e9 \u00e9nerg\u00e9tique agr\u00e9\u00e9. Ce dernier vous aidera \u00e0 \u00e9tablir l\u2019ordre de priorit\u00e9 des \u00e9ventuelles am\u00e9liorations \u00e9conerg\u00e9tiques admissibles, \u00e0 mesurer les r\u00e9sultats obtenus et \u00e0 soumettre au programme toutes les am\u00e9liorations apport\u00e9es en vue d\u2019obtenir vos incitatifs! Votre v\u00e9rification initiale comprend un rapport de v\u00e9rification \u00e9nerg\u00e9tique d\u00e9taill\u00e9, une \u00e9tiquette \u00c9nerGuide pour votre habitation ainsi que les recommandations de votre conseiller en efficacit\u00e9 \u00e9nerg\u00e9tique.<\/p>\n\n\n\n<p>Une fois que la v\u00e9rification \u00e9nerg\u00e9tique initiale aura \u00e9t\u00e9 r\u00e9alis\u00e9e, vous pouvez entreprendre les r\u00e9novations que vous aviez pr\u00e9vues.<\/p>\n\n\n\n<p class=\"has-small-font-size\"><strong>Remarque:<\/strong> Les travaux entrepris avant la v\u00e9rification initiale ou apr\u00e8s la v\u00e9rification finale ne sont pas admissibles aux remises.<\/p>\n\n\n\n<p>Les <a href=\"https:\/\/www.nrcan.gc.ca\/energy-efficiency\/homes\/canada-greener-homes-grant\/make-your-home-more-energy-efficient\/plan-document-and-complete-your-home-retrofits\/eligible-grants-for-my-home-retrofit\/23504\" target=\"_blank\" rel=\"noreferrer noopener\">r\u00e9novations<\/a> suivantes sont admissibles aux subventions, <strong>qui peuvent atteindre 5.000$<\/strong>:<\/p>\n\n\n\n<ul class=\"wp-block-list\"><li>Isolation de la maison <ul><li>Grenier et plafond<\/li><li>Murs ext\u00e9rieurs<\/li><li>Planchers expos\u00e9s<\/li><li>Sous-sol ou fondation<\/li><li>Vide sanitaire<\/li><\/ul><\/li><li>\u00c9tanch\u00e9isation <\/li><li>Fen\u00eatres et portes<\/li><li>Thermostat intelligent<\/li><li>Thermopompe \u00e0 air et thermopompe \u00e0 air pour climat froid <\/li><li>Thermopompe g\u00e9othermique <\/li><li>Chauffe-eau r\u00e9sidentiel thermodynamique <\/li><li>Panneaux solaires photovolta\u00efques <\/li><li>Mesures de r\u00e9silience<ul><li>Batterie pour syst\u00e8me photovolta\u00efque <\/li><li>Membrane d\u2019\u00e9tanch\u00e9it\u00e9 <\/li><li>\u00c9tanch\u00e9isation des fondations <\/li><li>Imperm\u00e9abilisation du plancher, des murs et des solives de rive du vide sanitaire <\/li><\/ul><\/li><\/ul>\n\n\n\n<p>Une fois que vos r\u00e9novations seront termin\u00e9es et que vous aurez avis\u00e9 votre organisme de service, votre conseiller en efficacit\u00e9 \u00e9nerg\u00e9tique reviendra effectuer une v\u00e9rification \u00e9nerg\u00e9tique apr\u00e8s r\u00e9novation. Celle-ci comprendra un rapport de v\u00e9rification \u00e9nerg\u00e9tique d\u00e9taill\u00e9 et une \u00e9tiquette \u00c9nerGuide \u00e0 jour pour votre habitation. <\/p>\n\n\n\n<p>Outre la subvention de 5.000 $ pour les r\u00e9novations, vous pourriez \u00e9galement recevoir une subvention <strong>pouvant atteindre 600 $ pour couvrir le co\u00fbt des<\/strong> <a href=\"https:\/\/betterhomesto.ca\/energuide-home-energy-evaluation\/\" target=\"_blank\" rel=\"noreferrer noopener\"><strong>\u00e9valuations \u00c9nerGuide<\/strong><\/a> si vous avez effectu\u00e9 au moins une r\u00e9novation admissible recommand\u00e9e par votre conseiller agr\u00e9\u00e9. Pour recevoir une subvention, vous devez faire faire les deux \u00e9valuations \u00e9nerg\u00e9tiques : avant et apr\u00e8s r\u00e9novation. <\/p>\n\n\n\n<p>Veuillez noter que les appartements ou logements en copropri\u00e9t\u00e9 situ\u00e9s dans de grands immeubles ne sont g\u00e9n\u00e9ralement pas admissibles. Les types de propri\u00e9t\u00e9 admissibles sont les suivants: <\/p>\n\n\n\n<ul class=\"wp-block-list\"><li>Maisons unifamiliales ou jumel\u00e9es <\/li><li>Maisons en rang\u00e9e <\/li><li>Chalets quatre saisons <\/li><li>Chalets quatre saisons <\/li><li>Maisons mobiles sur une fondation permanente <\/li><li>Maisons flottantes amarr\u00e9es de fa\u00e7on permanente <\/li><li>Immeubles polyvalents (partie r\u00e9sidentielle uniquement) <\/li><li>B\u00e2timents r\u00e9sidentiels \u00e0 unit\u00e9s multiples de petite taille (trois \u00e9tages ou moins, et moins de 600 m2) <\/li><\/ul>\n\n\n\n<p>La propri\u00e9t\u00e9 doit \u00eatre votre r\u00e9sidence principale, et vous serez tenu d\u2019en fournir la preuve ainsi que l\u2019information sur l\u2019imp\u00f4t foncier quand vous vous inscrirez au programme. <\/p>\n\n\n\n<p>Les maisons neuves ne sont pas admissibles \u00e0 la subvention. <\/p>\n\n\n\n<p>Pour vous inscrire au programme et obtenir de plus amples renseignements, consultez le site de <a rel=\"noreferrer noopener\" href=\"https:\/\/www.nrcan.gc.ca\/energy-efficiency\/homes\/canada-greener-homes-grant\/23441\" target=\"_blank\"><strong>Ressources naturelles Canada.<\/strong><\/a> <\/p>\n\n\n\n<hr class=\"wp-block-separator is-style-bh-separator\"\/>\n","protected":false},"excerpt":{"rendered":"<p>Si vous avez l\u2019intention d\u2019effectuer des r\u00e9novations \u00e9conerg\u00e9tiques ou si vous [&hellip;]<\/p>\n","protected":false},"author":4,"featured_media":0,"parent":567,"menu_order":0,"comment_status":"closed","ping_status":"closed","template":"","meta":{"_acf_changed":false,"inline_featured_image":false,"footnotes":""},"tags":[24],"class_list":["post-315","page","type-page","status-publish","hentry","tag-rabais-incitatifs-et-financement"],"acf":[],"_links":{"self":[{"href":"https:\/\/betterhomesottawa.ca\/fr\/wp-json\/wp\/v2\/pages\/315","targetHints":{"allow":["GET"]}}],"collection":[{"href":"https:\/\/betterhomesottawa.ca\/fr\/wp-json\/wp\/v2\/pages"}],"about":[{"href":"https:\/\/betterhomesottawa.ca\/fr\/wp-json\/wp\/v2\/types\/page"}],"author":[{"embeddable":true,"href":"https:\/\/betterhomesottawa.ca\/fr\/wp-json\/wp\/v2\/users\/4"}],"replies":[{"embeddable":true,"href":"https:\/\/betterhomesottawa.ca\/fr\/wp-json\/wp\/v2\/comments?post=315"}],"version-history":[{"count":0,"href":"https:\/\/betterhomesottawa.ca\/fr\/wp-json\/wp\/v2\/pages\/315\/revisions"}],"up":[{"embeddable":true,"href":"https:\/\/betterhomesottawa.ca\/fr\/wp-json\/wp\/v2\/pages\/567"}],"wp:attachment":[{"href":"https:\/\/betterhomesottawa.ca\/fr\/wp-json\/wp\/v2\/media?parent=315"}],"wp:term":[{"taxonomy":"post_tag","embeddable":true,"href":"https:\/\/betterhomesottawa.ca\/fr\/wp-json\/wp\/v2\/tags?post=315"}],"curies":[{"name":"wp","href":"https:\/\/api.w.org\/{rel}","templated":true}]}}