{"id":321,"date":"2021-08-24T14:58:00","date_gmt":"2021-08-24T18:58:00","guid":{"rendered":"https:\/\/betterhomesottawa.ca\/programme-de-protection-de-votre-habitation-contre-les-intemperies-de-lhiver\/"},"modified":"2021-08-24T14:58:01","modified_gmt":"2021-08-24T18:58:01","slug":"programme-de-protection-de-votre-habitation-contre-les-intemperies-de-lhiver","status":"publish","type":"page","link":"https:\/\/betterhomesottawa.ca\/fr\/programmes-de-rabais-et-incitatifs\/programme-de-protection-de-votre-habitation-contre-les-intemperies-de-lhiver\/","title":{"rendered":"Programme de protection de votre habitation contre les intemp\u00e9ries de l\u2019hiver"},"content":{"rendered":"\n<p>Les clients d\u2019Enbridge Gas admissibles selon leur revenu qui vivent dans une habitation construite avant 1980 peuvent rendre leur logement plus confortable et faire des \u00e9conomies d\u2019\u00e9nergie <strong>sans d\u00e9bourser un sou<\/strong> gr\u00e2ce au Programme de protection de votre habitation contre les intemp\u00e9ries de l\u2019hiver. <\/p>\n\n<p>Si vous et votre logement \u00eates admissibles, vous b\u00e9n\u00e9ficierez <strong>gratuitement<\/strong> d\u2019am\u00e9liorations domiciliaires, notamment des travaux d\u2019isolation et d\u2019\u00e9tanch\u00e9isation et l\u2019installation d\u2019un thermostat intelligent. Ces mesures sont d\u00e9termin\u00e9es par un conseiller en efficacit\u00e9 \u00e9nerg\u00e9tique et men\u00e9es \u00e0 bien par des entrepreneurs professionnels. <\/p>\n\n<p>Ces r\u00e9novations domiciliaires visent \u00e0 rendre votre habitation plus \u00e9conerg\u00e9tique, ce qui am\u00e9liorera \u00e9galement votre confort \u00e0 l\u2019ann\u00e9e longue et r\u00e9duira le recours aux services publics et d\u00e8s lors votre facture! <\/p>\n\n<p>Le programme est ouvert aux clients d\u2019Enbridge Gas qui : <\/p>\n\n<ul class=\"wp-block-list\"><li>chauffent leur maison avec une fournaise ou une chaudi\u00e8re au gaz; <\/li><li>ont un compte Enbridge \u00e0 leur nom; <\/li><li>vivent dans une habitation construite avant 1980; <\/li><li>satisfont aux crit\u00e8res relatifs au revenu du m\u00e9nage ou \u00e0 ceux d\u2019un programme d\u2019aide gouvernementale. <\/li><\/ul>\n\n<p>Pour en savoir plus, par exemple sur les seuils de revenu, consultez le site du <a rel=\"noreferrer noopener\" href=\"https:\/\/www.enbridgegas.com\/residential\/rebates-energy-conservation\/home-winterproofing-program\" target=\"_blank\"><strong>Programme de protection de votre habitation contre les intemp\u00e9ries de l\u2019hiver (en anglais seulement)<\/strong><\/a>.<strong> <\/strong> <\/p>\n\n<hr class=\"wp-block-separator is-style-bh-separator\"\/>\n","protected":false},"excerpt":{"rendered":"<p>Les clients d\u2019Enbridge Gas admissibles selon leur revenu qui vivent dans [&hellip;]<\/p>\n","protected":false},"author":4,"featured_media":0,"parent":567,"menu_order":0,"comment_status":"closed","ping_status":"closed","template":"","meta":{"_acf_changed":false,"inline_featured_image":false,"footnotes":""},"tags":[24],"class_list":["post-321","page","type-page","status-publish","hentry","tag-rabais-incitatifs-et-financement"],"acf":[],"_links":{"self":[{"href":"https:\/\/betterhomesottawa.ca\/fr\/wp-json\/wp\/v2\/pages\/321","targetHints":{"allow":["GET"]}}],"collection":[{"href":"https:\/\/betterhomesottawa.ca\/fr\/wp-json\/wp\/v2\/pages"}],"about":[{"href":"https:\/\/betterhomesottawa.ca\/fr\/wp-json\/wp\/v2\/types\/page"}],"author":[{"embeddable":true,"href":"https:\/\/betterhomesottawa.ca\/fr\/wp-json\/wp\/v2\/users\/4"}],"replies":[{"embeddable":true,"href":"https:\/\/betterhomesottawa.ca\/fr\/wp-json\/wp\/v2\/comments?post=321"}],"version-history":[{"count":0,"href":"https:\/\/betterhomesottawa.ca\/fr\/wp-json\/wp\/v2\/pages\/321\/revisions"}],"up":[{"embeddable":true,"href":"https:\/\/betterhomesottawa.ca\/fr\/wp-json\/wp\/v2\/pages\/567"}],"wp:attachment":[{"href":"https:\/\/betterhomesottawa.ca\/fr\/wp-json\/wp\/v2\/media?parent=321"}],"wp:term":[{"taxonomy":"post_tag","embeddable":true,"href":"https:\/\/betterhomesottawa.ca\/fr\/wp-json\/wp\/v2\/tags?post=321"}],"curies":[{"name":"wp","href":"https:\/\/api.w.org\/{rel}","templated":true}]}}