{"id":357,"date":"2021-08-25T17:32:47","date_gmt":"2021-08-25T21:32:47","guid":{"rendered":"https:\/\/betterhomesottawa.ca\/futures-maisons-ottawa\/"},"modified":"2022-06-15T14:06:30","modified_gmt":"2022-06-15T18:06:30","slug":"futures-maisons-ottawa","status":"publish","type":"page","link":"https:\/\/betterhomesottawa.ca\/fr\/futures-maisons-ottawa\/","title":{"rendered":"Futures Maisons Ottawa"},"content":{"rendered":"\n<h2 class=\"wp-block-heading\" id=\"welcome-to-ottawa-s-first-neighbourhood-retrofit-project\">Le futur Ottawa est rempli de maisons efficaces, confortables, r\u00e9silientes et \u00e0 \u00e9missions nulles. <\/h2>\n\n<p>Pour y arriver, il faut beaucoup de travail. Le projet Futures Maisons Ottawa d&rsquo;EnviroCentre s&rsquo;efforce de rendre cette vision de l&rsquo;avenir d&rsquo;Ottawa possible, pour les r\u00e9sidents, les commer\u00e7ants, les planificateurs et tous ceux qui vivent ou font des affaires dans notre r\u00e9gion.<\/p>\n\n<p>Future Maisons Ottawa est actuellement dans la phase deux d&rsquo;un programme pilote en trois phases &#8211; cliquez <a rel=\"noreferrer noopener\" href=\"https:\/\/www.envirocentre.ca\/future-homes-phase-one\/\" target=\"_blank\">ici<\/a> pour en savoir plus sur nos travaux pr\u00e9c\u00e9dents. Pour en savoir plus sur la phase 2, continuez \u00e0 lire !<\/p>\n\n<figure class=\"wp-block-image size-full\"><img loading=\"lazy\" decoding=\"async\" width=\"726\" height=\"408\" src=\"https:\/\/betterhomesottawa.ca\/wp-content\/uploads\/2022\/06\/iStock-464549140-edited.jpg\" alt=\"\" class=\"wp-image-2020\" srcset=\"https:\/\/betterhomesottawa.ca\/wp-content\/uploads\/2022\/06\/iStock-464549140-edited.jpg 726w, https:\/\/betterhomesottawa.ca\/wp-content\/uploads\/2022\/06\/iStock-464549140-edited-300x169.jpg 300w\" sizes=\"auto, (max-width: 726px) 100vw, 726px\" \/><\/figure>\n\n<h3 class=\"wp-block-heading\">Pour atteindre notre objectif r\u00e9gional, Futures Maisons Ottawa fait trois choses :<\/h3>\n\n<ol class=\"wp-block-list\" type=\"1\"><li>Sensibilisation aux r\u00e9novations \u00e9nerg\u00e9tiques profondes<\/li><li>Construire un mod\u00e8le de r\u00e9novation r\u00e9sidentielle de masse<\/li><li>Soutenir une planification r\u00e9gionale coordonn\u00e9e sur les r\u00e9novations r\u00e9sidentielles profondes<\/li><\/ol>\n\n<h3 class=\"wp-block-heading\">Comment s&rsquo;engager ?<\/h3>\n\n<p><strong>Si vous \u00eates un r\u00e9sident d&rsquo;Ottawa :<\/strong><\/p>\n\n<ul class=\"wp-block-list\"><li>Continuez \u00e0 lire ce site Web et consultez les sections sur les <a rel=\"noreferrer noopener\" href=\"https:\/\/betterhomesottawa.ca\/fr\/les-grands-projets-de-modernisation\/\" target=\"_blank\">les grands projets de modernisation <\/a>et les <a rel=\"noreferrer noopener\" href=\"https:\/\/betterhomesottawa.ca\/fr\/pour-verdir-votre-maison-en-cinq-etapes\/\" target=\"_blank\">5 \u00e9tapes pour une maison plus verte<\/a>.<\/li><li>Lancez votre processus de r\u00e9novation en r\u00e9servant une \u00e9valuation \u00e9nerg\u00e9tique de votre maison.<\/li><li>Si vous souhaitez participer \u00e0 un projet de r\u00e9novation de masse, <a rel=\"noreferrer noopener\" href=\"mailto:futurehomes@envirocentre.ca\" target=\"_blank\">contactez-nous<\/a>.<\/li><\/ul>\n\n<p><strong>Si vous \u00eates un leader communautaire, nous pouvons vous aider :<\/strong><\/p>\n\n<h3 class=\"wp-block-heading\"><strong>Si vous \u00eates un leader communautaire, nous pouvons vous aider :<\/strong><\/h3>\n\n<ul class=\"wp-block-list\"><li>Lancez un groupe local d&rsquo;\u00e9co-action pour acc\u00e9l\u00e9rer la r\u00e9novation des quartiers.<\/li><li>Mener un projet de r\u00e9novation de quartier dans votre communaut\u00e9<\/li><\/ul>\n\n<p><a rel=\"noreferrer noopener\" href=\"mailto:futurehomes@envirocentre.ca\" target=\"_blank\">Contactez nous<\/a> pour en savoir plus.<\/p>\n\n<h3 class=\"wp-block-heading\" id=\"demo-project-home\"><strong>Si vous \u00eates une entreprise commerciale, un entrepreneur ou un fournisseur de mat\u00e9riaux de r\u00e9novation :<\/strong><\/h3>\n\n<ul class=\"wp-block-list\"><li>Aidez-nous \u00e0 \u00e9laborer une approche de r\u00e9novation de masse pour acc\u00e9l\u00e9rer les r\u00e9novations \u00e9nerg\u00e9tiques r\u00e9sidentielles \u00e0 Ottawa ? <\/li><li>Demande d&rsquo;adh\u00e9sion \u00e0 un consortium de m\u00e9tiers de la r\u00e9novation<\/li><\/ul>\n\n<p><a href=\"mailto:futurehomes@envirocentre.ca\" target=\"_blank\" rel=\"noreferrer noopener\">Contactez nous<\/a> pour en savoir plus.<\/p>\n\n<h2 class=\"wp-block-heading\" id=\"get-in-touch\">Entrer en contact<\/h2>\n\n<p>Pour toute question ou demande de partenariat ou de commandite, \u00e9crivez \u00e0 <a href=\"mailto:mandy.wilson@envirocentre.ca\">futurehomes@envirocentre.ca.<\/a><\/p>\n\n<p>Les m\u00e9dias peuvent adresser leurs demandes de renseignements \u00e0 <a href=\"mailto:communications@envirocentre.ca\">communications@envirocentre.ca.<\/a><\/p>\n\n<hr class=\"wp-block-separator has-css-opacity is-style-bh-separator\"\/>\n\n<p><\/p>\n","protected":false},"excerpt":{"rendered":"<p>Le futur Ottawa est rempli de maisons efficaces, confortables, r\u00e9silientes et [&hellip;]<\/p>\n","protected":false},"author":3,"featured_media":1728,"parent":0,"menu_order":0,"comment_status":"closed","ping_status":"closed","template":"","meta":{"_acf_changed":false,"inline_featured_image":false,"footnotes":""},"tags":[],"class_list":["post-357","page","type-page","status-publish","has-post-thumbnail","hentry"],"acf":[],"_links":{"self":[{"href":"https:\/\/betterhomesottawa.ca\/fr\/wp-json\/wp\/v2\/pages\/357","targetHints":{"allow":["GET"]}}],"collection":[{"href":"https:\/\/betterhomesottawa.ca\/fr\/wp-json\/wp\/v2\/pages"}],"about":[{"href":"https:\/\/betterhomesottawa.ca\/fr\/wp-json\/wp\/v2\/types\/page"}],"author":[{"embeddable":true,"href":"https:\/\/betterhomesottawa.ca\/fr\/wp-json\/wp\/v2\/users\/3"}],"replies":[{"embeddable":true,"href":"https:\/\/betterhomesottawa.ca\/fr\/wp-json\/wp\/v2\/comments?post=357"}],"version-history":[{"count":0,"href":"https:\/\/betterhomesottawa.ca\/fr\/wp-json\/wp\/v2\/pages\/357\/revisions"}],"wp:featuredmedia":[{"embeddable":true,"href":"https:\/\/betterhomesottawa.ca\/fr\/wp-json\/wp\/v2\/media\/1728"}],"wp:attachment":[{"href":"https:\/\/betterhomesottawa.ca\/fr\/wp-json\/wp\/v2\/media?parent=357"}],"wp:term":[{"taxonomy":"post_tag","embeddable":true,"href":"https:\/\/betterhomesottawa.ca\/fr\/wp-json\/wp\/v2\/tags?post=357"}],"curies":[{"name":"wp","href":"https:\/\/api.w.org\/{rel}","templated":true}]}}