{"id":359,"date":"2021-08-25T17:39:17","date_gmt":"2021-08-25T21:39:17","guid":{"rendered":"https:\/\/betterhomesottawa.ca\/programme-daide-aux-impayes-denergie\/"},"modified":"2021-08-25T17:39:21","modified_gmt":"2021-08-25T21:39:21","slug":"programme-daide-aux-impayes-denergie","status":"publish","type":"page","link":"https:\/\/betterhomesottawa.ca\/fr\/programmes-de-rabais-et-incitatifs\/programme-daide-aux-impayes-denergie\/","title":{"rendered":"Programme d\u2019aide aux impay\u00e9s d\u2019\u00e9nergie"},"content":{"rendered":"\n<h2 class=\"wp-block-heading\">Le Programme d\u2019aide aux impay\u00e9s d\u2019\u00e9nergie (AIE) permet de faire appliquer automatiquement un montant unique pouvant atteindre 500 $ (ou 600 $ pour une demeure chauff\u00e9e \u00e0 l\u2019\u00e9lectricit\u00e9) par ann\u00e9e civile \u00e0 sa facture de services publics (\u00e9lectricit\u00e9 ou gaz naturel).<\/h2>\n\n<p>L\u2019aide est disponible seulement si vous \u00eates en retard dans le paiement de vos factures (si vous avez accumul\u00e9 des arri\u00e9r\u00e9s) et risquez de subir une coupure de service.<\/p>\n\n<p>L\u2019admissibilit\u00e9 d\u00e9pend du revenu annuel total de votre m\u00e9nage, qui ne doit pas d\u00e9passer:<\/p>\n\n<ul class=\"wp-block-list\"><li>28.000 $ pour 1 ou 2 personnes;<\/li><li>39.000 $ pour 3 ou 4 personnes;<\/li><li>48.000 $ pour 5 ou 6 personnes;<\/li><li>52.000 $ pour 7 personnes et plus.<\/li><\/ul>\n\n<p>Le paiement unique doit servir en cas d\u2019urgence seulement. Ce n\u2019est pas une aide financi\u00e8re r\u00e9guli\u00e8re ou continue pour le r\u00e8glement de vos factures*. Vous ne pouvez pas recevoir un montant sup\u00e9rieur au montant d\u00fb sur votre facture.<\/p>\n\n<p>* Le <a href=\"https:\/\/ontarioelectricitysupport.ca\/\">Programme ontarien d\u2019aide relative aux frais d\u2019\u00e9lectricit\u00e9 (POAFE)<\/a> est un programme distinct offrant un cr\u00e9dit mensuel aux clients \u00e0 faible revenu pour r\u00e9duire leur facture d\u2019\u00e9lectricit\u00e9.<\/p>\n\n<p>\u00c0 Ottawa, Centraide Ottawa g\u00e8re l\u2019AIE en collaboration avec le Centre Booth Ottawa de l\u2019Arm\u00e9e du Salut et un r\u00e9seau d\u2019organismes de prise en charge communautaires.<\/p>\n\n<p><strong>Pour demander<\/strong>l\u2019aide financi\u00e8re d\u2019urgence du Programme d\u2019aide aux impay\u00e9s d\u2019\u00e9nergie, consultez votre <a href=\"https:\/\/www.oeb.ca\/sites\/default\/files\/LEAP_Utility-Agency_Partners.pdf\">organisme local de services sociaux<\/a>ou composez le 2-1-1.<\/p>\n\n<p><strong>Pour en savoir plus<\/strong> sur le Programme d\u2019aide aux impay\u00e9s d\u2019\u00e9nergie, consultez la page sur le programme de la<a href=\"https:\/\/www.oeb.ca\/rates-and-your-bill\/help-low-income-consumers\/low-income-energy-assistance-program\">Commission de l\u2019\u00e9nergie de l\u2019Ontario<\/a> (CEO) ou d\u2019<a href=\"https:\/\/hydroottawa.com\/en\/accounts-services\/accounts\/financial-assistance\/low-income-energy-assistance-program\">Hydro Ottawa<\/a>.<\/p>\n\n<p><strong>Le 14 juillet 2021<\/strong>, la CEO a apport\u00e9 quelques changements temporaires :<\/p>\n\n<ul class=\"wp-block-list\"><li>Les demandeurs d\u2019AIE n\u2019ont plus \u00e0 avoir fait l\u2019objet d\u2019une coupure de service ou \u00e0 risquer de l\u2019\u00eatre, mais ils doivent toujours avoir un arri\u00e9r\u00e9 et un revenu ne d\u00e9passant pas le seuil de revenu admissible.<\/li><li>La limite d\u2019un versement d\u2019AIE par an ne s\u2019applique pas, mais le montant total re\u00e7u par un m\u00e9nage ne peut pas d\u00e9passer le maximum de 500 $ (ou 600 $ pour une demeure chauff\u00e9e \u00e0 l\u2019\u00e9lectricit\u00e9).<\/li><\/ul>\n\n<hr class=\"wp-block-separator is-style-bh-separator\"\/>\n","protected":false},"excerpt":{"rendered":"<p>Le Programme d\u2019aide aux impay\u00e9s d\u2019\u00e9nergie (AIE) permet de faire appliquer [&hellip;]<\/p>\n","protected":false},"author":3,"featured_media":0,"parent":567,"menu_order":0,"comment_status":"closed","ping_status":"closed","template":"","meta":{"_acf_changed":false,"inline_featured_image":false,"footnotes":""},"tags":[24],"class_list":["post-359","page","type-page","status-publish","hentry","tag-rabais-incitatifs-et-financement"],"acf":[],"_links":{"self":[{"href":"https:\/\/betterhomesottawa.ca\/fr\/wp-json\/wp\/v2\/pages\/359","targetHints":{"allow":["GET"]}}],"collection":[{"href":"https:\/\/betterhomesottawa.ca\/fr\/wp-json\/wp\/v2\/pages"}],"about":[{"href":"https:\/\/betterhomesottawa.ca\/fr\/wp-json\/wp\/v2\/types\/page"}],"author":[{"embeddable":true,"href":"https:\/\/betterhomesottawa.ca\/fr\/wp-json\/wp\/v2\/users\/3"}],"replies":[{"embeddable":true,"href":"https:\/\/betterhomesottawa.ca\/fr\/wp-json\/wp\/v2\/comments?post=359"}],"version-history":[{"count":0,"href":"https:\/\/betterhomesottawa.ca\/fr\/wp-json\/wp\/v2\/pages\/359\/revisions"}],"up":[{"embeddable":true,"href":"https:\/\/betterhomesottawa.ca\/fr\/wp-json\/wp\/v2\/pages\/567"}],"wp:attachment":[{"href":"https:\/\/betterhomesottawa.ca\/fr\/wp-json\/wp\/v2\/media?parent=359"}],"wp:term":[{"taxonomy":"post_tag","embeddable":true,"href":"https:\/\/betterhomesottawa.ca\/fr\/wp-json\/wp\/v2\/tags?post=359"}],"curies":[{"name":"wp","href":"https:\/\/api.w.org\/{rel}","templated":true}]}}