{"id":365,"date":"2021-08-25T17:50:05","date_gmt":"2021-08-25T21:50:05","guid":{"rendered":"https:\/\/betterhomesottawa.ca\/schl-maison-ecolo\/"},"modified":"2025-03-27T15:11:29","modified_gmt":"2025-03-27T19:11:29","slug":"schl-eco-plus","status":"publish","type":"page","link":"https:\/\/betterhomesottawa.ca\/fr\/programmes-de-rabais-et-incitatifs\/schl-eco-plus\/","title":{"rendered":"SCHL Eco Plus"},"content":{"rendered":"\n<h2 class=\"wp-block-heading\">Des habitations \u00e9co\u00e9nerg\u00e9tiques plus abordables gr\u00e2ce \u00e0 l\u2019assurance pr\u00eat hypoth\u00e9caire.<\/h2>\n\n\n\n<p>Une demeure \u00e9co\u00e9nerg\u00e9tique est un bon investissement \u00e0 long terme. Pour ces habitations d\u2019avenir, le programme SCHL Eco Plus offre un remboursement partiel du co\u00fbt de l\u2019assurance pr\u00eat hypoth\u00e9caire. Si vous achetez ou construisez une habitation \u00e9co\u00e9nerg\u00e9tique ou r\u00e9novez un logement pour am\u00e9liorer son efficacit\u00e9 \u00e9nerg\u00e9tique, vous pourriez \u00eatre admissible \u00e0 un remboursement pouvant atteindre 25 % de la prime d\u2019assurance!<\/p>\n\n\n\n<div class=\"wp-block-studiof-infocard has-background\" style=\"border-radius:15px;background-color:#f2f2f2\"><div class=\"content\"><div class=\"infocard_title\"><\/div><div class=\"infocard_text\"><strong>N.B. :<\/strong> Votre demande au programme SCHL Eco Plus doit \u00eatre pr\u00e9sent\u00e9e dans les 24 mois suivant la date de cl\u00f4ture du pr\u00eat hypoth\u00e9caire.<\/div><\/div><\/div>\n\n\n\n<h3 class=\"wp-block-heading\"><strong>R\u00e9nover une habitation<\/strong><\/h3>\n\n\n\n<p>Si vous achetez une maison existante et y apportez des am\u00e9liorations \u00e9co\u00e9nerg\u00e9tiques, vous pourriez \u00eatre admissible \u00e0 un remboursement de prime SCHL Eco Plus.<\/p>\n\n\n\n<p>Avant de commencer les travaux de r\u00e9novation ou d\u2019am\u00e9lioration, vous devez faire \u00e9valuer votre habitation par un conseiller en efficacit\u00e9 \u00e9nerg\u00e9tique autoris\u00e9 par Ressources naturelles Canada (RNCan). <a href=\"https:\/\/betterhomesottawa.ca\/fr\/nrcan-energy-audit\/\">Renseignez-vous sur ces \u00e9valuations \u00e9nerg\u00e9tiques<\/a>.<\/p>\n\n\n\n<p>Une fois que vous avez re\u00e7u votre rapport et votre cote avant r\u00e9novations, vous pouvez commencer les travaux. Le rapport sur les r\u00e9novations r\u00e9sultant de votre \u00e9valuation vous permettra de cibler les am\u00e9liorations qui feront la plus grande diff\u00e9rence dans votre demeure.<\/p>\n\n\n\n<p>Apr\u00e8s la fin des travaux, le conseiller fera une nouvelle \u00e9valuation et vous fournira une cote apr\u00e8s r\u00e9novations. Ce sont les cotes avant et apr\u00e8s r\u00e9novations qui d\u00e9termineront le montant du remboursement de la prime d\u2019assurance:<\/p>\n\n\n\n<figure class=\"wp-block-table\"><table><tbody><tr><td><strong> <\/strong><\/td><td><strong>Cote \u00c9nerGuide (gigajoules)<\/strong><\/td><td><\/td><\/tr><tr><td><strong> <\/strong><\/td><td><strong>Cote avant r\u00e9novations \u2265 200<\/strong><\/td><td><meta charset=\"utf-8\"><strong>Cote avant r\u00e9novations &lt; 200<\/strong><\/td><\/tr><tr><td><strong>Remboursement de 15 % de la prime d\u2019assurance<\/strong><\/td><td>Baisse d\u2019au moins 45 GJ\/an pour une cote d\u2019au plus 250 GJ\/an<\/td><td><meta charset=\"utf-8\">Baisse d\u2019au moins 20 GJ\/an<\/td><\/tr><tr><td><strong>Remboursement de 25 % de la prime d\u2019assurance<\/strong><\/td><td>Baisse d\u2019au moins 90 GJ\/an pour une cote d\u2019au plus 250 GJ\/an<\/td><td><meta charset=\"utf-8\">Baisse d\u2019au moins 45 GJ\/an<\/td><\/tr><\/tbody><\/table><\/figure>\n\n\n\n<h3 class=\"wp-block-heading\"><strong>Acheter ou construire une habitation<\/strong><\/h3>\n\n\n\n<p><strong>Si vous achetez une maison construite selon les normes de construction admissibles, ou la faites construire, vous pouvez obtenir un remboursement de la prime d\u2019assurance de 15 \u00e0 25 %.<\/strong><\/p>\n\n\n\n<p>Normes de construction admissibles:<\/p>\n\n\n\n<p>Remboursement de 25 % (national): R-2000, programmes Net Zero Ready et Net Zero Homes de l\u2019ACCH.<\/p>\n\n\n\n<p>Remboursement de 15 % (national) : Built Green, ENERGY STAR\u00ae, LEED Canada pour les habitations.<\/p>\n\n\n\n<p>Remboursement de 15 % (provincial) : GreenHouse (Ontario), GreenHome (Yukon), Novoclimat 2.0 (Qu\u00e9bec), programme pour maisons neuves d\u2019Efficacit\u00e9 Manitoba (Manitoba).<\/p>\n\n\n\n<p><strong>Si votre demeure n\u2019est pas construite selon les normes de construction admissibles, vous devez la faire \u00e9valuer par un conseiller en efficacit\u00e9 \u00e9nerg\u00e9tique autoris\u00e9 par Ressources naturelles Canada (RNCan) et obtenir une cote d\u2019efficacit\u00e9 \u00e9nerg\u00e9tique \u00c9nerGuide pour \u00eatre admissible \u00e0 un remboursement de la prime d\u2019assurance, comme pour une r\u00e9novation.<\/strong><\/p>\n\n\n\n<p>Les habitations ayant une consommation annuelle inf\u00e9rieure d\u2019au moins 15% \u00e0 celle d\u2019une maison neuve type ont droit \u00e0 un remboursement de 15%.<\/p>\n\n\n\n<p>Les habitations ayant une consommation annuelle inf\u00e9rieure d\u2019au moins 40% \u00e0 celle d\u2019une maison neuve type ont droit \u00e0 un remboursement de 25%.<\/p>\n\n\n\n<h3 class=\"wp-block-heading\"><strong>Acheter un logement en copropri\u00e9t\u00e9<\/strong><\/h3>\n\n\n\n<p>Lors de l\u2019achat d\u2019un logement en copropri\u00e9t\u00e9, le remboursement de la prime d\u2019assurance est fond\u00e9 sur tout le b\u00e2timent, pas seulement sur votre logement.<\/p>\n\n\n\n<p>Si votre b\u00e2timent respecte les normes LEED Canada pour les nouvelles constructions (certifi\u00e9e, argent, or ou platine) ou BUILT GREEN High Density (or et platine), vous \u00eates <strong>automatiquement admissible \u00e0 un remboursement de 15%.<\/strong><\/p>\n\n\n\n<p>Si votre immeuble est con\u00e7u pour atteindre une efficacit\u00e9 \u00e9nerg\u00e9tique sup\u00e9rieure de 20% \u00e0 celle exig\u00e9e par le code du b\u00e2timent applicable, vous pourriez \u00eatre admissible \u00e0 un remboursement de 15%.<\/p>\n\n\n\n<p>Si votre immeuble est con\u00e7u pour atteindre une efficacit\u00e9 \u00e9nerg\u00e9tique sup\u00e9rieure de 40% \u00e0 celle exig\u00e9e par le code du b\u00e2timent applicable, vous pourriez \u00eatre admissible \u00e0 un remboursement de 25%.<\/p>\n\n\n\n<p><\/p>\n\n\n\n<hr class=\"wp-block-separator has-css-opacity is-style-bh-separator\"\/>\n","protected":false},"excerpt":{"rendered":"<p>Des habitations \u00e9co\u00e9nerg\u00e9tiques plus abordables gr\u00e2ce \u00e0 l\u2019assurance pr\u00eat hypoth\u00e9caire. Une [&hellip;]<\/p>\n","protected":false},"author":3,"featured_media":0,"parent":567,"menu_order":0,"comment_status":"closed","ping_status":"closed","template":"","meta":{"_acf_changed":false,"inline_featured_image":false,"footnotes":""},"tags":[24],"class_list":["post-365","page","type-page","status-publish","hentry","tag-rabais-incitatifs-et-financement"],"acf":[],"_links":{"self":[{"href":"https:\/\/betterhomesottawa.ca\/fr\/wp-json\/wp\/v2\/pages\/365","targetHints":{"allow":["GET"]}}],"collection":[{"href":"https:\/\/betterhomesottawa.ca\/fr\/wp-json\/wp\/v2\/pages"}],"about":[{"href":"https:\/\/betterhomesottawa.ca\/fr\/wp-json\/wp\/v2\/types\/page"}],"author":[{"embeddable":true,"href":"https:\/\/betterhomesottawa.ca\/fr\/wp-json\/wp\/v2\/users\/3"}],"replies":[{"embeddable":true,"href":"https:\/\/betterhomesottawa.ca\/fr\/wp-json\/wp\/v2\/comments?post=365"}],"version-history":[{"count":2,"href":"https:\/\/betterhomesottawa.ca\/fr\/wp-json\/wp\/v2\/pages\/365\/revisions"}],"predecessor-version":[{"id":2763,"href":"https:\/\/betterhomesottawa.ca\/fr\/wp-json\/wp\/v2\/pages\/365\/revisions\/2763"}],"up":[{"embeddable":true,"href":"https:\/\/betterhomesottawa.ca\/fr\/wp-json\/wp\/v2\/pages\/567"}],"wp:attachment":[{"href":"https:\/\/betterhomesottawa.ca\/fr\/wp-json\/wp\/v2\/media?parent=365"}],"wp:term":[{"taxonomy":"post_tag","embeddable":true,"href":"https:\/\/betterhomesottawa.ca\/fr\/wp-json\/wp\/v2\/tags?post=365"}],"curies":[{"name":"wp","href":"https:\/\/api.w.org\/{rel}","templated":true}]}}