{"id":371,"date":"2021-08-30T15:11:50","date_gmt":"2021-08-30T19:11:50","guid":{"rendered":"https:\/\/betterhomesottawa.ca\/les-climatiseurs-centraux\/"},"modified":"2021-08-31T09:55:20","modified_gmt":"2021-08-31T13:55:20","slug":"les-climatiseurs-centraux","status":"publish","type":"page","link":"https:\/\/betterhomesottawa.ca\/fr\/evaluations-residentielles-modernisations-et-renovations-energetiques\/repertoire-des-modernisations\/les-climatiseurs-centraux\/","title":{"rendered":"Les climatiseurs (centraux)"},"content":{"rendered":"\n<p>Le climatiseur central \u00e9vapore un fluide frigorig\u00e8ne pour absorber la chaleur de votre habitation. Ce syst\u00e8me comprime ensuite ce fluide et le condense pour transformer la vapeur en liquide, en lib\u00e9rant la chaleur pour que le fluide frigorig\u00e8ne refroidi puisse se dilater et se diffuser dans l\u2019habitation, o\u00f9 il recommence ce cycle. <\/p>\n\n\n\n<p>Vous avez le choix parmi deux types de syst\u00e8mes de climatisation centraux: <\/p>\n\n\n\n<ul class=\"wp-block-list\"><li>\u2022 le syst\u00e8me bibloc, dot\u00e9 d\u2019une armoire ext\u00e9rieure qui comprime et condense le fluide frigorig\u00e8ne, en rejetant la chaleur en plein air. L\u2019armoire int\u00e9rieure dilate et \u00e9vapore le fluide frigorig\u00e8ne, en absorbant la chaleur. Si votre habitation est d\u00e9j\u00e0 dot\u00e9e d\u2019une chaudi\u00e8re, le syst\u00e8me bibloc repr\u00e9sente le climatiseur central le plus \u00e9conomique \u00e0 installer. <\/li><li>le syst\u00e8me monobloc, dont tous les composants sont install\u00e9s dans la m\u00eame armoire, qui est g\u00e9n\u00e9ralement pos\u00e9e sur un toit ou sur une dalle non loin des fondations de votre habitation. Les conduits d\u2019air traversent le mur ext\u00e9rieur ou le toit de l\u2019habitation pour se raccorder au climatiseur en ext\u00e9rieur. Les appareils monobloc comprennent souvent des serpentins de chauffage \u00e9lectriques ou un g\u00e9n\u00e9rateur d\u2019air chaud \u00e0 gaz naturel, ce qui permet d\u2019\u00e9viter d\u2019installer en int\u00e9rieur une chaudi\u00e8re distincte. <\/li><\/ul>\n\n\n\n<p><strong>Ce qu\u2019il faut surveiller<\/strong> <\/p>\n\n\n\n<ul class=\"wp-block-list\"><li>\u2022 Un climatiseur central certifi\u00e9 ENERGY STAR\u00ae tr\u00e8s performant consomme en moyenne 8 % moins d\u2019\u00e9nergie qu\u2019un mod\u00e8le classique. <\/li><li>Il est essentiel de choisir un mod\u00e8le dont la taille est adapt\u00e9e \u00e0 votre habitation. Si le mod\u00e8le est trop petit, il ne permettra pas de bien climatiser votre habitation. S\u2019il est trop gros, il aura souvent tendance \u00e0 s\u2019arr\u00eater et \u00e0 se remettre en marche, ce qui vous fera gaspiller de l\u2019\u00e9nergie et viendra gonfler votre facture de gaz ou d\u2019\u00e9lectricit\u00e9. <\/li><li>Pr\u00e9f\u00e9rez les mod\u00e8les dont le taux de rendement \u00e9nerg\u00e9tique saisonnier (SEER) est sup\u00e9rieur. <\/li><\/ul>\n\n\n\n<p><strong>Ce qu\u2019il faut faire<\/strong> <\/p>\n\n\n\n<ul class=\"wp-block-list\"><li>Pensez \u00e0 vous procurer un ventilateur de plafond ou une thermopompe, ce qui consomme moins d\u2019\u00e9nergie et permet quand m\u00eame de rendre vos pi\u00e8ces confortables. <\/li><li>En r\u00e9glant la temp\u00e9rature de votre habitation, visez le confort, et non le froid. R\u00e9glez la temp\u00e9rature entre 25 \u00b0C et 27 \u00b0C. <\/li><li>Veillez \u00e0 ce que votre syst\u00e8me reste propre : nettoyez r\u00e9guli\u00e8rement les filtres (en les v\u00e9rifiant toutes les deux semaines), les serpentins et les conduits pour vous assurer qu\u2019ils fonctionnent le plus \u00e9conomiquement possible. Consultez votre manuel d\u2019entretien pour prendre connaissance des instructions d\u00e9taill\u00e9es. <\/li><li>Avant de remplacer votre climatiseur, programmez une \u00e9valuation \u00e9nerg\u00e9tique de votre habitation, pour vous aider \u00e0 en analyser la consommation actuelle d\u2019\u00e9nergie. <\/li><li>Consultez votre municipalit\u00e9, l\u2019entreprise de gaz ou d\u2019\u00e9lectricit\u00e9 ou le d\u00e9taillant pour savoir si des rabais sont offerts. <\/li><\/ul>\n\n\n\n<p><strong>Co\u00fbt<\/strong> <\/p>\n\n\n\n<p>Le co\u00fbt est compris entre 2 400 $ et plus de 6 000 $. <\/p>\n\n\n\n<p>Source: <a href=\"https:\/\/www.rncan.gc.ca\/efficacite-energetique\/efficacite-energetique-maisons\/20547\" target=\"_blank\" rel=\"noreferrer noopener\"><strong>Ressources naturelles Canada<\/strong><\/a> <\/p>\n\n\n\n<hr class=\"wp-block-separator is-style-bh-separator\"\/>\n","protected":false},"excerpt":{"rendered":"<p>Le climatiseur central \u00e9vapore un fluide frigorig\u00e8ne pour absorber la chaleur [&hellip;]<\/p>\n","protected":false},"author":3,"featured_media":0,"parent":1733,"menu_order":0,"comment_status":"closed","ping_status":"closed","template":"","meta":{"_acf_changed":false,"inline_featured_image":false,"footnotes":""},"tags":[26],"class_list":["post-371","page","type-page","status-publish","hentry","tag-chauffage-et-climatisation"],"acf":[],"_links":{"self":[{"href":"https:\/\/betterhomesottawa.ca\/fr\/wp-json\/wp\/v2\/pages\/371","targetHints":{"allow":["GET"]}}],"collection":[{"href":"https:\/\/betterhomesottawa.ca\/fr\/wp-json\/wp\/v2\/pages"}],"about":[{"href":"https:\/\/betterhomesottawa.ca\/fr\/wp-json\/wp\/v2\/types\/page"}],"author":[{"embeddable":true,"href":"https:\/\/betterhomesottawa.ca\/fr\/wp-json\/wp\/v2\/users\/3"}],"replies":[{"embeddable":true,"href":"https:\/\/betterhomesottawa.ca\/fr\/wp-json\/wp\/v2\/comments?post=371"}],"version-history":[{"count":0,"href":"https:\/\/betterhomesottawa.ca\/fr\/wp-json\/wp\/v2\/pages\/371\/revisions"}],"up":[{"embeddable":true,"href":"https:\/\/betterhomesottawa.ca\/fr\/wp-json\/wp\/v2\/pages\/1733"}],"wp:attachment":[{"href":"https:\/\/betterhomesottawa.ca\/fr\/wp-json\/wp\/v2\/media?parent=371"}],"wp:term":[{"taxonomy":"post_tag","embeddable":true,"href":"https:\/\/betterhomesottawa.ca\/fr\/wp-json\/wp\/v2\/tags?post=371"}],"curies":[{"name":"wp","href":"https:\/\/api.w.org\/{rel}","templated":true}]}}