{"id":376,"date":"2021-08-30T15:20:20","date_gmt":"2021-08-30T19:20:20","guid":{"rendered":"https:\/\/betterhomesottawa.ca\/les-climatiseurs-individuels\/"},"modified":"2021-08-31T09:56:17","modified_gmt":"2021-08-31T13:56:17","slug":"les-climatiseurs-individuels","status":"publish","type":"page","link":"https:\/\/betterhomesottawa.ca\/fr\/evaluations-residentielles-modernisations-et-renovations-energetiques\/repertoire-des-modernisations\/les-climatiseurs-individuels\/","title":{"rendered":"Les climatiseurs individuels"},"content":{"rendered":"\n<p>Les climatiseurs individuels, aussi appel\u00e9s \u00ab climatiseurs de fen\u00eatre \u00bb, rafra\u00eechissent les diff\u00e9rentes pi\u00e8ces plut\u00f4t que l\u2019ensemble de votre habitation. Le fonctionnement de ces climatiseurs revient moins cher que les climatiseurs centraux, puisqu\u2019ils n\u2019assurent la climatisation que dans les pi\u00e8ces o\u00f9 il le faut. Ils constituent aussi une bonne option pour les r\u00e9sidents des tours d\u2019habitation qui ne sont pas dot\u00e9es d\u2019un climatiseur central. <\/p>\n\n\n\n<p><strong>Ce qu\u2019il faut surveiller<\/strong> <\/p>\n\n\n\n<ul class=\"wp-block-list\"><li>Un climatiseur central certifi\u00e9 ENERGY STAR\u00ae tr\u00e8s performant consomme en moyenne 8 % moins d\u2019\u00e9nergie qu\u2019un mod\u00e8le classique. <\/li><li>Il est essentiel de choisir un mod\u00e8le dont la taille est adapt\u00e9e \u00e0 votre habitation. Si le mod\u00e8le est trop petit, il ne permettra pas de bien climatiser votre habitation. S\u2019il est trop gros, il aura souvent tendance \u00e0 s\u2019arr\u00eater et \u00e0 se remettre en marche, ce qui vous fera gaspiller de l\u2019\u00e9nergie et viendra gonfler votre facture de gaz ou d\u2019\u00e9lectricit\u00e9. <\/li><li>Pr\u00e9f\u00e9rez les mod\u00e8les dont le taux de rendement \u00e9nerg\u00e9tique saisonnier (SEER) est sup\u00e9rieur. <\/li><\/ul>\n\n\n\n<ul class=\"wp-block-list\"><li>Certains mod\u00e8les sont dot\u00e9s de fonctions intelligentes activ\u00e9es gr\u00e2ce \u00e0 la technologie Wi-Fi, ce qui vous permet de r\u00e9gler votre climatiseur \u00e0 partir d\u2019un appareil connect\u00e9 comme un t\u00e9l\u00e9phone mobile ou une tablette \u00e9lectronique. <\/li><\/ul>\n\n\n\n<p><strong>Ce qu\u2019il faut faire<\/strong> <\/p>\n\n\n\n<ul class=\"wp-block-list\"><li>Pensez \u00e0 vous procurer un ventilateur de plafond ou une thermopompe, ce qui consomme moins d\u2019\u00e9nergie et permet quand m\u00eame de rendre vos pi\u00e8ces confortables. <\/li><li>En r\u00e9glant la temp\u00e9rature pour votre habitation, visez le confort, et non le froid. R\u00e9glez la temp\u00e9rature entre 25 \u00b0C et 27 \u00b0C. <\/li><li>Assurez-vous que votre habitation est suffisamment bien a\u00e9r\u00e9e et, si possible, que votre climatiseur est install\u00e9 loin des portes, des coins, des rideaux et du mobilier. <\/li><\/ul>\n\n\n\n<ul class=\"wp-block-list\"><li>Choisissez un mur ou une fen\u00eatre tourn\u00e9e vers le nord ou g\u00e9n\u00e9ralement \u00e0 l\u2019ombre, si possible. <\/li><li>Assurez-vous que votre climatiseur est accessible et qu\u2019il peut facilement \u00eatre nettoy\u00e9, entretenu et enlev\u00e9. En enlevant et en entreposant votre climatiseur en hiver, vous en prolongez la dur\u00e9e utile et en pr\u00e9servez l\u2019efficacit\u00e9, ce qui vous permet de r\u00e9aliser \u00e0 long terme de meilleures \u00e9conomies. <\/li><li>Assurez-vous de bien combler les vides importants gr\u00e2ce aux panneaux ou rideaux lat\u00e9raux fournis par le fabricant. <\/li><li>Servez-vous d\u2019un produit d\u2019\u00e9tanch\u00e9it\u00e9 pelable ou d\u2019un autre produit \u00e9tanche pour bloquer les fuites d\u2019air et emp\u00eacher les insectes d\u2019entrer dans votre habitation. <\/li><\/ul>\n\n\n\n<p><strong>Co\u00fbt<\/strong> <\/p>\n\n\n\n<p>Le co\u00fbt est compris entre 200 $ et 600 $. <\/p>\n\n\n\n<p>Source: <a href=\"https:\/\/www.rncan.gc.ca\/efficacite-energetique\/efficacite-energetique-maisons\/20547\" target=\"_blank\" rel=\"noreferrer noopener\"><strong>Ressources naturelles Canada<\/strong><\/a> <\/p>\n\n\n\n<hr class=\"wp-block-separator is-style-bh-separator\"\/>\n","protected":false},"excerpt":{"rendered":"<p>Les climatiseurs individuels, aussi appel\u00e9s \u00ab climatiseurs de fen\u00eatre \u00bb, rafra\u00eechissent [&hellip;]<\/p>\n","protected":false},"author":4,"featured_media":0,"parent":1733,"menu_order":0,"comment_status":"closed","ping_status":"closed","template":"","meta":{"_acf_changed":false,"inline_featured_image":false,"footnotes":""},"tags":[26],"class_list":["post-376","page","type-page","status-publish","hentry","tag-chauffage-et-climatisation"],"acf":[],"_links":{"self":[{"href":"https:\/\/betterhomesottawa.ca\/fr\/wp-json\/wp\/v2\/pages\/376","targetHints":{"allow":["GET"]}}],"collection":[{"href":"https:\/\/betterhomesottawa.ca\/fr\/wp-json\/wp\/v2\/pages"}],"about":[{"href":"https:\/\/betterhomesottawa.ca\/fr\/wp-json\/wp\/v2\/types\/page"}],"author":[{"embeddable":true,"href":"https:\/\/betterhomesottawa.ca\/fr\/wp-json\/wp\/v2\/users\/4"}],"replies":[{"embeddable":true,"href":"https:\/\/betterhomesottawa.ca\/fr\/wp-json\/wp\/v2\/comments?post=376"}],"version-history":[{"count":0,"href":"https:\/\/betterhomesottawa.ca\/fr\/wp-json\/wp\/v2\/pages\/376\/revisions"}],"up":[{"embeddable":true,"href":"https:\/\/betterhomesottawa.ca\/fr\/wp-json\/wp\/v2\/pages\/1733"}],"wp:attachment":[{"href":"https:\/\/betterhomesottawa.ca\/fr\/wp-json\/wp\/v2\/media?parent=376"}],"wp:term":[{"taxonomy":"post_tag","embeddable":true,"href":"https:\/\/betterhomesottawa.ca\/fr\/wp-json\/wp\/v2\/tags?post=376"}],"curies":[{"name":"wp","href":"https:\/\/api.w.org\/{rel}","templated":true}]}}