{"id":383,"date":"2021-08-30T15:27:43","date_gmt":"2021-08-30T19:27:43","guid":{"rendered":"https:\/\/betterhomesottawa.ca\/etancheisation\/"},"modified":"2021-08-31T10:06:57","modified_gmt":"2021-08-31T14:06:57","slug":"etancheisation","status":"publish","type":"page","link":"https:\/\/betterhomesottawa.ca\/fr\/evaluations-residentielles-modernisations-et-renovations-energetiques\/repertoire-des-modernisations\/etancheisation\/","title":{"rendered":"\u00c9tanch\u00e9isation"},"content":{"rendered":"\n<p>L\u2019\u00e9tanch\u00e9it\u00e9 \u00e0 l\u2019air est l\u2019un des moyens les plus abordables et faciles d\u2019am\u00e9liorer le rendement \u00e9nerg\u00e9tique des habitations. Il s\u2019agit de ce qu\u2019il y a de plus important \u00e0 faire pour am\u00e9liorer le rendement \u00e9nerg\u00e9tique de votre habitation et de l\u2019une des premi\u00e8res \u00e9tapes dans un projet de r\u00e9am\u00e9nagement. Vous pouvez \u00e9conomiser \u00e0 concurrence de 30 % de vos frais d\u2019\u00e9nergie en \u00e9tanchant \u00e0 l\u2019air les zones dans lesquelles il se produit des pertes d\u2019\u00e9nergie.<\/p>\n\n\n\n<p>L\u2019\u00e9tanch\u00e9it\u00e9 \u00e0 l\u2019air a une incidence sur l\u2019enveloppe du b\u00e2timent de votre habitation. Cette enveloppe s\u00e9pare physiquement l\u2019environnement climatis\u00e9 et l\u2019environnement non climatis\u00e9, en assurant notamment la r\u00e9sistance \u00e0 l\u2019air, \u00e0 l\u2019eau, \u00e0 la chaleur, \u00e0 la lumi\u00e8re et au transfert du bruit. Dans les habitations plus anciennes, il y a g\u00e9n\u00e9ralement plus de fuites d\u2019air autour des fen\u00eatres et des portes, des prises \u00e9lectriques et des fissures dans les fondations et dans les murs. Vous pouvez \u00e9tancher les fuites d\u2019air de votre habitation en installant un coupe brise et un calfeutrage ou en posant des joints d\u2019\u00e9tanch\u00e9it\u00e9 et du ruban adh\u00e9sif.<\/p>\n\n\n\n<h3 class=\"wp-block-heading\"><strong>Ce qu\u2019il faut surveiller<\/strong><\/h3>\n\n\n\n<ul class=\"wp-block-list\"><li>D\u00e9tectez toutes les sources de fuite d\u2019air avant de lancer votre projet; \u00e9valuez vos besoins en a\u00e9ration pour vous assurer que la qualit\u00e9 de l\u2019air ambiant est ad\u00e9quate.<\/li><li>Chaque habitation r\u00e9agit diff\u00e9remment \u00e0 l\u2019\u00e9tanch\u00e9it\u00e9 \u00e0 l\u2019air; c\u2019est pourquoi il est important d\u2019exercer une surveillance. Dans les habitations plus anciennes, il se peut qu\u2019on doive adopter des mesures correctives, par exemple en enlevant la moisissure ou l\u2019amiante avant de proc\u00e9der \u00e0 des travaux complets d\u2019\u00e9tanch\u00e9it\u00e9 \u00e0 l\u2019air.<\/li><li>Chaque fois que vous isolez, installez ou rehaussez le syst\u00e8me d\u2019\u00e9tanch\u00e9it\u00e9 \u00e0 l\u2019air, il est important d\u2019\u00e9viter que l\u2019humidit\u00e9 traverse l\u2019isolant ou l\u2019enveloppe du b\u00e2timent.<\/li><li>Il existe diff\u00e9rents produits d\u2019\u00e9tanch\u00e9it\u00e9 \u00e0:<ul><li>le calfeutrage, substance qui s\u2019apparente au mastic et qu\u2019il est pr\u00e9f\u00e9rable de poser sur les vides que l\u2019on retrouve par exemple dans les plinthes et sur les bordures de bois<\/li><\/ul><\/li><li>Pour des conseils pr\u00e9cis sur l\u2019\u00e9tanch\u00e9it\u00e9 \u00e0 l\u2019air, il faut faire appel \u00e0 un installateur professionnel.<\/li><\/ul>\n\n\n\n<h3 class=\"wp-block-heading\"><strong>Ce qu\u2019il faut faire<\/strong><\/h3>\n\n\n\n<ul class=\"wp-block-list\"><li>Assurez-vous de v\u00e9rifier le vitrage des fen\u00eatres, des seuils, les cadres des portes et des fen\u00eatres, ainsi que les prises et les interrupteurs \u00e9lectriques, qui sont des sources potentielles de fuite d\u2019air.<\/li><li>Choisissez les produits d\u2019\u00e9tanch\u00e9it\u00e9 de la meilleure qualit\u00e9, qui sont durables. Avant de faire le travail, exercez-vous \u00e0 poser et \u00e0 lisser les baguettes.<\/li><li>V\u00e9rifiez la taille et la couleur des portes et des fen\u00eatres avant d\u2019acheter des produits coupe-brise pour vous assurer de prendre les bons produits. Les mousses et les rubans adh\u00e9sifs deviennent moins efficaces \u00e0 la longue; il se peut donc que vous deviez les remplacer tous les deux ou trois ans.<\/li><li>Avant de commencer votre projet, faites faire une \u00e9valuation \u00e9nerg\u00e9tique de votre habitation et consultez votre municipalit\u00e9, l\u2019entreprise de gaz ou d\u2019\u00e9lectricit\u00e9 ou le d\u00e9taillant pour savoir si des rabais sont offerts.<\/li><\/ul>\n\n\n\n<h3 class=\"wp-block-heading\"><strong>Co\u00fbt<\/strong><\/h3>\n\n\n\n<p>Le co\u00fbt est compris entre 200 $ et 1 500 $.<\/p>\n\n\n\n<p>Source: <a href=\"https:\/\/www.rncan.gc.ca\/efficacite-energetique\/efficacite-energetique-maisons\/20547\"><strong>Ressources naturelles Canada<\/strong><\/a><\/p>\n\n\n\n<hr class=\"wp-block-separator is-style-bh-separator\"\/>\n","protected":false},"excerpt":{"rendered":"<p>L\u2019\u00e9tanch\u00e9it\u00e9 \u00e0 l\u2019air est l\u2019un des moyens les plus abordables et [&hellip;]<\/p>\n","protected":false},"author":3,"featured_media":0,"parent":1733,"menu_order":13,"comment_status":"closed","ping_status":"closed","template":"","meta":{"_acf_changed":false,"inline_featured_image":false,"footnotes":""},"tags":[27],"class_list":["post-383","page","type-page","status-publish","hentry","tag-enveloppe-du-batiment"],"acf":[],"_links":{"self":[{"href":"https:\/\/betterhomesottawa.ca\/fr\/wp-json\/wp\/v2\/pages\/383","targetHints":{"allow":["GET"]}}],"collection":[{"href":"https:\/\/betterhomesottawa.ca\/fr\/wp-json\/wp\/v2\/pages"}],"about":[{"href":"https:\/\/betterhomesottawa.ca\/fr\/wp-json\/wp\/v2\/types\/page"}],"author":[{"embeddable":true,"href":"https:\/\/betterhomesottawa.ca\/fr\/wp-json\/wp\/v2\/users\/3"}],"replies":[{"embeddable":true,"href":"https:\/\/betterhomesottawa.ca\/fr\/wp-json\/wp\/v2\/comments?post=383"}],"version-history":[{"count":0,"href":"https:\/\/betterhomesottawa.ca\/fr\/wp-json\/wp\/v2\/pages\/383\/revisions"}],"up":[{"embeddable":true,"href":"https:\/\/betterhomesottawa.ca\/fr\/wp-json\/wp\/v2\/pages\/1733"}],"wp:attachment":[{"href":"https:\/\/betterhomesottawa.ca\/fr\/wp-json\/wp\/v2\/media?parent=383"}],"wp:term":[{"taxonomy":"post_tag","embeddable":true,"href":"https:\/\/betterhomesottawa.ca\/fr\/wp-json\/wp\/v2\/tags?post=383"}],"curies":[{"name":"wp","href":"https:\/\/api.w.org\/{rel}","templated":true}]}}