{"id":392,"date":"2021-08-30T15:41:19","date_gmt":"2021-08-30T19:41:19","guid":{"rendered":"https:\/\/betterhomesottawa.ca\/clapet-antiretour\/"},"modified":"2021-08-30T15:41:19","modified_gmt":"2021-08-30T19:41:19","slug":"clapet-antiretour","status":"publish","type":"page","link":"https:\/\/betterhomesottawa.ca\/fr\/evaluations-residentielles-modernisations-et-renovations-energetiques\/repertoire-des-modernisations\/clapet-antiretour\/","title":{"rendered":"Clapet Antiretour"},"content":{"rendered":"\n<p>Les sous-sols sont de plus en plus souvent inond\u00e9s \u00e0 Ottawa. Le sous-sol de chaque habitation risque d\u2019\u00eatre inond\u00e9, m\u00eame s\u2019il n\u2019y a jamais eu d\u2019inondation. Il est tr\u00e8s probable que votre sous-sol soit inond\u00e9 lorsqu\u2019il pleut abondamment ou que la neige et la glace fondent. Or, vous pouvez prendre des mesures pour r\u00e9duire ou pr\u00e9venir les inondations.<\/p>\n\n<p>Le clapet antiretour, aussi appel\u00e9 \u00ab clapet de non retour \u00bb est un dispositif qui permet de pr\u00e9venir l\u2019eau qui sort du drain d\u2019une habitation de rentrer dans cette habitation ou d\u2019\u00eatre \u00ab refoul\u00e9e \u00bb chez vous. Ce clapet est dot\u00e9 d\u2019une trappe qui permet \u00e0 l\u2019eau de sortir, mais qui se referme pour \u00e9viter que les eaux us\u00e9es et l\u2019eau en g\u00e9n\u00e9ral reviennent inonder votre habitation.<\/p>\n\n<p>Les clapets antiretour sont pens\u00e9s pour fermer la conduite d\u2019\u00e9gout pendant les \u00e9pisodes de pr\u00e9cipitations extr\u00eames, afin d\u2019\u00e9viter que l\u2019eau entre dans votre habitation. . Quand le clapet est ferm\u00e9, vous ne devez pas vous servir des appareils sanitaires (comme les toilettes, les \u00e9viers, les lave-vaisselle et les machines \u00e0 laver), puisque l\u2019eau n\u2019est pas drain\u00e9e et qu\u2019elle reviendra dans votre habitation.<\/p>\n\n<h3 class=\"wp-block-heading\"><strong>Ce qu\u2019il faut surveiller<\/strong><\/h3>\n\n<ul class=\"wp-block-list\"><li>Le <a href=\"http:\/\/www.ibc.ca\/pe\/home\/risk-management\/mitigation-techniques\/backwater-valve\"><strong>Bureau d\u2019assurance du Canada<\/strong><\/a> recommande aux r\u00e9sidents de <strong>ne pas<\/strong> installer de robinets \u00e0 tournant, qui viennent augmenter la pression de refoulement des \u00e9gouts sous le plancher de votre sous-sol, ce qui peut endommager la structure de votre habitation.<\/li><\/ul>\n\n<h3 class=\"wp-block-heading\"><strong>Ce qu\u2019il faut faire<\/strong><\/h3>\n\n<ul class=\"wp-block-list\"><li>\u2022 Faites appel \u00e0 un plombier autoris\u00e9 pour installer un clapet antiretour sur la conduite principale de votre habitation.<\/li><li>V\u00e9rifiez et nettoyez votre clapet antiretour une fois par an, de pr\u00e9f\u00e9rence au d\u00e9but du printemps, avant que la neige fonde.<\/li><li>Prenez d\u2019autres mesures dans les environs de votre habitation pour pr\u00e9venir les inondations de votre sous-sol, notamment en installant une pompe de puisard.<\/li><li>Faites savoir \u00e0 votre compagnie d\u2019assurance habitation que vous installez un clapet antiretour, ce qui vient r\u00e9duire le risque d\u2019inondation de votre habitation.<\/li><\/ul>\n\n<h3 class=\"wp-block-heading\"><strong>Co\u00fbt<\/strong><\/h3>\n\n<p>Le co\u00fbt est compris entre 500 $ et 2 000 $, en tenant compte de l\u2019installation.<\/p>\n\n<p>Source:<a href=\"http:\/\/www.ibc.ca\/on\/home\/risk-management\/mitigation-techniques\/backwater-valve\"><strong>Bureau d\u2019assurance du Canada.<\/strong><\/a><\/p>\n\n<hr class=\"wp-block-separator is-style-bh-separator\"\/>\n","protected":false},"excerpt":{"rendered":"<p>Les sous-sols sont de plus en plus souvent inond\u00e9s \u00e0 Ottawa. [&hellip;]<\/p>\n","protected":false},"author":3,"featured_media":0,"parent":1733,"menu_order":24,"comment_status":"closed","ping_status":"closed","template":"","meta":{"_acf_changed":false,"inline_featured_image":false,"footnotes":""},"tags":[28],"class_list":["post-392","page","type-page","status-publish","hentry","tag-autres-renovations"],"acf":[],"_links":{"self":[{"href":"https:\/\/betterhomesottawa.ca\/fr\/wp-json\/wp\/v2\/pages\/392","targetHints":{"allow":["GET"]}}],"collection":[{"href":"https:\/\/betterhomesottawa.ca\/fr\/wp-json\/wp\/v2\/pages"}],"about":[{"href":"https:\/\/betterhomesottawa.ca\/fr\/wp-json\/wp\/v2\/types\/page"}],"author":[{"embeddable":true,"href":"https:\/\/betterhomesottawa.ca\/fr\/wp-json\/wp\/v2\/users\/3"}],"replies":[{"embeddable":true,"href":"https:\/\/betterhomesottawa.ca\/fr\/wp-json\/wp\/v2\/comments?post=392"}],"version-history":[{"count":0,"href":"https:\/\/betterhomesottawa.ca\/fr\/wp-json\/wp\/v2\/pages\/392\/revisions"}],"up":[{"embeddable":true,"href":"https:\/\/betterhomesottawa.ca\/fr\/wp-json\/wp\/v2\/pages\/1733"}],"wp:attachment":[{"href":"https:\/\/betterhomesottawa.ca\/fr\/wp-json\/wp\/v2\/media?parent=392"}],"wp:term":[{"taxonomy":"post_tag","embeddable":true,"href":"https:\/\/betterhomesottawa.ca\/fr\/wp-json\/wp\/v2\/tags?post=392"}],"curies":[{"name":"wp","href":"https:\/\/api.w.org\/{rel}","templated":true}]}}