{"id":394,"date":"2021-08-30T15:51:49","date_gmt":"2021-08-30T19:51:49","guid":{"rendered":"https:\/\/betterhomesottawa.ca\/chaudieres\/"},"modified":"2021-08-31T09:57:21","modified_gmt":"2021-08-31T13:57:21","slug":"chaudieres","status":"publish","type":"page","link":"https:\/\/betterhomesottawa.ca\/fr\/evaluations-residentielles-modernisations-et-renovations-energetiques\/repertoire-des-modernisations\/chaudieres\/","title":{"rendered":"Chaudi\u00e8res"},"content":{"rendered":"\n<p>\u00c0 cause du climat froid d\u2019Ottawa, le chauffage des b\u00e2timents repr\u00e9sente \u00e0 concurrence de 61 % de l\u2019\u00e9nergie consomm\u00e9e dans l\u2019habitation moyenne de la Ville.<\/p>\n\n\n\n<p>Les chaudi\u00e8res consomment du gaz ou du mazout pour chauffer votre habitation et produire de l\u2019eau chaude. Les chaudi\u00e8res distribuent la chaleur en faisant appel \u00e0 des radiateurs ou au chauffage radiant dans le rev\u00eatement de sol, ce qui \u00e9limine la n\u00e9cessit\u00e9 de r\u00e9seaux de conduite pr\u00e9existants.<\/p>\n\n\n\n<h3 class=\"wp-block-heading\"><strong>Ce qu\u2019il faut surveiller<\/strong><\/h3>\n\n\n\n<ul class=\"wp-block-list\"><li>Les chaudi\u00e8res \u00e0 gaz et \u00e0 mazout sont assujetties au R\u00e8glement sur l\u2019efficacit\u00e9 \u00e9nerg\u00e9tique du Canada, qui d\u00e9finit les normes minimums de rendement pour l\u2019\u00e9conomie d\u2019\u00e9nergie de ces chaudi\u00e8res. Toutes les chaudi\u00e8res vendues au Canada sont \u00e9conomes d\u2019\u00e9nergie.<\/li><li>Consultez la cote AFUE (pour le rendement \u00e9nerg\u00e9tique annuel des chaudi\u00e8res) : la cote minimum doit \u00eatre comprise entre 82 % et 84 %.<\/li><li>Vous souhaitez remplacer votre chaudi\u00e8re \u00e0 mazout? Pensez \u00e0 acheter une chaudi\u00e8re au gaz naturel, qui a tendance \u00e0 moins gaspiller l\u2019\u00e9nergie et \u00e0 produire moins d\u2019\u00e9missions nocives.<\/li><\/ul>\n\n\n\n<h3 class=\"wp-block-heading\"><strong>Ce qu\u2019il faut faire<\/strong><\/h3>\n\n\n\n<ul class=\"wp-block-list\"><li>Isolez les conduites d\u2019eau chaude.<\/li><li>Videz ou \u00ab purgez \u00bb l\u2019air des radiateurs une ou deux fois par an pour qu\u2019ils puissent se remplir d\u2019eau.<\/li><li>Videz les radiateurs \u00e0 l\u2019aide d\u2019un aspirateur pour \u00e9viter que la salet\u00e9 et la poussi\u00e8re s\u2019accumulent.<\/li><li>Assurez-vous que le niveau de l\u2019eau du r\u00e9servoir de dilatation est correct.<\/li><li>Avant de remplacer votre chaudi\u00e8re, faites faire <strong>u<\/strong>ne \u00e9valuation \u00e9nerg\u00e9tique de votre habitation<strong>,<\/strong> ce qui vous permettra d\u2019analyser la consommation actuelle d\u2019\u00e9nergie chez vous.<\/li><li>Consultez votre municipalit\u00e9, l\u2019entreprise de gaz ou d\u2019\u00e9lectricit\u00e9 ou le d\u00e9taillant pour savoir si des rabais sont offerts.<\/li><\/ul>\n\n\n\n<h3 class=\"wp-block-heading\"><strong>Co\u00fbt<\/strong><\/h3>\n\n\n\n<p>Le co\u00fbt est compris entre 3 000 $ et 8 000 $.<\/p>\n\n\n\n<p>Source: <a href=\"https:\/\/www.rncan.gc.ca\/efficacite-energetique\/efficacite-energetique-maisons\/20547\"><strong> Ressources naturelles Canada.<\/strong><\/a><\/p>\n\n\n\n<hr class=\"wp-block-separator is-style-bh-separator\"\/>\n","protected":false},"excerpt":{"rendered":"<p>\u00c0 cause du climat froid d\u2019Ottawa, le chauffage des b\u00e2timents repr\u00e9sente [&hellip;]<\/p>\n","protected":false},"author":3,"featured_media":0,"parent":1733,"menu_order":3,"comment_status":"closed","ping_status":"closed","template":"","meta":{"_acf_changed":false,"inline_featured_image":false,"footnotes":""},"tags":[26],"class_list":["post-394","page","type-page","status-publish","hentry","tag-chauffage-et-climatisation"],"acf":[],"_links":{"self":[{"href":"https:\/\/betterhomesottawa.ca\/fr\/wp-json\/wp\/v2\/pages\/394","targetHints":{"allow":["GET"]}}],"collection":[{"href":"https:\/\/betterhomesottawa.ca\/fr\/wp-json\/wp\/v2\/pages"}],"about":[{"href":"https:\/\/betterhomesottawa.ca\/fr\/wp-json\/wp\/v2\/types\/page"}],"author":[{"embeddable":true,"href":"https:\/\/betterhomesottawa.ca\/fr\/wp-json\/wp\/v2\/users\/3"}],"replies":[{"embeddable":true,"href":"https:\/\/betterhomesottawa.ca\/fr\/wp-json\/wp\/v2\/comments?post=394"}],"version-history":[{"count":0,"href":"https:\/\/betterhomesottawa.ca\/fr\/wp-json\/wp\/v2\/pages\/394\/revisions"}],"up":[{"embeddable":true,"href":"https:\/\/betterhomesottawa.ca\/fr\/wp-json\/wp\/v2\/pages\/1733"}],"wp:attachment":[{"href":"https:\/\/betterhomesottawa.ca\/fr\/wp-json\/wp\/v2\/media?parent=394"}],"wp:term":[{"taxonomy":"post_tag","embeddable":true,"href":"https:\/\/betterhomesottawa.ca\/fr\/wp-json\/wp\/v2\/tags?post=394"}],"curies":[{"name":"wp","href":"https:\/\/api.w.org\/{rel}","templated":true}]}}