{"id":398,"date":"2021-08-30T16:40:03","date_gmt":"2021-08-30T20:40:03","guid":{"rendered":"https:\/\/betterhomesottawa.ca\/deshumidificateurs\/"},"modified":"2021-08-31T09:58:00","modified_gmt":"2021-08-31T13:58:00","slug":"deshumidificateurs","status":"publish","type":"page","link":"https:\/\/betterhomesottawa.ca\/fr\/evaluations-residentielles-modernisations-et-renovations-energetiques\/repertoire-des-modernisations\/deshumidificateurs\/","title":{"rendered":"D\u00e9shumidificateurs"},"content":{"rendered":"\n<p>S\u2019il y a, dans votre habitation ou dans une pi\u00e8ce, des taches d\u2019humidit\u00e9 sur un mur ou au plafond, des odeurs de moisi, des fen\u00eatres ou des tuyaux couverts de condensation ou que vous avez l\u2019impression que l\u2019air ambiant est empest\u00e9, il se peut que vous ayez besoin d\u2019un d\u00e9shumidificateur. Les d\u00e9shumidificateurs r\u00e8glent l\u2019humidit\u00e9 de la pi\u00e8ce en \u00e9liminant l\u2019humidit\u00e9 excessive dans l\u2019air, ce qui cr\u00e9e des conditions inhospitali\u00e8res pour les acariens de la poussi\u00e8re, les moisissures et les autres organismes allerg\u00e8nes. Les d\u00e9shumidificateurs fonctionnent discr\u00e8tement et efficacement en bruit de fond, sans que la plupart s\u2019en aper\u00e7oivent.<\/p>\n\n\n\n<p>Il y a deux types de d\u00e9shumidificateurs sur le march\u00e9 : les d\u00e9shumidificateurs portables et les d\u00e9shumidificateurs centraux. Pour les probl\u00e8mes de forte humidit\u00e9 importants et qui s\u2019\u00e9tendent sur toute l\u2019ann\u00e9e, procurez-vous un d\u00e9shumidificateur central, qui utilise le syst\u00e8me de chauffage et de climatisation de votre habitation pour r\u00e9duire l\u2019humidit\u00e9 dans toutes vos pi\u00e8ces. Si l\u2019humidit\u00e9 est p\u00e9riodique ou confin\u00e9e \u00e0 une pi\u00e8ce, un d\u00e9shumidificateur portable est suffisant.<\/p>\n\n\n\n<h3 class=\"wp-block-heading\"><strong>Ce qu\u2019il faut surveiller<\/strong><\/h3>\n\n\n\n<ul class=\"wp-block-list\"><li>Un d\u00e9shumidificateur certifi\u00e9 ENERGY STAR\u00ae, qui consomme pr\u00e8s de 30 % moins d\u2019\u00e9nergie, en moyenne, par rapport \u00e0 un mod\u00e8le standard<\/li><li>Les mod\u00e8les qui portent le facteur \u00e9nerg\u00e9tique (FE) le plus \u00e9lev\u00e9 : ce sont les plus efficaces. L\u2019efficacit\u00e9 se mesure en litres d\u2019eau enlev\u00e9s par kilowattheure (kWh) d\u2019\u00e9nergie consomm\u00e9e ou en L\/kWh.<\/li><li>Certains mod\u00e8les sont dot\u00e9s de fonctions intelligentes activ\u00e9es gr\u00e2ce \u00e0 la technologie Wi-Fi, ce qui vous permet de r\u00e9gler votre climatiseur \u00e0 partir d\u2019un appareil connect\u00e9 comme un t\u00e9l\u00e9phone mobile ou une tablette \u00e9lectronique.<\/li><\/ul>\n\n\n\n<h3 class=\"wp-block-heading\"><strong>Ce qu\u2019il faut faire<\/strong><\/h3>\n\n\n\n<ul class=\"wp-block-list\"><li>Fermez les portes et les fen\u00eatres quand vous faites fonctionner votre d\u00e9shumidificateur, puisque l\u2019air ext\u00e9rieur peut r\u00e9duire le rendement de l\u2019appareil.<\/li><li>Choisissez des appareils dot\u00e9s de filtres qui sont faciles \u00e0 enlever et \u00e0 laver. Lavez les filtres deux fois par mois : votre d\u00e9shumidificateur fonctionnera plus efficacement, et vous devrez remplacer les filtres moins souvent.<\/li><\/ul>\n\n\n\n<h3 class=\"wp-block-heading\"><strong>Co\u00fbt<\/strong><\/h3>\n\n\n\n<p>Le co\u00fbt d\u2019un d\u00e9shumidificateur central est compris entre 1 000 $ et 2 000 $ ou plus; le co\u00fbt d\u2019un d\u00e9shumidificateur portable est compris entre 150 $ et 300 $.<\/p>\n\n\n\n<p>Source: <a href=\"https:\/\/www.rncan.gc.ca\/efficacite-energetique\/efficacite-energetique-maisons\/20547\"><strong>Ressources naturelles Canada<\/strong><\/a><\/p>\n\n\n\n<hr class=\"wp-block-separator is-style-bh-separator\"\/>\n","protected":false},"excerpt":{"rendered":"<p>S\u2019il y a, dans votre habitation ou dans une pi\u00e8ce, des [&hellip;]<\/p>\n","protected":false},"author":3,"featured_media":0,"parent":1733,"menu_order":4,"comment_status":"closed","ping_status":"closed","template":"","meta":{"_acf_changed":false,"inline_featured_image":false,"footnotes":""},"tags":[26],"class_list":["post-398","page","type-page","status-publish","hentry","tag-chauffage-et-climatisation"],"acf":[],"_links":{"self":[{"href":"https:\/\/betterhomesottawa.ca\/fr\/wp-json\/wp\/v2\/pages\/398","targetHints":{"allow":["GET"]}}],"collection":[{"href":"https:\/\/betterhomesottawa.ca\/fr\/wp-json\/wp\/v2\/pages"}],"about":[{"href":"https:\/\/betterhomesottawa.ca\/fr\/wp-json\/wp\/v2\/types\/page"}],"author":[{"embeddable":true,"href":"https:\/\/betterhomesottawa.ca\/fr\/wp-json\/wp\/v2\/users\/3"}],"replies":[{"embeddable":true,"href":"https:\/\/betterhomesottawa.ca\/fr\/wp-json\/wp\/v2\/comments?post=398"}],"version-history":[{"count":0,"href":"https:\/\/betterhomesottawa.ca\/fr\/wp-json\/wp\/v2\/pages\/398\/revisions"}],"up":[{"embeddable":true,"href":"https:\/\/betterhomesottawa.ca\/fr\/wp-json\/wp\/v2\/pages\/1733"}],"wp:attachment":[{"href":"https:\/\/betterhomesottawa.ca\/fr\/wp-json\/wp\/v2\/media?parent=398"}],"wp:term":[{"taxonomy":"post_tag","embeddable":true,"href":"https:\/\/betterhomesottawa.ca\/fr\/wp-json\/wp\/v2\/tags?post=398"}],"curies":[{"name":"wp","href":"https:\/\/api.w.org\/{rel}","templated":true}]}}