{"id":402,"date":"2021-08-30T16:53:52","date_gmt":"2021-08-30T20:53:52","guid":{"rendered":"https:\/\/betterhomesottawa.ca\/portes\/"},"modified":"2021-08-31T10:07:50","modified_gmt":"2021-08-31T14:07:50","slug":"portes","status":"publish","type":"page","link":"https:\/\/betterhomesottawa.ca\/fr\/evaluations-residentielles-modernisations-et-renovations-energetiques\/repertoire-des-modernisations\/portes\/","title":{"rendered":"Portes"},"content":{"rendered":"\n<p>En plus d\u2019assurer la s\u00e9curit\u00e9 de votre habitation, les portes \u00e9conomes d\u2019\u00e9nergie pr\u00e9viennent les fuites d\u2019air et de chaleur ou de froid des habitations. Elles sont offertes dans diff\u00e9rents mat\u00e9riaux, dont certains r\u00e9duisent mieux que d\u2019autres le flux thermique. Selon le style et le type d\u2019isolant, par exemple, les portes \u00e0 rev\u00eatement m\u00e9tallique sont parfois plus \u00e9conomes d\u2019\u00e9nergie que les portes en bois massif. Peu importe le mat\u00e9riau, les portes mal ajust\u00e9es gaspillent l\u2019\u00e9nergie et peuvent rendre votre habitation inconfortable \u00e0 cause des courants d\u2019air.<\/p>\n\n\n\n<h3 class=\"wp-block-heading\"><strong>Ce qu\u2019il faut surveiller<\/strong><\/h3>\n\n\n\n<ul class=\"wp-block-list\"><li>Portes fabriqu\u00e9es \u00e0 l\u2019aide de mat\u00e9riaux dont les valeurs isolantes sont \u00e9lev\u00e9es, par exemple la fibre de verre, le vinyle ou l\u2019acier.<\/li><li>Cadres de m\u00e9tal, de bois, de vinyle ou \u00e0 rupture thermique.<\/li><li>Taux de fuite d\u2019air faibles (pour les syst\u00e8mes de portes d\u00e9j\u00e0 mont\u00e9es).<\/li><li>Mat\u00e9riaux d\u2019encadrement sans entretien.<\/li><li>Mod\u00e8le tr\u00e8s \u00e9conome d\u2019\u00e9nergie ou dot\u00e9 au moins d\u2019un double vitrage avec un vide d\u2019air de 12 mm (un demi-pouce) ou plus.<\/li><\/ul>\n\n\n\n<h3 class=\"wp-block-heading\"><strong>Ce qu\u2019il faut faire<\/strong><\/h3>\n\n\n\n<ul class=\"wp-block-list\"><li>Assurez-vous que les fen\u00eatres, les portes et les puits de lumi\u00e8re sont certifi\u00e9s ENERGY STAR\u00ae et faites appel \u00e0 un installateur professionnel pour vous assurer que leur rendement est optimal.<\/li><li>Les garanties varient selon le fournisseur et le mod\u00e8le de porte; comparez avant d\u2019acheter.<\/li><li>Consultez votre municipalit\u00e9, l\u2019entreprise de gaz ou d\u2019\u00e9lectricit\u00e9 ou le d\u00e9taillant pour savoir si des rabais sont offerts.<\/li><\/ul>\n\n\n\n<h3 class=\"wp-block-heading\"><strong>Co\u00fbt<\/strong><\/h3>\n\n\n\n<p>Le co\u00fbt est de 200 $ ou plus par porte.<\/p>\n\n\n\n<p>Source: <a href=\"https:\/\/www.rncan.gc.ca\/efficacite-energetique\/efficacite-energetique-maisons\/20547\"><strong>Ressources naturelle<\/strong><\/a><a href=\"https:\/\/www.rncan.gc.ca\/efficacite-energetique\/efficacite-energetique-maisons\/20547\"><strong>s Canada.<\/strong><\/a><\/p>\n\n\n\n<hr class=\"wp-block-separator is-style-bh-separator\"\/>\n","protected":false},"excerpt":{"rendered":"<p>En plus d\u2019assurer la s\u00e9curit\u00e9 de votre habitation, les portes \u00e9conomes [&hellip;]<\/p>\n","protected":false},"author":3,"featured_media":0,"parent":1733,"menu_order":14,"comment_status":"closed","ping_status":"closed","template":"","meta":{"_acf_changed":false,"inline_featured_image":false,"footnotes":""},"tags":[27],"class_list":["post-402","page","type-page","status-publish","hentry","tag-enveloppe-du-batiment"],"acf":[],"_links":{"self":[{"href":"https:\/\/betterhomesottawa.ca\/fr\/wp-json\/wp\/v2\/pages\/402","targetHints":{"allow":["GET"]}}],"collection":[{"href":"https:\/\/betterhomesottawa.ca\/fr\/wp-json\/wp\/v2\/pages"}],"about":[{"href":"https:\/\/betterhomesottawa.ca\/fr\/wp-json\/wp\/v2\/types\/page"}],"author":[{"embeddable":true,"href":"https:\/\/betterhomesottawa.ca\/fr\/wp-json\/wp\/v2\/users\/3"}],"replies":[{"embeddable":true,"href":"https:\/\/betterhomesottawa.ca\/fr\/wp-json\/wp\/v2\/comments?post=402"}],"version-history":[{"count":0,"href":"https:\/\/betterhomesottawa.ca\/fr\/wp-json\/wp\/v2\/pages\/402\/revisions"}],"up":[{"embeddable":true,"href":"https:\/\/betterhomesottawa.ca\/fr\/wp-json\/wp\/v2\/pages\/1733"}],"wp:attachment":[{"href":"https:\/\/betterhomesottawa.ca\/fr\/wp-json\/wp\/v2\/media?parent=402"}],"wp:term":[{"taxonomy":"post_tag","embeddable":true,"href":"https:\/\/betterhomesottawa.ca\/fr\/wp-json\/wp\/v2\/tags?post=402"}],"curies":[{"name":"wp","href":"https:\/\/api.w.org\/{rel}","templated":true}]}}