{"id":406,"date":"2021-08-30T17:00:52","date_gmt":"2021-08-30T21:00:52","guid":{"rendered":"https:\/\/betterhomesottawa.ca\/recuperation-de-la-chaleur-de-leau-du-drain\/"},"modified":"2021-08-31T10:00:18","modified_gmt":"2021-08-31T14:00:18","slug":"recuperation-de-la-chaleur-de-leau-du-drain","status":"publish","type":"page","link":"https:\/\/betterhomesottawa.ca\/fr\/evaluations-residentielles-modernisations-et-renovations-energetiques\/repertoire-des-modernisations\/recuperation-de-la-chaleur-de-leau-du-drain\/","title":{"rendered":"R\u00e9cup\u00e9ration de la chaleur de l\u2019eau du drain"},"content":{"rendered":"\n<p>La production de l\u2019eau chaude repr\u00e9sente \u00e0 concurrence de 20 % de la consommation d\u2019\u00e9nergie des habitations. Il s\u2019agit donc du deuxi\u00e8me poste de consommation d\u2019\u00e9nergie en importance apr\u00e8s le chauffage des pi\u00e8ces.<\/p>\n\n\n\n<p>Les syst\u00e8mes de r\u00e9cup\u00e9ration de la chaleur de l\u2019eau du drain captent la chaleur de l\u2019eau qui sort du drain, soit g\u00e9n\u00e9ralement la douche, et s\u2019en servent pour chauffer l\u2019eau froide qui entre dans votre chauffe-eau. Ces syst\u00e8mes sont tr\u00e8s efficaces quand il y a des courants d\u2019eau simultan\u00e9s, c\u2019est-\u00e0-dire quand on se sert de l\u2019eau chaude de la douche en m\u00eame temps que l\u2019eau s\u2019\u00e9coule du drain.<\/p>\n\n\n\n<h3 class=\"wp-block-heading\"><strong>Ce qu\u2019il faut surveiller<\/strong><\/h3>\n\n\n\n<ul class=\"wp-block-list\"><li>Recherchez les produits certifi\u00e9s ENERGY STAR\u00ae. Vous pouvez acheter un syst\u00e8me de r\u00e9cup\u00e9ration de la chaleur de l\u2019eau du drain par l\u2019entremise du plombier de votre localit\u00e9, d\u2019un grossiste en plomberie ou encore en ligne.<\/li><li>Les syst\u00e8mes de r\u00e9cup\u00e9ration de la chaleur de l\u2019eau du drain sont recommand\u00e9s pour les habitations dans lesquelles la consommation de l\u2019eau chaude est sup\u00e9rieure \u00e0 la moyenne (soit des habitations dans lesquelles il y a g\u00e9n\u00e9ralement au moins trois habitants). C\u2019est lorsque tous les occupants prennent des douches que les \u00e9conomies sont les plus importantes.<\/li><li>Ces syst\u00e8mes durent g\u00e9n\u00e9ralement au moins 30 ans. La technologie est simple et durable; il n\u2019y a pas de pi\u00e8ces mobiles.<\/li><li>Faites appel \u00e0 un plombier autoris\u00e9 pour installer le syst\u00e8me. Dans la plupart des cas, il faut compter deux ou trois heures pour l\u2019installer.<\/li><li>Pensez \u00e0 faire faire une \u00e9valuation \u00e9nerg\u00e9tique de votre habitation pour pouvoir analyser votre consommation d\u2019\u00e9nergie et conna\u00eetre tous les points \u00e0 am\u00e9liorer.<\/li><li>Consultez votre municipalit\u00e9, l\u2019entreprise de gaz ou d\u2019\u00e9lectricit\u00e9 ou le d\u00e9taillant pour savoir si des rabais sont offerts.<\/li><\/ul>\n\n\n\n<h3 class=\"wp-block-heading\"><strong>Co\u00fbt<\/strong><\/h3>\n\n\n\n<p>Le co\u00fbt est compris entre 550 $ et 1 700 $, sans tenir compte des frais d\u2019installation.<\/p>\n\n\n\n<p>Source: <a href=\"https:\/\/www.rncan.gc.ca\/efficacite-energetique\/efficacite-energetique-maisons\/20547\"><strong>Ressources naturelles Canada.<\/strong><\/a><\/p>\n\n\n\n<hr class=\"wp-block-separator is-style-bh-separator\"\/>\n","protected":false},"excerpt":{"rendered":"<p>La production de l\u2019eau chaude repr\u00e9sente \u00e0 concurrence de 20 % [&hellip;]<\/p>\n","protected":false},"author":3,"featured_media":0,"parent":1733,"menu_order":5,"comment_status":"closed","ping_status":"closed","template":"","meta":{"_acf_changed":false,"inline_featured_image":false,"footnotes":""},"tags":[26],"class_list":["post-406","page","type-page","status-publish","hentry","tag-chauffage-et-climatisation"],"acf":[],"_links":{"self":[{"href":"https:\/\/betterhomesottawa.ca\/fr\/wp-json\/wp\/v2\/pages\/406","targetHints":{"allow":["GET"]}}],"collection":[{"href":"https:\/\/betterhomesottawa.ca\/fr\/wp-json\/wp\/v2\/pages"}],"about":[{"href":"https:\/\/betterhomesottawa.ca\/fr\/wp-json\/wp\/v2\/types\/page"}],"author":[{"embeddable":true,"href":"https:\/\/betterhomesottawa.ca\/fr\/wp-json\/wp\/v2\/users\/3"}],"replies":[{"embeddable":true,"href":"https:\/\/betterhomesottawa.ca\/fr\/wp-json\/wp\/v2\/comments?post=406"}],"version-history":[{"count":0,"href":"https:\/\/betterhomesottawa.ca\/fr\/wp-json\/wp\/v2\/pages\/406\/revisions"}],"up":[{"embeddable":true,"href":"https:\/\/betterhomesottawa.ca\/fr\/wp-json\/wp\/v2\/pages\/1733"}],"wp:attachment":[{"href":"https:\/\/betterhomesottawa.ca\/fr\/wp-json\/wp\/v2\/media?parent=406"}],"wp:term":[{"taxonomy":"post_tag","embeddable":true,"href":"https:\/\/betterhomesottawa.ca\/fr\/wp-json\/wp\/v2\/tags?post=406"}],"curies":[{"name":"wp","href":"https:\/\/api.w.org\/{rel}","templated":true}]}}