{"id":410,"date":"2021-08-30T17:06:16","date_gmt":"2021-08-30T21:06:16","guid":{"rendered":"https:\/\/betterhomesottawa.ca\/bornes-de-recharge-de-des-vehicules-electriques\/"},"modified":"2021-08-31T10:10:51","modified_gmt":"2021-08-31T14:10:51","slug":"bornes-de-recharge-de-des-vehicules-electriques","status":"publish","type":"page","link":"https:\/\/betterhomesottawa.ca\/fr\/evaluations-residentielles-modernisations-et-renovations-energetiques\/repertoire-des-modernisations\/bornes-de-recharge-de-des-vehicules-electriques\/","title":{"rendered":"Bornes de recharge de des v\u00e9hicules \u00e9lectriques"},"content":{"rendered":"\n<p>Les bornes de recharge des v\u00e9hicules \u00e9lectriques, appel\u00e9es couramment \u00ab bornes de recharge de VE \u00bb, permettent de recharger les v\u00e9hicules enti\u00e8rement \u00e9lectriques (VE) et les v\u00e9hicules \u00e9lectriques hybrides rechargeables. Il existe deux types de bornes de recharge que vous pouvez installer chez vous :<\/p>\n\n\n\n<ul class=\"wp-block-list\"><li>Les bornes de niveau 1, qui utilisent une prise de courant murale standard de 120 V, qui donnent une autonomie de 3 \u00e0 8 km pour chaque heure de recharge. Il faut parfois compter de 8 \u00e0 16 heures pour recharger compl\u00e8tement les v\u00e9hicules gr\u00e2ce \u00e0 ces prises murales.<\/li><li>Les bornes de niveau 2, qui doivent \u00eatre \u00e9quip\u00e9es d\u2019une prise de courant murale de 240 V (comparables \u00e0 celle qui est utilis\u00e9e pour les s\u00e9cheuses et les cuisini\u00e8res \u00e9lectriques); ces bornes apportent une autonomie de 16 \u00e0 80 km par heure de recharge. Il faut compter de 4 \u00e0 6 heures pour recharger compl\u00e8tement un v\u00e9hicule, selon la taille de la batterie.<\/li><\/ul>\n\n\n\n<h3 class=\"wp-block-heading\"><strong>Ce qu\u2019il faut surveiller<\/strong><\/h3>\n\n\n\n<ul class=\"wp-block-list\"><li>Installez un mod\u00e8le certifi\u00e9 ENERGY STAR\u00ae, qui consomme 40 % moins d\u2019\u00e9nergie quand il n\u2019est pas en train de recharger un v\u00e9hicule, soit g\u00e9n\u00e9ralement 85 % du temps.<\/li><li>Pensez \u00e0 acheter un mod\u00e8le dot\u00e9 de la technologie Wi-Fi pour pouvoir surveiller \u00e0 distance la consommation d\u2019\u00e9nergie.<\/li><li>Si vous ne stationnez pas votre VE dans un garage, vous devrez acheter un mod\u00e8le de borne qui peut \u00eatre pos\u00e9 en ext\u00e9rieur.<\/li><\/ul>\n\n\n\n<h3 class=\"wp-block-heading\"><strong>Ce qu\u2019il faut faire<\/strong><\/h3>\n\n\n\n<ul class=\"wp-block-list\"><li>Recharger un v\u00e9hicule \u00e9lectrique \u00e0 la maison la nuit est ce qui co\u00fbte le moins cher.<\/li><li>Pour les bornes de niveau 2, il faut un permis de l\u2019Office de la s\u00e9curit\u00e9 des installations \u00e9lectriques (OSIE); l\u2019installation de ces bornes doit \u00eatre confi\u00e9e \u00e0 un \u00e9lectricien autoris\u00e9.<\/li><li>Si votre disjoncteur principal a moins de 150 amp\u00e8res, vous devrez rehausser les services \u00e9lectriques de votre habitation pour installer une borne de niveau 2.<\/li><li>Les prises murales de niveau 1 sont mieux adapt\u00e9es aux propri\u00e9taires qui parcourent en moyenne moins de 50 km par jour.<\/li><li>Avant de brancher votre v\u00e9hicule sur une prise murale de niveau 1, assurez vous que la prise \u00e9lectrique est en bon \u00e9tat et qu\u2019elle n\u2019alimente pas d\u00e9j\u00e0 d\u2019autres prises.<\/li><li>Quand vous commandez votre borne, assurez-vous que le c\u00e2ble de recharge est assez long.<\/li><li>Consultez votre municipalit\u00e9, l\u2019entreprise de gaz ou d\u2019\u00e9lectricit\u00e9 ou le d\u00e9taillant pour savoir si des rabais sont offerts.<\/li><\/ul>\n\n\n\n<h3 class=\"wp-block-heading\"><strong>Co\u00fbt<\/strong><\/h3>\n\n\n\n<p>Le co\u00fbt est compris entre 1 700 $ et 4 000 $ ou plus, en tenant compte des frais d\u2019installation.<\/p>\n\n\n\n<p>Source: <a href=\"https:\/\/www.rncan.gc.ca\/efficacite-energetique\/efficacite-energetique-maisons\/20547\"><strong>Ressources naturelles Canada.<\/strong><\/a><\/p>\n\n\n\n<hr class=\"wp-block-separator is-style-bh-separator\"\/>\n","protected":false},"excerpt":{"rendered":"<p>Les bornes de recharge des v\u00e9hicules \u00e9lectriques, appel\u00e9es couramment \u00ab bornes [&hellip;]<\/p>\n","protected":false},"author":3,"featured_media":0,"parent":1733,"menu_order":19,"comment_status":"closed","ping_status":"closed","template":"","meta":{"_acf_changed":false,"inline_featured_image":false,"footnotes":""},"tags":[23],"class_list":["post-410","page","type-page","status-publish","hentry","tag-technologies-renouvelables-et-intelligentes"],"acf":[],"_links":{"self":[{"href":"https:\/\/betterhomesottawa.ca\/fr\/wp-json\/wp\/v2\/pages\/410","targetHints":{"allow":["GET"]}}],"collection":[{"href":"https:\/\/betterhomesottawa.ca\/fr\/wp-json\/wp\/v2\/pages"}],"about":[{"href":"https:\/\/betterhomesottawa.ca\/fr\/wp-json\/wp\/v2\/types\/page"}],"author":[{"embeddable":true,"href":"https:\/\/betterhomesottawa.ca\/fr\/wp-json\/wp\/v2\/users\/3"}],"replies":[{"embeddable":true,"href":"https:\/\/betterhomesottawa.ca\/fr\/wp-json\/wp\/v2\/comments?post=410"}],"version-history":[{"count":0,"href":"https:\/\/betterhomesottawa.ca\/fr\/wp-json\/wp\/v2\/pages\/410\/revisions"}],"up":[{"embeddable":true,"href":"https:\/\/betterhomesottawa.ca\/fr\/wp-json\/wp\/v2\/pages\/1733"}],"wp:attachment":[{"href":"https:\/\/betterhomesottawa.ca\/fr\/wp-json\/wp\/v2\/media?parent=410"}],"wp:term":[{"taxonomy":"post_tag","embeddable":true,"href":"https:\/\/betterhomesottawa.ca\/fr\/wp-json\/wp\/v2\/tags?post=410"}],"curies":[{"name":"wp","href":"https:\/\/api.w.org\/{rel}","templated":true}]}}