{"id":414,"date":"2021-08-30T17:19:19","date_gmt":"2021-08-30T21:19:19","guid":{"rendered":"https:\/\/betterhomesottawa.ca\/conseils-deconomie-denergie\/"},"modified":"2023-02-02T18:37:56","modified_gmt":"2023-02-02T23:37:56","slug":"conseils-deconomie-denergie","status":"publish","type":"page","link":"https:\/\/betterhomesottawa.ca\/fr\/evaluations-residentielles-modernisations-et-renovations-energetiques\/conseils-deconomie-denergie\/","title":{"rendered":"Conseils d&rsquo;\u00e9conomie d&rsquo;\u00e9nergie"},"content":{"rendered":"\n<div class=\"wp-block-group drawer_wrapper alignfull has-global-padding is-layout-constrained wp-block-group-is-layout-constrained\">\n<div class=\"wp-block-group drawer is-layout-flow wp-block-group-is-layout-flow\">\n<h2 class=\"wp-block-heading\">Gardez la porte du four ferm\u00e9e pendant la cuisson.<\/h2>\n\n\n\n<p>La temp\u00e9rature du four peut parfois baisser de 25 degr\u00e9s chaque fois que vous ouvrez la porte du four.<\/p>\n<\/div>\n\n\n\n<div class=\"wp-block-group drawer is-layout-flow wp-block-group-is-layout-flow\">\n<h2 class=\"wp-block-heading\">Laissez les aliments refroidir avant de les ranger dans le frigo.<\/h2>\n\n\n\n<p>Quand vous rangez des plats chauds au frigo, il doit fournir plus d\u2019\u00e9nergie pour les refroidir. Commencez par laisser refroidir vos plats sur le comptoir. Ne laissez jamais les aliments \u00e0 la temp\u00e9rature de la pi\u00e8ce pendant plus de deux heures et ne les laissez \u00e0 cette temp\u00e9rature que pendant une heure quand il fait chaud.<\/p>\n<\/div>\n\n\n\n<div class=\"wp-block-group drawer is-layout-flow wp-block-group-is-layout-flow\">\n<h2 class=\"wp-block-heading\">\u00c9vitez de vous servir de votre four en \u00e9t\u00e9.<\/h2>\n\n\n\n<p>Si vous \u00e9vitez de vous servir du four en \u00e9t\u00e9, vous r\u00e9duirez la chaleur dans votre habitation et vous r\u00e9aliserez des \u00e9conomies sur vos frais de climatisation.<\/p>\n<\/div>\n\n\n\n<div class=\"wp-block-group drawer is-layout-flow wp-block-group-is-layout-flow\">\n<h2 class=\"wp-block-heading\">V\u00e9rifiez la temp\u00e9rature de votre frigo et de votre cong\u00e9lateur.<\/h2>\n\n\n\n<p>Gardez votre frigo et votre cong\u00e9lateur \u00e0 la temp\u00e9rature id\u00e9ale. Pour votre frigo, cette temp\u00e9rature est comprise entre 2 \u00b0C et 3 \u00b0C; la temp\u00e9rature de votre cong\u00e9lateur devrait \u00eatre de 18 \u00b0.<\/p>\n<\/div>\n\n\n\n<div class=\"wp-block-group drawer is-layout-flow wp-block-group-is-layout-flow\">\n<h2 class=\"wp-block-heading\">Ne vous servez pas de la fonction de s\u00e9chage thermique du lave vaisselle.<\/h2>\n\n\n\n<p>Votre lave-vaisselle est dot\u00e9 d\u2019une fonction de s\u00e9chage thermique : ne vous en servez pas et laissez s\u00e9cher votre vaisselle par condensation.<\/p>\n<\/div>\n\n\n\n<div class=\"wp-block-group drawer is-layout-flow wp-block-group-is-layout-flow\">\n<h2 class=\"wp-block-heading\">Servez-vous du four micro-ondes, de la mijoteuse ou du four grille pain.<\/h2>\n\n\n\n<p>Cuisiner avec un four micro ondes, une mijoteuse ou un four grille-pain, plut\u00f4t qu\u2019en se servant d\u2019un four ordinaire, permet d\u2019\u00e9conomiser entre 30 % et 80 % d\u2019\u00e9nergie. Pour \u00e9conomiser encore plus, assurez-vous que vos petits \u00e9lectrom\u00e9nagers sont certifi\u00e9s ENERGY STAR\u00ae.<\/p>\n<\/div>\n\n\n\n<div class=\"wp-block-group drawer is-layout-flow wp-block-group-is-layout-flow\">\n<h2 class=\"wp-block-heading\">Posez le couvercle sur les chaudrons et les casseroles pendant la cuisson.<\/h2>\n\n\n\n<p>Couvrez vos chaudrons et vos casseroles quand vous faites bouillir l\u2019eau ou que vous cuisinez des aliments. Vous \u00e9viterez ainsi de perdre la chaleur, ce qui permettra au chaudron de faire bouillir plus rapidement l\u2019eau et de consommer moins d\u2019\u00e9nergie.<\/p>\n<\/div>\n\n\n\n<div class=\"wp-block-group drawer is-layout-flow wp-block-group-is-layout-flow\">\n<h2 class=\"wp-block-heading\">Fermez avant la fin de la cuisson les \u00e9l\u00e9ments chauffants de la cuisini\u00e8re.<\/h2>\n\n\n\n<p>Fermez les \u00e9l\u00e9ments chauffants de la cuisini\u00e8re quelques minutes avant la fin de la cuisson. La chaleur emmagasin\u00e9e dans le po\u00ealon ou le chaudron permettra de continuer de cuire vos aliments, et vous pourrez \u00e9conomiser l\u2019\u00e9nergie.<\/p>\n<\/div>\n\n\n\n<div class=\"wp-block-group drawer is-layout-flow wp-block-group-is-layout-flow\">\n<h2 class=\"wp-block-heading\">D\u00e9posez une serviette dans la s\u00e9cheuse.<\/h2>\n\n\n\n<p>En ajoutant une serviette s\u00e8che dans votre brass\u00e9e de s\u00e9chage, vous pourrez r\u00e9duire consid\u00e9rablement le temps de s\u00e9chage. Si vous faites sept brass\u00e9es par semaine, vous pourriez \u00e9conomiser 27 $ par an.<\/p>\n<\/div>\n\n\n\n<div class=\"wp-block-group drawer is-layout-flow wp-block-group-is-layout-flow\">\n<h2 class=\"wp-block-heading\">Remplissez la laveuse.<\/h2>\n\n\n\n<p>Votre laveuse consomme autant d\u2019\u00e9nergie, que vos brass\u00e9es soient plus ou moins importantes.<\/p>\n<\/div>\n\n\n\n<div class=\"wp-block-group drawer is-layout-flow wp-block-group-is-layout-flow\">\n<h2 class=\"wp-block-heading\">C\u2019est pourquoi il faut la remplir.<\/h2>\n\n\n\n<p>Nettoyez r\u00e9guli\u00e8rement le filtre \u00e0 charpie de votre s\u00e9cheuse. N\u2019oubliez pas la tuyauterie! Servez-vous p\u00e9riodiquement de la buse de votre aspirateur pour enlever les particules qui sortent du filtre.<\/p>\n<\/div>\n\n\n\n<div class=\"wp-block-group drawer is-layout-flow wp-block-group-is-layout-flow\">\n<h2 class=\"wp-block-heading\">Minorez vos charges fant\u00f4mes.<\/h2>\n\n\n\n<p>C\u2019est ainsi qu\u2019on appelle l\u2019\u00e9nergie que consomme un \u00e9lectrom\u00e9nager ou un produit \u00e9lectronique branch\u00e9 quand il n\u2019est pas en fonction. Le m\u00e9nage canadien moyen gaspille chaque ann\u00e9e 150 $ ou plus \u00e0 cause des produits \u00e9lectroniques qui sont branch\u00e9s sans toutefois fonctionner.<br><\/p>\n\n\n\n<p>\u00c9liminez vos charges fant\u00f4mes en d\u00e9branchant les \u00e9lectrom\u00e9nagers et les produits \u00e9lectroniques quand vous ne vous en servez pas ou en les branchant sur un bloc d\u2019alimentation multiprises et en fermant le bloc quand vous ne vous servez pas de ces appareils.<\/p>\n<\/div>\n\n\n\n<div class=\"wp-block-group drawer is-layout-flow wp-block-group-is-layout-flow\">\n<h2 class=\"wp-block-heading\">Cessez de vous servir de votre \u00e9conomiseur d\u2019\u00e9cran.<\/h2>\n\n\n\n<p>Mettez votre ordinateur en veille ou en hibernation au lieu de vous servir d\u2019un \u00e9conomiseur d\u2019\u00e9cran. Bien des ordinateurs et des moniteurs restent inactifs pendant des heures, ce qui gaspille l\u2019\u00e9nergie et fait monter vos factures d\u2019\u00e9lectricit\u00e9. Vous pouvez \u00e9conomiser environ 40 $ par an simplement en activant les param\u00e8tres de gestion de l\u2019alimentation \u00e9lectrique pour que votre ordinateur soit mis en veille apr\u00e8s avoir \u00e9t\u00e9 inactif pendant un certain nombre de minutes.<\/p>\n<\/div>\n\n\n\n<div class=\"wp-block-group drawer is-layout-flow wp-block-group-is-layout-flow\">\n<h2 class=\"wp-block-heading\">D\u00e9branchez les chargeurs de batterie quand vous ne vous en servez pas.<\/h2>\n\n\n\n<p>De nombreux chargeurs consomment continuellement de l\u2019\u00e9nergie, m\u00eame quand ils ne servent pas \u00e0 alimenter les appareils.<\/p>\n<\/div>\n\n\n\n<div class=\"wp-block-group drawer is-layout-flow wp-block-group-is-layout-flow\">\n<h2 class=\"wp-block-heading\">Fermez votre chauffe-eau si vous pr\u00e9voyez de vous absenter de chez vous pendant quelques jours.<\/h2>\n\n\n\n<p>Le chauffage de l\u2019eau est le deuxi\u00e8me poste de consommation d\u2019\u00e9nergie en importance dans votre habitation. Puisque la plupart des chauffe-eau permettent de porter l\u2019eau \u00e0 la temp\u00e9rature de consigne en moins d\u2019une heure environ, fermez votre chauffe-eau pendant la dur\u00e9e de votre absence pour \u00e9conomiser l\u2019\u00e9nergie.<\/p>\n<\/div>\n\n\n\n<div class=\"wp-block-group drawer is-layout-flow wp-block-group-is-layout-flow\">\n<h2 class=\"wp-block-heading\">Abaissez la temp\u00e9rature de votre chaudi\u00e8re.<\/h2>\n\n\n\n<p>Vous invitez \u00e0 d\u00eener pendant les F\u00eates ou vous cuisinez beaucoup en hiver? Abaissez de 3 degr\u00e9s la temp\u00e9rature de la chaudi\u00e8re et gardez la porte du four ouverte quand vous avez fini de cuisiner.<\/p>\n<\/div>\n\n\n\n<div class=\"wp-block-group drawer is-layout-flow wp-block-group-is-layout-flow\">\n<h2 class=\"wp-block-heading\">Programmez votre thermostat.<\/h2>\n\n\n\n<p>Les thermostats programmables ou intelligents r\u00e8glent automatiquement la temp\u00e9rature de votre habitation selon votre horaire. Ainsi, la temp\u00e9rature reste confortable uniquement quand vous devez rester chez vous. Si vous ne r\u00e9glez pas d\u00e9j\u00e0 votre thermostat durant la journ\u00e9e, un thermostat programmable pourrait vous permettre d\u2019\u00e9conomiser \u00e0 concurrence de 15 % sur vos frais de chauffage et de climatisation. Si vous vous chauffez \u00e0 l\u2019\u00e9lectricit\u00e9, abaissez votre thermostat de 2 degr\u00e9s pour \u00e9conomiser 5 % sur votre facture de chauffage. En l\u2019abaissant de 5 degr\u00e9s, vous pourriez \u00e9conomiser 10 %. .<\/p>\n<\/div>\n\n\n\n<div class=\"wp-block-group drawer is-layout-flow wp-block-group-is-layout-flow\">\n<h2 class=\"wp-block-heading\">Assurez-vous que vos ventilateurs de plafond tournent dans le bon sens.<\/h2>\n\n\n\n<p>Durant l\u2019\u00e9t\u00e9, votre ventilateur de plafond devrait tourner en sens inverse, ce qui am\u00e9liore la circulation de l\u2019air, en faisant monter l\u2019air frais et en diffusant une brise fra\u00eeche partout dans la pi\u00e8ce.<\/p>\n<\/div>\n\n\n\n<div class=\"wp-block-group drawer is-layout-flow wp-block-group-is-layout-flow\">\n<h2 class=\"wp-block-heading\">Profitez de la lumi\u00e8re du jour.<\/h2>\n\n\n\n<p>La m\u00eame fen\u00eatre orient\u00e9e dans le sens sud produit un \u00e9clairage de 20 \u00e0 100 fois sa superficie. En \u00e9teignant une ampoule de 60 watts pendant quatre heures chaque jour, vous \u00e9conomisez 9 $ sur un an.<\/p>\n<\/div>\n\n\n\n<div class=\"wp-block-group drawer is-layout-flow wp-block-group-is-layout-flow\">\n<h2 class=\"wp-block-heading\">Servez-vous d\u2019un \u00e9clairage sp\u00e9cialis\u00e9<\/h2>\n\n\n\n<p>Fermez les plafonniers et servez-vous de lampes de table, d\u2019un \u00e9clairage sur rail et de luminaires pour comptoir dans les pi\u00e8ces o\u00f9 vous travaillez et celles o\u00f9 vous vous d\u00e9tendez, ainsi que dans la cuisine.<\/p>\n<\/div>\n\n\n\n<div class=\"wp-block-group drawer is-layout-flow wp-block-group-is-layout-flow\">\n<h2 class=\"wp-block-heading\">Passez moins de temps sous la douche.<\/h2>\n\n\n\n<p>Le chauffage de l\u2019eau est le deuxi\u00e8me poste de consommation de l\u2019\u00e9nergie en importance dans votre habitation, et chauffer l\u2019eau co\u00fbte cher. Si deux personnes chez vous r\u00e9duisent d\u2019une minute chacune la dur\u00e9e de leur douche, vous pourriez \u00e9conomiser plus de 30 $ par an. R\u00e9glez une minuterie quand vous prenez votre douche.<\/p>\n<\/div>\n\n\n\n<div class=\"wp-block-group drawer is-layout-flow wp-block-group-is-layout-flow\">\n<h2 class=\"wp-block-heading\">Ne faites pas couler l\u2019eau quand vous vous rasez, que vous vous lavez les mains ou que vous vous brossez les dents.<\/h2>\n\n\n\n<p>Le chauffage de l\u2019eau est le deuxi\u00e8me poste de consommation de l\u2019\u00e9nergie en importance dans votre habitation, et chauffer l\u2019eau co\u00fbte cher. Si deux personnes chez vous r\u00e9duisent d\u2019une minute chacune la dur\u00e9e de leur douche, vous pourriez \u00e9conomiser plus de 30 $ par an. R\u00e9glez une minuterie quand vous prenez votre douche.<\/p>\n<\/div>\n\n\n\n<div class=\"wp-block-group drawer is-layout-flow wp-block-group-is-layout-flow\">\n<h2 class=\"wp-block-heading\">Prenez des douches plut\u00f4t que des bains.<\/h2>\n\n\n\n<p>Le chauffage de l\u2019eau est le deuxi\u00e8me poste de consommation de l\u2019\u00e9nergie en importance dans votre habitation, et chauffer l\u2019eau co\u00fbte cher. Si deux personnes chez vous r\u00e9duisent d\u2019une minute chacune la dur\u00e9e de leur douche, vous pourriez \u00e9conomiser plus de 30 $ par an. R\u00e9glez une minuterie quand vous prenez votre douche.<\/p>\n<\/div>\n\n\n\n<div class=\"wp-block-group drawer is-layout-flow wp-block-group-is-layout-flow\">\n<h2 class=\"wp-block-heading\">R\u00e9parez les fuites des toilettes.<\/h2>\n\n\n\n<p>La moindre fuite d\u2019une toilette peut faire gaspiller 547 litres d\u2019eau par jour, soit 200 000 litres par an, ce qui vient ajouter un suppl\u00e9ment de 90 $ sur votre facture d\u2019eau tous les deux mois.<\/p>\n<\/div>\n<\/div>\n","protected":false},"excerpt":{"rendered":"<p>Gardez la porte du four ferm\u00e9e pendant la cuisson. La temp\u00e9rature [&hellip;]<\/p>\n","protected":false},"author":3,"featured_media":739,"parent":1554,"menu_order":0,"comment_status":"closed","ping_status":"closed","template":"","meta":{"_acf_changed":false,"inline_featured_image":false,"footnotes":""},"tags":[29],"class_list":["post-414","page","type-page","status-publish","has-post-thumbnail","hentry","tag-renovations-et-modernisations"],"acf":[],"_links":{"self":[{"href":"https:\/\/betterhomesottawa.ca\/fr\/wp-json\/wp\/v2\/pages\/414","targetHints":{"allow":["GET"]}}],"collection":[{"href":"https:\/\/betterhomesottawa.ca\/fr\/wp-json\/wp\/v2\/pages"}],"about":[{"href":"https:\/\/betterhomesottawa.ca\/fr\/wp-json\/wp\/v2\/types\/page"}],"author":[{"embeddable":true,"href":"https:\/\/betterhomesottawa.ca\/fr\/wp-json\/wp\/v2\/users\/3"}],"replies":[{"embeddable":true,"href":"https:\/\/betterhomesottawa.ca\/fr\/wp-json\/wp\/v2\/comments?post=414"}],"version-history":[{"count":2,"href":"https:\/\/betterhomesottawa.ca\/fr\/wp-json\/wp\/v2\/pages\/414\/revisions"}],"predecessor-version":[{"id":2267,"href":"https:\/\/betterhomesottawa.ca\/fr\/wp-json\/wp\/v2\/pages\/414\/revisions\/2267"}],"up":[{"embeddable":true,"href":"https:\/\/betterhomesottawa.ca\/fr\/wp-json\/wp\/v2\/pages\/1554"}],"wp:featuredmedia":[{"embeddable":true,"href":"https:\/\/betterhomesottawa.ca\/fr\/wp-json\/wp\/v2\/media\/739"}],"wp:attachment":[{"href":"https:\/\/betterhomesottawa.ca\/fr\/wp-json\/wp\/v2\/media?parent=414"}],"wp:term":[{"taxonomy":"post_tag","embeddable":true,"href":"https:\/\/betterhomesottawa.ca\/fr\/wp-json\/wp\/v2\/tags?post=414"}],"curies":[{"name":"wp","href":"https:\/\/api.w.org\/{rel}","templated":true}]}}