{"id":418,"date":"2021-08-30T17:23:51","date_gmt":"2021-08-30T21:23:51","guid":{"rendered":"https:\/\/betterhomesottawa.ca\/stockage-denergie-batteries\/"},"modified":"2021-08-30T17:23:56","modified_gmt":"2021-08-30T21:23:56","slug":"stockage-denergie-batteries","status":"publish","type":"page","link":"https:\/\/betterhomesottawa.ca\/fr\/evaluations-residentielles-modernisations-et-renovations-energetiques\/repertoire-des-modernisations\/stockage-denergie-batteries\/","title":{"rendered":"Stockage d&rsquo;\u00e9nergie (batteries)"},"content":{"rendered":"\n<p>Avez-vous install\u00e9 ou pensez-vous \u00e0 installer des panneaux solaires PV chez vous? Alors, r\u00e9fl\u00e9chissez aux options qui vous sont offertes pour stocker l\u2019\u00e9nergie solaire.<\/p>\n\n<p>Le stockage de l\u2019\u00e9nergie, qui consiste \u00e0 stocker l\u2019\u00e9nergie dans des batteries \u00e0 la maison, fait appel \u00e0 des batteries rechargeables pour stocker l\u2019\u00e9nergie qui alimentera votre habitation en cas de besoin.<\/p>\n\n<p>Gr\u00e2ce \u00e0 un syst\u00e8me d\u2019\u00e9nergie solaire sur le toit, vous pouvez alimenter votre habitation en \u00e9nergie \u00e0 partir de vos panneaux solaires pour r\u00e9pondre \u00e0 vos besoins; toute l\u2019\u00e9nergie solaire exc\u00e9dentaire est transmise au r\u00e9seau. Pendant les heures au cours desquelles les panneaux solaires ne produisent pas d\u2019\u00e9lectricit\u00e9 (la nuit ou quand le temps est nuageux), votre habitation s\u2019alimente en \u00e9nergie \u00e0 partir du r\u00e9seau. Stocker votre \u00e9nergie solaire dans une batterie \u00e0 la maison vous permet de vous alimenter en \u00e9lectricit\u00e9 par temps nuageux ou la nuit. Ainsi, votre habitation d\u00e9pend moins de l\u2019alimentation apport\u00e9e par le r\u00e9seau.<\/p>\n\n<p>Les technologies de stockage de l\u2019\u00e9nergie se sont consid\u00e9rablement am\u00e9lior\u00e9es ces derni\u00e8res ann\u00e9es, de sorte qu\u2019elles sont moins ch\u00e8res et plus \u00e9conomiques que les mod\u00e8les pr\u00e9c\u00e9dents. Il existe deux types de batteries pour le stockage de l\u2019\u00e9nergie:<\/p>\n\n<ul class=\"wp-block-list\"><li>les batteries au plomb, qui ont une esp\u00e9rance de vie de 5 \u00e0 15 ans, sont moins ch\u00e8res, mais r\u00e9clament plus d\u2019entretien;<\/li><li>les batteries au lithium sont plus ch\u00e8res, mais compactes et sans entretien; elles se chargent et se rechargent plus rapidement.<\/li><\/ul>\n\n<p>Que votre habitation soit dot\u00e9e ou non de panneaux solaires PV, le stockage de l\u2019\u00e9nergie dans les batteries \u00e0 la maison est une source fiable et non polluante d\u2019alimentation \u00e9lectrique de secours.<\/p>\n\n<h3 class=\"wp-block-heading\"><strong>Ce qu\u2019il faut surveiller<\/strong><\/h3>\n\n<ul class=\"wp-block-list\"><li>Recherchez la batterie ou les batteries dont la taille est adapt\u00e9e \u00e0 votre habitation.<\/li><li>La capacit\u00e9 d\u2019une m\u00eame unit\u00e9 de stockage de l\u2019\u00e9nergie dans les batteries \u00e0 la maison peut \u00eatre comprise entre 5 kWh et 13,5 kWh. (L\u2019habitation moyenne consomme environ 30 kWh d\u2019\u00e9nergie par jour.) Or, on peut regrouper diff\u00e9rentes unit\u00e9s pour cr\u00e9er un syst\u00e8me de stockage plus puissant.<\/li><\/ul>\n\n<h3 class=\"wp-block-heading\"><strong>Ce qu\u2019il faut faire<\/strong><\/h3>\n\n<ul class=\"wp-block-list\"><li>Si vous n\u2019avez pas de panneaux solaires PV, chargez vos batteries le soir, quand les tarifs d\u2019\u00e9lectricit\u00e9 sont moindres.<\/li><li>Servez-vous de votre batterie pour recharger votre v\u00e9hicule \u00e9lectrique la nuit, ce qui vous permettra d\u2019\u00e9conomiser de l\u2019argent et de l\u2019\u00e9nergie.<\/li><li>Remplacez votre g\u00e9n\u00e9ratrice par une unit\u00e9 de stockage de l\u2019\u00e9nergie pour alimenter votre habitation pendant les pannes d\u2019\u00e9lectricit\u00e9. Ces unit\u00e9s ne produisent pas d\u2019\u00e9missions de gaz \u00e0 effet de serre.<\/li><li>Tenez compte de l\u2019esp\u00e9rance de vie du mod\u00e8le que vous souhaitez acheter : vous ne pouvez recharger qu\u2019un certain nombre de fois les batteries achet\u00e9es pour la maison, ce qui vous permet de savoir quand vous devez remplacer l\u2019unit\u00e9.<\/li><li>Consultez votre municipalit\u00e9, l\u2019entreprise de gaz ou d\u2019\u00e9lectricit\u00e9 ou le d\u00e9taillant pour savoir si des rabais sont offerts.<\/li><\/ul>\n\n<h3 class=\"wp-block-heading\"><strong>Co\u00fbt<\/strong><\/h3>\n\n<p>Le co\u00fbt est compris entre 6 000 dollars et 30 000 dollars par syst\u00e8me, ce qui tient compte du mat\u00e9riel et de l\u2019installation.<\/p>\n\n<hr class=\"wp-block-separator is-style-bh-separator\"\/>\n","protected":false},"excerpt":{"rendered":"<p>Avez-vous install\u00e9 ou pensez-vous \u00e0 installer des panneaux solaires PV chez [&hellip;]<\/p>\n","protected":false},"author":3,"featured_media":0,"parent":1733,"menu_order":20,"comment_status":"closed","ping_status":"closed","template":"","meta":{"_acf_changed":false,"inline_featured_image":false,"footnotes":""},"tags":[23],"class_list":["post-418","page","type-page","status-publish","hentry","tag-technologies-renouvelables-et-intelligentes"],"acf":[],"_links":{"self":[{"href":"https:\/\/betterhomesottawa.ca\/fr\/wp-json\/wp\/v2\/pages\/418","targetHints":{"allow":["GET"]}}],"collection":[{"href":"https:\/\/betterhomesottawa.ca\/fr\/wp-json\/wp\/v2\/pages"}],"about":[{"href":"https:\/\/betterhomesottawa.ca\/fr\/wp-json\/wp\/v2\/types\/page"}],"author":[{"embeddable":true,"href":"https:\/\/betterhomesottawa.ca\/fr\/wp-json\/wp\/v2\/users\/3"}],"replies":[{"embeddable":true,"href":"https:\/\/betterhomesottawa.ca\/fr\/wp-json\/wp\/v2\/comments?post=418"}],"version-history":[{"count":0,"href":"https:\/\/betterhomesottawa.ca\/fr\/wp-json\/wp\/v2\/pages\/418\/revisions"}],"up":[{"embeddable":true,"href":"https:\/\/betterhomesottawa.ca\/fr\/wp-json\/wp\/v2\/pages\/1733"}],"wp:attachment":[{"href":"https:\/\/betterhomesottawa.ca\/fr\/wp-json\/wp\/v2\/media?parent=418"}],"wp:term":[{"taxonomy":"post_tag","embeddable":true,"href":"https:\/\/betterhomesottawa.ca\/fr\/wp-json\/wp\/v2\/tags?post=418"}],"curies":[{"name":"wp","href":"https:\/\/api.w.org\/{rel}","templated":true}]}}