{"id":422,"date":"2021-08-30T17:27:38","date_gmt":"2021-08-30T21:27:38","guid":{"rendered":"https:\/\/betterhomesottawa.ca\/alarmes-dinondation\/"},"modified":"2021-08-30T17:27:39","modified_gmt":"2021-08-30T21:27:39","slug":"alarmes-dinondation","status":"publish","type":"page","link":"https:\/\/betterhomesottawa.ca\/fr\/evaluations-residentielles-modernisations-et-renovations-energetiques\/repertoire-des-modernisations\/alarmes-dinondation\/","title":{"rendered":"Alarmes d&rsquo;inondation"},"content":{"rendered":"\n<p>Les sous-sols sont de plus en plus souvent inond\u00e9s \u00e0 Ottawa. Le sous-sol de chaque habitation risque d\u2019\u00eatre inond\u00e9, m\u00eame s\u2019il n\u2019y a pas eu d\u2019inondation auparavant. Il est tr\u00e8s probable que votre sous-sol soit inond\u00e9 lorsqu\u2019il pleut abondamment ou que la neige et la glace fondent. Or, vous pouvez prendre des mesures pour r\u00e9duire ou pr\u00e9venir les inondations.<\/p>\n\n<p>D\u00e9tecter rapidement les fuites d\u2019eau peut vous aider \u00e0 conna\u00eetre tout de suite la cause et la source des fuites et \u00e0 corriger le probl\u00e8me avant que votre sous-sol soit inond\u00e9.<\/p>\n\n<p>Les alarmes d\u2019inondation, aussi appel\u00e9es \u00ab d\u00e9tecteurs d\u2019inondation \u00bb, alarmes en cas de d\u00e9bordement d\u2019eau ou d\u00e9tecteurs d\u2019eau, sont des appareils \u00e9lectroniques qui d\u00e9tectent la pr\u00e9sence de l\u2019eau et qui font retentir une alarme quand les capteurs sont d\u00e9clench\u00e9s. Les alarmes d\u2019inondation sont offertes dans diff\u00e9rentes formes et dans diverses tailles et sont dot\u00e9es de toutes sortes de caract\u00e9ristiques. Les nouveaux mod\u00e8les sont m\u00eame dot\u00e9s de la technologie Wi-Fi et peuvent s\u2019int\u00e9grer dans la domotique.<\/p>\n\n<p>Il existe deux cat\u00e9gories d\u2019alarmes d\u2019inondation:<\/p>\n\n<ul class=\"wp-block-list\"><li>les d\u00e9tecteurs par points sont dot\u00e9s de capteurs : pour que l\u2019alarme se d\u00e9clenche, il faut que l\u2019humidit\u00e9 ou l\u2019eau soit en contact avec l\u2019appareil;<\/li><li>les d\u00e9tecteurs de surface font appel \u00e0 des c\u00e2bles d\u00e9tecteurs longs ou \u00e0 diff\u00e9rents capteurs pour d\u00e9tecter les inondations sur les grandes surfaces.<\/li><\/ul>\n\n<h3 class=\"wp-block-heading\"><strong>Ce qu\u2019il faut surveiller<\/strong><\/h3>\n\n<ul class=\"wp-block-list\"><li>Une alarme dot\u00e9e de batteries fonctionne m\u00eame s\u2019il y a des pannes de courant par tr\u00e8s mauvais temps. Rappelez-vous de v\u00e9rifier vos appareils chaque ann\u00e9e, pour vous assurer que les batteries sont fonctionnelles.<\/li><li>Les alarmes dot\u00e9es de la technologie Wi-Fi permettent d\u2019envoyer des alertes par message texte ou par courriel.<\/li><\/ul>\n\n<h3 class=\"wp-block-heading\"><strong>Ce qu\u2019il faut faire<\/strong><\/h3>\n\n<ul class=\"wp-block-list\"><li>On peut poser des alarmes non loin des \u00e9lectrom\u00e9nagers qui peuvent fuiter (comme les lave-vaisselle et les laveuses).<\/li><li>Prenez d\u2019autres dispositions dans les environs de votre habitation pour pr\u00e9venir l\u2019inondation du sous-sol, notamment en installant une pompe de puisard et un clapet antiretour et en d\u00e9branchant vos tuyaux de descente des eaux pluviales.<\/li><li>Faites appel \u00e0 un plombier pour installer une vanne de fermeture d\u2019eau automatique de la conduite principale pour bloquer le courant d\u2019eau qui pourrait se rendre dans votre habitation.<\/li><\/ul>\n\n<h3 class=\"wp-block-heading\"><strong>Co\u00fbt<\/strong><\/h3>\n\n<p>Le co\u00fbt est compris en 25 $ et 150 $.<\/p>\n\n<hr class=\"wp-block-separator is-style-bh-separator\"\/>\n","protected":false},"excerpt":{"rendered":"<p>Les sous-sols sont de plus en plus souvent inond\u00e9s \u00e0 Ottawa. [&hellip;]<\/p>\n","protected":false},"author":3,"featured_media":0,"parent":1733,"menu_order":25,"comment_status":"closed","ping_status":"closed","template":"","meta":{"_acf_changed":false,"inline_featured_image":false,"footnotes":""},"tags":[28],"class_list":["post-422","page","type-page","status-publish","hentry","tag-autres-renovations"],"acf":[],"_links":{"self":[{"href":"https:\/\/betterhomesottawa.ca\/fr\/wp-json\/wp\/v2\/pages\/422","targetHints":{"allow":["GET"]}}],"collection":[{"href":"https:\/\/betterhomesottawa.ca\/fr\/wp-json\/wp\/v2\/pages"}],"about":[{"href":"https:\/\/betterhomesottawa.ca\/fr\/wp-json\/wp\/v2\/types\/page"}],"author":[{"embeddable":true,"href":"https:\/\/betterhomesottawa.ca\/fr\/wp-json\/wp\/v2\/users\/3"}],"replies":[{"embeddable":true,"href":"https:\/\/betterhomesottawa.ca\/fr\/wp-json\/wp\/v2\/comments?post=422"}],"version-history":[{"count":0,"href":"https:\/\/betterhomesottawa.ca\/fr\/wp-json\/wp\/v2\/pages\/422\/revisions"}],"up":[{"embeddable":true,"href":"https:\/\/betterhomesottawa.ca\/fr\/wp-json\/wp\/v2\/pages\/1733"}],"wp:attachment":[{"href":"https:\/\/betterhomesottawa.ca\/fr\/wp-json\/wp\/v2\/media?parent=422"}],"wp:term":[{"taxonomy":"post_tag","embeddable":true,"href":"https:\/\/betterhomesottawa.ca\/fr\/wp-json\/wp\/v2\/tags?post=422"}],"curies":[{"name":"wp","href":"https:\/\/api.w.org\/{rel}","templated":true}]}}