{"id":425,"date":"2021-08-30T17:31:50","date_gmt":"2021-08-30T21:31:50","guid":{"rendered":"https:\/\/betterhomesottawa.ca\/fournaises\/"},"modified":"2022-09-01T14:18:19","modified_gmt":"2022-09-01T18:18:19","slug":"fournaises","status":"publish","type":"page","link":"https:\/\/betterhomesottawa.ca\/fr\/evaluations-residentielles-modernisations-et-renovations-energetiques\/repertoire-des-modernisations\/fournaises\/","title":{"rendered":"Fournaises"},"content":{"rendered":"\n<p>Une chaudi\u00e8re fait appel \u00e0 des canalisations et \u00e0 des prises d\u2019air pour distribuer l\u2019air chaud dans votre habitation. Les chaudi\u00e8res \u00e0 gaz tr\u00e8s performantes sont peu bruyantes, fiables et efficaces, puisqu\u2019elles permettent de maintenir une ambiance confortable et de r\u00e9duire votre facture d\u2019\u00e9nergie \u00e0 concurrence de 45 %.<\/p>\n\n<p>Les fournaises \u00e0 air puls\u00e9 certifi\u00e9es ENERGY STAR\u00ae, aliment\u00e9es au gaz, consomment 6 % moins d\u2019\u00e9nergie, et celles qui sont aliment\u00e9es au mazout consomment 9 % moins d\u2019\u00e9nergie en moyenne que les mod\u00e8les standards. Le chauffage des pi\u00e8ces de votre habitation repr\u00e9sente plus de la moiti\u00e9 de votre consommation d\u2019\u00e9nergie et permet le mieux de r\u00e9duire vos factures d\u2019\u00e9nergie.<\/p>\n\n<p>Si votre chaudi\u00e8re a \u00e9t\u00e9 install\u00e9e avant 1990, il s\u2019agit probablement d\u2019un mod\u00e8le moins performant, puisque depuis cette date, les r\u00e8glements sur les chaudi\u00e8res au Canada ont \u00e9t\u00e9 actualis\u00e9s. Si vous faites installer une chaudi\u00e8re certifi\u00e9e ENERGY STAR\u00ae vous r\u00e9aliserez des \u00e9conomies et vous r\u00e9duirez le volume de gaz \u00e0 effet de serre que vous produirez.<\/p>\n\n<h3 class=\"wp-block-heading\"><strong>Ce qu\u2019il faut surveiller<\/strong><\/h3>\n\n<ul class=\"wp-block-list\"><li>Choisissez un mod\u00e8le certifi\u00e9 ENERGY STAR\u00ae.<\/li><li>V\u00e9rifiez le rendement \u00e9nerg\u00e9tique annuel (la cote AFUE). V\u00e9rifiez le rendement \u00e9nerg\u00e9tique annuel (la cote AFUE). Certains mod\u00e8les sont cot\u00e9s \u00e0 98,5 %, ce qui veut dire qu\u2019ils gaspillent tr\u00e8s peu d\u2019\u00e9nergie.<\/li><li>Les chaudi\u00e8res tr\u00e8s performantes co\u00fbtent parfois plus cher; or, elles vous permettent de r\u00e9aliser des \u00e9conomies sur vos factures d\u2019\u00e9nergie et de r\u00e9duire les \u00e9missions polluantes qui aggravent les d\u00e9r\u00e8glements climatiques.<\/li><\/ul>\n\n<h3 class=\"wp-block-heading\"><strong>Ce qu\u2019il faut faire<\/strong><\/h3>\n\n<ul class=\"wp-block-list\"><li>Faites installer l\u2019appareil par un entrepreneur autoris\u00e9 comp\u00e9tent.<\/li><li>Demandez-lui de calculer les besoins en chauffage de votre habitation pour vous assurer que votre chaudi\u00e8re est de la bonne taille.<\/li><li>Pour \u00e9conomiser le plus possible, faites aussi installer un thermostat intelligent.<\/li><li>Les chaudi\u00e8res au gaz durent g\u00e9n\u00e9ralement 15 \u00e0 20 ans Si votre chaudi\u00e8re existante est sur le point d\u2019atteindre la fin de sa dur\u00e9e utile, pensez \u00e0 la remplacer avant que l\u2019hiver commence.<\/li><li>Nettoyez ou remplacez p\u00e9riodiquement le filtre \u00e0 air.<\/li><li>Faites appel \u00e0 un entrepreneur autoris\u00e9 en chauffage pour inspecter \u00e0 intervalles r\u00e9guliers votre chaudi\u00e8re, ce qui permettra d\u2019en augmenter la dur\u00e9e utile et l\u2019efficacit\u00e9.<\/li><li>Programmer une \u00e9valuation \u00e9nerg\u00e9tique de votre habitation vous permettra de mieux conna\u00eetre les moyens d\u2019am\u00e9liorer vos \u00e9conomies d\u2019\u00e9nergie.<\/li><li>Consultez votre municipalit\u00e9, l\u2019entreprise de gaz ou d\u2019\u00e9lectricit\u00e9 ou le d\u00e9taillant pour savoir si des rabais sont offerts.<\/li><\/ul>\n\n<h3 class=\"wp-block-heading\"><strong>Co\u00fbt<\/strong><\/h3>\n\n<p>Le co\u00fbt est compris entre 2 000 $ et 8 000 $.<\/p>\n\n<p>Source: <a href=\"https:\/\/www.nrcan.gc.ca\/energy-efficiency\/energy-efficiency-homes\/20546\"><strong>Ressources naturelles Canada.<\/strong><\/a><\/p>\n\n<hr class=\"wp-block-separator has-css-opacity is-style-bh-separator\"\/>\n","protected":false},"excerpt":{"rendered":"<p>Une chaudi\u00e8re fait appel \u00e0 des canalisations et \u00e0 des prises [&hellip;]<\/p>\n","protected":false},"author":3,"featured_media":0,"parent":1733,"menu_order":6,"comment_status":"closed","ping_status":"closed","template":"","meta":{"_acf_changed":false,"inline_featured_image":false,"footnotes":""},"tags":[26],"class_list":["post-425","page","type-page","status-publish","hentry","tag-chauffage-et-climatisation"],"acf":[],"_links":{"self":[{"href":"https:\/\/betterhomesottawa.ca\/fr\/wp-json\/wp\/v2\/pages\/425","targetHints":{"allow":["GET"]}}],"collection":[{"href":"https:\/\/betterhomesottawa.ca\/fr\/wp-json\/wp\/v2\/pages"}],"about":[{"href":"https:\/\/betterhomesottawa.ca\/fr\/wp-json\/wp\/v2\/types\/page"}],"author":[{"embeddable":true,"href":"https:\/\/betterhomesottawa.ca\/fr\/wp-json\/wp\/v2\/users\/3"}],"replies":[{"embeddable":true,"href":"https:\/\/betterhomesottawa.ca\/fr\/wp-json\/wp\/v2\/comments?post=425"}],"version-history":[{"count":0,"href":"https:\/\/betterhomesottawa.ca\/fr\/wp-json\/wp\/v2\/pages\/425\/revisions"}],"up":[{"embeddable":true,"href":"https:\/\/betterhomesottawa.ca\/fr\/wp-json\/wp\/v2\/pages\/1733"}],"wp:attachment":[{"href":"https:\/\/betterhomesottawa.ca\/fr\/wp-json\/wp\/v2\/media?parent=425"}],"wp:term":[{"taxonomy":"post_tag","embeddable":true,"href":"https:\/\/betterhomesottawa.ca\/fr\/wp-json\/wp\/v2\/tags?post=425"}],"curies":[{"name":"wp","href":"https:\/\/api.w.org\/{rel}","templated":true}]}}