{"id":429,"date":"2021-08-30T17:36:26","date_gmt":"2021-08-30T21:36:26","guid":{"rendered":"https:\/\/betterhomesottawa.ca\/thermopompe-a-air\/"},"modified":"2021-08-31T10:01:40","modified_gmt":"2021-08-31T14:01:40","slug":"thermopompe-a-air","status":"publish","type":"page","link":"https:\/\/betterhomesottawa.ca\/fr\/evaluations-residentielles-modernisations-et-renovations-energetiques\/repertoire-des-modernisations\/thermopompe-a-air\/","title":{"rendered":"Thermopompe \u00e0 air"},"content":{"rendered":"\n<p>Le chauffage des pi\u00e8ces repr\u00e9sente 60 % de l\u2019\u00e9nergie consomm\u00e9e dans l\u2019habitation canadienne moyenne. Dans les habitations chauff\u00e9es \u00e0 l\u2019\u00e9lectricit\u00e9, il se peut que vous puissiez r\u00e9duire de 50 % vos frais de chauffage si vous installez une thermopompe \u00e0 air enti\u00e8rement \u00e9lectrique.<\/p>\n\n\n\n<p>La thermopompe \u00e0 air est un appareil \u00e9lectrique qui tient compte de la diff\u00e9rence entre les temp\u00e9ratures de l\u2019air ext\u00e9rieur et temp\u00e9ratures de l\u2019air int\u00e9rieur pour climatiser et chauffer votre habitation.<\/p>\n\n\n\n<p>Elle sert de climatiseur tr\u00e8s performant en \u00e9t\u00e9 et d\u2019appareil de chauffage en hiver. Elle fait appel \u00e0 un r\u00e9frig\u00e9rant qui r\u00e9agit \u00e0 la temp\u00e9rature. En \u00e9t\u00e9, la thermopompe climatise votre habitation et rejette l\u2019air chaud \u00e0 l\u2019ext\u00e9rieur. En automne, elle puise l\u2019air chaud \u00e0 l\u2019ext\u00e9rieur de votre habitation, m\u00eame par temps tr\u00e8s froid (0 oC). Dans de nombreuses habitations, on s\u2019en remet \u00e0 ces produits pour se chauffer ou se climatiser toute l\u2019ann\u00e9e.<\/p>\n\n\n\n<h3 class=\"wp-block-heading\"><strong>Ce qu\u2019il faut surveiller<\/strong><\/h3>\n\n\n\n<ul class=\"wp-block-list\"><li>\u00c0 Ottawa, il faut g\u00e9n\u00e9ralement faire appel \u00e0 une source de chauffage suppl\u00e9mentaire. Acheter une thermopompe \u00ab pour les climats froids \u00bb permet de r\u00e9duire la d\u00e9pendance vis-\u00e0-vis de cette source de chauffage suppl\u00e9mentaire.<\/li><li>Pour l\u2019installation, faites appel \u00e0 un technicien professionnel en chauffage et en climatisation, qui peut d\u00e9terminer la taille voulue et le bon produit pour votre habitation et pour le climat d\u2019Ottawa.<\/li><li>Pr\u00e9voyez l\u2019entretien de votre thermopompe \u00e0 la fin de l\u2019\u00e9t\u00e9, avant le d\u00e9but de la prochaine saison de chauffage.<\/li><li>Nettoyez vos filtres et vos serpentins chaque mois, puisque ces pr\u00e9cautions ont une incidence sur le rendement de votre syst\u00e8me et sur sa dur\u00e9e utile.<\/li><\/ul>\n\n\n\n<h3 class=\"wp-block-heading\"><strong>Ce qu\u2019il faut faire<\/strong><\/h3>\n\n\n\n<ul class=\"wp-block-list\"><li>Pr\u00e9voyez aussi un thermostat intelligent pour mieux g\u00e9rer la consommation d\u2019\u00e9nergie de votre habitation.<\/li><li>Quand vous achetez une thermopompe, deux facteurs vous permettent d\u2019en \u00e9valuer le rendement:<ul><li>le coefficient de performance de la saison de chauffage (HSPF), qui d\u00e9termine l\u2019efficacit\u00e9 de l\u2019appareil en hiver;<\/li><\/ul><\/li><li>Dans un cas comme dans l\u2019autre, plus le chiffre est \u00e9lev\u00e9, meilleur est le rendement.<\/li><li>Les thermopompes \u00e0 air certifi\u00e9es ENERGY STAR\u00ae consomment en moyenne 5 % moins d\u2019\u00e9nergie que les mod\u00e8les standards.<\/li><li>Avant d\u2019acheter une thermopompe, faites \u00e9valuer la <strong>c<\/strong>onsommation d\u2019\u00e9nergie de votre habitation et consultez votre municipalit\u00e9, l\u2019entreprise de gaz ou d\u2019\u00e9lectricit\u00e9 ou le d\u00e9taillant pour savoir si des rabais sont offerts.<\/li><\/ul>\n\n\n\n<h3 class=\"wp-block-heading\"><strong>Co\u00fbt<\/strong><\/h3>\n\n\n\n<p>Le co\u00fbt est compris entre 2 500 $ et plus de 5 000 $ par appareil, ce qui comprend les frais d\u2019installation.<\/p>\n\n\n\n<p>Source: <a href=\"https:\/\/www.rncan.gc.ca\/efficacite-energetique\/efficacite-energetique-maisons\/20547\"><strong>Ressources naturelles Canada.<\/strong><\/a><\/p>\n\n\n\n<hr class=\"wp-block-separator is-style-bh-separator\"\/>\n","protected":false},"excerpt":{"rendered":"<p>Le chauffage des pi\u00e8ces repr\u00e9sente 60 % de l\u2019\u00e9nergie consomm\u00e9e dans [&hellip;]<\/p>\n","protected":false},"author":3,"featured_media":0,"parent":1733,"menu_order":7,"comment_status":"closed","ping_status":"closed","template":"","meta":{"_acf_changed":false,"inline_featured_image":false,"footnotes":""},"tags":[26],"class_list":["post-429","page","type-page","status-publish","hentry","tag-chauffage-et-climatisation"],"acf":[],"_links":{"self":[{"href":"https:\/\/betterhomesottawa.ca\/fr\/wp-json\/wp\/v2\/pages\/429","targetHints":{"allow":["GET"]}}],"collection":[{"href":"https:\/\/betterhomesottawa.ca\/fr\/wp-json\/wp\/v2\/pages"}],"about":[{"href":"https:\/\/betterhomesottawa.ca\/fr\/wp-json\/wp\/v2\/types\/page"}],"author":[{"embeddable":true,"href":"https:\/\/betterhomesottawa.ca\/fr\/wp-json\/wp\/v2\/users\/3"}],"replies":[{"embeddable":true,"href":"https:\/\/betterhomesottawa.ca\/fr\/wp-json\/wp\/v2\/comments?post=429"}],"version-history":[{"count":0,"href":"https:\/\/betterhomesottawa.ca\/fr\/wp-json\/wp\/v2\/pages\/429\/revisions"}],"up":[{"embeddable":true,"href":"https:\/\/betterhomesottawa.ca\/fr\/wp-json\/wp\/v2\/pages\/1733"}],"wp:attachment":[{"href":"https:\/\/betterhomesottawa.ca\/fr\/wp-json\/wp\/v2\/media?parent=429"}],"wp:term":[{"taxonomy":"post_tag","embeddable":true,"href":"https:\/\/betterhomesottawa.ca\/fr\/wp-json\/wp\/v2\/tags?post=429"}],"curies":[{"name":"wp","href":"https:\/\/api.w.org\/{rel}","templated":true}]}}