{"id":433,"date":"2021-08-30T17:40:17","date_gmt":"2021-08-30T21:40:17","guid":{"rendered":"https:\/\/betterhomesottawa.ca\/thermopompes-biblocs-sans-conduits\/"},"modified":"2021-08-31T10:04:06","modified_gmt":"2021-08-31T14:04:06","slug":"thermopompes-biblocs-sans-conduits","status":"publish","type":"page","link":"https:\/\/betterhomesottawa.ca\/fr\/evaluations-residentielles-modernisations-et-renovations-energetiques\/repertoire-des-modernisations\/thermopompes-biblocs-sans-conduits\/","title":{"rendered":"Thermopompes biblocs sans conduits"},"content":{"rendered":"\n<p>Le chauffage des pi\u00e8ces repr\u00e9sente environ 60 % de l\u2019\u00e9nergie consomm\u00e9e dans l\u2019habitation canadienne moyenne.<\/p>\n\n\n\n<p>Les thermopompes biblocs sans conduits sont des syst\u00e8mes de chauffage et de climatisation \u00e9conomes d\u2019\u00e9nergie, qui n\u2019ont pas besoin de conduits; il s\u2019agit donc d\u2019un appareil id\u00e9al pour les habitations plus anciennes chauff\u00e9es \u00e0 l\u2019\u00e9lectricit\u00e9 comme pour les habitations dans lesquelles il n\u2019y a pas de conduits. Les thermopompes sans conduits profitent de la diff\u00e9rence de temp\u00e9rature entre l\u2019air ext\u00e9rieur et l\u2019air int\u00e9rieur pour chauffer ou climatiser les pi\u00e8ces de la maison. On peut r\u00e9gler la temp\u00e9rature gr\u00e2ce \u00e0 une console mont\u00e9e au mur, \u00e0 une t\u00e9l\u00e9commande ou \u00e0 une application sur un t\u00e9l\u00e9phone intelligent. Pour installer une thermopompe sans conduits, il suffit de percer un trou minuscule dans un mur ext\u00e9rieur, ce qui rend cette thermopompe moins vuln\u00e9rable aux fuites d\u2019air et aux probl\u00e8mes de s\u00e9curit\u00e9.<\/p>\n\n\n\n<p>Les thermopompes biblocs permettent aussi d\u2019\u00e9viter les pertes d\u2019\u00e9nergie li\u00e9es aux conduits et qui peuvent repr\u00e9senter plus de 30 % de l\u2019\u00e9nergie consomm\u00e9e pour chauffer ou climatiser les pi\u00e8ces de la maison.<\/p>\n\n\n\n<h3 class=\"wp-block-heading\"><strong>Ce qu\u2019il faut surveiller<\/strong><\/h3>\n\n\n\n<ul class=\"wp-block-list\"><li>Choisissez un appareil de chauffage et de climatisation certifi\u00e9 ENERGY STAR\u00ae pour r\u00e9duire vos factures de chauffage \u00e9lectrique \u00e0 concurrence de 60 % et vos factures de climatisation de 30 %, selon le climat de votre r\u00e9gion.<\/li><\/ul>\n\n\n\n<h3 class=\"wp-block-heading\"><strong>Ce qu\u2019il faut faire<\/strong><\/h3>\n\n\n\n<ul class=\"wp-block-list\"><li>Pr\u00e9voyez de connecter le syst\u00e8me \u00e0 un thermostat intelligent pour mieux g\u00e9rer la consommation d\u2019\u00e9nergie de votre habitation.<\/li><li>Pour l\u2019installation, faites appel \u00e0 un technicien professionnel en chauffage et en climatisation, qui pourra d\u00e9terminer le bon produit et la taille voulue pour votre habitation et le climat de votre r\u00e9gion.<\/li><li>Faites faire une <strong>\u00e9<\/strong>valuation de la consommation d\u2019\u00e9nergie de votre habitation pour analyser votre consommation d\u2019\u00e9nergie et conna\u00eetre tous les points \u00e0 am\u00e9liorer.<\/li><li>Avant d\u2019acheter une thermopompe, faites \u00e9valuer la consommation d\u2019\u00e9nergie de votre habitation et consultez votre municipalit\u00e9, l\u2019entreprise de gaz ou d\u2019\u00e9lectricit\u00e9 ou le d\u00e9taillant pour savoir si des rabais sont offerts.<\/li><\/ul>\n\n\n\n<h3 class=\"wp-block-heading\"><strong>Co\u00fbt<\/strong><\/h3>\n\n\n\n<p>Le co\u00fbt est compris entre 2 500 $ et plus de 5 000 $ par thermopompe, en tenant compte des frais d\u2019installation.<\/p>\n\n\n\n<p>Source: <a href=\"https:\/\/www.rncan.gc.ca\/efficacite-energetique\/efficacite-energetique-maisons\/20547\"><strong>Ressources naturelles Canada.<\/strong><\/a><\/p>\n\n\n\n<hr class=\"wp-block-separator is-style-bh-separator\"\/>\n","protected":false},"excerpt":{"rendered":"<p>Le chauffage des pi\u00e8ces repr\u00e9sente environ 60 % de l\u2019\u00e9nergie consomm\u00e9e [&hellip;]<\/p>\n","protected":false},"author":3,"featured_media":0,"parent":1733,"menu_order":8,"comment_status":"closed","ping_status":"closed","template":"","meta":{"_acf_changed":false,"inline_featured_image":false,"footnotes":""},"tags":[26],"class_list":["post-433","page","type-page","status-publish","hentry","tag-chauffage-et-climatisation"],"acf":[],"_links":{"self":[{"href":"https:\/\/betterhomesottawa.ca\/fr\/wp-json\/wp\/v2\/pages\/433","targetHints":{"allow":["GET"]}}],"collection":[{"href":"https:\/\/betterhomesottawa.ca\/fr\/wp-json\/wp\/v2\/pages"}],"about":[{"href":"https:\/\/betterhomesottawa.ca\/fr\/wp-json\/wp\/v2\/types\/page"}],"author":[{"embeddable":true,"href":"https:\/\/betterhomesottawa.ca\/fr\/wp-json\/wp\/v2\/users\/3"}],"replies":[{"embeddable":true,"href":"https:\/\/betterhomesottawa.ca\/fr\/wp-json\/wp\/v2\/comments?post=433"}],"version-history":[{"count":0,"href":"https:\/\/betterhomesottawa.ca\/fr\/wp-json\/wp\/v2\/pages\/433\/revisions"}],"up":[{"embeddable":true,"href":"https:\/\/betterhomesottawa.ca\/fr\/wp-json\/wp\/v2\/pages\/1733"}],"wp:attachment":[{"href":"https:\/\/betterhomesottawa.ca\/fr\/wp-json\/wp\/v2\/media?parent=433"}],"wp:term":[{"taxonomy":"post_tag","embeddable":true,"href":"https:\/\/betterhomesottawa.ca\/fr\/wp-json\/wp\/v2\/tags?post=433"}],"curies":[{"name":"wp","href":"https:\/\/api.w.org\/{rel}","templated":true}]}}