{"id":435,"date":"2021-08-30T17:44:20","date_gmt":"2021-08-30T21:44:20","guid":{"rendered":"https:\/\/betterhomesottawa.ca\/pompes-geothermiques\/"},"modified":"2021-08-31T10:04:37","modified_gmt":"2021-08-31T14:04:37","slug":"pompes-geothermiques","status":"publish","type":"page","link":"https:\/\/betterhomesottawa.ca\/fr\/evaluations-residentielles-modernisations-et-renovations-energetiques\/repertoire-des-modernisations\/pompes-geothermiques\/","title":{"rendered":"Pompes G\u00e9othermiques"},"content":{"rendered":"\n<p>Le chauffage des pi\u00e8ces repr\u00e9sente environ 60 % de l\u2019\u00e9nergie consomm\u00e9e dans l\u2019habitation canadienne moyenne. Si votre habitation est chauff\u00e9e \u00e0 l\u2019\u00e9lectricit\u00e9, vous pouvez r\u00e9duire vos frais de chauffage \u00e0 concurrence de 50 % en installant une pompe g\u00e9othermique \u00e9lectrique.<\/p>\n\n\n\n<p>Les pompes g\u00e9othermiques utilisent la chaleur de la terre ou de la nappe phr\u00e9atique ou ces deux sources de chaleur pour chauffer votre habitation en hiver et pour la climatiser en \u00e9t\u00e9, de m\u00eame que pour l\u2019alimenter en eau chaude. Les pompes g\u00e9othermiques sont plus efficaces pour chauffer les habitations dans les hivers rigoureux du Canada et permettent de r\u00e9aliser de meilleures \u00e9conomies d\u2019\u00e9nergie que les thermopompes \u00e0 air,<strong> <\/strong>puisque les temp\u00e9ratures du sous-sol en hiver sont sup\u00e9rieures aux temp\u00e9ratures de l\u2019air.<\/p>\n\n\n\n<p>Le chauffage g\u00e9othermique produit moins de CO<sub>2<\/sub> que les autres mod\u00e8les de syst\u00e8me de chauffage des pi\u00e8ces.<\/p>\n\n\n\n<h3 class=\"wp-block-heading\"><strong>Ce qu\u2019il faut surveiller<\/strong><\/h3>\n\n\n\n<ul class=\"wp-block-list\"><li>Faites appel \u00e0 un entrepreneur autoris\u00e9 comp\u00e9tent, qui pourra \u00e9valuer votre habitation et vos besoins.<\/li><li>Deux grands facteurs permettent de mesurer les \u00e9conomies d\u2019\u00e9nergie : le coefficient de performance de la saison de chauffage (HSPF) permet de mesurer l\u2019efficience de l\u2019appareil en hiver, et le taux de rendement \u00e9nerg\u00e9tique (EER) indique le rendement de l\u2019appareil en \u00e9t\u00e9. Dans un cas comme dans l\u2019autre, plus le chiffre est \u00e9lev\u00e9, meilleur est le rendement.<\/li><\/ul>\n\n\n\n<h3 class=\"wp-block-heading\"><strong>Ce qu\u2019il faut faire<\/strong><\/h3>\n\n\n\n<ul class=\"wp-block-list\"><li>Les thermopompes co\u00fbtent cher et leur installation r\u00e9clame beaucoup de travail, en plus de vous obliger \u00e0 r\u00e9am\u00e9nager votre paysagement. Or, elles ont une longue esp\u00e9rance de vie. Les composants de la thermopompe en int\u00e9rieur durent g\u00e9n\u00e9ralement 25 ans, alors que les boucles souterraines peuvent durer plus de 50 ans.<\/li><li>Les pompes g\u00e9othermiques chauffent g\u00e9n\u00e9ralement votre habitation \u00e0 une temp\u00e9rature l\u00e9g\u00e8rement inf\u00e9rieure par rapport \u00e0 une thermopompe \u00e0 mazout ou \u00e9lectrique traditionnelle<\/li><li>Vous pouvez raccorder votre thermopompe \u00e0 un thermostat intelligent pour mieux g\u00e9rer la consommation de l\u2019\u00e9nergie.<\/li><li>Pr\u00e9voyez d\u2019assurer l\u2019entretien de votre thermopompe \u00e0 la fin de l\u2019\u00e9t\u00e9, avant le d\u00e9but de la prochaine saison de chauffage.<\/li><li>Faites faire une \u00e9valuation de la consommation d\u2019\u00e9nergie de votre habitation pour analyser votre consommation d\u2019\u00e9nergie et conna\u00eetre tous les points \u00e0 am\u00e9liorer.<\/li><li>Consultez votre municipalit\u00e9, l\u2019entreprise de gaz ou d\u2019\u00e9lectricit\u00e9 ou le d\u00e9taillant pour savoir si des rabais sont offerts.<\/li><\/ul>\n\n\n\n<h3 class=\"wp-block-heading\"><strong>Co\u00fbt<\/strong><\/h3>\n\n\n\n<p>Le co\u00fbt est compris entre 20 000 $ et 40 000 $, ce qui comprend les frais d\u2019installation.<\/p>\n\n\n\n<p>Source: <a href=\"https:\/\/www.rncan.gc.ca\/efficacite-energetique\/efficacite-energetique-maisons\/20547\"><strong>Ressources naturelles Canada.<\/strong><\/a><\/p>\n\n\n\n<hr class=\"wp-block-separator is-style-bh-separator\"\/>\n","protected":false},"excerpt":{"rendered":"<p>Le chauffage des pi\u00e8ces repr\u00e9sente environ 60 % de l\u2019\u00e9nergie consomm\u00e9e [&hellip;]<\/p>\n","protected":false},"author":3,"featured_media":0,"parent":1733,"menu_order":9,"comment_status":"closed","ping_status":"closed","template":"","meta":{"_acf_changed":false,"inline_featured_image":false,"footnotes":""},"tags":[26],"class_list":["post-435","page","type-page","status-publish","hentry","tag-chauffage-et-climatisation"],"acf":[],"_links":{"self":[{"href":"https:\/\/betterhomesottawa.ca\/fr\/wp-json\/wp\/v2\/pages\/435","targetHints":{"allow":["GET"]}}],"collection":[{"href":"https:\/\/betterhomesottawa.ca\/fr\/wp-json\/wp\/v2\/pages"}],"about":[{"href":"https:\/\/betterhomesottawa.ca\/fr\/wp-json\/wp\/v2\/types\/page"}],"author":[{"embeddable":true,"href":"https:\/\/betterhomesottawa.ca\/fr\/wp-json\/wp\/v2\/users\/3"}],"replies":[{"embeddable":true,"href":"https:\/\/betterhomesottawa.ca\/fr\/wp-json\/wp\/v2\/comments?post=435"}],"version-history":[{"count":0,"href":"https:\/\/betterhomesottawa.ca\/fr\/wp-json\/wp\/v2\/pages\/435\/revisions"}],"up":[{"embeddable":true,"href":"https:\/\/betterhomesottawa.ca\/fr\/wp-json\/wp\/v2\/pages\/1733"}],"wp:attachment":[{"href":"https:\/\/betterhomesottawa.ca\/fr\/wp-json\/wp\/v2\/media?parent=435"}],"wp:term":[{"taxonomy":"post_tag","embeddable":true,"href":"https:\/\/betterhomesottawa.ca\/fr\/wp-json\/wp\/v2\/tags?post=435"}],"curies":[{"name":"wp","href":"https:\/\/api.w.org\/{rel}","templated":true}]}}