{"id":437,"date":"2021-08-30T17:47:17","date_gmt":"2021-08-30T21:47:17","guid":{"rendered":"https:\/\/betterhomesottawa.ca\/ventilateurs-recuperateurs-de-chaleur\/"},"modified":"2021-08-31T10:05:09","modified_gmt":"2021-08-31T14:05:09","slug":"ventilateurs-recuperateurs-de-chaleur","status":"publish","type":"page","link":"https:\/\/betterhomesottawa.ca\/fr\/evaluations-residentielles-modernisations-et-renovations-energetiques\/repertoire-des-modernisations\/ventilateurs-recuperateurs-de-chaleur\/","title":{"rendered":"Ventilateurs R\u00e9cup\u00e9rateurs de Chaleur"},"content":{"rendered":"\n<p>Les habitations construites apr\u00e8s 1977 sont g\u00e9n\u00e9ralement plus \u00e9tanches \u00e0 l\u2019air; l\u2019\u00e9tanch\u00e9it\u00e9 permet de pr\u00e9venir les pertes de chaleur, ainsi que la circulation de l\u2019air, ce qui est important pour votre sant\u00e9 et votre confort. Les ventilateurs r\u00e9cup\u00e9rateurs de chaleur (VRC), aussi appel\u00e9s \u00ab \u00e9changeurs d\u2019air \u00bb, \u00e9liminent l\u2019exc\u00e9dent d\u2019humidit\u00e9 et les polluants \u00e0 l\u2019int\u00e9rieur de l\u2019habitation (moisissures, produits chimiques m\u00e9nagers et bact\u00e9ries) et apportent de l\u2019air frais \u00e0 l\u2019int\u00e9rieur tout en minorant les pertes de chaleur.<\/p>\n\n\n\n<p>En automne et en hiver, le VRC capte la chaleur de l\u2019air qui sort de la maison et s\u2019en sert pour chauffer l\u2019air frais qui entre dans l\u2019habitation. De m\u00eame, le VRC peut inverser ce processus au printemps et en \u00e9t\u00e9, en enlevant une partie de la chaleur dans l\u2019air qui entre dans la maison et en la transf\u00e9rant dans l\u2019air qui sort.<\/p>\n\n\n\n<h3 class=\"wp-block-heading\"><strong>Ce qu\u2019il faut surveiller<\/strong><\/h3>\n\n\n\n<ul class=\"wp-block-list\"><li>Les VRC certifi\u00e9s ENERGY STAR\u00ae consomment moins d\u2019\u00e9nergie en moyenne que les mod\u00e8les standards.<\/li><li>Pour les habitations d\u00e9j\u00e0 dot\u00e9es de conduits, il faut penser \u00e0 un syst\u00e8me central.<\/li><li>Dans les habitations sans conduits, on peut installer, dans une fen\u00eatre ou dans une ouverture un VRC dont la capacit\u00e9 correspond \u00e0 une pi\u00e8ce de la maison. Il s\u2019agit d\u2019un appareil id\u00e9al pour les pi\u00e8ces qui ont des probl\u00e8mes d\u2019a\u00e9ration comme les salles de bain ou les salles de lessive.<\/li><\/ul>\n\n\n\n<h3 class=\"wp-block-heading\"><strong>Ce qu\u2019il faut faire<\/strong><\/h3>\n\n\n\n<ul class=\"wp-block-list\"><li>Faites appel \u00e0 un technicien professionnel autoris\u00e9 en CVC pour installer votre VRC.<\/li><li>Faites faire une \u00e9valuation de l<strong>a<\/strong> consommation d\u2019\u00e9nergie de votre habitation pour chiffrer votre consommation d\u2019\u00e9nergie et pour conna\u00eetre tous les points \u00e0 am\u00e9liorer.<\/li><li>Consultez votre municipalit\u00e9, l\u2019entreprise de gaz ou d\u2019\u00e9lectricit\u00e9 ou le d\u00e9taillant pour savoir si des rabais sont offerts.<\/li><\/ul>\n\n\n\n<h3 class=\"wp-block-heading\"><strong>Co\u00fbt<\/strong><\/h3>\n\n\n\n<p>Le co\u00fbt est compris entre 350 $ et 500 $ pour les mod\u00e8les mont\u00e9s permettant de chauffer une pi\u00e8ce de la maison; il est compris entre 500 $ et 1 500 $ pour les syst\u00e8mes centraux.<\/p>\n\n\n\n<p>Source: <a href=\"https:\/\/www.rncan.gc.ca\/efficacite-energetique\/efficacite-energetique-maisons\/20547\"><strong>Ressources naturelles Canada.<\/strong><\/a><\/p>\n\n\n\n<hr class=\"wp-block-separator is-style-bh-separator\"\/>\n","protected":false},"excerpt":{"rendered":"<p>Les habitations construites apr\u00e8s 1977 sont g\u00e9n\u00e9ralement plus \u00e9tanches \u00e0 l\u2019air; [&hellip;]<\/p>\n","protected":false},"author":3,"featured_media":0,"parent":1733,"menu_order":10,"comment_status":"closed","ping_status":"closed","template":"","meta":{"_acf_changed":false,"inline_featured_image":false,"footnotes":""},"tags":[26],"class_list":["post-437","page","type-page","status-publish","hentry","tag-chauffage-et-climatisation"],"acf":[],"_links":{"self":[{"href":"https:\/\/betterhomesottawa.ca\/fr\/wp-json\/wp\/v2\/pages\/437","targetHints":{"allow":["GET"]}}],"collection":[{"href":"https:\/\/betterhomesottawa.ca\/fr\/wp-json\/wp\/v2\/pages"}],"about":[{"href":"https:\/\/betterhomesottawa.ca\/fr\/wp-json\/wp\/v2\/types\/page"}],"author":[{"embeddable":true,"href":"https:\/\/betterhomesottawa.ca\/fr\/wp-json\/wp\/v2\/users\/3"}],"replies":[{"embeddable":true,"href":"https:\/\/betterhomesottawa.ca\/fr\/wp-json\/wp\/v2\/comments?post=437"}],"version-history":[{"count":0,"href":"https:\/\/betterhomesottawa.ca\/fr\/wp-json\/wp\/v2\/pages\/437\/revisions"}],"up":[{"embeddable":true,"href":"https:\/\/betterhomesottawa.ca\/fr\/wp-json\/wp\/v2\/pages\/1733"}],"wp:attachment":[{"href":"https:\/\/betterhomesottawa.ca\/fr\/wp-json\/wp\/v2\/media?parent=437"}],"wp:term":[{"taxonomy":"post_tag","embeddable":true,"href":"https:\/\/betterhomesottawa.ca\/fr\/wp-json\/wp\/v2\/tags?post=437"}],"curies":[{"name":"wp","href":"https:\/\/api.w.org\/{rel}","templated":true}]}}