{"id":441,"date":"2021-08-30T17:56:47","date_gmt":"2021-08-30T21:56:47","guid":{"rendered":"https:\/\/betterhomesottawa.ca\/incitatifs-pour-lachat-de-vehicules-zero-emission\/"},"modified":"2021-08-30T17:56:51","modified_gmt":"2021-08-30T21:56:51","slug":"incitatifs-pour-lachat-de-vehicules-zero-emission","status":"publish","type":"page","link":"https:\/\/betterhomesottawa.ca\/fr\/programmes-de-rabais-et-incitatifs\/incitatifs-pour-lachat-de-vehicules-zero-emission\/","title":{"rendered":"Incitatifs pour l\u2019achat de v\u00e9hicules z\u00e9ro \u00e9mission"},"content":{"rendered":"\n<h2 class=\"wp-block-heading\">Le gouvernement du Canada offre dans les points de vente des incitatifs pouvant atteindre 5 000 $ pour l\u2019achat ou la location, en r\u00e9pondant \u00e0 certaines conditions, de v\u00e9hicules \u00e9lectriques \u00e0 batterie, \u00e0 pile \u00e0 hydrog\u00e8ne et hybrides \u00e9lectriques rechargeables dont l\u2019autonomie est plus grande. Un incitatif de 2 500 $ est offert pour les v\u00e9hicules hybrides \u00e9lectriques rechargeables dont l\u2019autonomie est moins grande. <\/h2>\n\n<p>Pour avoir droit \u00e0 ces incitatifs dans le cadre du programme Incitatifs pour l\u2019achat de v\u00e9hicules z\u00e9ro \u00e9mission, vous devez acheter ou louer: <\/p>\n\n<ul class=\"wp-block-list\"><li>un v\u00e9hicule pour six passagers ou moins, dont le mod\u00e8le de base affiche un prix de d\u00e9tail sugg\u00e9r\u00e9 par le constructeur (PDSC) de moins de 45 000 $; <\/li><li>les versions plus co\u00fbteuses de ces v\u00e9hicules sont \u00e9galement admissibles \u00e0 l\u2019incitatif \u00e0 l\u2019achat, \u00e0 la condition que le PDSC ne d\u00e9passe pas 55 000 $; <br\/>ou <\/li><\/ul>\n\n<ul class=\"wp-block-list\"><li>un v\u00e9hicule pour sept passagers ou plus, dont le mod\u00e8le de base affiche un prix de d\u00e9tail sugg\u00e9r\u00e9 par le constructeur (PDSC) de moins de 55 000 $; <\/li><li>les versions plus co\u00fbteuses de ces v\u00e9hicules sont \u00e9galement admissibles \u00e0 un incitatif \u00e0 l&rsquo;achat, \u00e0 la condition que le PDSC ne d\u00e9passe pas 60 000 $. <\/li><\/ul>\n\n<p>Pour en savoir plus, veuillez consulter la page du programme de <a href=\"https:\/\/www.tc.gc.ca\/en\/services\/road\/innovative-technologies\/zero-emission-vehicles.html\" target=\"_blank\" rel=\"noreferrer noopener\"><strong>Transports Canada<\/strong><\/a><strong>.<\/strong> <\/p>\n\n<p><strong>Incitatifs offerts en Ontario:<\/strong> <\/p>\n\n<p><strong>Incitatif de 1 000 $ pour les VE d\u2019occasion<\/strong> <\/p>\n\n<p>En Ontario, les propri\u00e9taires de VE ont droit \u00e0 un incitatif de 1 000 $ dans l\u2019achat d\u2019un v\u00e9hicule d\u2019occasion enti\u00e8rement \u00e9lectrique. Cet incitatif est offert par Plug\u2019n Drive, en collaboration avec le Clean Air Partnership, gr\u00e2ce au concours financier de la M.H. Brigham Foundation. <\/p>\n\n<p>Il y a trois grandes \u00e9tapes \u00e0 franchir pour se pr\u00e9valoir de cet incitatif. <\/p>\n\n<p><strong>\u00c9tape 1 : Participer \u00e0 un s\u00e9minaire sur les VE d\u2019occasion<\/strong> <\/p>\n\n<p>Offert gratuitement, ce s\u00e9minaire donne un aper\u00e7u de l\u2019industrie des VE au Canada, des avantages du transport \u00e9lectrique et de ce qu\u2019il faut savoir quand vient le temps d\u2019acheter un VE d\u2019occasion. Vous recevrez un certificat confirmant que vous avez suivi ce s\u00e9minaire et que vous devrez pr\u00e9senter pour demander qu\u2019on vous verse cet incitatif. (Cf. l\u2019\u00e9tape 3.) <\/p>\n\n<p><strong>\u00c9tape 2 : Acheter un VE d\u2019occasion<\/strong> <\/p>\n\n<p>Toutes les voitures d\u2019occasion enti\u00e8rement \u00e9lectriques dont le prix de revente affich\u00e9 est inf\u00e9rieur \u00e0 50 000 $ CA donnent droit \u00e0 cet incitatif. Les voitures de fonction et les v\u00e9hicules qui font partie d\u2019un parc automobile ne donnent pas droit \u00e0 cet incitatif dans le cadre de ce programme. Vous pouvez acheter votre VE dans n\u2019importe quel pays ou n\u2019importe quelle province, sur un site Web, aupr\u00e8s de n\u2019importe quel concessionnaire ou revendeur priv\u00e9, \u00e0 la condition de l\u2019immatriculer et de l\u2019assurer en Ontario. <\/p>\n\n<p><strong>\u00c9tape 3 : Demander le paiement de l\u2019incitatif<\/strong> <\/p>\n\n<p>Faites parvenir une copie des documents suivants par courriel \u00e0 l\u2019adresse <a href=\"mailto:usedevincentive@plugndrive.ca\" target=\"_blank\" rel=\"noreferrer noopener\">usedevincentive@plugndrive.ca<\/a> : <\/p>\n\n<ul class=\"wp-block-list\"><li>contrat de vente; <\/li><\/ul>\n\n<ul class=\"wp-block-list\"><li>preuve d&rsquo;assurance; <\/li><li>immatriculation du v\u00e9hicule; <\/li><li>certificat de participation au s\u00e9minaire (qui vous sera adress\u00e9 par courriel \u00e0 la fin du s\u00e9minaire; cf. l\u2019\u00e9tape 1). <\/li><\/ul>\n\n<p>Pour en savoir plus, veuillez consulter la page <a href=\"https:\/\/www.plugndrive.ca\/used-electric-vehicles-incentive\/\" target=\"_blank\" rel=\"noreferrer noopener\">Plug\u2019n Drive\u2019s Used EV incentive<\/a>. <\/p>\n\n<p><strong>Incitatif du programme de mise \u00e0 la ferraille : 1 000 $<\/strong> <\/p>\n\n<p>Vous pouvez recycler votre vieux v\u00e9hicule \u00e0 essence et le remplacer par une voiture \u00e9lectrique d\u2019occasion pour avoir droit \u00e0 un autre incitatif de 1 000 $ sur votre achat! <\/p>\n\n<p>En Ontario, les propri\u00e9taires de VE qui ont droit \u00e0 l\u2019incitatif sur les VE d\u2019occasion, ce qui donne \u00e9galement \u00e0 tous les propri\u00e9taires de voitures en Ontario le droit \u00e0 l\u2019incitatif de 1 000 $ sur l\u2019achat d\u2019une voiture d\u2019occasion enti\u00e8rement \u00e9lectrique (cf. voir ci-dessus), peuvent \u00e9galement toucher l\u2019incitatif de 1 000 $ pour la mise \u00e0 la ferraille en recyclant leur vieille voiture \u00e0 essence. On encourage les propri\u00e9taires de voiture \u00e0 profiter de tous ces programmes, dont les incitatifs peuvent repr\u00e9senter<strong>2 000 $ sur l\u2019achat d\u2019un VE d\u2019occasion!<\/strong> <\/p>\n\n<p>En collaboration avec le Clean Air Partnership, et gr\u00e2ce au concours de la M.H. Brigham Foundation, Plug\u2019n Drive vous offre ce programme d\u2019incitatif \u00e0 la mise \u00e0 la ferraille. <\/p>\n\n<p>Pour avoir droit \u00e0 ce programme : <\/p>\n\n<p>1. Vous devez \u00eatre admissible au programme Incitatif \u00e0 l\u2019achat d\u2019un VE d\u2019occasion, d\u00e9poser votre demande et la faire approuver; <\/p>\n\n<p>2. Vous devez mettre \u00e0 la ferraille, par l\u2019entremise de <a href=\"https:\/\/carheaven.ca\/\" target=\"_blank\" rel=\"noreferrer noopener\">Car Heaven<\/a>, votre vieux v\u00e9hicule \u00e0 moteur \u00e0 combustion interne qui fonctionne et qui est assur\u00e9 en Ontario \u00e0 votre nom depuis au moins 6 mois. <\/p>\n\n<p>Pour en savoir plus, veuillez consulter la page <a href=\"https:\/\/www.plugndrive.ca\/used-electric-vehicles-scrappage\/\" target=\"_blank\" rel=\"noreferrer noopener\">Plug\u2019n Drive\u2019s Scrappage Incentive<\/a>. <\/p>\n\n<p><strong>Dans les autres provinces<\/strong> <\/p>\n\n<p>Le site Web de l\u2019<a href=\"https:\/\/www.caa.ca\/sustainability\/electric-vehicles\/government-incentives\/\" target=\"_blank\" rel=\"noreferrer noopener\">Association canadienne des automobilistes<\/a> comprend une carte pratique des programmes d\u2019incitatifs \u00e0 l\u2019achat de v\u00e9hicules \u00e9lectriques par province dans tout le Canada. <\/p>\n\n<p><strong>Incitatifs offerts au Qu\u00e9bec<\/strong> <\/p>\n\n<p><a href=\"https:\/\/vehiculeselectriques.gouv.qc.ca\/english\/\">https:\/\/vehiculeselectriques.gouv.qc.ca\/english\/<\/a><\/p>\n\n<hr class=\"wp-block-separator is-style-bh-separator\"\/>\n","protected":false},"excerpt":{"rendered":"<p>Le gouvernement du Canada offre dans les points de vente des [&hellip;]<\/p>\n","protected":false},"author":4,"featured_media":0,"parent":567,"menu_order":0,"comment_status":"closed","ping_status":"closed","template":"","meta":{"_acf_changed":false,"inline_featured_image":false,"footnotes":""},"tags":[24],"class_list":["post-441","page","type-page","status-publish","hentry","tag-rabais-incitatifs-et-financement"],"acf":[],"_links":{"self":[{"href":"https:\/\/betterhomesottawa.ca\/fr\/wp-json\/wp\/v2\/pages\/441","targetHints":{"allow":["GET"]}}],"collection":[{"href":"https:\/\/betterhomesottawa.ca\/fr\/wp-json\/wp\/v2\/pages"}],"about":[{"href":"https:\/\/betterhomesottawa.ca\/fr\/wp-json\/wp\/v2\/types\/page"}],"author":[{"embeddable":true,"href":"https:\/\/betterhomesottawa.ca\/fr\/wp-json\/wp\/v2\/users\/4"}],"replies":[{"embeddable":true,"href":"https:\/\/betterhomesottawa.ca\/fr\/wp-json\/wp\/v2\/comments?post=441"}],"version-history":[{"count":0,"href":"https:\/\/betterhomesottawa.ca\/fr\/wp-json\/wp\/v2\/pages\/441\/revisions"}],"up":[{"embeddable":true,"href":"https:\/\/betterhomesottawa.ca\/fr\/wp-json\/wp\/v2\/pages\/567"}],"wp:attachment":[{"href":"https:\/\/betterhomesottawa.ca\/fr\/wp-json\/wp\/v2\/media?parent=441"}],"wp:term":[{"taxonomy":"post_tag","embeddable":true,"href":"https:\/\/betterhomesottawa.ca\/fr\/wp-json\/wp\/v2\/tags?post=441"}],"curies":[{"name":"wp","href":"https:\/\/api.w.org\/{rel}","templated":true}]}}