{"id":445,"date":"2021-08-30T18:02:17","date_gmt":"2021-08-30T22:02:17","guid":{"rendered":"https:\/\/betterhomesottawa.ca\/isolant-grenier\/"},"modified":"2021-08-31T10:09:19","modified_gmt":"2021-08-31T14:09:19","slug":"isolant-grenier","status":"publish","type":"page","link":"https:\/\/betterhomesottawa.ca\/fr\/evaluations-residentielles-modernisations-et-renovations-energetiques\/repertoire-des-modernisations\/isolant-grenier\/","title":{"rendered":"Isolant &#8211; Grenier"},"content":{"rendered":"\n<p>L\u2019isolant emp\u00eache l\u2019air ext\u00e9rieur d\u2019entrer dans votre habitation. Il emp\u00eache aussi l\u2019air int\u00e9rieur d\u2019en sortir. Pour un rendement \u00e9nerg\u00e9tique maximum, vous devez calfeutrer, isoler et a\u00e9rer le grenier. Les fuites d\u2019air dans votre grenier causent d\u2019importantes pertes thermiques<\/p>\n\n\n\n<p>et donnent lieu \u00e0 toutes sortes de probl\u00e8mes li\u00e9s \u00e0 l\u2019humidit\u00e9 dans votre habitation.<\/p>\n\n\n\n<h3 class=\"wp-block-heading\"><strong>Ce qu\u2019il faut surveiller<\/strong><\/h3>\n\n\n\n<ul class=\"wp-block-list\"><li>L\u2019isolant est cot\u00e9 d\u2019apr\u00e8s sa valeur R. La lettre R d\u00e9signe la r\u00e9sistance : plus la valeur R est \u00e9lev\u00e9e, plus l\u2019isolant r\u00e9siste efficacement au transfert de la chaleur entre deux pi\u00e8ces de la maison.<\/li><li>Les diff\u00e9rents types d\u2019isolants ont diff\u00e9rentes valeurs R. Vous pouvez toutefois les combiner pour obtenir une meilleure efficacit\u00e9 \u00e9nerg\u00e9tique dans l\u2019ensemble.<\/li><li>En Ontario, la valeur R recommand\u00e9e pour isoler le grenier est comprise entre R-50 et R-60.<\/li><li>Les types d\u2019isolants les plus courants dans les greniers sont l\u2019isolant pulv\u00e9ris\u00e9, l\u2019isolant en vrac et isolant en natte, ainsi que l\u2019isolant en rouleau.<\/li><\/ul>\n\n\n\n<h3 class=\"wp-block-heading\"><strong>Ce qu\u2019il faut faire<\/strong><\/h3>\n\n\n\n<ul class=\"wp-block-list\"><li>Assurez-vous que votre isolant porte la valeur R minimum n\u00e9cessaire pour avoir droit aux rabais offerts.<\/li><li>Faites appel \u00e0 un professionnel. Un vice d\u2019installation peut r\u00e9duire la valeur R du mat\u00e9riau. Il faut aussi tenir compte des dispositions \u00e0 prendre pour la sant\u00e9 et la s\u00e9curit\u00e9.<\/li><li>Avant d\u2019acheter un isolant neuf, faites \u00e9valuer votre habitation et consultez votre municipalit\u00e9, l\u2019entreprise de gaz ou d\u2019\u00e9lectricit\u00e9 <strong>ou<\/strong> le d\u00e9taillant pour savoir si des rabais sont offerts.<\/li><\/ul>\n\n\n\n<h3 class=\"wp-block-heading\"><strong>Co\u00fbt<\/strong><\/h3>\n\n\n\n<p>Le co\u00fbt est compris entre 1,50 $ \u00e0 3,50 $ le pied carr\u00e9 .<\/p>\n\n\n\n<p>Source: <a href=\"https:\/\/www.rncan.gc.ca\/efficacite-energetique\/efficacite-energetique-maisons\/20547\"><strong>Ressources naturelles Canada.<\/strong><\/a><\/p>\n\n\n\n<hr class=\"wp-block-separator is-style-bh-separator\"\/>\n","protected":false},"excerpt":{"rendered":"<p>L\u2019isolant emp\u00eache l\u2019air ext\u00e9rieur d\u2019entrer dans votre habitation. Il emp\u00eache aussi [&hellip;]<\/p>\n","protected":false},"author":3,"featured_media":0,"parent":1733,"menu_order":15,"comment_status":"closed","ping_status":"closed","template":"","meta":{"_acf_changed":false,"inline_featured_image":false,"footnotes":""},"tags":[27],"class_list":["post-445","page","type-page","status-publish","hentry","tag-enveloppe-du-batiment"],"acf":[],"_links":{"self":[{"href":"https:\/\/betterhomesottawa.ca\/fr\/wp-json\/wp\/v2\/pages\/445","targetHints":{"allow":["GET"]}}],"collection":[{"href":"https:\/\/betterhomesottawa.ca\/fr\/wp-json\/wp\/v2\/pages"}],"about":[{"href":"https:\/\/betterhomesottawa.ca\/fr\/wp-json\/wp\/v2\/types\/page"}],"author":[{"embeddable":true,"href":"https:\/\/betterhomesottawa.ca\/fr\/wp-json\/wp\/v2\/users\/3"}],"replies":[{"embeddable":true,"href":"https:\/\/betterhomesottawa.ca\/fr\/wp-json\/wp\/v2\/comments?post=445"}],"version-history":[{"count":0,"href":"https:\/\/betterhomesottawa.ca\/fr\/wp-json\/wp\/v2\/pages\/445\/revisions"}],"up":[{"embeddable":true,"href":"https:\/\/betterhomesottawa.ca\/fr\/wp-json\/wp\/v2\/pages\/1733"}],"wp:attachment":[{"href":"https:\/\/betterhomesottawa.ca\/fr\/wp-json\/wp\/v2\/media?parent=445"}],"wp:term":[{"taxonomy":"post_tag","embeddable":true,"href":"https:\/\/betterhomesottawa.ca\/fr\/wp-json\/wp\/v2\/tags?post=445"}],"curies":[{"name":"wp","href":"https:\/\/api.w.org\/{rel}","templated":true}]}}