{"id":449,"date":"2021-08-31T09:34:12","date_gmt":"2021-08-31T13:34:12","guid":{"rendered":"https:\/\/betterhomesottawa.ca\/isolation-sous-sol\/"},"modified":"2021-08-31T10:09:42","modified_gmt":"2021-08-31T14:09:42","slug":"isolation-sous-sol","status":"publish","type":"page","link":"https:\/\/betterhomesottawa.ca\/fr\/evaluations-residentielles-modernisations-et-renovations-energetiques\/repertoire-des-modernisations\/isolation-sous-sol\/","title":{"rendered":"Isolation &#8211; Sous-sol"},"content":{"rendered":"\n<p>Le sous-sol peut repr\u00e9senter environ 20 % du total des pertes thermiques d\u2019une habitation. Il est important d\u2019ajouter un isolant dans votre sous-sol, qu\u2019il soit fini ou non. Pour un rendement \u00e9nerg\u00e9tique optimal, votre habitation doit \u00eatre bien isol\u00e9e, \u00e0 partir du toit jusqu\u2019aux fondations.<\/p>\n\n\n\n<p>Un peu comme le grenier, il faut calfeutrer, isoler et a\u00e9rer le sous-sol. Une bonne isolation permet non seulement de r\u00e9duire les frais de chauffage et de climatisation, mais aussi d\u2019am\u00e9liorer le confort de votre maison. Les mat\u00e9riaux \u00e0 utiliser pour isoler votre sous-sol d\u00e9pendent de vos fondations; vous devez aussi savoir si vous devez isoler l\u2019int\u00e9rieur ou l\u2019ext\u00e9rieur de votre habitation.<\/p>\n\n\n\n<h3 class=\"wp-block-heading\"><strong>Ce qu\u2019il faut surveiller<\/strong><\/h3>\n\n\n\n<ul class=\"wp-block-list\"><li>L\u2019isolant est cot\u00e9 d\u2019apr\u00e8s sa valeur R. La lettre R d\u00e9signe la r\u00e9sistance : plus la valeur R est \u00e9lev\u00e9e, plus l\u2019isolant r\u00e9siste efficacement au transfert de la chaleur entre deux pi\u00e8ces de la maison. Les diff\u00e9rents types d\u2019isolants portent diff\u00e9rentes valeurs R, que l\u2019on peut regrouper pour obtenir une meilleure valeur R dans l\u2019ensemble.<\/li><li>L\u2019objectif consiste \u00e0 obtenir la valeur minimum de R-12 pour l\u2019ensemble du sous-sol.<\/li><\/ul>\n\n\n\n<h3 class=\"wp-block-heading\"><strong>Ce qu\u2019il faut faire<\/strong><\/h3>\n\n\n\n<ul class=\"wp-block-list\"><li>Avant de planifier vos travaux de r\u00e9novation, \u00e9valuez votre sous-sol. Soyez attentif ou attentive aux fuites d\u2019eau et \u00e0 l\u2019humidit\u00e9 et demandez-vous si vous devez isoler l\u2019int\u00e9rieur ou l\u2019ext\u00e9rieur de votre habitation.<\/li><li>N\u2019isolez pas l\u2019int\u00e9rieur d\u2019un sous-sol dans lequel il y a des fuites ou des probl\u00e8mes d\u2019humidit\u00e9.<\/li><li>Assurez-vous que votre isolant porte la valeur R minimum n\u00e9cessaire pour avoir droit aux rabais offerts.<\/li><li>Avant de commencer les travaux, faites \u00e9valuer la consommation d\u2019\u00e9nergie<strong>d<\/strong>e votre habitation et consultez votre municipalit\u00e9, l\u2019entreprise de gaz ou d\u2019\u00e9lectricit\u00e9 ou le d\u00e9taillant pour savoir si des rabais sont offerts.<\/li><\/ul>\n\n\n\n<h3 class=\"wp-block-heading\"><strong>Co\u00fbt<\/strong><\/h3>\n\n\n\n<p>Le co\u00fbt est compris entre 6 500 $ et 18 000 $.<\/p>\n\n\n\n<p>Source: <a href=\"https:\/\/www.rncan.gc.ca\/efficacite-energetique\/efficacite-energetique-maisons\/20547\"><strong>Ressources naturelles Canada.<\/strong><\/a><\/p>\n\n\n\n<hr class=\"wp-block-separator is-style-bh-separator\"\/>\n","protected":false},"excerpt":{"rendered":"<p>Le sous-sol peut repr\u00e9senter environ 20 % du total des pertes [&hellip;]<\/p>\n","protected":false},"author":3,"featured_media":0,"parent":1733,"menu_order":16,"comment_status":"closed","ping_status":"closed","template":"","meta":{"_acf_changed":false,"inline_featured_image":false,"footnotes":""},"tags":[27],"class_list":["post-449","page","type-page","status-publish","hentry","tag-enveloppe-du-batiment"],"acf":[],"_links":{"self":[{"href":"https:\/\/betterhomesottawa.ca\/fr\/wp-json\/wp\/v2\/pages\/449","targetHints":{"allow":["GET"]}}],"collection":[{"href":"https:\/\/betterhomesottawa.ca\/fr\/wp-json\/wp\/v2\/pages"}],"about":[{"href":"https:\/\/betterhomesottawa.ca\/fr\/wp-json\/wp\/v2\/types\/page"}],"author":[{"embeddable":true,"href":"https:\/\/betterhomesottawa.ca\/fr\/wp-json\/wp\/v2\/users\/3"}],"replies":[{"embeddable":true,"href":"https:\/\/betterhomesottawa.ca\/fr\/wp-json\/wp\/v2\/comments?post=449"}],"version-history":[{"count":0,"href":"https:\/\/betterhomesottawa.ca\/fr\/wp-json\/wp\/v2\/pages\/449\/revisions"}],"up":[{"embeddable":true,"href":"https:\/\/betterhomesottawa.ca\/fr\/wp-json\/wp\/v2\/pages\/1733"}],"wp:attachment":[{"href":"https:\/\/betterhomesottawa.ca\/fr\/wp-json\/wp\/v2\/media?parent=449"}],"wp:term":[{"taxonomy":"post_tag","embeddable":true,"href":"https:\/\/betterhomesottawa.ca\/fr\/wp-json\/wp\/v2\/tags?post=449"}],"curies":[{"name":"wp","href":"https:\/\/api.w.org\/{rel}","templated":true}]}}