{"id":455,"date":"2021-08-31T09:39:32","date_gmt":"2021-08-31T13:39:32","guid":{"rendered":"https:\/\/betterhomesottawa.ca\/isolation-des-murs\/"},"modified":"2021-08-31T10:10:04","modified_gmt":"2021-08-31T14:10:04","slug":"isolation-des-murs","status":"publish","type":"page","link":"https:\/\/betterhomesottawa.ca\/fr\/evaluations-residentielles-modernisations-et-renovations-energetiques\/repertoire-des-modernisations\/isolation-des-murs\/","title":{"rendered":"Isolation &#8211; Des murs"},"content":{"rendered":"\n<p>Les murs peuvent expliquer \u00e0 concurrence de 20 % des pertes thermiques de votre habitation. En plus de la chaleur perdue \u00e0 cause des murs, les fissures et les ouvertures peuvent causer des fuites d\u2019air incontr\u00f4l\u00e9es dans votre habitation.<\/p>\n\n\n\n<p>L\u2019isolant vise \u00e0 emp\u00eacher la chaleur ou le bruit de se transmettre entre deux pi\u00e8ces de la maison. Il fonctionne en emprisonnant l\u2019air et en ralentissant le processus d\u2019entr\u00e9e et de sortie de l\u2019air Le mod\u00e8le d\u2019isolant qu\u2019il vous fait d\u00e9pend du type de murs (mur plein, blocs de b\u00e9ton ou charpente) dans votre habitation. Vous pouvez installer un ou plusieurs des isolants suivants : un isolant injectable, un isolant en plaques rigides, un isolant en natte ou en rouleau et un isolant en mousse \u00e0 vaporiser.<\/p>\n\n\n\n<h3 class=\"wp-block-heading\"><strong>Ce qu\u2019il faut surveiller<\/strong><\/h3>\n\n\n\n<ul class=\"wp-block-list\"><li>L\u2019isolant est cot\u00e9 d\u2019apr\u00e8s sa valeur R. La lettre R d\u00e9signe la r\u00e9sistance : plus la valeur R est \u00e9lev\u00e9e, plus l\u2019isolant r\u00e9siste efficacement au transfert de la chaleur entre deux pi\u00e8ces de la maison.<\/li><li>Les diff\u00e9rents types d\u2019isolants ont diff\u00e9rentes valeurs R. Vous pouvez faire appel \u00e0 plusieurs mod\u00e8les d\u2019isolants pour obtenir, dans l\u2019ensemble, une meilleure cote R.<\/li><\/ul>\n\n\n\n<h3 class=\"wp-block-heading\"><strong>Ce qu\u2019il faut faire<\/strong><\/h3>\n\n\n\n<ul class=\"wp-block-list\"><li>Des planchers et des murs froids en hiver et le d\u00e9veloppement de moisissures sont les signes d\u2019une habitation mal isol\u00e9e.<\/li><li>Assurez-vous que votre isolant porte la valeur R minimum n\u00e9cessaire pour avoir droit aux rabais offerts.<\/li><li>Faites appel \u00e0 un professionnel. Un vice d\u2019installation peut r\u00e9duire la valeur R du mat\u00e9riau; il faut aussi tenir compte de la sant\u00e9 et de la s\u00e9curit\u00e9.<\/li><li>Pensez \u00e0 faire \u00e9valuer la consommation d\u2019\u00e9nergie de votre habitation pour analyser le rendement \u00e9nerg\u00e9tique et pour conna\u00eetre tous les points \u00e0 am\u00e9liorer.<\/li><li>Consultez votre municipalit\u00e9, l\u2019entreprise de gaz ou d\u2019\u00e9lectricit\u00e9 ou le d\u00e9taillant pour savoir si des rabais sont offerts.<\/li><\/ul>\n\n\n\n<h3 class=\"wp-block-heading\"><strong>Co\u00fbt<\/strong><\/h3>\n\n\n\n<p>Le co\u00fbt est compris entre 150 $ et 3 000 $; il faut ajouter les frais d\u2019installation.<\/p>\n\n\n\n<p>Source: <a href=\"https:\/\/www.rncan.gc.ca\/efficacite-energetique\/efficacite-energetique-maisons\/20547\"><strong>Ressources naturelles Canada.<\/strong><\/a><\/p>\n\n\n\n<hr class=\"wp-block-separator is-style-bh-separator\"\/>\n","protected":false},"excerpt":{"rendered":"<p>Les murs peuvent expliquer \u00e0 concurrence de 20 % des pertes [&hellip;]<\/p>\n","protected":false},"author":3,"featured_media":0,"parent":1733,"menu_order":17,"comment_status":"closed","ping_status":"closed","template":"","meta":{"_acf_changed":false,"inline_featured_image":false,"footnotes":""},"tags":[27],"class_list":["post-455","page","type-page","status-publish","hentry","tag-enveloppe-du-batiment"],"acf":[],"_links":{"self":[{"href":"https:\/\/betterhomesottawa.ca\/fr\/wp-json\/wp\/v2\/pages\/455","targetHints":{"allow":["GET"]}}],"collection":[{"href":"https:\/\/betterhomesottawa.ca\/fr\/wp-json\/wp\/v2\/pages"}],"about":[{"href":"https:\/\/betterhomesottawa.ca\/fr\/wp-json\/wp\/v2\/types\/page"}],"author":[{"embeddable":true,"href":"https:\/\/betterhomesottawa.ca\/fr\/wp-json\/wp\/v2\/users\/3"}],"replies":[{"embeddable":true,"href":"https:\/\/betterhomesottawa.ca\/fr\/wp-json\/wp\/v2\/comments?post=455"}],"version-history":[{"count":0,"href":"https:\/\/betterhomesottawa.ca\/fr\/wp-json\/wp\/v2\/pages\/455\/revisions"}],"up":[{"embeddable":true,"href":"https:\/\/betterhomesottawa.ca\/fr\/wp-json\/wp\/v2\/pages\/1733"}],"wp:attachment":[{"href":"https:\/\/betterhomesottawa.ca\/fr\/wp-json\/wp\/v2\/media?parent=455"}],"wp:term":[{"taxonomy":"post_tag","embeddable":true,"href":"https:\/\/betterhomesottawa.ca\/fr\/wp-json\/wp\/v2\/tags?post=455"}],"curies":[{"name":"wp","href":"https:\/\/api.w.org\/{rel}","templated":true}]}}