{"id":459,"date":"2021-08-31T09:46:41","date_gmt":"2021-08-31T13:46:41","guid":{"rendered":"https:\/\/betterhomesottawa.ca\/nrcan-energy-audit\/"},"modified":"2025-03-27T15:17:05","modified_gmt":"2025-03-27T19:17:05","slug":"nrcan-energy-audit","status":"publish","type":"page","link":"https:\/\/betterhomesottawa.ca\/fr\/nrcan-energy-audit\/","title":{"rendered":"\u00c9valuation \u00e9nerg\u00e9tique de base"},"content":{"rendered":"\n<p>L\u2019\u00e9valuation \u00c9nerGuide de l\u2019efficacit\u00e9 \u00e9nerg\u00e9tique de votre maison est un excellent moyen de conna\u00eetre le rendement \u00e9nerg\u00e9tique actuel de votre habitation et de prendre en connaissance de cause les d\u00e9cisions sur les meilleurs moyens de l\u2019am\u00e9liorer. Am\u00e9liorer le rendement \u00e9nerg\u00e9tique de votre maison r\u00e9duit vos frais d\u2019\u00e9nergie, am\u00e9liore le confort et la valeur de votre habitation et diminue les \u00e9missions de gaz \u00e0 effet de serre qui aggravent les effets du changement climatique. <\/p>\n\n\n\n<p><strong>Qu\u2019avez-vous \u00e0 gagner gr\u00e2ce \u00e0 une \u00e9valuation de l\u2019efficacit\u00e9 \u00e9nerg\u00e9tique de votre maison?<\/strong> <\/p>\n\n\n\n<p>Un conseiller en efficacit\u00e9 \u00e9nerg\u00e9tique agr\u00e9\u00e9 m\u00e8nera une \u00e9valuation de fond en comble de votre habitation, en inspectant l\u2019isolation, les syst\u00e8mes de chauffage et de climatisation et l\u2019ensemble de la consommation d\u2019\u00e9nergie de votre habitation pour d\u00e9tecter les sources de perte d\u2019\u00e9nergie. \u00c0 la fin de l\u2019\u00e9valuation, il vous remettra: <\/p>\n\n\n\n<ul class=\"wp-block-list\">\n<li>l\u2019\u00e9tiquette \u00c9nerGuide, qui cotera la consommation d\u2019\u00e9nergie de votre maison et comparera le rendement \u00e9nerg\u00e9tique de votre habitation \u00e0 celui d\u2019une habitation neuve type. Cette \u00e9tiquette vous indiquera aussi la proportion de l\u2019\u00e9nergie consomm\u00e9e par les syst\u00e8mes de chauffage et de climatisation, l\u2019\u00e9quipement de ventilation et les autres biens d\u2019\u00e9quipement et \u00e9lectrom\u00e9nagers; <\/li>\n\n\n\n<li>la fiche d\u2019information \u00e0 l\u2019intention des propri\u00e9taires, qui comprendra de l\u2019information sur le mode de calcul de votre cote \u00c9nerGuide et un compte rendu d\u00e9taill\u00e9 de la consommation d\u2019\u00e9nergie de votre habitation; <\/li>\n\n\n\n<li>le rapport de mise \u00e0 niveau des r\u00e9novations, qui constituera un plan d\u2019action sur mesure gr\u00e2ce auquel vous pourrez am\u00e9liorer l\u2019efficacit\u00e9 \u00e9nerg\u00e9tique de votre habitation, notamment: <\/li>\n\n\n\n<li>les mises \u00e0 niveau recommand\u00e9es pour l\u2019efficacit\u00e9 \u00e9nerg\u00e9tique; <\/li>\n\n\n\n<li>les moyens potentiels de r\u00e9duire le gaspillage de l\u2019\u00e9nergie et les \u00e9missions de gaz \u00e0 effet de serre de votre maison; <\/li>\n\n\n\n<li>l\u2019information sur la sant\u00e9 et la s\u00e9curit\u00e9; <\/li>\n\n\n\n<li>des conseils pour \u00e9conomiser l\u2019\u00e9nergie. <\/li>\n<\/ul>\n\n\n\n<p><strong>Conditions \u00e0 remplir pour avoir droit aux rabais et aux incitatifs<\/strong> <\/p>\n\n\n\n<p>Pour avoir droit aux rabais et aux incitatifs offerts, il se peut que vous deviez faire faire une \u00e9valuation de l\u2019efficacit\u00e9 \u00e9nerg\u00e9tique de votre maison avant et apr\u00e8s vos travaux de r\u00e9novation. <\/p>\n\n\n\n<p>Consultez Ressources naturelles Canada et vos fournisseurs de gaz ou d\u2019\u00e9lectricit\u00e9, par exemple Enbridge Gaz et Hydro Ottawa, pour de l\u2019information sur les rabais offerts AVANT de commencer \u00e0 r\u00e9nover votre habitation. <\/p>\n\n\n\n<p>Si vous commencez les travaux avant l\u2019\u00e9valuation de l\u2019efficacit\u00e9 \u00e9nerg\u00e9tique de votre maison, vous pourriez vous priver des rabais et des incitatifs offerts. <\/p>\n\n\n\n<figure class=\"wp-block-image size-full\"><img loading=\"lazy\" decoding=\"async\" width=\"695\" height=\"645\" src=\"http:\/\/betterhomesottawa.ca\/wp-content\/uploads\/2021\/08\/NRCan-FR.png\" alt=\"\" class=\"wp-image-470\" srcset=\"https:\/\/betterhomesottawa.ca\/wp-content\/uploads\/2021\/08\/NRCan-FR.png 695w, https:\/\/betterhomesottawa.ca\/wp-content\/uploads\/2021\/08\/NRCan-FR-300x278.png 300w\" sizes=\"auto, (max-width: 695px) 100vw, 695px\" \/><\/figure>\n\n\n\n<p><\/p>\n\n\n\n<h4 class=\"has-text-align-center wp-block-heading\">Communiquez avec <a href=\"https:\/\/www.envirocentre.ca\/energy-assessments\/\">EnviroCentre<\/a> pour r\u00e9server votre v\u00e9rification \u00e9nerg\u00e9tique, ou trouvez d&rsquo;autres organismes de service enregistr\u00e9s sur le site web de <a href=\"https:\/\/www.rncan.gc.ca\/efficacite-energetique\/maisons\/fournisseurs-services-votre-communaute\/trouvez-un-organisme-de-service-autorise-pour-les-maisons-existantes\/23774?_gl=1*11g8ikt*_ga*MzA2MTYwODAzLjE2NzYwNTc5NjQ.*_ga_C2N57Y7DX5*MTY3NjA2MDMyOS4yLjAuMTY3NjA2MDMyOS4wLjAuMA..\" target=\"_blank\" rel=\"noreferrer noopener\">Ressources naturelles Canada<\/a>.<\/h4>\n\n\n\n<p><\/p>\n","protected":false},"excerpt":{"rendered":"<p>L\u2019\u00e9valuation \u00c9nerGuide de l\u2019efficacit\u00e9 \u00e9nerg\u00e9tique de votre maison est un excellent [&hellip;]<\/p>\n","protected":false},"author":4,"featured_media":2905,"parent":0,"menu_order":0,"comment_status":"closed","ping_status":"closed","template":"","meta":{"_acf_changed":false,"inline_featured_image":false,"footnotes":""},"tags":[],"class_list":["post-459","page","type-page","status-publish","has-post-thumbnail","hentry"],"acf":[],"_links":{"self":[{"href":"https:\/\/betterhomesottawa.ca\/fr\/wp-json\/wp\/v2\/pages\/459","targetHints":{"allow":["GET"]}}],"collection":[{"href":"https:\/\/betterhomesottawa.ca\/fr\/wp-json\/wp\/v2\/pages"}],"about":[{"href":"https:\/\/betterhomesottawa.ca\/fr\/wp-json\/wp\/v2\/types\/page"}],"author":[{"embeddable":true,"href":"https:\/\/betterhomesottawa.ca\/fr\/wp-json\/wp\/v2\/users\/4"}],"replies":[{"embeddable":true,"href":"https:\/\/betterhomesottawa.ca\/fr\/wp-json\/wp\/v2\/comments?post=459"}],"version-history":[{"count":3,"href":"https:\/\/betterhomesottawa.ca\/fr\/wp-json\/wp\/v2\/pages\/459\/revisions"}],"predecessor-version":[{"id":2766,"href":"https:\/\/betterhomesottawa.ca\/fr\/wp-json\/wp\/v2\/pages\/459\/revisions\/2766"}],"wp:featuredmedia":[{"embeddable":true,"href":"https:\/\/betterhomesottawa.ca\/fr\/wp-json\/wp\/v2\/media\/2905"}],"wp:attachment":[{"href":"https:\/\/betterhomesottawa.ca\/fr\/wp-json\/wp\/v2\/media?parent=459"}],"wp:term":[{"taxonomy":"post_tag","embeddable":true,"href":"https:\/\/betterhomesottawa.ca\/fr\/wp-json\/wp\/v2\/tags?post=459"}],"curies":[{"name":"wp","href":"https:\/\/api.w.org\/{rel}","templated":true}]}}