{"id":494,"date":"2021-08-31T10:17:32","date_gmt":"2021-08-31T14:17:32","guid":{"rendered":"https:\/\/betterhomesottawa.ca\/toilettes\/"},"modified":"2021-08-31T10:18:28","modified_gmt":"2021-08-31T14:18:28","slug":"toilettes","status":"publish","type":"page","link":"https:\/\/betterhomesottawa.ca\/fr\/evaluations-residentielles-modernisations-et-renovations-energetiques\/repertoire-des-modernisations\/toilettes\/","title":{"rendered":"Toilettes"},"content":{"rendered":"\n<p>Les toilettes repr\u00e9sentent 30 % de la consommation de l\u2019eau de votre habitation. Les toilettes tr\u00e8s performantes, aussi appel\u00e9es toilettes \u00e9coefficaces ou \u00e0 faible d\u00e9bit, \u00e9liminent les d\u00e9chets gr\u00e2ce \u00e0 la v\u00e9locit\u00e9 de l\u2019eau plut\u00f4t qu\u2019au volume.<br>Voici les options:<\/p>\n\n\n\n<ul class=\"wp-block-list\"><li>toilettes tr\u00e8s performantes, qui consomment 4,8 litres d\u2019eau ou moins par chasse;<\/li><li>toilettes \u00e0 double chasse, soit une chasse pour l\u2019urine et l\u2019autre pour les excr\u00e9ments.<\/li><\/ul>\n\n\n\n<h3 class=\"wp-block-heading\"><strong>Ce qu\u2019il faut surveiller<\/strong><\/h3>\n\n\n\n<ul class=\"wp-block-list\"><li>Comparez les indices de chasse d\u2019eau. Plus l\u2019indice est faible, moins la toilette chasse l\u2019eau.<\/li><li>Pensez \u00e0 acheter une toilette \u00e0 pression assist\u00e9e, si la priorit\u00e9 consiste \u00e0 consommer le moins d\u2019eau possible. Ce mod\u00e8le de toilette est dot\u00e9 d\u2019un r\u00e9servoir distinct qui garde l\u2019eau sous pression et qui la lib\u00e8re \u00e0 grande vitesse quand on tire la chasse d\u2019eau.<\/li><\/ul>\n\n\n\n<h3 class=\"wp-block-heading\"><strong>Ce qu\u2019il faut faire<\/strong><\/h3>\n\n\n\n<ul class=\"wp-block-list\"><li>Si vous avez chez vous une toilette \u00e0 double chasse, servez-vous de la chasse \u00e0 faible d\u00e9bit dans toute la mesure du possible. Faites l\u2019essai de la chasse \u00e0 faible d\u00e9bit pour savoir la quantit\u00e9 d\u2019eaux us\u00e9es qu\u2019elle permet d\u2019\u00e9liminer.<\/li><li>Les toilettes moins ch\u00e8res n\u2019ont pas de chasse d\u2019eau puissante, et les pi\u00e8ces mobiles ont tendance \u00e0 \u00eatre de qualit\u00e9 inf\u00e9rieure.<\/li><li>Faites \u00e9valuer votre habitation pour conna\u00eetre votre consommation d\u2019\u00e9nergie et tous les points \u00e0 am\u00e9liorer<strong>.<\/strong><\/li><li>Consultez votre municipalit\u00e9, l\u2019entreprise de gaz ou d\u2019\u00e9lectricit\u00e9 ou le d\u00e9taillant pour savoir si des rabais sont offerts.<\/li><\/ul>\n\n\n\n<h3 class=\"wp-block-heading\"><strong>Co\u00fbt<\/strong><\/h3>\n\n\n\n<p>Le co\u00fbt est compris entre 150 $ et 3 000 $.<\/p>\n\n\n\n<p>Source: <a href=\"https:\/\/www.rncan.gc.ca\/efficacite-energetique\/efficacite-energetique-maisons\/20547\"><strong>Ressources naturelles Canada.<\/strong><\/a><\/p>\n\n\n\n<hr class=\"wp-block-separator is-style-bh-separator\"\/>\n","protected":false},"excerpt":{"rendered":"<p>Les toilettes repr\u00e9sentent 30 % de la consommation de l\u2019eau de [&hellip;]<\/p>\n","protected":false},"author":3,"featured_media":0,"parent":1733,"menu_order":29,"comment_status":"closed","ping_status":"closed","template":"","meta":{"_acf_changed":false,"inline_featured_image":false,"footnotes":""},"tags":[28],"class_list":["post-494","page","type-page","status-publish","hentry","tag-autres-renovations"],"acf":[],"_links":{"self":[{"href":"https:\/\/betterhomesottawa.ca\/fr\/wp-json\/wp\/v2\/pages\/494","targetHints":{"allow":["GET"]}}],"collection":[{"href":"https:\/\/betterhomesottawa.ca\/fr\/wp-json\/wp\/v2\/pages"}],"about":[{"href":"https:\/\/betterhomesottawa.ca\/fr\/wp-json\/wp\/v2\/types\/page"}],"author":[{"embeddable":true,"href":"https:\/\/betterhomesottawa.ca\/fr\/wp-json\/wp\/v2\/users\/3"}],"replies":[{"embeddable":true,"href":"https:\/\/betterhomesottawa.ca\/fr\/wp-json\/wp\/v2\/comments?post=494"}],"version-history":[{"count":0,"href":"https:\/\/betterhomesottawa.ca\/fr\/wp-json\/wp\/v2\/pages\/494\/revisions"}],"up":[{"embeddable":true,"href":"https:\/\/betterhomesottawa.ca\/fr\/wp-json\/wp\/v2\/pages\/1733"}],"wp:attachment":[{"href":"https:\/\/betterhomesottawa.ca\/fr\/wp-json\/wp\/v2\/media?parent=494"}],"wp:term":[{"taxonomy":"post_tag","embeddable":true,"href":"https:\/\/betterhomesottawa.ca\/fr\/wp-json\/wp\/v2\/tags?post=494"}],"curies":[{"name":"wp","href":"https:\/\/api.w.org\/{rel}","templated":true}]}}