{"id":499,"date":"2021-08-31T10:24:49","date_gmt":"2021-08-31T14:24:49","guid":{"rendered":"https:\/\/betterhomesottawa.ca\/pompe-de-puisard\/"},"modified":"2021-08-31T10:24:50","modified_gmt":"2021-08-31T14:24:50","slug":"pompe-de-puisard","status":"publish","type":"page","link":"https:\/\/betterhomesottawa.ca\/fr\/evaluations-residentielles-modernisations-et-renovations-energetiques\/repertoire-des-modernisations\/pompe-de-puisard\/","title":{"rendered":"Pompe de puisard"},"content":{"rendered":"\n<p>Les sous-sols sont de plus en plus souvent inond\u00e9s \u00e0 Ottawa. Le sous-sol de chaque habitation risque d\u2019\u00eatre inond\u00e9, m\u00eame s\u2019il n\u2019y a pas eu d\u2019inondation auparavant. Il est tr\u00e8s probable que votre sous-sol soit inond\u00e9 lorsqu\u2019il pleut abondamment ou que la neige et la glace fondent. Or, vous pouvez prendre des mesures pour r\u00e9duire ou pr\u00e9venir les inondations.<\/p>\n\n<p>La pompe de puisard est une petite pompe install\u00e9e au point le plus creux de votre sous-sol ou de votre vide sanitaire, afin de pr\u00e9venir les inondations.<\/p>\n\n<p>Le puisard est le point creux qui permet de recueillir les liquides; la pompe de puisard d\u00e9tecte l\u2019eau dans le puisard et l\u2019\u00e9limine gr\u00e2ce \u00e0 un r\u00e9seau de tuyaux enfouis dans le plancher du sous-sol.<\/p>\n\n<p>Les eaux souterraines peuvent facilement traverser les fissures de vos fondations lorsqu\u2019il pleut pendant longtemps. S\u2019il est possible que des inondations se produisent dans votre sous-sol ou dans votre vide sanitaire, la pompe de puisard ramasse toute l\u2019eau et la r\u00e9achemine \u00e0 l\u2019ext\u00e9rieur de votre habitation.<\/p>\n\n<p>Il existe deux mod\u00e8les de pompes de puisard primaires : la pompe submersible et la pompe verticale sur colonne. Dans la pompe submersible, le moteur est install\u00e9 sous l\u2019eau, dans le bassin du puisard, alors que dans la pompe verticale sur colonne, le moteur est plac\u00e9 hors de l\u2019eau, au-dessus du bassin du puisard.<\/p>\n\n<p>On recommande aux r\u00e9sidents d\u2019Ottawa de penser \u00e0 installer une pompe de puisard submersible, qui est le mod\u00e8le le moins bruyant et le plus puissant et efficace. Ce type de pompe est \u00e9galement dot\u00e9 d\u2019un couvercle \u00e9tanche \u00e0 l&rsquo;air qui emp\u00eache de laisser tomber les d\u00e9bris dans le puisard et de diffuser dans votre habitation l\u2019air humide et malodorant.<\/p>\n\n<h3 class=\"wp-block-heading\"><strong>Ce qu\u2019il faut faire<\/strong><\/h3>\n\n<ul class=\"wp-block-list\"><li>Choisissez une pompe de puisard en fonte plut\u00f4t qu\u2019en plastique, puisque la chaleur produite a pour effet de d\u00e9t\u00e9riorer le plastique \u00e0 la longue. Assurez-vous que le logement ext\u00e9rieur et le logement du milieu sont \u00e9galement en fonte.<\/li><li>Envisagez d\u2019acheter une pompe de secours \u00e0 batterie en cas de panne d\u2019\u00e9lectricit\u00e9.<\/li><\/ul>\n\n<h3 class=\"wp-block-heading\"><strong>Ce qu\u2019il faut surveiller<\/strong><\/h3>\n\n<ul class=\"wp-block-list\"><li>Si votre habitation est construite dans une zone inondable ou \u00e0 proximit\u00e9 d\u2019une zone inondable, vous devez faire installer par un professionnel une pompe de puisard et prendre d\u2019autres mesures pour pr\u00e9venir l\u2019inondation de votre sous-sol.<\/li><li>Pr\u00e9voyez \u00e0 intervalles r\u00e9guliers l\u2019entretien de votre pompe \u00e0 puisard, pour en augmenter la dur\u00e9e utile et pour vous assurer qu\u2019elle fonctionnera plus efficacement.<\/li><li>Les pompes de puisard submersibles sont moins bruyantes et plus efficaces; toutefois, le moteur de la pompe de puisard verticale sur colonne dure plus longtemps, puisqu\u2019il n\u2019est pas submerg\u00e9. Toutefois, vous ne pouvez pas \u00e9touffer le bruit de la pompe sur colonne, puisque les moyens que vous prendriez pour y arriver pourraient constituer des obstacles dans votre sous-sol.<\/li><\/ul>\n\n<h3 class=\"wp-block-heading\"><strong>Co\u00fbt<\/strong><\/h3>\n\n<p>Le co\u00fbt est compris entre 700 $ et 5 000 $, en tenant compte des frais d\u2019installation.<\/p>\n\n<hr class=\"wp-block-separator is-style-bh-separator\"\/>\n","protected":false},"excerpt":{"rendered":"<p>Les sous-sols sont de plus en plus souvent inond\u00e9s \u00e0 Ottawa. [&hellip;]<\/p>\n","protected":false},"author":3,"featured_media":0,"parent":1733,"menu_order":28,"comment_status":"closed","ping_status":"closed","template":"","meta":{"_acf_changed":false,"inline_featured_image":false,"footnotes":""},"tags":[28],"class_list":["post-499","page","type-page","status-publish","hentry","tag-autres-renovations"],"acf":[],"_links":{"self":[{"href":"https:\/\/betterhomesottawa.ca\/fr\/wp-json\/wp\/v2\/pages\/499","targetHints":{"allow":["GET"]}}],"collection":[{"href":"https:\/\/betterhomesottawa.ca\/fr\/wp-json\/wp\/v2\/pages"}],"about":[{"href":"https:\/\/betterhomesottawa.ca\/fr\/wp-json\/wp\/v2\/types\/page"}],"author":[{"embeddable":true,"href":"https:\/\/betterhomesottawa.ca\/fr\/wp-json\/wp\/v2\/users\/3"}],"replies":[{"embeddable":true,"href":"https:\/\/betterhomesottawa.ca\/fr\/wp-json\/wp\/v2\/comments?post=499"}],"version-history":[{"count":0,"href":"https:\/\/betterhomesottawa.ca\/fr\/wp-json\/wp\/v2\/pages\/499\/revisions"}],"up":[{"embeddable":true,"href":"https:\/\/betterhomesottawa.ca\/fr\/wp-json\/wp\/v2\/pages\/1733"}],"wp:attachment":[{"href":"https:\/\/betterhomesottawa.ca\/fr\/wp-json\/wp\/v2\/media?parent=499"}],"wp:term":[{"taxonomy":"post_tag","embeddable":true,"href":"https:\/\/betterhomesottawa.ca\/fr\/wp-json\/wp\/v2\/tags?post=499"}],"curies":[{"name":"wp","href":"https:\/\/api.w.org\/{rel}","templated":true}]}}