{"id":503,"date":"2021-08-31T13:14:09","date_gmt":"2021-08-31T17:14:09","guid":{"rendered":"https:\/\/betterhomesottawa.ca\/systemes-solaires-photovoltaiques-pv\/"},"modified":"2021-08-31T13:20:02","modified_gmt":"2021-08-31T17:20:02","slug":"systemes-solaires-photovoltaiques-pv","status":"publish","type":"page","link":"https:\/\/betterhomesottawa.ca\/fr\/evaluations-residentielles-modernisations-et-renovations-energetiques\/repertoire-des-modernisations\/systemes-solaires-photovoltaiques-pv\/","title":{"rendered":"Syst\u00e8mes Solaires Photovolta\u00efques (PV)"},"content":{"rendered":"\n<p>Les syst\u00e8mes solaires photovolta\u00efques (PV) convertissent en \u00e9lectricit\u00e9 l\u2019\u00e9nergie du soleil. Il faut compter des frais pour exploiter les panneaux solaires PV, que l\u2019on peut installer dans n\u2019importe quel type d\u2019habitation ou b\u00e2timent, pour am\u00e9nager une source d\u2019\u00e9lectricit\u00e9 s\u00e9curitaire et fiable, qui ne produit pas de pollution ni d\u2019\u00e9mission sur les lieux. Et le combustible \u2014 la lumi\u00e8re du soleil \u2014 est gratuit!<\/p>\n\n\n\n<h3 class=\"wp-block-heading\"><strong>Ce qu\u2019il faut faire<\/strong><\/h3>\n\n\n\n<ul class=\"wp-block-list\"><li>Faites appel \u00e0 un concepteur de syst\u00e8me comp\u00e9tent pour s\u00e9lectionner la technologie et la taille du syst\u00e8me \u00e0 installer chez vous. L\u2019Association des industries solaires du Canada donne des lignes directrices pour s\u00e9lectionner des fournisseurs de service comp\u00e9tents dans le domaine de l\u2019\u00e9nergie solaire.<\/li><li>Assurez-vous que votre habitation est le plus \u00e9conome d\u2019\u00e9nergie possible avant d\u2019installer des panneaux solaires. Pour d\u00e9terminer la taille du syst\u00e8me adapt\u00e9 \u00e0 votre habitation, passez en revue vos factures d\u2019\u00e9nergie pour les 12 derniers mois afin de conna\u00eetre votre consommation d\u2019\u00e9nergie.<\/li><li>Faites appel \u00e0 un entrepreneur en \u00e9nergie solaire pour installer votre syst\u00e8me et le brancher au r\u00e9seau.<\/li><\/ul>\n\n\n\n<h3 class=\"wp-block-heading\"><strong>Ce qu\u2019il faut surveiller<\/strong><\/h3>\n\n\n\n<ul class=\"wp-block-list\"><li>Pensez \u00e0 pr\u00e9voir un moyen de stocker l\u2019\u00e9nergie (batteries) pour emmagasiner l\u2019\u00e9lectricit\u00e9 produite par votre syst\u00e8me afin de pouvoir vous en servir ult\u00e9rieurement.<\/li><li>Avant d\u2019installer le syst\u00e8me, assurez-vous que le toit est en bon \u00e9tat. La toiture doit avoir \u00e9t\u00e9 install\u00e9e il y a moins de cinq ans.<\/li><li>L\u2019orientation des panneaux solaires sur le toit est importante : il faut de pr\u00e9f\u00e9rence orienter les panneaux vers le sud, puis vers l\u2019ouest, et enfin vers l\u2019est.<\/li><li>Les arbres et les b\u00e2timents qui assombrissent votre toit peuvent r\u00e9duire la puissance du syst\u00e8me.<\/li><li>Pensez \u00e0 faire \u00e9valuer le rendement \u00e9nerg\u00e9tique de votre habitation pour conna\u00eetre votre consommation d\u2019\u00e9nergie et tous les points \u00e0 am\u00e9liorer<strong>.<\/strong><\/li><li>Consultez votre municipalit\u00e9, l\u2019entreprise de gaz ou d\u2019\u00e9lectricit\u00e9 ou le d\u00e9taillant pour savoir si des rabais sont offerts.<\/li><\/ul>\n\n\n\n<h3 class=\"wp-block-heading\"><strong>Co\u00fbt<\/strong><\/h3>\n\n\n\n<p>Le co\u00fbt est compris entre 25 000 $ et 30 000 $, en tenant compte des frais d\u2019installation.<\/p>\n\n\n\n<p>Source: <a href=\"https:\/\/www.rncan.gc.ca\/efficacite-energetique\/efficacite-energetique-maisons\/20547\"><strong>Ressources naturelles Canada.<\/strong><\/a><\/p>\n\n\n\n<hr class=\"wp-block-separator is-style-bh-separator\"\/>\n","protected":false},"excerpt":{"rendered":"<p>Les syst\u00e8mes solaires photovolta\u00efques (PV) convertissent en \u00e9lectricit\u00e9 l\u2019\u00e9nergie du soleil. [&hellip;]<\/p>\n","protected":false},"author":3,"featured_media":0,"parent":1733,"menu_order":22,"comment_status":"closed","ping_status":"closed","template":"","meta":{"_acf_changed":false,"inline_featured_image":false,"footnotes":""},"tags":[23],"class_list":["post-503","page","type-page","status-publish","hentry","tag-technologies-renouvelables-et-intelligentes"],"acf":[],"_links":{"self":[{"href":"https:\/\/betterhomesottawa.ca\/fr\/wp-json\/wp\/v2\/pages\/503","targetHints":{"allow":["GET"]}}],"collection":[{"href":"https:\/\/betterhomesottawa.ca\/fr\/wp-json\/wp\/v2\/pages"}],"about":[{"href":"https:\/\/betterhomesottawa.ca\/fr\/wp-json\/wp\/v2\/types\/page"}],"author":[{"embeddable":true,"href":"https:\/\/betterhomesottawa.ca\/fr\/wp-json\/wp\/v2\/users\/3"}],"replies":[{"embeddable":true,"href":"https:\/\/betterhomesottawa.ca\/fr\/wp-json\/wp\/v2\/comments?post=503"}],"version-history":[{"count":0,"href":"https:\/\/betterhomesottawa.ca\/fr\/wp-json\/wp\/v2\/pages\/503\/revisions"}],"up":[{"embeddable":true,"href":"https:\/\/betterhomesottawa.ca\/fr\/wp-json\/wp\/v2\/pages\/1733"}],"wp:attachment":[{"href":"https:\/\/betterhomesottawa.ca\/fr\/wp-json\/wp\/v2\/media?parent=503"}],"wp:term":[{"taxonomy":"post_tag","embeddable":true,"href":"https:\/\/betterhomesottawa.ca\/fr\/wp-json\/wp\/v2\/tags?post=503"}],"curies":[{"name":"wp","href":"https:\/\/api.w.org\/{rel}","templated":true}]}}