{"id":510,"date":"2021-08-31T13:27:27","date_gmt":"2021-08-31T17:27:27","guid":{"rendered":"https:\/\/betterhomesottawa.ca\/thermostats-intelligent\/"},"modified":"2021-08-31T13:27:27","modified_gmt":"2021-08-31T17:27:27","slug":"thermostats-intelligent","status":"publish","type":"page","link":"https:\/\/betterhomesottawa.ca\/fr\/evaluations-residentielles-modernisations-et-renovations-energetiques\/repertoire-des-modernisations\/thermostats-intelligent\/","title":{"rendered":"Thermostats Intelligent"},"content":{"rendered":"\n<p>Le chauffage et la climatisation repr\u00e9sentent les deux tiers environ de la consommation d\u2019\u00e9nergie de votre habitation. Gr\u00e2ce \u00e0 un thermostat intelligent, votre maison restera confortable et vous r\u00e9duirez de 8 % ou plus votre consommation d\u2019\u00e9nergie.<\/p>\n\n<p>Aussi appel\u00e9 thermostat connect\u00e9, le thermostat intelligent permet facilement de surveiller et de r\u00e9guler les syst\u00e8mes de chauffage et de climatisation de votre maison en faisant appel \u00e0 un t\u00e9l\u00e9phone intelligent, \u00e0 un ordinateur ou \u00e0 une tablette \u00e9lectronique. Vous pourrez aussi programmer le syst\u00e8me pour r\u00e9duire le chauffage et la climatisation pendant que vous dormez ou que vous \u00eates absent.<\/p>\n\n<h3 class=\"wp-block-heading\"><strong>Ce qu\u2019il faut faire<\/strong><\/h3>\n\n<ul class=\"wp-block-list\"><li>Choisissez un mod\u00e8le certifi\u00e9 ENERGY STAR\u00ae, qui vous permet de r\u00e9guler votre syst\u00e8me de chauffage et de climatisation \u00e0 distance, votre t\u00e9l\u00e9phone intelligent, \u00e0 votre ordinateur ou \u00e0 votre tablette \u00e9lectronique.<\/li><\/ul>\n\n<h3 class=\"wp-block-heading\"><strong>Ce qu\u2019il faut surveiller<\/strong><\/h3>\n\n<ul class=\"wp-block-list\"><li>Avant d\u2019acheter un thermostat, assurez-vous qu\u2019il est adapt\u00e9 au syst\u00e8me de CVC et au syst\u00e8me \u00e9lectrique de votre habitation. De nombreux mod\u00e8les populaires ont des syst\u00e8mes de v\u00e9rification de la compatibilit\u00e9 en ligne.<\/li><li>Il est n\u00e9cessaire d\u2019avoir un t\u00e9l\u00e9phone intelligent, une tablette ou un ordinateur pour profiter au maximum des fonctions de surveillance et de r\u00e9gulation \u00e0 distance de votre thermostat intelligent.<\/li><li>Abaisser la temp\u00e9rature de votre thermostat la nuit ou quand vous vous absentez de chez vous pendant plusieurs heures. Vous pourrez \u00e9conomiser \u00e0 concurrence de 2 % sur votre facture de chauffage pour chaque degr\u00e9 de temp\u00e9rature abaiss\u00e9.<\/li><li>Consultez votre municipalit\u00e9, l\u2019entreprise de gaz ou d\u2019\u00e9lectricit\u00e9 ou le d\u00e9taillant pour savoir si des <a href=\"https:\/\/betterhomesottawa.ca\/fr\" data-type=\"page\" data-id=\"91\"><strong>rabais<\/strong><\/a> sont offerts.<\/li><\/ul>\n\n<h3 class=\"wp-block-heading\"><strong>Co\u00fbt<\/strong><\/h3>\n\n<p>Le co\u00fbt est compris entre 200 $ et 500 $.<\/p>\n\n<p>Source: <a href=\"https:\/\/www.rncan.gc.ca\/efficacite-energetique\/efficacite-energetique-maisons\/20547\"><strong>Ressources naturelles Canada.<\/strong><\/a><\/p>\n\n<hr class=\"wp-block-separator is-style-bh-separator\"\/>\n","protected":false},"excerpt":{"rendered":"<p>Le chauffage et la climatisation repr\u00e9sentent les deux tiers environ de [&hellip;]<\/p>\n","protected":false},"author":3,"featured_media":0,"parent":1733,"menu_order":21,"comment_status":"closed","ping_status":"closed","template":"","meta":{"_acf_changed":false,"inline_featured_image":false,"footnotes":""},"tags":[23],"class_list":["post-510","page","type-page","status-publish","hentry","tag-technologies-renouvelables-et-intelligentes"],"acf":[],"_links":{"self":[{"href":"https:\/\/betterhomesottawa.ca\/fr\/wp-json\/wp\/v2\/pages\/510","targetHints":{"allow":["GET"]}}],"collection":[{"href":"https:\/\/betterhomesottawa.ca\/fr\/wp-json\/wp\/v2\/pages"}],"about":[{"href":"https:\/\/betterhomesottawa.ca\/fr\/wp-json\/wp\/v2\/types\/page"}],"author":[{"embeddable":true,"href":"https:\/\/betterhomesottawa.ca\/fr\/wp-json\/wp\/v2\/users\/3"}],"replies":[{"embeddable":true,"href":"https:\/\/betterhomesottawa.ca\/fr\/wp-json\/wp\/v2\/comments?post=510"}],"version-history":[{"count":0,"href":"https:\/\/betterhomesottawa.ca\/fr\/wp-json\/wp\/v2\/pages\/510\/revisions"}],"up":[{"embeddable":true,"href":"https:\/\/betterhomesottawa.ca\/fr\/wp-json\/wp\/v2\/pages\/1733"}],"wp:attachment":[{"href":"https:\/\/betterhomesottawa.ca\/fr\/wp-json\/wp\/v2\/media?parent=510"}],"wp:term":[{"taxonomy":"post_tag","embeddable":true,"href":"https:\/\/betterhomesottawa.ca\/fr\/wp-json\/wp\/v2\/tags?post=510"}],"curies":[{"name":"wp","href":"https:\/\/api.w.org\/{rel}","templated":true}]}}